{"id":58,"date":"2015-08-11T20:24:30","date_gmt":"2015-08-11T20:24:30","guid":{"rendered":"https:\/\/organparts.camelotdesign.hu\/?product=pedal-sugariranyu-c-f"},"modified":"2026-04-21T11:10:11","modified_gmt":"2026-04-21T11:10:11","slug":"pedal-sugariranyu-c-f","status":"publish","type":"product","link":"https:\/\/organparts.info\/en\/product\/pedal-sugariranyu-c-f\/","title":{"rendered":"Pedal keyboard radiating C-f\u00b4"},"content":{"rendered":"<p>Type of wood: oak<\/p>\n<p>Overlay on naturals: oak<\/p>\n<p>Surface: polished<\/p>\n<p>Scale: BDO<\/p>\n","protected":false},"excerpt":{"rendered":"<p>Type of wood: oak Overlay on naturals: oak Surface: polished Scale: BDO<\/p>\n","protected":false},"featured_media":55,"comment_status":"open","ping_status":"closed","template":"","meta":{"_et_pb_use_builder":"","_et_pb_old_content":"","_et_gb_content_width":""},"product_brand":[],"product_cat":[30,60],"product_tag":[],"class_list":{"0":"post-58","1":"product","2":"type-product","3":"status-publish","4":"has-post-thumbnail","6":"product_cat-console","7":"product_cat-pedal-keyboard","9":"first","10":"instock","11":"taxable","12":"shipping-taxable","13":"purchasable","14":"product-type-simple"},"exclude_global_add_ons":false,"addons":[{"name":"Overlay on sharps","type":"multiple_choice","position":0,"required":true,"title_format":"label","default":"","description_enable":false,"description":"","placeholder_enable":false,"placeholder":"","display":"select","restrictions_type":"any_text","adjust_price":false,"price":"","price_type":"flat_fee","restrictions":false,"min":"0","max":"0","options":[{"label":"oak","price":"","price_type":"flat_fee","image":0,"visibility":true},{"label":"ebony","price":"","price_type":"flat_fee","image":0,"visibility":true}],"id":1774299972},{"name":"+Extra","type":"checkbox","position":1,"required":false,"title_format":"hide","default":"","description_enable":false,"description":"","placeholder_enable":false,"placeholder":"","display":"select","restrictions_type":"any_text","adjust_price":false,"price":"","price_type":"flat_fee","restrictions":false,"min":"0","max":"0","options":[{"label":"With dovetail joint frame","price":"140.70","price_type":"flat_fee","image":0,"visibility":true},{"label":"Lacquering with Acryl","price":"147.40","price_type":"flat_fee","image":0,"visibility":true},{"label":"Electronics box","price":"94.6","price_type":"flat_fee","image":0,"visibility":true}],"id":1774299973},{"name":"Lakkoz\u00e1s","type":"checkbox","position":0,"required":false,"title_format":"hide","default":"","description_enable":false,"description":"","placeholder_enable":false,"placeholder":"","display":"select","restrictions_type":"any_text","adjust_price":false,"price":"","price_type":"flat_fee","restrictions":false,"min":"0","max":"0","options":[{"label":"Lakkoz\u00e1s","price":"147.40","price_type":"flat_fee","image":0,"visibility":true}],"id":1773944818},{"name":"Cinkelt keret","type":"checkbox","position":1,"required":false,"title_format":"hide","default":"","description_enable":false,"description":"","placeholder_enable":false,"placeholder":"","display":"select","restrictions_type":"any_text","adjust_price":false,"price":"","price_type":"flat_fee","restrictions":false,"min":"0","max":"0","options":[{"label":"Cinkelt keret","price":"140.70","price_type":"flat_fee","image":0,"visibility":true}],"id":1773944872},{"name":"F\u00e9lhang felt\u00e9t","type":"multiple_choice","position":2,"required":true,"title_format":"label","default":"","description_enable":false,"description":"","placeholder_enable":false,"placeholder":"","display":"select","restrictions_type":"any_text","adjust_price":false,"price":"","price_type":"flat_fee","restrictions":false,"min":"0","max":"0","options":[{"label":"T\u00f6lgy f\u00e9lhang felt\u00e9t","price":"","price_type":"flat_fee","image":0,"visibility":true},{"label":"\u00c9ben f\u00e9lhang felt\u00e9t","price":"","price_type":"flat_fee","image":0,"visibility":true}],"id":1773944923}],"yoast_head":"<!-- This site is optimized with the Yoast SEO plugin v27.3 - https:\/\/yoast.com\/product\/yoast-seo-wordpress\/ -->\n<title>Pedal keyboard radiating C-f\u00b4 - Organparts<\/title>\n<meta name=\"robots\" content=\"index, follow, max-snippet:-1, max-image-preview:large, max-video-preview:-1\" \/>\n<link rel=\"canonical\" href=\"https:\/\/organparts.info\/en\/product\/pedal-sugariranyu-c-f\/\" \/>\n<meta property=\"og:locale\" content=\"en_US\" \/>\n<meta property=\"og:type\" content=\"article\" \/>\n<meta property=\"og:title\" content=\"Pedal keyboard radiating C-f\u00b4 - Organparts\" \/>\n<meta property=\"og:description\" content=\"Type of wood: oak Overlay on naturals: oak Surface: polished Scale: BDO\" \/>\n<meta property=\"og:url\" content=\"https:\/\/organparts.info\/en\/product\/pedal-sugariranyu-c-f\/\" \/>\n<meta property=\"og:site_name\" content=\"Organparts\" \/>\n<meta property=\"article:modified_time\" content=\"2026-04-21T11:10:11+00:00\" \/>\n<meta property=\"og:image\" content=\"https:\/\/organparts.info\/wp-content\/uploads\/2022\/05\/533.jpg\" \/>\n\t<meta property=\"og:image:width\" content=\"672\" \/>\n\t<meta property=\"og:image:height\" content=\"777\" \/>\n\t<meta property=\"og:image:type\" content=\"image\/jpeg\" \/>\n<meta name=\"twitter:card\" content=\"summary_large_image\" \/>\n<meta name=\"twitter:label1\" content=\"Est. reading time\" \/>\n\t<meta name=\"twitter:data1\" content=\"1 minute\" \/>\n<script type=\"application\/ld+json\" class=\"yoast-schema-graph\">{\"@context\":\"https:\\\/\\\/schema.org\",\"@graph\":[{\"@type\":\"WebPage\",\"@id\":\"https:\\\/\\\/organparts.info\\\/en\\\/product\\\/pedal-sugariranyu-c-f\\\/\",\"url\":\"https:\\\/\\\/organparts.info\\\/en\\\/product\\\/pedal-sugariranyu-c-f\\\/\",\"name\":\"Pedal keyboard radiating C-f\u00b4 - Organparts\",\"isPartOf\":{\"@id\":\"https:\\\/\\\/organparts.info\\\/en\\\/#website\"},\"primaryImageOfPage\":{\"@id\":\"https:\\\/\\\/organparts.info\\\/en\\\/product\\\/pedal-sugariranyu-c-f\\\/#primaryimage\"},\"image\":{\"@id\":\"https:\\\/\\\/organparts.info\\\/en\\\/product\\\/pedal-sugariranyu-c-f\\\/#primaryimage\"},\"thumbnailUrl\":\"https:\\\/\\\/organparts.info\\\/wp-content\\\/uploads\\\/2022\\\/05\\\/533.jpg\",\"datePublished\":\"2015-08-11T20:24:30+00:00\",\"dateModified\":\"2026-04-21T11:10:11+00:00\",\"breadcrumb\":{\"@id\":\"https:\\\/\\\/organparts.info\\\/en\\\/product\\\/pedal-sugariranyu-c-f\\\/#breadcrumb\"},\"inLanguage\":\"en-US\",\"potentialAction\":[{\"@type\":\"ReadAction\",\"target\":[\"https:\\\/\\\/organparts.info\\\/en\\\/product\\\/pedal-sugariranyu-c-f\\\/\"]}]},{\"@type\":\"ImageObject\",\"inLanguage\":\"en-US\",\"@id\":\"https:\\\/\\\/organparts.info\\\/en\\\/product\\\/pedal-sugariranyu-c-f\\\/#primaryimage\",\"url\":\"https:\\\/\\\/organparts.info\\\/wp-content\\\/uploads\\\/2022\\\/05\\\/533.jpg\",\"contentUrl\":\"https:\\\/\\\/organparts.info\\\/wp-content\\\/uploads\\\/2022\\\/05\\\/533.jpg\",\"width\":672,\"height\":777},{\"@type\":\"BreadcrumbList\",\"@id\":\"https:\\\/\\\/organparts.info\\\/en\\\/product\\\/pedal-sugariranyu-c-f\\\/#breadcrumb\",\"itemListElement\":[{\"@type\":\"ListItem\",\"position\":1,\"name\":\"Kezd\u0151lap\",\"item\":\"https:\\\/\\\/organparts.info\\\/en\\\/home-page\\\/\"},{\"@type\":\"ListItem\",\"position\":2,\"name\":\"Shop\",\"item\":\"https:\\\/\\\/organparts.info\\\/en\\\/shop\\\/\"},{\"@type\":\"ListItem\",\"position\":3,\"name\":\"Pedal keyboard radiating C-f\u00b4\"}]},{\"@type\":\"WebSite\",\"@id\":\"https:\\\/\\\/organparts.info\\\/en\\\/#website\",\"url\":\"https:\\\/\\\/organparts.info\\\/en\\\/\",\"name\":\"Organparts\",\"description\":\"P\u00e9csi Orgona\u00e9p\u00edt\u0151 manufakt\u00fara\",\"publisher\":{\"@id\":\"https:\\\/\\\/organparts.info\\\/en\\\/#organization\"},\"potentialAction\":[{\"@type\":\"SearchAction\",\"target\":{\"@type\":\"EntryPoint\",\"urlTemplate\":\"https:\\\/\\\/organparts.info\\\/en\\\/?s={search_term_string}\"},\"query-input\":{\"@type\":\"PropertyValueSpecification\",\"valueRequired\":true,\"valueName\":\"search_term_string\"}}],\"inLanguage\":\"en-US\"},{\"@type\":\"Organization\",\"@id\":\"https:\\\/\\\/organparts.info\\\/en\\\/#organization\",\"name\":\"Organparts\",\"url\":\"https:\\\/\\\/organparts.info\\\/en\\\/\",\"logo\":{\"@type\":\"ImageObject\",\"inLanguage\":\"en-US\",\"@id\":\"https:\\\/\\\/organparts.info\\\/en\\\/#\\\/schema\\\/logo\\\/image\\\/\",\"url\":\"https:\\\/\\\/organparts.info\\\/wp-content\\\/uploads\\\/2022\\\/05\\\/organparts-logo-1439380658.jpg\",\"contentUrl\":\"https:\\\/\\\/organparts.info\\\/wp-content\\\/uploads\\\/2022\\\/05\\\/organparts-logo-1439380658.jpg\",\"width\":270,\"height\":92,\"caption\":\"Organparts\"},\"image\":{\"@id\":\"https:\\\/\\\/organparts.info\\\/en\\\/#\\\/schema\\\/logo\\\/image\\\/\"}}]}<\/script>\n<!-- \/ Yoast SEO plugin. -->","yoast_head_json":{"title":"Pedal keyboard radiating C-f\u00b4 - Organparts","robots":{"index":"index","follow":"follow","max-snippet":"max-snippet:-1","max-image-preview":"max-image-preview:large","max-video-preview":"max-video-preview:-1"},"canonical":"https:\/\/organparts.info\/en\/product\/pedal-sugariranyu-c-f\/","og_locale":"en_US","og_type":"article","og_title":"Pedal keyboard radiating C-f\u00b4 - Organparts","og_description":"Type of wood: oak Overlay on naturals: oak Surface: polished Scale: BDO","og_url":"https:\/\/organparts.info\/en\/product\/pedal-sugariranyu-c-f\/","og_site_name":"Organparts","article_modified_time":"2026-04-21T11:10:11+00:00","og_image":[{"width":672,"height":777,"url":"https:\/\/organparts.info\/wp-content\/uploads\/2022\/05\/533.jpg","type":"image\/jpeg"}],"twitter_card":"summary_large_image","twitter_misc":{"Est. reading time":"1 minute"},"schema":{"@context":"https:\/\/schema.org","@graph":[{"@type":"WebPage","@id":"https:\/\/organparts.info\/en\/product\/pedal-sugariranyu-c-f\/","url":"https:\/\/organparts.info\/en\/product\/pedal-sugariranyu-c-f\/","name":"Pedal keyboard radiating C-f\u00b4 - Organparts","isPartOf":{"@id":"https:\/\/organparts.info\/en\/#website"},"primaryImageOfPage":{"@id":"https:\/\/organparts.info\/en\/product\/pedal-sugariranyu-c-f\/#primaryimage"},"image":{"@id":"https:\/\/organparts.info\/en\/product\/pedal-sugariranyu-c-f\/#primaryimage"},"thumbnailUrl":"https:\/\/organparts.info\/wp-content\/uploads\/2022\/05\/533.jpg","datePublished":"2015-08-11T20:24:30+00:00","dateModified":"2026-04-21T11:10:11+00:00","breadcrumb":{"@id":"https:\/\/organparts.info\/en\/product\/pedal-sugariranyu-c-f\/#breadcrumb"},"inLanguage":"en-US","potentialAction":[{"@type":"ReadAction","target":["https:\/\/organparts.info\/en\/product\/pedal-sugariranyu-c-f\/"]}]},{"@type":"ImageObject","inLanguage":"en-US","@id":"https:\/\/organparts.info\/en\/product\/pedal-sugariranyu-c-f\/#primaryimage","url":"https:\/\/organparts.info\/wp-content\/uploads\/2022\/05\/533.jpg","contentUrl":"https:\/\/organparts.info\/wp-content\/uploads\/2022\/05\/533.jpg","width":672,"height":777},{"@type":"BreadcrumbList","@id":"https:\/\/organparts.info\/en\/product\/pedal-sugariranyu-c-f\/#breadcrumb","itemListElement":[{"@type":"ListItem","position":1,"name":"Kezd\u0151lap","item":"https:\/\/organparts.info\/en\/home-page\/"},{"@type":"ListItem","position":2,"name":"Shop","item":"https:\/\/organparts.info\/en\/shop\/"},{"@type":"ListItem","position":3,"name":"Pedal keyboard radiating C-f\u00b4"}]},{"@type":"WebSite","@id":"https:\/\/organparts.info\/en\/#website","url":"https:\/\/organparts.info\/en\/","name":"Organparts","description":"P\u00e9csi Orgona\u00e9p\u00edt\u0151 manufakt\u00fara","publisher":{"@id":"https:\/\/organparts.info\/en\/#organization"},"potentialAction":[{"@type":"SearchAction","target":{"@type":"EntryPoint","urlTemplate":"https:\/\/organparts.info\/en\/?s={search_term_string}"},"query-input":{"@type":"PropertyValueSpecification","valueRequired":true,"valueName":"search_term_string"}}],"inLanguage":"en-US"},{"@type":"Organization","@id":"https:\/\/organparts.info\/en\/#organization","name":"Organparts","url":"https:\/\/organparts.info\/en\/","logo":{"@type":"ImageObject","inLanguage":"en-US","@id":"https:\/\/organparts.info\/en\/#\/schema\/logo\/image\/","url":"https:\/\/organparts.info\/wp-content\/uploads\/2022\/05\/organparts-logo-1439380658.jpg","contentUrl":"https:\/\/organparts.info\/wp-content\/uploads\/2022\/05\/organparts-logo-1439380658.jpg","width":270,"height":92,"caption":"Organparts"},"image":{"@id":"https:\/\/organparts.info\/en\/#\/schema\/logo\/image\/"}}]}},"_links":{"self":[{"href":"https:\/\/organparts.info\/en\/wp-json\/wp\/v2\/product\/58","targetHints":{"allow":["GET"]}}],"collection":[{"href":"https:\/\/organparts.info\/en\/wp-json\/wp\/v2\/product"}],"about":[{"href":"https:\/\/organparts.info\/en\/wp-json\/wp\/v2\/types\/product"}],"replies":[{"embeddable":true,"href":"https:\/\/organparts.info\/en\/wp-json\/wp\/v2\/comments?post=58"}],"wp:featuredmedia":[{"embeddable":true,"href":"https:\/\/organparts.info\/en\/wp-json\/wp\/v2\/media\/55"}],"wp:attachment":[{"href":"https:\/\/organparts.info\/en\/wp-json\/wp\/v2\/media?parent=58"}],"wp:term":[{"taxonomy":"product_brand","embeddable":true,"href":"https:\/\/organparts.info\/en\/wp-json\/wp\/v2\/product_brand?post=58"},{"taxonomy":"product_cat","embeddable":true,"href":"https:\/\/organparts.info\/en\/wp-json\/wp\/v2\/product_cat?post=58"},{"taxonomy":"product_tag","embeddable":true,"href":"https:\/\/organparts.info\/en\/wp-json\/wp\/v2\/product_tag?post=58"}],"curies":[{"name":"wp","href":"https:\/\/api.w.org\/{rel}","templated":true}]}}