{"id":4567,"date":"2018-01-09T09:01:34","date_gmt":"2018-01-09T09:01:34","guid":{"rendered":"https:\/\/organparts.camelotdesign.hu\/?product=orgelbank-satz-form-02-kurzorgan-bench-kit-form-02-short"},"modified":"2026-03-23T21:47:02","modified_gmt":"2026-03-23T21:47:02","slug":"orgelbank-satz-form-02-kurzorgan-bench-kit-form-02-short","status":"publish","type":"product","link":"https:\/\/organparts.info\/en\/product\/orgelbank-satz-form-02-kurzorgan-bench-kit-form-02-short\/","title":{"rendered":"Organ bench kit, form 02, Short"},"content":{"rendered":"<p>Pictures are only illustrations. Pedalboard kit is available only from Form 01 and Form 02.<\/p>\n<p>The Organ bench kit can be finished and its surface can be treated at choice.<\/p>\n<p>The assembly requires the skills of a carpenter or organ builder, which the customer can do himself.<\/p>\n","protected":false},"excerpt":{"rendered":"<p>Pictures are only illustrations. Pedalboard kit is available only from Form 01 and Form 02. The Organ bench kit can be finished and its surface can be treated at choice. The assembly requires the skills of a carpenter or organ builder, which the customer can do himself.<\/p>\n","protected":false},"featured_media":4564,"comment_status":"open","ping_status":"closed","template":"","meta":{"_et_pb_use_builder":"","_et_pb_old_content":"","_et_gb_content_width":""},"product_brand":[],"product_cat":[30,63],"product_tag":[],"class_list":{"0":"post-4567","1":"product","2":"type-product","3":"status-publish","4":"has-post-thumbnail","6":"product_cat-console","7":"product_cat-console-bench","9":"first","10":"instock","11":"taxable","12":"shipping-taxable","13":"purchasable","14":"product-type-simple"},"exclude_global_add_ons":false,"addons":[{"name":"+Extra","type":"checkbox","position":0,"required":false,"title_format":"hide","default":"","description_enable":false,"description":"","placeholder_enable":false,"placeholder":"","display":"select","restrictions_type":"any_text","adjust_price":false,"price":"","price_type":"flat_fee","restrictions":false,"min":"0","max":"0","options":[{"label":"with engraving","price":"147.40","price_type":"flat_fee","image":0,"visibility":true}],"id":1774302415},{"name":"Lakkoz\u00e1s","type":"checkbox","position":0,"required":false,"title_format":"hide","default":"","description_enable":false,"description":"","placeholder_enable":false,"placeholder":"","display":"select","restrictions_type":"any_text","adjust_price":false,"price":"","price_type":"flat_fee","restrictions":false,"min":"0","max":"0","options":[{"label":"Lakkoz\u00e1s","price":"147.40","price_type":"flat_fee","image":0,"visibility":true}],"id":1773944818},{"name":"Cinkelt keret","type":"checkbox","position":1,"required":false,"title_format":"hide","default":"","description_enable":false,"description":"","placeholder_enable":false,"placeholder":"","display":"select","restrictions_type":"any_text","adjust_price":false,"price":"","price_type":"flat_fee","restrictions":false,"min":"0","max":"0","options":[{"label":"Cinkelt keret","price":"140.70","price_type":"flat_fee","image":0,"visibility":true}],"id":1773944872},{"name":"F\u00e9lhang felt\u00e9t","type":"multiple_choice","position":2,"required":true,"title_format":"label","default":"","description_enable":false,"description":"","placeholder_enable":false,"placeholder":"","display":"select","restrictions_type":"any_text","adjust_price":false,"price":"","price_type":"flat_fee","restrictions":false,"min":"0","max":"0","options":[{"label":"T\u00f6lgy f\u00e9lhang felt\u00e9t","price":"","price_type":"flat_fee","image":0,"visibility":true},{"label":"\u00c9ben f\u00e9lhang felt\u00e9t","price":"","price_type":"flat_fee","image":0,"visibility":true}],"id":1773944923}],"yoast_head":"<!-- This site is optimized with the Yoast SEO plugin v27.2 - https:\/\/yoast.com\/product\/yoast-seo-wordpress\/ -->\n<title>Organ bench kit, form 02, Short - Organparts<\/title>\n<meta name=\"robots\" content=\"index, follow, max-snippet:-1, max-image-preview:large, max-video-preview:-1\" \/>\n<link rel=\"canonical\" href=\"https:\/\/organparts.info\/en\/product\/orgelbank-satz-form-02-kurzorgan-bench-kit-form-02-short\/\" \/>\n<meta property=\"og:locale\" content=\"en_US\" \/>\n<meta property=\"og:type\" content=\"article\" \/>\n<meta property=\"og:title\" content=\"Organ bench kit, form 02, Short - Organparts\" \/>\n<meta property=\"og:description\" content=\"Pictures are only illustrations. Pedalboard kit is available only from Form 01 and Form 02. The Organ bench kit can be finished and its surface can be treated at choice. The assembly requires the skills of a carpenter or organ builder, which the customer can do himself.\" \/>\n<meta property=\"og:url\" content=\"https:\/\/organparts.info\/en\/product\/orgelbank-satz-form-02-kurzorgan-bench-kit-form-02-short\/\" \/>\n<meta property=\"og:site_name\" content=\"Organparts\" \/>\n<meta property=\"article:modified_time\" content=\"2026-03-23T21:47:02+00:00\" \/>\n<meta property=\"og:image\" content=\"https:\/\/organparts.info\/wp-content\/uploads\/2022\/05\/1923-scaled.jpg\" \/>\n\t<meta property=\"og:image:width\" content=\"2560\" \/>\n\t<meta property=\"og:image:height\" content=\"2125\" \/>\n\t<meta property=\"og:image:type\" content=\"image\/jpeg\" \/>\n<meta name=\"twitter:card\" content=\"summary_large_image\" \/>\n<meta name=\"twitter:label1\" content=\"Est. reading time\" \/>\n\t<meta name=\"twitter:data1\" content=\"1 minute\" \/>\n<script type=\"application\/ld+json\" class=\"yoast-schema-graph\">{\"@context\":\"https:\/\/schema.org\",\"@graph\":[{\"@type\":\"WebPage\",\"@id\":\"https:\/\/organparts.info\/en\/product\/orgelbank-satz-form-02-kurzorgan-bench-kit-form-02-short\/\",\"url\":\"https:\/\/organparts.info\/en\/product\/orgelbank-satz-form-02-kurzorgan-bench-kit-form-02-short\/\",\"name\":\"Organ bench kit, form 02, Short - Organparts\",\"isPartOf\":{\"@id\":\"https:\/\/organparts.info\/en\/#website\"},\"primaryImageOfPage\":{\"@id\":\"https:\/\/organparts.info\/en\/product\/orgelbank-satz-form-02-kurzorgan-bench-kit-form-02-short\/#primaryimage\"},\"image\":{\"@id\":\"https:\/\/organparts.info\/en\/product\/orgelbank-satz-form-02-kurzorgan-bench-kit-form-02-short\/#primaryimage\"},\"thumbnailUrl\":\"https:\/\/organparts.info\/wp-content\/uploads\/2022\/05\/1923-scaled.jpg\",\"datePublished\":\"2018-01-09T09:01:34+00:00\",\"dateModified\":\"2026-03-23T21:47:02+00:00\",\"breadcrumb\":{\"@id\":\"https:\/\/organparts.info\/en\/product\/orgelbank-satz-form-02-kurzorgan-bench-kit-form-02-short\/#breadcrumb\"},\"inLanguage\":\"en-US\",\"potentialAction\":[{\"@type\":\"ReadAction\",\"target\":[\"https:\/\/organparts.info\/en\/product\/orgelbank-satz-form-02-kurzorgan-bench-kit-form-02-short\/\"]}]},{\"@type\":\"ImageObject\",\"inLanguage\":\"en-US\",\"@id\":\"https:\/\/organparts.info\/en\/product\/orgelbank-satz-form-02-kurzorgan-bench-kit-form-02-short\/#primaryimage\",\"url\":\"https:\/\/organparts.info\/wp-content\/uploads\/2022\/05\/1923-scaled.jpg\",\"contentUrl\":\"https:\/\/organparts.info\/wp-content\/uploads\/2022\/05\/1923-scaled.jpg\",\"width\":2560,\"height\":2125,\"caption\":\"Orgelbank-Satz Form 02, kurz\/Organ bench kit, form 02, Short\"},{\"@type\":\"BreadcrumbList\",\"@id\":\"https:\/\/organparts.info\/en\/product\/orgelbank-satz-form-02-kurzorgan-bench-kit-form-02-short\/#breadcrumb\",\"itemListElement\":[{\"@type\":\"ListItem\",\"position\":1,\"name\":\"Kezd\u0151lap\",\"item\":\"https:\/\/organparts.info\/en\/home-page\/\"},{\"@type\":\"ListItem\",\"position\":2,\"name\":\"Shop\",\"item\":\"https:\/\/organparts.info\/en\/shop\/\"},{\"@type\":\"ListItem\",\"position\":3,\"name\":\"Organ bench kit, form 02, Short\"}]},{\"@type\":\"WebSite\",\"@id\":\"https:\/\/organparts.info\/en\/#website\",\"url\":\"https:\/\/organparts.info\/en\/\",\"name\":\"Organparts\",\"description\":\"P\u00e9csi Orgona\u00e9p\u00edt\u0151 manufakt\u00fara\",\"publisher\":{\"@id\":\"https:\/\/organparts.info\/en\/#organization\"},\"potentialAction\":[{\"@type\":\"SearchAction\",\"target\":{\"@type\":\"EntryPoint\",\"urlTemplate\":\"https:\/\/organparts.info\/en\/?s={search_term_string}\"},\"query-input\":{\"@type\":\"PropertyValueSpecification\",\"valueRequired\":true,\"valueName\":\"search_term_string\"}}],\"inLanguage\":\"en-US\"},{\"@type\":\"Organization\",\"@id\":\"https:\/\/organparts.info\/en\/#organization\",\"name\":\"Organparts\",\"url\":\"https:\/\/organparts.info\/en\/\",\"logo\":{\"@type\":\"ImageObject\",\"inLanguage\":\"en-US\",\"@id\":\"https:\/\/organparts.info\/en\/#\/schema\/logo\/image\/\",\"url\":\"https:\/\/organparts.info\/wp-content\/uploads\/2022\/05\/organparts-logo-1439380658.jpg\",\"contentUrl\":\"https:\/\/organparts.info\/wp-content\/uploads\/2022\/05\/organparts-logo-1439380658.jpg\",\"width\":270,\"height\":92,\"caption\":\"Organparts\"},\"image\":{\"@id\":\"https:\/\/organparts.info\/en\/#\/schema\/logo\/image\/\"}}]}<\/script>\n<!-- \/ Yoast SEO plugin. -->","yoast_head_json":{"title":"Organ bench kit, form 02, Short - Organparts","robots":{"index":"index","follow":"follow","max-snippet":"max-snippet:-1","max-image-preview":"max-image-preview:large","max-video-preview":"max-video-preview:-1"},"canonical":"https:\/\/organparts.info\/en\/product\/orgelbank-satz-form-02-kurzorgan-bench-kit-form-02-short\/","og_locale":"en_US","og_type":"article","og_title":"Organ bench kit, form 02, Short - Organparts","og_description":"Pictures are only illustrations. Pedalboard kit is available only from Form 01 and Form 02. The Organ bench kit can be finished and its surface can be treated at choice. The assembly requires the skills of a carpenter or organ builder, which the customer can do himself.","og_url":"https:\/\/organparts.info\/en\/product\/orgelbank-satz-form-02-kurzorgan-bench-kit-form-02-short\/","og_site_name":"Organparts","article_modified_time":"2026-03-23T21:47:02+00:00","og_image":[{"width":2560,"height":2125,"url":"https:\/\/organparts.info\/wp-content\/uploads\/2022\/05\/1923-scaled.jpg","type":"image\/jpeg"}],"twitter_card":"summary_large_image","twitter_misc":{"Est. reading time":"1 minute"},"schema":{"@context":"https:\/\/schema.org","@graph":[{"@type":"WebPage","@id":"https:\/\/organparts.info\/en\/product\/orgelbank-satz-form-02-kurzorgan-bench-kit-form-02-short\/","url":"https:\/\/organparts.info\/en\/product\/orgelbank-satz-form-02-kurzorgan-bench-kit-form-02-short\/","name":"Organ bench kit, form 02, Short - Organparts","isPartOf":{"@id":"https:\/\/organparts.info\/en\/#website"},"primaryImageOfPage":{"@id":"https:\/\/organparts.info\/en\/product\/orgelbank-satz-form-02-kurzorgan-bench-kit-form-02-short\/#primaryimage"},"image":{"@id":"https:\/\/organparts.info\/en\/product\/orgelbank-satz-form-02-kurzorgan-bench-kit-form-02-short\/#primaryimage"},"thumbnailUrl":"https:\/\/organparts.info\/wp-content\/uploads\/2022\/05\/1923-scaled.jpg","datePublished":"2018-01-09T09:01:34+00:00","dateModified":"2026-03-23T21:47:02+00:00","breadcrumb":{"@id":"https:\/\/organparts.info\/en\/product\/orgelbank-satz-form-02-kurzorgan-bench-kit-form-02-short\/#breadcrumb"},"inLanguage":"en-US","potentialAction":[{"@type":"ReadAction","target":["https:\/\/organparts.info\/en\/product\/orgelbank-satz-form-02-kurzorgan-bench-kit-form-02-short\/"]}]},{"@type":"ImageObject","inLanguage":"en-US","@id":"https:\/\/organparts.info\/en\/product\/orgelbank-satz-form-02-kurzorgan-bench-kit-form-02-short\/#primaryimage","url":"https:\/\/organparts.info\/wp-content\/uploads\/2022\/05\/1923-scaled.jpg","contentUrl":"https:\/\/organparts.info\/wp-content\/uploads\/2022\/05\/1923-scaled.jpg","width":2560,"height":2125,"caption":"Orgelbank-Satz Form 02, kurz\/Organ bench kit, form 02, Short"},{"@type":"BreadcrumbList","@id":"https:\/\/organparts.info\/en\/product\/orgelbank-satz-form-02-kurzorgan-bench-kit-form-02-short\/#breadcrumb","itemListElement":[{"@type":"ListItem","position":1,"name":"Kezd\u0151lap","item":"https:\/\/organparts.info\/en\/home-page\/"},{"@type":"ListItem","position":2,"name":"Shop","item":"https:\/\/organparts.info\/en\/shop\/"},{"@type":"ListItem","position":3,"name":"Organ bench kit, form 02, Short"}]},{"@type":"WebSite","@id":"https:\/\/organparts.info\/en\/#website","url":"https:\/\/organparts.info\/en\/","name":"Organparts","description":"P\u00e9csi Orgona\u00e9p\u00edt\u0151 manufakt\u00fara","publisher":{"@id":"https:\/\/organparts.info\/en\/#organization"},"potentialAction":[{"@type":"SearchAction","target":{"@type":"EntryPoint","urlTemplate":"https:\/\/organparts.info\/en\/?s={search_term_string}"},"query-input":{"@type":"PropertyValueSpecification","valueRequired":true,"valueName":"search_term_string"}}],"inLanguage":"en-US"},{"@type":"Organization","@id":"https:\/\/organparts.info\/en\/#organization","name":"Organparts","url":"https:\/\/organparts.info\/en\/","logo":{"@type":"ImageObject","inLanguage":"en-US","@id":"https:\/\/organparts.info\/en\/#\/schema\/logo\/image\/","url":"https:\/\/organparts.info\/wp-content\/uploads\/2022\/05\/organparts-logo-1439380658.jpg","contentUrl":"https:\/\/organparts.info\/wp-content\/uploads\/2022\/05\/organparts-logo-1439380658.jpg","width":270,"height":92,"caption":"Organparts"},"image":{"@id":"https:\/\/organparts.info\/en\/#\/schema\/logo\/image\/"}}]}},"_links":{"self":[{"href":"https:\/\/organparts.info\/en\/wp-json\/wp\/v2\/product\/4567","targetHints":{"allow":["GET"]}}],"collection":[{"href":"https:\/\/organparts.info\/en\/wp-json\/wp\/v2\/product"}],"about":[{"href":"https:\/\/organparts.info\/en\/wp-json\/wp\/v2\/types\/product"}],"replies":[{"embeddable":true,"href":"https:\/\/organparts.info\/en\/wp-json\/wp\/v2\/comments?post=4567"}],"wp:featuredmedia":[{"embeddable":true,"href":"https:\/\/organparts.info\/en\/wp-json\/wp\/v2\/media\/4564"}],"wp:attachment":[{"href":"https:\/\/organparts.info\/en\/wp-json\/wp\/v2\/media?parent=4567"}],"wp:term":[{"taxonomy":"product_brand","embeddable":true,"href":"https:\/\/organparts.info\/en\/wp-json\/wp\/v2\/product_brand?post=4567"},{"taxonomy":"product_cat","embeddable":true,"href":"https:\/\/organparts.info\/en\/wp-json\/wp\/v2\/product_cat?post=4567"},{"taxonomy":"product_tag","embeddable":true,"href":"https:\/\/organparts.info\/en\/wp-json\/wp\/v2\/product_tag?post=4567"}],"curies":[{"name":"wp","href":"https:\/\/api.w.org\/{rel}","templated":true}]}}