{"id":385,"date":"2015-08-11T20:24:30","date_gmt":"2015-08-11T20:24:30","guid":{"rendered":"https:\/\/organparts.camelotdesign.hu\/?product=120-mmws-8m179"},"modified":"2022-06-15T16:50:03","modified_gmt":"2022-06-15T16:50:03","slug":"120-mmws-8m179-2","status":"publish","type":"product","link":"https:\/\/organparts.info\/en\/product\/120-mmws-8m179-2\/","title":{"rendered":"120 mmWs &#8211; 8 m3"},"content":{"rendered":"<p>sizes in the drawing:<\/p>\n<table style=\"width: 128px;\" border=\"0\" cellspacing=\"0\" cellpadding=\"0\">\n<colgroup>\n<col style=\"width: 48pt;\" span=\"2\" width=\"64\" \/><\/colgroup>\n<tbody>\n<tr style=\"height: 15pt;\">\n<td class=\"xl65\" style=\"height: 15pt; width: 48pt;\" width=\"64\" height=\"20\">A<\/td>\n<td class=\"xl65\" style=\"width: 48pt;\" width=\"64\">379<\/td>\n<\/tr>\n<tr style=\"height: 15pt;\">\n<td class=\"xl65\" style=\"height: 15pt;\" height=\"20\">B<\/td>\n<td class=\"xl65\">250<\/td>\n<\/tr>\n<tr style=\"height: 15pt;\">\n<td class=\"xl65\" style=\"height: 15pt;\" height=\"20\">C<\/td>\n<td class=\"xl65\">379<\/td>\n<\/tr>\n<tr style=\"height: 15pt;\">\n<td class=\"xl65\" style=\"height: 15pt;\" height=\"20\">D<\/td>\n<td class=\"xl65\">150<\/td>\n<\/tr>\n<tr style=\"height: 15pt;\">\n<td class=\"xl65\" style=\"height: 15pt;\" height=\"20\">E<\/td>\n<td class=\"xl65\">322<\/td>\n<\/tr>\n<tr style=\"height: 15pt;\">\n<td class=\"xl65\" style=\"height: 15pt;\" height=\"20\">F<\/td>\n<td class=\"xl65\">27<\/td>\n<\/tr>\n<tr style=\"height: 15pt;\">\n<td class=\"xl65\" style=\"height: 15pt;\" height=\"20\">H<\/td>\n<td class=\"xl65\">250<\/td>\n<\/tr>\n<tr style=\"height: 15pt;\">\n<td class=\"xl65\" style=\"height: 15pt;\" height=\"20\">I<\/td>\n<td class=\"xl65\">95<\/td>\n<\/tr>\n<tr style=\"height: 15pt;\">\n<td class=\"xl65\" style=\"height: 15pt;\" height=\"20\">K<\/td>\n<td class=\"xl65\">99<\/td>\n<\/tr>\n<tr style=\"height: 15pt;\">\n<td class=\"xl65\" style=\"height: 15pt;\" height=\"20\">M<\/td>\n<td class=\"xl65\">146<\/td>\n<\/tr>\n<tr style=\"height: 15pt;\">\n<td class=\"xl65\" style=\"height: 15pt;\" height=\"20\">N<\/td>\n<td class=\"xl65\">150<\/td>\n<\/tr>\n<tr style=\"height: 15pt;\">\n<td class=\"xl65\" style=\"height: 15pt;\" height=\"20\">R<\/td>\n<td class=\"xl65\">178<\/td>\n<\/tr>\n<tr style=\"height: 15pt;\">\n<td class=\"xl65\" style=\"height: 15pt;\" height=\"20\">S<\/td>\n<td class=\"xl65\">115<\/td>\n<\/tr>\n<tr style=\"height: 15pt;\">\n<td class=\"xl65\" style=\"height: 15pt;\" height=\"20\">T<\/td>\n<td class=\"xl65\">184<\/td>\n<\/tr>\n<tr style=\"height: 15pt;\">\n<td class=\"xl65\" style=\"height: 15pt;\" height=\"20\">U<\/td>\n<td class=\"xl65\">130<\/td>\n<\/tr>\n<tr style=\"height: 15pt;\">\n<td class=\"xl65\" style=\"height: 15pt;\" height=\"20\">V<\/td>\n<td class=\"xl65\">130<\/td>\n<\/tr>\n<\/tbody>\n<\/table>\n","protected":false},"excerpt":{"rendered":"<p>sizes in the drawing: A 379 B 250 C 379 D 150 E 322 F 27 H 250 I 95 K 99 M 146 N 150 R 178 S 115 T 184 U 130 V 130<\/p>\n","protected":false},"featured_media":379,"comment_status":"open","ping_status":"closed","template":"","meta":{"_et_pb_use_builder":"","_et_pb_old_content":"","_et_gb_content_width":""},"product_brand":[],"product_cat":[183],"product_tag":[],"class_list":{"0":"post-385","1":"product","2":"type-product","3":"status-publish","4":"has-post-thumbnail","6":"product_cat-high-speed-organ-blowers-1-ph","8":"first","9":"instock","10":"taxable","11":"shipping-taxable","12":"purchasable","13":"product-type-simple"},"exclude_global_add_ons":[],"addons":[],"yoast_head":"<!-- This site is optimized with the Yoast SEO plugin v27.2 - https:\/\/yoast.com\/product\/yoast-seo-wordpress\/ -->\n<title>120 mmWs - 8 m3 - Organparts<\/title>\n<meta name=\"robots\" content=\"index, follow, max-snippet:-1, max-image-preview:large, max-video-preview:-1\" \/>\n<link rel=\"canonical\" href=\"https:\/\/organparts.info\/en\/product\/120-mmws-8m179-2\/\" \/>\n<meta property=\"og:locale\" content=\"en_US\" \/>\n<meta property=\"og:type\" content=\"article\" \/>\n<meta property=\"og:title\" content=\"120 mmWs - 8 m3 - Organparts\" \/>\n<meta property=\"og:description\" content=\"sizes in the drawing: A 379 B 250 C 379 D 150 E 322 F 27 H 250 I 95 K 99 M 146 N 150 R 178 S 115 T 184 U 130 V 130\" \/>\n<meta property=\"og:url\" content=\"https:\/\/organparts.info\/en\/product\/120-mmws-8m179-2\/\" \/>\n<meta property=\"og:site_name\" content=\"Organparts\" \/>\n<meta property=\"article:modified_time\" content=\"2022-06-15T16:50:03+00:00\" \/>\n<meta property=\"og:image\" content=\"https:\/\/organparts.info\/wp-content\/uploads\/2022\/05\/1147.jpg\" \/>\n\t<meta property=\"og:image:width\" content=\"1280\" \/>\n\t<meta property=\"og:image:height\" content=\"960\" \/>\n\t<meta property=\"og:image:type\" content=\"image\/jpeg\" \/>\n<meta name=\"twitter:card\" content=\"summary_large_image\" \/>\n<script type=\"application\/ld+json\" class=\"yoast-schema-graph\">{\"@context\":\"https:\/\/schema.org\",\"@graph\":[{\"@type\":\"WebPage\",\"@id\":\"https:\/\/organparts.info\/en\/product\/120-mmws-8m179-2\/\",\"url\":\"https:\/\/organparts.info\/en\/product\/120-mmws-8m179-2\/\",\"name\":\"120 mmWs - 8 m3 - Organparts\",\"isPartOf\":{\"@id\":\"https:\/\/organparts.info\/en\/#website\"},\"primaryImageOfPage\":{\"@id\":\"https:\/\/organparts.info\/en\/product\/120-mmws-8m179-2\/#primaryimage\"},\"image\":{\"@id\":\"https:\/\/organparts.info\/en\/product\/120-mmws-8m179-2\/#primaryimage\"},\"thumbnailUrl\":\"https:\/\/organparts.info\/wp-content\/uploads\/2022\/05\/1147.jpg\",\"datePublished\":\"2015-08-11T20:24:30+00:00\",\"dateModified\":\"2022-06-15T16:50:03+00:00\",\"breadcrumb\":{\"@id\":\"https:\/\/organparts.info\/en\/product\/120-mmws-8m179-2\/#breadcrumb\"},\"inLanguage\":\"en-US\",\"potentialAction\":[{\"@type\":\"ReadAction\",\"target\":[\"https:\/\/organparts.info\/en\/product\/120-mmws-8m179-2\/\"]}]},{\"@type\":\"ImageObject\",\"inLanguage\":\"en-US\",\"@id\":\"https:\/\/organparts.info\/en\/product\/120-mmws-8m179-2\/#primaryimage\",\"url\":\"https:\/\/organparts.info\/wp-content\/uploads\/2022\/05\/1147.jpg\",\"contentUrl\":\"https:\/\/organparts.info\/wp-content\/uploads\/2022\/05\/1147.jpg\",\"width\":1280,\"height\":960},{\"@type\":\"BreadcrumbList\",\"@id\":\"https:\/\/organparts.info\/en\/product\/120-mmws-8m179-2\/#breadcrumb\",\"itemListElement\":[{\"@type\":\"ListItem\",\"position\":1,\"name\":\"Kezd\u0151lap\",\"item\":\"https:\/\/organparts.info\/en\/home-page\/\"},{\"@type\":\"ListItem\",\"position\":2,\"name\":\"Shop\",\"item\":\"https:\/\/organparts.info\/en\/shop\/\"},{\"@type\":\"ListItem\",\"position\":3,\"name\":\"120 mmWs &#8211; 8 m3\"}]},{\"@type\":\"WebSite\",\"@id\":\"https:\/\/organparts.info\/en\/#website\",\"url\":\"https:\/\/organparts.info\/en\/\",\"name\":\"Organparts\",\"description\":\"P\u00e9csi Orgona\u00e9p\u00edt\u0151 manufakt\u00fara\",\"publisher\":{\"@id\":\"https:\/\/organparts.info\/en\/#organization\"},\"potentialAction\":[{\"@type\":\"SearchAction\",\"target\":{\"@type\":\"EntryPoint\",\"urlTemplate\":\"https:\/\/organparts.info\/en\/?s={search_term_string}\"},\"query-input\":{\"@type\":\"PropertyValueSpecification\",\"valueRequired\":true,\"valueName\":\"search_term_string\"}}],\"inLanguage\":\"en-US\"},{\"@type\":\"Organization\",\"@id\":\"https:\/\/organparts.info\/en\/#organization\",\"name\":\"Organparts\",\"url\":\"https:\/\/organparts.info\/en\/\",\"logo\":{\"@type\":\"ImageObject\",\"inLanguage\":\"en-US\",\"@id\":\"https:\/\/organparts.info\/en\/#\/schema\/logo\/image\/\",\"url\":\"https:\/\/organparts.info\/wp-content\/uploads\/2022\/05\/organparts-logo-1439380658.jpg\",\"contentUrl\":\"https:\/\/organparts.info\/wp-content\/uploads\/2022\/05\/organparts-logo-1439380658.jpg\",\"width\":270,\"height\":92,\"caption\":\"Organparts\"},\"image\":{\"@id\":\"https:\/\/organparts.info\/en\/#\/schema\/logo\/image\/\"}}]}<\/script>\n<!-- \/ Yoast SEO plugin. -->","yoast_head_json":{"title":"120 mmWs - 8 m3 - Organparts","robots":{"index":"index","follow":"follow","max-snippet":"max-snippet:-1","max-image-preview":"max-image-preview:large","max-video-preview":"max-video-preview:-1"},"canonical":"https:\/\/organparts.info\/en\/product\/120-mmws-8m179-2\/","og_locale":"en_US","og_type":"article","og_title":"120 mmWs - 8 m3 - Organparts","og_description":"sizes in the drawing: A 379 B 250 C 379 D 150 E 322 F 27 H 250 I 95 K 99 M 146 N 150 R 178 S 115 T 184 U 130 V 130","og_url":"https:\/\/organparts.info\/en\/product\/120-mmws-8m179-2\/","og_site_name":"Organparts","article_modified_time":"2022-06-15T16:50:03+00:00","og_image":[{"width":1280,"height":960,"url":"https:\/\/organparts.info\/wp-content\/uploads\/2022\/05\/1147.jpg","type":"image\/jpeg"}],"twitter_card":"summary_large_image","schema":{"@context":"https:\/\/schema.org","@graph":[{"@type":"WebPage","@id":"https:\/\/organparts.info\/en\/product\/120-mmws-8m179-2\/","url":"https:\/\/organparts.info\/en\/product\/120-mmws-8m179-2\/","name":"120 mmWs - 8 m3 - Organparts","isPartOf":{"@id":"https:\/\/organparts.info\/en\/#website"},"primaryImageOfPage":{"@id":"https:\/\/organparts.info\/en\/product\/120-mmws-8m179-2\/#primaryimage"},"image":{"@id":"https:\/\/organparts.info\/en\/product\/120-mmws-8m179-2\/#primaryimage"},"thumbnailUrl":"https:\/\/organparts.info\/wp-content\/uploads\/2022\/05\/1147.jpg","datePublished":"2015-08-11T20:24:30+00:00","dateModified":"2022-06-15T16:50:03+00:00","breadcrumb":{"@id":"https:\/\/organparts.info\/en\/product\/120-mmws-8m179-2\/#breadcrumb"},"inLanguage":"en-US","potentialAction":[{"@type":"ReadAction","target":["https:\/\/organparts.info\/en\/product\/120-mmws-8m179-2\/"]}]},{"@type":"ImageObject","inLanguage":"en-US","@id":"https:\/\/organparts.info\/en\/product\/120-mmws-8m179-2\/#primaryimage","url":"https:\/\/organparts.info\/wp-content\/uploads\/2022\/05\/1147.jpg","contentUrl":"https:\/\/organparts.info\/wp-content\/uploads\/2022\/05\/1147.jpg","width":1280,"height":960},{"@type":"BreadcrumbList","@id":"https:\/\/organparts.info\/en\/product\/120-mmws-8m179-2\/#breadcrumb","itemListElement":[{"@type":"ListItem","position":1,"name":"Kezd\u0151lap","item":"https:\/\/organparts.info\/en\/home-page\/"},{"@type":"ListItem","position":2,"name":"Shop","item":"https:\/\/organparts.info\/en\/shop\/"},{"@type":"ListItem","position":3,"name":"120 mmWs &#8211; 8 m3"}]},{"@type":"WebSite","@id":"https:\/\/organparts.info\/en\/#website","url":"https:\/\/organparts.info\/en\/","name":"Organparts","description":"P\u00e9csi Orgona\u00e9p\u00edt\u0151 manufakt\u00fara","publisher":{"@id":"https:\/\/organparts.info\/en\/#organization"},"potentialAction":[{"@type":"SearchAction","target":{"@type":"EntryPoint","urlTemplate":"https:\/\/organparts.info\/en\/?s={search_term_string}"},"query-input":{"@type":"PropertyValueSpecification","valueRequired":true,"valueName":"search_term_string"}}],"inLanguage":"en-US"},{"@type":"Organization","@id":"https:\/\/organparts.info\/en\/#organization","name":"Organparts","url":"https:\/\/organparts.info\/en\/","logo":{"@type":"ImageObject","inLanguage":"en-US","@id":"https:\/\/organparts.info\/en\/#\/schema\/logo\/image\/","url":"https:\/\/organparts.info\/wp-content\/uploads\/2022\/05\/organparts-logo-1439380658.jpg","contentUrl":"https:\/\/organparts.info\/wp-content\/uploads\/2022\/05\/organparts-logo-1439380658.jpg","width":270,"height":92,"caption":"Organparts"},"image":{"@id":"https:\/\/organparts.info\/en\/#\/schema\/logo\/image\/"}}]}},"_links":{"self":[{"href":"https:\/\/organparts.info\/en\/wp-json\/wp\/v2\/product\/385","targetHints":{"allow":["GET"]}}],"collection":[{"href":"https:\/\/organparts.info\/en\/wp-json\/wp\/v2\/product"}],"about":[{"href":"https:\/\/organparts.info\/en\/wp-json\/wp\/v2\/types\/product"}],"replies":[{"embeddable":true,"href":"https:\/\/organparts.info\/en\/wp-json\/wp\/v2\/comments?post=385"}],"wp:featuredmedia":[{"embeddable":true,"href":"https:\/\/organparts.info\/en\/wp-json\/wp\/v2\/media\/379"}],"wp:attachment":[{"href":"https:\/\/organparts.info\/en\/wp-json\/wp\/v2\/media?parent=385"}],"wp:term":[{"taxonomy":"product_brand","embeddable":true,"href":"https:\/\/organparts.info\/en\/wp-json\/wp\/v2\/product_brand?post=385"},{"taxonomy":"product_cat","embeddable":true,"href":"https:\/\/organparts.info\/en\/wp-json\/wp\/v2\/product_cat?post=385"},{"taxonomy":"product_tag","embeddable":true,"href":"https:\/\/organparts.info\/en\/wp-json\/wp\/v2\/product_tag?post=385"}],"curies":[{"name":"wp","href":"https:\/\/api.w.org\/{rel}","templated":true}]}}