{"id":3052,"date":"2016-11-11T10:35:20","date_gmt":"2016-11-11T10:35:20","guid":{"rendered":"https:\/\/organparts.camelotdesign.hu\/?product=manualklaviatura-professional"},"modified":"2022-03-25T17:01:25","modified_gmt":"2022-03-25T17:01:25","slug":"manualklaviatura-professional","status":"publish","type":"product","link":"https:\/\/organparts.info\/en\/product\/manualklaviatura-professional\/","title":{"rendered":"manual keyboard &#8220;Professional&#8221;"},"content":{"rendered":"<p>The PROFFESSIONAL manual keyboard was developed for consoles without mechanical key action and MIDI-functional consoles by the organist Dr. Wolfram Syr\u00e9. The keyboards always fit to the quality level of organbuilders.<\/p>\n<p>The material and form of key covers are changeable according to consumer needs. (we provide personalized offer). The parameters of key movement and false touch are changeable and variable.<\/p>\n<p>It gives a realistic and precise sounding, and also it gives the pluck of the mechanical tracker, so that it is able to provide high quality playing comfort matching to also the highest requirements.<\/p>\n<p>It is a balanced keyboard, which works without pulling springs and without opposite pole magnets or rubber balloons: instead themovement of all the keys constructed as balanced lifter are based on magnetic pulling and use only the free play of the mechanic forces. It is possible to use weights from 80 to 150 grams according to the customer needs. So that the moving of each key can be lighter or heavier and it is also possible to set the pulling weights of the sound, according to the reducing valve sizes of the wind chest, from the lowest key to the highest key.\u00a0\u00a0\u00a0<\/p>\n<p>During use, readjustment may be necessary\u00a0<\/p>\n","protected":false},"excerpt":{"rendered":"<p>The PROFFESSIONAL manual keyboard was developed for consoles without mechanical key action and MIDI-functional consoles by the organist Dr. Wolfram Syr\u00e9. The keyboards always fit to the quality level of organbuilders. The material and form of key covers are changeable according to consumer needs. (we provide personalized offer). The parameters of key movement and false [&hellip;]<\/p>\n","protected":false},"featured_media":3049,"comment_status":"open","ping_status":"closed","template":"","meta":{"_et_pb_use_builder":"","_et_pb_old_content":"","_et_gb_content_width":""},"product_brand":[],"product_cat":[30,57],"product_tag":[],"class_list":{"0":"post-3052","1":"product","2":"type-product","3":"status-publish","4":"has-post-thumbnail","6":"product_cat-console","7":"product_cat-manual-keyboard","9":"first","10":"instock","11":"taxable","12":"shipping-taxable","13":"purchasable","14":"product-type-simple"},"exclude_global_add_ons":[],"addons":[],"yoast_head":"<!-- This site is optimized with the Yoast SEO plugin v27.3 - https:\/\/yoast.com\/product\/yoast-seo-wordpress\/ -->\n<title>manual keyboard &quot;Professional&quot; - Organparts<\/title>\n<meta name=\"robots\" content=\"index, follow, max-snippet:-1, max-image-preview:large, max-video-preview:-1\" \/>\n<link rel=\"canonical\" href=\"https:\/\/organparts.info\/en\/product\/manualklaviatura-professional\/\" \/>\n<meta property=\"og:locale\" content=\"en_US\" \/>\n<meta property=\"og:type\" content=\"article\" \/>\n<meta property=\"og:title\" content=\"manual keyboard &quot;Professional&quot; - Organparts\" \/>\n<meta property=\"og:description\" content=\"The PROFFESSIONAL manual keyboard was developed for consoles without mechanical key action and MIDI-functional consoles by the organist Dr. Wolfram Syr\u00e9. The keyboards always fit to the quality level of organbuilders. The material and form of key covers are changeable according to consumer needs. (we provide personalized offer). The parameters of key movement and false [&hellip;]\" \/>\n<meta property=\"og:url\" content=\"https:\/\/organparts.info\/en\/product\/manualklaviatura-professional\/\" \/>\n<meta property=\"og:site_name\" content=\"Organparts\" \/>\n<meta property=\"article:modified_time\" content=\"2022-03-25T17:01:25+00:00\" \/>\n<meta property=\"og:image\" content=\"https:\/\/organparts.info\/wp-content\/uploads\/2022\/05\/1610-scaled.jpg\" \/>\n\t<meta property=\"og:image:width\" content=\"2560\" \/>\n\t<meta property=\"og:image:height\" content=\"1920\" \/>\n\t<meta property=\"og:image:type\" content=\"image\/jpeg\" \/>\n<meta name=\"twitter:card\" content=\"summary_large_image\" \/>\n<meta name=\"twitter:label1\" content=\"Est. reading time\" \/>\n\t<meta name=\"twitter:data1\" content=\"1 minute\" \/>\n<script type=\"application\/ld+json\" class=\"yoast-schema-graph\">{\"@context\":\"https:\\\/\\\/schema.org\",\"@graph\":[{\"@type\":\"WebPage\",\"@id\":\"https:\\\/\\\/organparts.info\\\/en\\\/product\\\/manualklaviatura-professional\\\/\",\"url\":\"https:\\\/\\\/organparts.info\\\/en\\\/product\\\/manualklaviatura-professional\\\/\",\"name\":\"manual keyboard \\\"Professional\\\" - Organparts\",\"isPartOf\":{\"@id\":\"https:\\\/\\\/organparts.info\\\/en\\\/#website\"},\"primaryImageOfPage\":{\"@id\":\"https:\\\/\\\/organparts.info\\\/en\\\/product\\\/manualklaviatura-professional\\\/#primaryimage\"},\"image\":{\"@id\":\"https:\\\/\\\/organparts.info\\\/en\\\/product\\\/manualklaviatura-professional\\\/#primaryimage\"},\"thumbnailUrl\":\"https:\\\/\\\/organparts.info\\\/wp-content\\\/uploads\\\/2022\\\/05\\\/1610-scaled.jpg\",\"datePublished\":\"2016-11-11T10:35:20+00:00\",\"dateModified\":\"2022-03-25T17:01:25+00:00\",\"breadcrumb\":{\"@id\":\"https:\\\/\\\/organparts.info\\\/en\\\/product\\\/manualklaviatura-professional\\\/#breadcrumb\"},\"inLanguage\":\"en-US\",\"potentialAction\":[{\"@type\":\"ReadAction\",\"target\":[\"https:\\\/\\\/organparts.info\\\/en\\\/product\\\/manualklaviatura-professional\\\/\"]}]},{\"@type\":\"ImageObject\",\"inLanguage\":\"en-US\",\"@id\":\"https:\\\/\\\/organparts.info\\\/en\\\/product\\\/manualklaviatura-professional\\\/#primaryimage\",\"url\":\"https:\\\/\\\/organparts.info\\\/wp-content\\\/uploads\\\/2022\\\/05\\\/1610-scaled.jpg\",\"contentUrl\":\"https:\\\/\\\/organparts.info\\\/wp-content\\\/uploads\\\/2022\\\/05\\\/1610-scaled.jpg\",\"width\":2560,\"height\":1920,\"caption\":\"Manu\u00e1lklaviat\u00fara \\\"Professional\\\"\"},{\"@type\":\"BreadcrumbList\",\"@id\":\"https:\\\/\\\/organparts.info\\\/en\\\/product\\\/manualklaviatura-professional\\\/#breadcrumb\",\"itemListElement\":[{\"@type\":\"ListItem\",\"position\":1,\"name\":\"Kezd\u0151lap\",\"item\":\"https:\\\/\\\/organparts.info\\\/en\\\/home-page\\\/\"},{\"@type\":\"ListItem\",\"position\":2,\"name\":\"Shop\",\"item\":\"https:\\\/\\\/organparts.info\\\/en\\\/shop\\\/\"},{\"@type\":\"ListItem\",\"position\":3,\"name\":\"manual keyboard &#8222;Professional&#8221;\"}]},{\"@type\":\"WebSite\",\"@id\":\"https:\\\/\\\/organparts.info\\\/en\\\/#website\",\"url\":\"https:\\\/\\\/organparts.info\\\/en\\\/\",\"name\":\"Organparts\",\"description\":\"P\u00e9csi Orgona\u00e9p\u00edt\u0151 manufakt\u00fara\",\"publisher\":{\"@id\":\"https:\\\/\\\/organparts.info\\\/en\\\/#organization\"},\"potentialAction\":[{\"@type\":\"SearchAction\",\"target\":{\"@type\":\"EntryPoint\",\"urlTemplate\":\"https:\\\/\\\/organparts.info\\\/en\\\/?s={search_term_string}\"},\"query-input\":{\"@type\":\"PropertyValueSpecification\",\"valueRequired\":true,\"valueName\":\"search_term_string\"}}],\"inLanguage\":\"en-US\"},{\"@type\":\"Organization\",\"@id\":\"https:\\\/\\\/organparts.info\\\/en\\\/#organization\",\"name\":\"Organparts\",\"url\":\"https:\\\/\\\/organparts.info\\\/en\\\/\",\"logo\":{\"@type\":\"ImageObject\",\"inLanguage\":\"en-US\",\"@id\":\"https:\\\/\\\/organparts.info\\\/en\\\/#\\\/schema\\\/logo\\\/image\\\/\",\"url\":\"https:\\\/\\\/organparts.info\\\/wp-content\\\/uploads\\\/2022\\\/05\\\/organparts-logo-1439380658.jpg\",\"contentUrl\":\"https:\\\/\\\/organparts.info\\\/wp-content\\\/uploads\\\/2022\\\/05\\\/organparts-logo-1439380658.jpg\",\"width\":270,\"height\":92,\"caption\":\"Organparts\"},\"image\":{\"@id\":\"https:\\\/\\\/organparts.info\\\/en\\\/#\\\/schema\\\/logo\\\/image\\\/\"}}]}<\/script>\n<!-- \/ Yoast SEO plugin. -->","yoast_head_json":{"title":"manual keyboard \"Professional\" - Organparts","robots":{"index":"index","follow":"follow","max-snippet":"max-snippet:-1","max-image-preview":"max-image-preview:large","max-video-preview":"max-video-preview:-1"},"canonical":"https:\/\/organparts.info\/en\/product\/manualklaviatura-professional\/","og_locale":"en_US","og_type":"article","og_title":"manual keyboard \"Professional\" - Organparts","og_description":"The PROFFESSIONAL manual keyboard was developed for consoles without mechanical key action and MIDI-functional consoles by the organist Dr. Wolfram Syr\u00e9. The keyboards always fit to the quality level of organbuilders. The material and form of key covers are changeable according to consumer needs. (we provide personalized offer). The parameters of key movement and false [&hellip;]","og_url":"https:\/\/organparts.info\/en\/product\/manualklaviatura-professional\/","og_site_name":"Organparts","article_modified_time":"2022-03-25T17:01:25+00:00","og_image":[{"width":2560,"height":1920,"url":"https:\/\/organparts.info\/wp-content\/uploads\/2022\/05\/1610-scaled.jpg","type":"image\/jpeg"}],"twitter_card":"summary_large_image","twitter_misc":{"Est. reading time":"1 minute"},"schema":{"@context":"https:\/\/schema.org","@graph":[{"@type":"WebPage","@id":"https:\/\/organparts.info\/en\/product\/manualklaviatura-professional\/","url":"https:\/\/organparts.info\/en\/product\/manualklaviatura-professional\/","name":"manual keyboard \"Professional\" - Organparts","isPartOf":{"@id":"https:\/\/organparts.info\/en\/#website"},"primaryImageOfPage":{"@id":"https:\/\/organparts.info\/en\/product\/manualklaviatura-professional\/#primaryimage"},"image":{"@id":"https:\/\/organparts.info\/en\/product\/manualklaviatura-professional\/#primaryimage"},"thumbnailUrl":"https:\/\/organparts.info\/wp-content\/uploads\/2022\/05\/1610-scaled.jpg","datePublished":"2016-11-11T10:35:20+00:00","dateModified":"2022-03-25T17:01:25+00:00","breadcrumb":{"@id":"https:\/\/organparts.info\/en\/product\/manualklaviatura-professional\/#breadcrumb"},"inLanguage":"en-US","potentialAction":[{"@type":"ReadAction","target":["https:\/\/organparts.info\/en\/product\/manualklaviatura-professional\/"]}]},{"@type":"ImageObject","inLanguage":"en-US","@id":"https:\/\/organparts.info\/en\/product\/manualklaviatura-professional\/#primaryimage","url":"https:\/\/organparts.info\/wp-content\/uploads\/2022\/05\/1610-scaled.jpg","contentUrl":"https:\/\/organparts.info\/wp-content\/uploads\/2022\/05\/1610-scaled.jpg","width":2560,"height":1920,"caption":"Manu\u00e1lklaviat\u00fara \"Professional\""},{"@type":"BreadcrumbList","@id":"https:\/\/organparts.info\/en\/product\/manualklaviatura-professional\/#breadcrumb","itemListElement":[{"@type":"ListItem","position":1,"name":"Kezd\u0151lap","item":"https:\/\/organparts.info\/en\/home-page\/"},{"@type":"ListItem","position":2,"name":"Shop","item":"https:\/\/organparts.info\/en\/shop\/"},{"@type":"ListItem","position":3,"name":"manual keyboard &#8222;Professional&#8221;"}]},{"@type":"WebSite","@id":"https:\/\/organparts.info\/en\/#website","url":"https:\/\/organparts.info\/en\/","name":"Organparts","description":"P\u00e9csi Orgona\u00e9p\u00edt\u0151 manufakt\u00fara","publisher":{"@id":"https:\/\/organparts.info\/en\/#organization"},"potentialAction":[{"@type":"SearchAction","target":{"@type":"EntryPoint","urlTemplate":"https:\/\/organparts.info\/en\/?s={search_term_string}"},"query-input":{"@type":"PropertyValueSpecification","valueRequired":true,"valueName":"search_term_string"}}],"inLanguage":"en-US"},{"@type":"Organization","@id":"https:\/\/organparts.info\/en\/#organization","name":"Organparts","url":"https:\/\/organparts.info\/en\/","logo":{"@type":"ImageObject","inLanguage":"en-US","@id":"https:\/\/organparts.info\/en\/#\/schema\/logo\/image\/","url":"https:\/\/organparts.info\/wp-content\/uploads\/2022\/05\/organparts-logo-1439380658.jpg","contentUrl":"https:\/\/organparts.info\/wp-content\/uploads\/2022\/05\/organparts-logo-1439380658.jpg","width":270,"height":92,"caption":"Organparts"},"image":{"@id":"https:\/\/organparts.info\/en\/#\/schema\/logo\/image\/"}}]}},"_links":{"self":[{"href":"https:\/\/organparts.info\/en\/wp-json\/wp\/v2\/product\/3052","targetHints":{"allow":["GET"]}}],"collection":[{"href":"https:\/\/organparts.info\/en\/wp-json\/wp\/v2\/product"}],"about":[{"href":"https:\/\/organparts.info\/en\/wp-json\/wp\/v2\/types\/product"}],"replies":[{"embeddable":true,"href":"https:\/\/organparts.info\/en\/wp-json\/wp\/v2\/comments?post=3052"}],"wp:featuredmedia":[{"embeddable":true,"href":"https:\/\/organparts.info\/en\/wp-json\/wp\/v2\/media\/3049"}],"wp:attachment":[{"href":"https:\/\/organparts.info\/en\/wp-json\/wp\/v2\/media?parent=3052"}],"wp:term":[{"taxonomy":"product_brand","embeddable":true,"href":"https:\/\/organparts.info\/en\/wp-json\/wp\/v2\/product_brand?post=3052"},{"taxonomy":"product_cat","embeddable":true,"href":"https:\/\/organparts.info\/en\/wp-json\/wp\/v2\/product_cat?post=3052"},{"taxonomy":"product_tag","embeddable":true,"href":"https:\/\/organparts.info\/en\/wp-json\/wp\/v2\/product_tag?post=3052"}],"curies":[{"name":"wp","href":"https:\/\/api.w.org\/{rel}","templated":true}]}}