{"id":105151,"date":"2024-10-18T07:14:51","date_gmt":"2024-10-18T07:14:51","guid":{"rendered":"https:\/\/organparts.info\/?post_type=product&#038;p=105151"},"modified":"2026-02-19T14:38:06","modified_gmt":"2026-02-19T14:38:06","slug":"music-rack-painted-black-masolat","status":"publish","type":"product","link":"https:\/\/organparts.info\/en\/product\/music-rack-painted-black-masolat\/","title":{"rendered":"Cymbelstern &#8211; the star is optional &#8211; it is not an accessory of the product"},"content":{"rendered":"<p>the star is optional &#8211; it is not an accessory of the product, and it can also to be ordered separately &#8211; <strong>when ordering, please indicate wether you would like it with a star or without it.<\/strong><\/p>\n<ul>\n<li>electric<\/li>\n<li>operates from 24-28 V voltage<\/li>\n<li>6pc brass casted little bell<\/li>\n<li>with power supply<\/li>\n<li>with power button<\/li>\n<li>speed can be controlled by potentiometer<\/li>\n<\/ul>\n<p><strong>Cymbelstern star \u2013 06\u00a0100 02<\/strong><\/p>\n<ul>\n<li>material: maple<\/li>\n<li>seven-pointed<\/li>\n<li>natural or painted<\/li>\n<li><strong>net price: 157,3 \u20ac<\/strong><\/li>\n<\/ul>\n","protected":false},"excerpt":{"rendered":"<p>the star is optional &#8211; it is not an accessory of the product, and it can also to be ordered separately &#8211; when ordering, please indicate wether you would like it with a star or without it. electric operates from 24-28 V voltage 6pc brass casted little bell with power supply with power button speed [&hellip;]<\/p>\n","protected":false},"featured_media":105754,"comment_status":"open","ping_status":"closed","template":"","meta":{"_et_pb_use_builder":"","_et_pb_old_content":"","_et_gb_content_width":""},"product_brand":[],"product_cat":[376,45],"product_tag":[],"class_list":{"0":"post-105151","1":"product","2":"type-product","3":"status-publish","4":"has-post-thumbnail","6":"product_cat-effect-registers","7":"product_cat-flue-wood-reedpipes-en","9":"first","10":"instock","11":"taxable","12":"shipping-taxable","13":"purchasable","14":"product-type-simple"},"exclude_global_add_ons":[],"addons":[],"yoast_head":"<!-- This site is optimized with the Yoast SEO plugin v27.3 - https:\/\/yoast.com\/product\/yoast-seo-wordpress\/ -->\n<title>Cymbelstern - the star is optional - it is not an accessory of the product - Organparts<\/title>\n<meta name=\"robots\" content=\"index, follow, max-snippet:-1, max-image-preview:large, max-video-preview:-1\" \/>\n<link rel=\"canonical\" href=\"https:\/\/organparts.info\/en\/product\/music-rack-painted-black-masolat\/\" \/>\n<meta property=\"og:locale\" content=\"en_US\" \/>\n<meta property=\"og:type\" content=\"article\" \/>\n<meta property=\"og:title\" content=\"Cymbelstern - the star is optional - it is not an accessory of the product - Organparts\" \/>\n<meta property=\"og:description\" content=\"the star is optional &#8211; it is not an accessory of the product, and it can also to be ordered separately &#8211; when ordering, please indicate wether you would like it with a star or without it. electric operates from 24-28 V voltage 6pc brass casted little bell with power supply with power button speed [&hellip;]\" \/>\n<meta property=\"og:url\" content=\"https:\/\/organparts.info\/en\/product\/music-rack-painted-black-masolat\/\" \/>\n<meta property=\"og:site_name\" content=\"Organparts\" \/>\n<meta property=\"article:modified_time\" content=\"2026-02-19T14:38:06+00:00\" \/>\n<meta property=\"og:image\" content=\"https:\/\/organparts.info\/wp-content\/uploads\/2024\/10\/Natur-1.jpg\" \/>\n\t<meta property=\"og:image:width\" content=\"995\" \/>\n\t<meta property=\"og:image:height\" content=\"872\" \/>\n\t<meta property=\"og:image:type\" content=\"image\/jpeg\" \/>\n<meta name=\"twitter:card\" content=\"summary_large_image\" \/>\n<meta name=\"twitter:label1\" content=\"Est. reading time\" \/>\n\t<meta name=\"twitter:data1\" content=\"1 minute\" \/>\n<script type=\"application\/ld+json\" class=\"yoast-schema-graph\">{\"@context\":\"https:\\\/\\\/schema.org\",\"@graph\":[{\"@type\":\"WebPage\",\"@id\":\"https:\\\/\\\/organparts.info\\\/en\\\/product\\\/music-rack-painted-black-masolat\\\/\",\"url\":\"https:\\\/\\\/organparts.info\\\/en\\\/product\\\/music-rack-painted-black-masolat\\\/\",\"name\":\"Cymbelstern - the star is optional - it is not an accessory of the product - Organparts\",\"isPartOf\":{\"@id\":\"https:\\\/\\\/organparts.info\\\/en\\\/#website\"},\"primaryImageOfPage\":{\"@id\":\"https:\\\/\\\/organparts.info\\\/en\\\/product\\\/music-rack-painted-black-masolat\\\/#primaryimage\"},\"image\":{\"@id\":\"https:\\\/\\\/organparts.info\\\/en\\\/product\\\/music-rack-painted-black-masolat\\\/#primaryimage\"},\"thumbnailUrl\":\"https:\\\/\\\/organparts.info\\\/wp-content\\\/uploads\\\/2024\\\/10\\\/Natur-1.jpg\",\"datePublished\":\"2024-10-18T07:14:51+00:00\",\"dateModified\":\"2026-02-19T14:38:06+00:00\",\"breadcrumb\":{\"@id\":\"https:\\\/\\\/organparts.info\\\/en\\\/product\\\/music-rack-painted-black-masolat\\\/#breadcrumb\"},\"inLanguage\":\"en-US\",\"potentialAction\":[{\"@type\":\"ReadAction\",\"target\":[\"https:\\\/\\\/organparts.info\\\/en\\\/product\\\/music-rack-painted-black-masolat\\\/\"]}]},{\"@type\":\"ImageObject\",\"inLanguage\":\"en-US\",\"@id\":\"https:\\\/\\\/organparts.info\\\/en\\\/product\\\/music-rack-painted-black-masolat\\\/#primaryimage\",\"url\":\"https:\\\/\\\/organparts.info\\\/wp-content\\\/uploads\\\/2024\\\/10\\\/Natur-1.jpg\",\"contentUrl\":\"https:\\\/\\\/organparts.info\\\/wp-content\\\/uploads\\\/2024\\\/10\\\/Natur-1.jpg\",\"width\":995,\"height\":872},{\"@type\":\"BreadcrumbList\",\"@id\":\"https:\\\/\\\/organparts.info\\\/en\\\/product\\\/music-rack-painted-black-masolat\\\/#breadcrumb\",\"itemListElement\":[{\"@type\":\"ListItem\",\"position\":1,\"name\":\"Kezd\u0151lap\",\"item\":\"https:\\\/\\\/organparts.info\\\/en\\\/home-page\\\/\"},{\"@type\":\"ListItem\",\"position\":2,\"name\":\"Shop\",\"item\":\"https:\\\/\\\/organparts.info\\\/en\\\/shop\\\/\"},{\"@type\":\"ListItem\",\"position\":3,\"name\":\"Cymbelstern &#8211; the star is optional &#8211; it is not an accessory of the product\"}]},{\"@type\":\"WebSite\",\"@id\":\"https:\\\/\\\/organparts.info\\\/en\\\/#website\",\"url\":\"https:\\\/\\\/organparts.info\\\/en\\\/\",\"name\":\"Organparts\",\"description\":\"P\u00e9csi Orgona\u00e9p\u00edt\u0151 manufakt\u00fara\",\"publisher\":{\"@id\":\"https:\\\/\\\/organparts.info\\\/en\\\/#organization\"},\"potentialAction\":[{\"@type\":\"SearchAction\",\"target\":{\"@type\":\"EntryPoint\",\"urlTemplate\":\"https:\\\/\\\/organparts.info\\\/en\\\/?s={search_term_string}\"},\"query-input\":{\"@type\":\"PropertyValueSpecification\",\"valueRequired\":true,\"valueName\":\"search_term_string\"}}],\"inLanguage\":\"en-US\"},{\"@type\":\"Organization\",\"@id\":\"https:\\\/\\\/organparts.info\\\/en\\\/#organization\",\"name\":\"Organparts\",\"url\":\"https:\\\/\\\/organparts.info\\\/en\\\/\",\"logo\":{\"@type\":\"ImageObject\",\"inLanguage\":\"en-US\",\"@id\":\"https:\\\/\\\/organparts.info\\\/en\\\/#\\\/schema\\\/logo\\\/image\\\/\",\"url\":\"https:\\\/\\\/organparts.info\\\/wp-content\\\/uploads\\\/2022\\\/05\\\/organparts-logo-1439380658.jpg\",\"contentUrl\":\"https:\\\/\\\/organparts.info\\\/wp-content\\\/uploads\\\/2022\\\/05\\\/organparts-logo-1439380658.jpg\",\"width\":270,\"height\":92,\"caption\":\"Organparts\"},\"image\":{\"@id\":\"https:\\\/\\\/organparts.info\\\/en\\\/#\\\/schema\\\/logo\\\/image\\\/\"}}]}<\/script>\n<!-- \/ Yoast SEO plugin. -->","yoast_head_json":{"title":"Cymbelstern - the star is optional - it is not an accessory of the product - Organparts","robots":{"index":"index","follow":"follow","max-snippet":"max-snippet:-1","max-image-preview":"max-image-preview:large","max-video-preview":"max-video-preview:-1"},"canonical":"https:\/\/organparts.info\/en\/product\/music-rack-painted-black-masolat\/","og_locale":"en_US","og_type":"article","og_title":"Cymbelstern - the star is optional - it is not an accessory of the product - Organparts","og_description":"the star is optional &#8211; it is not an accessory of the product, and it can also to be ordered separately &#8211; when ordering, please indicate wether you would like it with a star or without it. electric operates from 24-28 V voltage 6pc brass casted little bell with power supply with power button speed [&hellip;]","og_url":"https:\/\/organparts.info\/en\/product\/music-rack-painted-black-masolat\/","og_site_name":"Organparts","article_modified_time":"2026-02-19T14:38:06+00:00","og_image":[{"width":995,"height":872,"url":"https:\/\/organparts.info\/wp-content\/uploads\/2024\/10\/Natur-1.jpg","type":"image\/jpeg"}],"twitter_card":"summary_large_image","twitter_misc":{"Est. reading time":"1 minute"},"schema":{"@context":"https:\/\/schema.org","@graph":[{"@type":"WebPage","@id":"https:\/\/organparts.info\/en\/product\/music-rack-painted-black-masolat\/","url":"https:\/\/organparts.info\/en\/product\/music-rack-painted-black-masolat\/","name":"Cymbelstern - the star is optional - it is not an accessory of the product - Organparts","isPartOf":{"@id":"https:\/\/organparts.info\/en\/#website"},"primaryImageOfPage":{"@id":"https:\/\/organparts.info\/en\/product\/music-rack-painted-black-masolat\/#primaryimage"},"image":{"@id":"https:\/\/organparts.info\/en\/product\/music-rack-painted-black-masolat\/#primaryimage"},"thumbnailUrl":"https:\/\/organparts.info\/wp-content\/uploads\/2024\/10\/Natur-1.jpg","datePublished":"2024-10-18T07:14:51+00:00","dateModified":"2026-02-19T14:38:06+00:00","breadcrumb":{"@id":"https:\/\/organparts.info\/en\/product\/music-rack-painted-black-masolat\/#breadcrumb"},"inLanguage":"en-US","potentialAction":[{"@type":"ReadAction","target":["https:\/\/organparts.info\/en\/product\/music-rack-painted-black-masolat\/"]}]},{"@type":"ImageObject","inLanguage":"en-US","@id":"https:\/\/organparts.info\/en\/product\/music-rack-painted-black-masolat\/#primaryimage","url":"https:\/\/organparts.info\/wp-content\/uploads\/2024\/10\/Natur-1.jpg","contentUrl":"https:\/\/organparts.info\/wp-content\/uploads\/2024\/10\/Natur-1.jpg","width":995,"height":872},{"@type":"BreadcrumbList","@id":"https:\/\/organparts.info\/en\/product\/music-rack-painted-black-masolat\/#breadcrumb","itemListElement":[{"@type":"ListItem","position":1,"name":"Kezd\u0151lap","item":"https:\/\/organparts.info\/en\/home-page\/"},{"@type":"ListItem","position":2,"name":"Shop","item":"https:\/\/organparts.info\/en\/shop\/"},{"@type":"ListItem","position":3,"name":"Cymbelstern &#8211; the star is optional &#8211; it is not an accessory of the product"}]},{"@type":"WebSite","@id":"https:\/\/organparts.info\/en\/#website","url":"https:\/\/organparts.info\/en\/","name":"Organparts","description":"P\u00e9csi Orgona\u00e9p\u00edt\u0151 manufakt\u00fara","publisher":{"@id":"https:\/\/organparts.info\/en\/#organization"},"potentialAction":[{"@type":"SearchAction","target":{"@type":"EntryPoint","urlTemplate":"https:\/\/organparts.info\/en\/?s={search_term_string}"},"query-input":{"@type":"PropertyValueSpecification","valueRequired":true,"valueName":"search_term_string"}}],"inLanguage":"en-US"},{"@type":"Organization","@id":"https:\/\/organparts.info\/en\/#organization","name":"Organparts","url":"https:\/\/organparts.info\/en\/","logo":{"@type":"ImageObject","inLanguage":"en-US","@id":"https:\/\/organparts.info\/en\/#\/schema\/logo\/image\/","url":"https:\/\/organparts.info\/wp-content\/uploads\/2022\/05\/organparts-logo-1439380658.jpg","contentUrl":"https:\/\/organparts.info\/wp-content\/uploads\/2022\/05\/organparts-logo-1439380658.jpg","width":270,"height":92,"caption":"Organparts"},"image":{"@id":"https:\/\/organparts.info\/en\/#\/schema\/logo\/image\/"}}]}},"_links":{"self":[{"href":"https:\/\/organparts.info\/en\/wp-json\/wp\/v2\/product\/105151","targetHints":{"allow":["GET"]}}],"collection":[{"href":"https:\/\/organparts.info\/en\/wp-json\/wp\/v2\/product"}],"about":[{"href":"https:\/\/organparts.info\/en\/wp-json\/wp\/v2\/types\/product"}],"replies":[{"embeddable":true,"href":"https:\/\/organparts.info\/en\/wp-json\/wp\/v2\/comments?post=105151"}],"wp:featuredmedia":[{"embeddable":true,"href":"https:\/\/organparts.info\/en\/wp-json\/wp\/v2\/media\/105754"}],"wp:attachment":[{"href":"https:\/\/organparts.info\/en\/wp-json\/wp\/v2\/media?parent=105151"}],"wp:term":[{"taxonomy":"product_brand","embeddable":true,"href":"https:\/\/organparts.info\/en\/wp-json\/wp\/v2\/product_brand?post=105151"},{"taxonomy":"product_cat","embeddable":true,"href":"https:\/\/organparts.info\/en\/wp-json\/wp\/v2\/product_cat?post=105151"},{"taxonomy":"product_tag","embeddable":true,"href":"https:\/\/organparts.info\/en\/wp-json\/wp\/v2\/product_tag?post=105151"}],"curies":[{"name":"wp","href":"https:\/\/api.w.org\/{rel}","templated":true}]}}