{"id":104656,"date":"2024-06-14T07:57:29","date_gmt":"2024-06-14T07:57:29","guid":{"rendered":"https:\/\/organparts.info\/?post_type=product&#038;p=104656"},"modified":"2024-06-14T07:59:48","modified_gmt":"2024-06-14T07:59:48","slug":"pedal-made-of-iron-masolat","status":"publish","type":"product","link":"https:\/\/organparts.info\/en\/product\/pedal-made-of-iron-masolat\/","title":{"rendered":"Pedal, iron, with brass abrasive part"},"content":{"rendered":"<p>Pedal, iron, with brass abrasive part<br \/>\nbent to the left<br \/>\nabrasive part: 70&#215;35 mm<br \/>\niron stem: 240x20x7mm<\/p>\n<p>&nbsp;<\/p>\n","protected":false},"excerpt":{"rendered":"<p>Pedal, iron, with brass abrasive part bent to the left abrasive part: 70&#215;35 mm iron stem: 240x20x7mm &nbsp;<\/p>\n","protected":false},"featured_media":104659,"comment_status":"open","ping_status":"closed","template":"","meta":{"_et_pb_use_builder":"","_et_pb_old_content":"","_et_gb_content_width":""},"product_brand":[],"product_cat":[342,264],"product_tag":[],"class_list":{"0":"post-104656","1":"product","2":"type-product","3":"status-publish","4":"has-post-thumbnail","6":"product_cat-spieltischbestandteile","7":"product_cat-second-hand-products","9":"first","10":"instock","11":"taxable","12":"shipping-taxable","13":"purchasable","14":"product-type-simple"},"exclude_global_add_ons":[],"addons":[],"yoast_head":"<!-- This site is optimized with the Yoast SEO plugin v27.2 - https:\/\/yoast.com\/product\/yoast-seo-wordpress\/ -->\n<title>Pedal, iron, with brass abrasive part - Organparts<\/title>\n<meta name=\"robots\" content=\"index, follow, max-snippet:-1, max-image-preview:large, max-video-preview:-1\" \/>\n<link rel=\"canonical\" href=\"https:\/\/organparts.info\/en\/product\/pedal-made-of-iron-masolat\/\" \/>\n<meta property=\"og:locale\" content=\"en_US\" \/>\n<meta property=\"og:type\" content=\"article\" \/>\n<meta property=\"og:title\" content=\"Pedal, iron, with brass abrasive part - Organparts\" \/>\n<meta property=\"og:description\" content=\"Pedal, iron, with brass abrasive part bent to the left abrasive part: 70&#215;35 mm iron stem: 240x20x7mm &nbsp;\" \/>\n<meta property=\"og:url\" content=\"https:\/\/organparts.info\/en\/product\/pedal-made-of-iron-masolat\/\" \/>\n<meta property=\"og:site_name\" content=\"Organparts\" \/>\n<meta property=\"article:modified_time\" content=\"2024-06-14T07:59:48+00:00\" \/>\n<meta property=\"og:image\" content=\"https:\/\/organparts.info\/wp-content\/uploads\/2024\/06\/1-104-scaled.jpg\" \/>\n\t<meta property=\"og:image:width\" content=\"587\" \/>\n\t<meta property=\"og:image:height\" content=\"2560\" \/>\n\t<meta property=\"og:image:type\" content=\"image\/jpeg\" \/>\n<meta name=\"twitter:card\" content=\"summary_large_image\" \/>\n<meta name=\"twitter:label1\" content=\"Est. reading time\" \/>\n\t<meta name=\"twitter:data1\" content=\"1 minute\" \/>\n<script type=\"application\/ld+json\" class=\"yoast-schema-graph\">{\"@context\":\"https:\/\/schema.org\",\"@graph\":[{\"@type\":\"WebPage\",\"@id\":\"https:\/\/organparts.info\/en\/product\/pedal-made-of-iron-masolat\/\",\"url\":\"https:\/\/organparts.info\/en\/product\/pedal-made-of-iron-masolat\/\",\"name\":\"Pedal, iron, with brass abrasive part - Organparts\",\"isPartOf\":{\"@id\":\"https:\/\/organparts.info\/en\/#website\"},\"primaryImageOfPage\":{\"@id\":\"https:\/\/organparts.info\/en\/product\/pedal-made-of-iron-masolat\/#primaryimage\"},\"image\":{\"@id\":\"https:\/\/organparts.info\/en\/product\/pedal-made-of-iron-masolat\/#primaryimage\"},\"thumbnailUrl\":\"https:\/\/organparts.info\/wp-content\/uploads\/2024\/06\/1-104-scaled.jpg\",\"datePublished\":\"2024-06-14T07:57:29+00:00\",\"dateModified\":\"2024-06-14T07:59:48+00:00\",\"breadcrumb\":{\"@id\":\"https:\/\/organparts.info\/en\/product\/pedal-made-of-iron-masolat\/#breadcrumb\"},\"inLanguage\":\"en-US\",\"potentialAction\":[{\"@type\":\"ReadAction\",\"target\":[\"https:\/\/organparts.info\/en\/product\/pedal-made-of-iron-masolat\/\"]}]},{\"@type\":\"ImageObject\",\"inLanguage\":\"en-US\",\"@id\":\"https:\/\/organparts.info\/en\/product\/pedal-made-of-iron-masolat\/#primaryimage\",\"url\":\"https:\/\/organparts.info\/wp-content\/uploads\/2024\/06\/1-104-scaled.jpg\",\"contentUrl\":\"https:\/\/organparts.info\/wp-content\/uploads\/2024\/06\/1-104-scaled.jpg\",\"width\":587,\"height\":2560},{\"@type\":\"BreadcrumbList\",\"@id\":\"https:\/\/organparts.info\/en\/product\/pedal-made-of-iron-masolat\/#breadcrumb\",\"itemListElement\":[{\"@type\":\"ListItem\",\"position\":1,\"name\":\"Kezd\u0151lap\",\"item\":\"https:\/\/organparts.info\/en\/home-page\/\"},{\"@type\":\"ListItem\",\"position\":2,\"name\":\"Shop\",\"item\":\"https:\/\/organparts.info\/en\/shop\/\"},{\"@type\":\"ListItem\",\"position\":3,\"name\":\"Pedal, iron, with brass abrasive part\"}]},{\"@type\":\"WebSite\",\"@id\":\"https:\/\/organparts.info\/en\/#website\",\"url\":\"https:\/\/organparts.info\/en\/\",\"name\":\"Organparts\",\"description\":\"P\u00e9csi Orgona\u00e9p\u00edt\u0151 manufakt\u00fara\",\"publisher\":{\"@id\":\"https:\/\/organparts.info\/en\/#organization\"},\"potentialAction\":[{\"@type\":\"SearchAction\",\"target\":{\"@type\":\"EntryPoint\",\"urlTemplate\":\"https:\/\/organparts.info\/en\/?s={search_term_string}\"},\"query-input\":{\"@type\":\"PropertyValueSpecification\",\"valueRequired\":true,\"valueName\":\"search_term_string\"}}],\"inLanguage\":\"en-US\"},{\"@type\":\"Organization\",\"@id\":\"https:\/\/organparts.info\/en\/#organization\",\"name\":\"Organparts\",\"url\":\"https:\/\/organparts.info\/en\/\",\"logo\":{\"@type\":\"ImageObject\",\"inLanguage\":\"en-US\",\"@id\":\"https:\/\/organparts.info\/en\/#\/schema\/logo\/image\/\",\"url\":\"https:\/\/organparts.info\/wp-content\/uploads\/2022\/05\/organparts-logo-1439380658.jpg\",\"contentUrl\":\"https:\/\/organparts.info\/wp-content\/uploads\/2022\/05\/organparts-logo-1439380658.jpg\",\"width\":270,\"height\":92,\"caption\":\"Organparts\"},\"image\":{\"@id\":\"https:\/\/organparts.info\/en\/#\/schema\/logo\/image\/\"}}]}<\/script>\n<!-- \/ Yoast SEO plugin. -->","yoast_head_json":{"title":"Pedal, iron, with brass abrasive part - Organparts","robots":{"index":"index","follow":"follow","max-snippet":"max-snippet:-1","max-image-preview":"max-image-preview:large","max-video-preview":"max-video-preview:-1"},"canonical":"https:\/\/organparts.info\/en\/product\/pedal-made-of-iron-masolat\/","og_locale":"en_US","og_type":"article","og_title":"Pedal, iron, with brass abrasive part - Organparts","og_description":"Pedal, iron, with brass abrasive part bent to the left abrasive part: 70&#215;35 mm iron stem: 240x20x7mm &nbsp;","og_url":"https:\/\/organparts.info\/en\/product\/pedal-made-of-iron-masolat\/","og_site_name":"Organparts","article_modified_time":"2024-06-14T07:59:48+00:00","og_image":[{"width":587,"height":2560,"url":"https:\/\/organparts.info\/wp-content\/uploads\/2024\/06\/1-104-scaled.jpg","type":"image\/jpeg"}],"twitter_card":"summary_large_image","twitter_misc":{"Est. reading time":"1 minute"},"schema":{"@context":"https:\/\/schema.org","@graph":[{"@type":"WebPage","@id":"https:\/\/organparts.info\/en\/product\/pedal-made-of-iron-masolat\/","url":"https:\/\/organparts.info\/en\/product\/pedal-made-of-iron-masolat\/","name":"Pedal, iron, with brass abrasive part - Organparts","isPartOf":{"@id":"https:\/\/organparts.info\/en\/#website"},"primaryImageOfPage":{"@id":"https:\/\/organparts.info\/en\/product\/pedal-made-of-iron-masolat\/#primaryimage"},"image":{"@id":"https:\/\/organparts.info\/en\/product\/pedal-made-of-iron-masolat\/#primaryimage"},"thumbnailUrl":"https:\/\/organparts.info\/wp-content\/uploads\/2024\/06\/1-104-scaled.jpg","datePublished":"2024-06-14T07:57:29+00:00","dateModified":"2024-06-14T07:59:48+00:00","breadcrumb":{"@id":"https:\/\/organparts.info\/en\/product\/pedal-made-of-iron-masolat\/#breadcrumb"},"inLanguage":"en-US","potentialAction":[{"@type":"ReadAction","target":["https:\/\/organparts.info\/en\/product\/pedal-made-of-iron-masolat\/"]}]},{"@type":"ImageObject","inLanguage":"en-US","@id":"https:\/\/organparts.info\/en\/product\/pedal-made-of-iron-masolat\/#primaryimage","url":"https:\/\/organparts.info\/wp-content\/uploads\/2024\/06\/1-104-scaled.jpg","contentUrl":"https:\/\/organparts.info\/wp-content\/uploads\/2024\/06\/1-104-scaled.jpg","width":587,"height":2560},{"@type":"BreadcrumbList","@id":"https:\/\/organparts.info\/en\/product\/pedal-made-of-iron-masolat\/#breadcrumb","itemListElement":[{"@type":"ListItem","position":1,"name":"Kezd\u0151lap","item":"https:\/\/organparts.info\/en\/home-page\/"},{"@type":"ListItem","position":2,"name":"Shop","item":"https:\/\/organparts.info\/en\/shop\/"},{"@type":"ListItem","position":3,"name":"Pedal, iron, with brass abrasive part"}]},{"@type":"WebSite","@id":"https:\/\/organparts.info\/en\/#website","url":"https:\/\/organparts.info\/en\/","name":"Organparts","description":"P\u00e9csi Orgona\u00e9p\u00edt\u0151 manufakt\u00fara","publisher":{"@id":"https:\/\/organparts.info\/en\/#organization"},"potentialAction":[{"@type":"SearchAction","target":{"@type":"EntryPoint","urlTemplate":"https:\/\/organparts.info\/en\/?s={search_term_string}"},"query-input":{"@type":"PropertyValueSpecification","valueRequired":true,"valueName":"search_term_string"}}],"inLanguage":"en-US"},{"@type":"Organization","@id":"https:\/\/organparts.info\/en\/#organization","name":"Organparts","url":"https:\/\/organparts.info\/en\/","logo":{"@type":"ImageObject","inLanguage":"en-US","@id":"https:\/\/organparts.info\/en\/#\/schema\/logo\/image\/","url":"https:\/\/organparts.info\/wp-content\/uploads\/2022\/05\/organparts-logo-1439380658.jpg","contentUrl":"https:\/\/organparts.info\/wp-content\/uploads\/2022\/05\/organparts-logo-1439380658.jpg","width":270,"height":92,"caption":"Organparts"},"image":{"@id":"https:\/\/organparts.info\/en\/#\/schema\/logo\/image\/"}}]}},"_links":{"self":[{"href":"https:\/\/organparts.info\/en\/wp-json\/wp\/v2\/product\/104656","targetHints":{"allow":["GET"]}}],"collection":[{"href":"https:\/\/organparts.info\/en\/wp-json\/wp\/v2\/product"}],"about":[{"href":"https:\/\/organparts.info\/en\/wp-json\/wp\/v2\/types\/product"}],"replies":[{"embeddable":true,"href":"https:\/\/organparts.info\/en\/wp-json\/wp\/v2\/comments?post=104656"}],"wp:featuredmedia":[{"embeddable":true,"href":"https:\/\/organparts.info\/en\/wp-json\/wp\/v2\/media\/104659"}],"wp:attachment":[{"href":"https:\/\/organparts.info\/en\/wp-json\/wp\/v2\/media?parent=104656"}],"wp:term":[{"taxonomy":"product_brand","embeddable":true,"href":"https:\/\/organparts.info\/en\/wp-json\/wp\/v2\/product_brand?post=104656"},{"taxonomy":"product_cat","embeddable":true,"href":"https:\/\/organparts.info\/en\/wp-json\/wp\/v2\/product_cat?post=104656"},{"taxonomy":"product_tag","embeddable":true,"href":"https:\/\/organparts.info\/en\/wp-json\/wp\/v2\/product_tag?post=104656"}],"curies":[{"name":"wp","href":"https:\/\/api.w.org\/{rel}","templated":true}]}}