{"id":103833,"date":"2024-06-07T12:42:54","date_gmt":"2024-06-07T12:42:54","guid":{"rendered":"https:\/\/organparts.info\/?post_type=product&#038;p=103833"},"modified":"2024-06-07T12:45:14","modified_gmt":"2024-06-07T12:45:14","slug":"keyboard-with-one-manual-white-naturals-and-black-sharps-54-note-masolat","status":"publish","type":"product","link":"https:\/\/organparts.info\/en\/product\/keyboard-with-one-manual-white-naturals-and-black-sharps-54-note-masolat\/","title":{"rendered":"Keyboard with one manual, white\/black, 54 note"},"content":{"rendered":"<p>Keyboard with one manual, white\/black, 54 note<\/p>\n<p>C-f <sup>3<\/sup>, 754 mm, 205\/156, two-armed<\/p>\n","protected":false},"excerpt":{"rendered":"<p>Keyboard with one manual, white\/black, 54 note C-f 3, 754 mm, 205\/156, two-armed<\/p>\n","protected":false},"featured_media":103836,"comment_status":"open","ping_status":"closed","template":"","meta":{"_et_pb_use_builder":"","_et_pb_old_content":"","_et_gb_content_width":""},"product_brand":[],"product_cat":[349,264],"product_tag":[],"class_list":{"0":"post-103833","1":"product","2":"type-product","3":"status-publish","4":"has-post-thumbnail","6":"product_cat-manual-keyboard-en","7":"product_cat-second-hand-products","9":"first","10":"instock","11":"taxable","12":"shipping-taxable","13":"purchasable","14":"product-type-simple"},"exclude_global_add_ons":[],"addons":[],"yoast_head":"<!-- This site is optimized with the Yoast SEO plugin v27.3 - https:\/\/yoast.com\/product\/yoast-seo-wordpress\/ -->\n<title>Keyboard with one manual, white\/black, 54 note - Organparts<\/title>\n<meta name=\"robots\" content=\"index, follow, max-snippet:-1, max-image-preview:large, max-video-preview:-1\" \/>\n<link rel=\"canonical\" href=\"https:\/\/organparts.info\/en\/product\/keyboard-with-one-manual-white-naturals-and-black-sharps-54-note-masolat\/\" \/>\n<meta property=\"og:locale\" content=\"en_US\" \/>\n<meta property=\"og:type\" content=\"article\" \/>\n<meta property=\"og:title\" content=\"Keyboard with one manual, white\/black, 54 note - Organparts\" \/>\n<meta property=\"og:description\" content=\"Keyboard with one manual, white\/black, 54 note C-f 3, 754 mm, 205\/156, two-armed\" \/>\n<meta property=\"og:url\" content=\"https:\/\/organparts.info\/en\/product\/keyboard-with-one-manual-white-naturals-and-black-sharps-54-note-masolat\/\" \/>\n<meta property=\"og:site_name\" content=\"Organparts\" \/>\n<meta property=\"article:modified_time\" content=\"2024-06-07T12:45:14+00:00\" \/>\n<meta property=\"og:image\" content=\"https:\/\/organparts.info\/wp-content\/uploads\/2024\/06\/1-34.jpg\" \/>\n\t<meta property=\"og:image:width\" content=\"990\" \/>\n\t<meta property=\"og:image:height\" content=\"549\" \/>\n\t<meta property=\"og:image:type\" content=\"image\/jpeg\" \/>\n<meta name=\"twitter:card\" content=\"summary_large_image\" \/>\n<meta name=\"twitter:label1\" content=\"Est. reading time\" \/>\n\t<meta name=\"twitter:data1\" content=\"1 minute\" \/>\n<script type=\"application\/ld+json\" class=\"yoast-schema-graph\">{\"@context\":\"https:\\\/\\\/schema.org\",\"@graph\":[{\"@type\":\"WebPage\",\"@id\":\"https:\\\/\\\/organparts.info\\\/en\\\/product\\\/keyboard-with-one-manual-white-naturals-and-black-sharps-54-note-masolat\\\/\",\"url\":\"https:\\\/\\\/organparts.info\\\/en\\\/product\\\/keyboard-with-one-manual-white-naturals-and-black-sharps-54-note-masolat\\\/\",\"name\":\"Keyboard with one manual, white\\\/black, 54 note - Organparts\",\"isPartOf\":{\"@id\":\"https:\\\/\\\/organparts.info\\\/en\\\/#website\"},\"primaryImageOfPage\":{\"@id\":\"https:\\\/\\\/organparts.info\\\/en\\\/product\\\/keyboard-with-one-manual-white-naturals-and-black-sharps-54-note-masolat\\\/#primaryimage\"},\"image\":{\"@id\":\"https:\\\/\\\/organparts.info\\\/en\\\/product\\\/keyboard-with-one-manual-white-naturals-and-black-sharps-54-note-masolat\\\/#primaryimage\"},\"thumbnailUrl\":\"https:\\\/\\\/organparts.info\\\/wp-content\\\/uploads\\\/2024\\\/06\\\/1-34.jpg\",\"datePublished\":\"2024-06-07T12:42:54+00:00\",\"dateModified\":\"2024-06-07T12:45:14+00:00\",\"breadcrumb\":{\"@id\":\"https:\\\/\\\/organparts.info\\\/en\\\/product\\\/keyboard-with-one-manual-white-naturals-and-black-sharps-54-note-masolat\\\/#breadcrumb\"},\"inLanguage\":\"en-US\",\"potentialAction\":[{\"@type\":\"ReadAction\",\"target\":[\"https:\\\/\\\/organparts.info\\\/en\\\/product\\\/keyboard-with-one-manual-white-naturals-and-black-sharps-54-note-masolat\\\/\"]}]},{\"@type\":\"ImageObject\",\"inLanguage\":\"en-US\",\"@id\":\"https:\\\/\\\/organparts.info\\\/en\\\/product\\\/keyboard-with-one-manual-white-naturals-and-black-sharps-54-note-masolat\\\/#primaryimage\",\"url\":\"https:\\\/\\\/organparts.info\\\/wp-content\\\/uploads\\\/2024\\\/06\\\/1-34.jpg\",\"contentUrl\":\"https:\\\/\\\/organparts.info\\\/wp-content\\\/uploads\\\/2024\\\/06\\\/1-34.jpg\",\"width\":990,\"height\":549},{\"@type\":\"BreadcrumbList\",\"@id\":\"https:\\\/\\\/organparts.info\\\/en\\\/product\\\/keyboard-with-one-manual-white-naturals-and-black-sharps-54-note-masolat\\\/#breadcrumb\",\"itemListElement\":[{\"@type\":\"ListItem\",\"position\":1,\"name\":\"Kezd\u0151lap\",\"item\":\"https:\\\/\\\/organparts.info\\\/en\\\/home-page\\\/\"},{\"@type\":\"ListItem\",\"position\":2,\"name\":\"Shop\",\"item\":\"https:\\\/\\\/organparts.info\\\/en\\\/shop\\\/\"},{\"@type\":\"ListItem\",\"position\":3,\"name\":\"Keyboard with one manual, white\\\/black, 54 note\"}]},{\"@type\":\"WebSite\",\"@id\":\"https:\\\/\\\/organparts.info\\\/en\\\/#website\",\"url\":\"https:\\\/\\\/organparts.info\\\/en\\\/\",\"name\":\"Organparts\",\"description\":\"P\u00e9csi Orgona\u00e9p\u00edt\u0151 manufakt\u00fara\",\"publisher\":{\"@id\":\"https:\\\/\\\/organparts.info\\\/en\\\/#organization\"},\"potentialAction\":[{\"@type\":\"SearchAction\",\"target\":{\"@type\":\"EntryPoint\",\"urlTemplate\":\"https:\\\/\\\/organparts.info\\\/en\\\/?s={search_term_string}\"},\"query-input\":{\"@type\":\"PropertyValueSpecification\",\"valueRequired\":true,\"valueName\":\"search_term_string\"}}],\"inLanguage\":\"en-US\"},{\"@type\":\"Organization\",\"@id\":\"https:\\\/\\\/organparts.info\\\/en\\\/#organization\",\"name\":\"Organparts\",\"url\":\"https:\\\/\\\/organparts.info\\\/en\\\/\",\"logo\":{\"@type\":\"ImageObject\",\"inLanguage\":\"en-US\",\"@id\":\"https:\\\/\\\/organparts.info\\\/en\\\/#\\\/schema\\\/logo\\\/image\\\/\",\"url\":\"https:\\\/\\\/organparts.info\\\/wp-content\\\/uploads\\\/2022\\\/05\\\/organparts-logo-1439380658.jpg\",\"contentUrl\":\"https:\\\/\\\/organparts.info\\\/wp-content\\\/uploads\\\/2022\\\/05\\\/organparts-logo-1439380658.jpg\",\"width\":270,\"height\":92,\"caption\":\"Organparts\"},\"image\":{\"@id\":\"https:\\\/\\\/organparts.info\\\/en\\\/#\\\/schema\\\/logo\\\/image\\\/\"}}]}<\/script>\n<!-- \/ Yoast SEO plugin. -->","yoast_head_json":{"title":"Keyboard with one manual, white\/black, 54 note - Organparts","robots":{"index":"index","follow":"follow","max-snippet":"max-snippet:-1","max-image-preview":"max-image-preview:large","max-video-preview":"max-video-preview:-1"},"canonical":"https:\/\/organparts.info\/en\/product\/keyboard-with-one-manual-white-naturals-and-black-sharps-54-note-masolat\/","og_locale":"en_US","og_type":"article","og_title":"Keyboard with one manual, white\/black, 54 note - Organparts","og_description":"Keyboard with one manual, white\/black, 54 note C-f 3, 754 mm, 205\/156, two-armed","og_url":"https:\/\/organparts.info\/en\/product\/keyboard-with-one-manual-white-naturals-and-black-sharps-54-note-masolat\/","og_site_name":"Organparts","article_modified_time":"2024-06-07T12:45:14+00:00","og_image":[{"width":990,"height":549,"url":"https:\/\/organparts.info\/wp-content\/uploads\/2024\/06\/1-34.jpg","type":"image\/jpeg"}],"twitter_card":"summary_large_image","twitter_misc":{"Est. reading time":"1 minute"},"schema":{"@context":"https:\/\/schema.org","@graph":[{"@type":"WebPage","@id":"https:\/\/organparts.info\/en\/product\/keyboard-with-one-manual-white-naturals-and-black-sharps-54-note-masolat\/","url":"https:\/\/organparts.info\/en\/product\/keyboard-with-one-manual-white-naturals-and-black-sharps-54-note-masolat\/","name":"Keyboard with one manual, white\/black, 54 note - Organparts","isPartOf":{"@id":"https:\/\/organparts.info\/en\/#website"},"primaryImageOfPage":{"@id":"https:\/\/organparts.info\/en\/product\/keyboard-with-one-manual-white-naturals-and-black-sharps-54-note-masolat\/#primaryimage"},"image":{"@id":"https:\/\/organparts.info\/en\/product\/keyboard-with-one-manual-white-naturals-and-black-sharps-54-note-masolat\/#primaryimage"},"thumbnailUrl":"https:\/\/organparts.info\/wp-content\/uploads\/2024\/06\/1-34.jpg","datePublished":"2024-06-07T12:42:54+00:00","dateModified":"2024-06-07T12:45:14+00:00","breadcrumb":{"@id":"https:\/\/organparts.info\/en\/product\/keyboard-with-one-manual-white-naturals-and-black-sharps-54-note-masolat\/#breadcrumb"},"inLanguage":"en-US","potentialAction":[{"@type":"ReadAction","target":["https:\/\/organparts.info\/en\/product\/keyboard-with-one-manual-white-naturals-and-black-sharps-54-note-masolat\/"]}]},{"@type":"ImageObject","inLanguage":"en-US","@id":"https:\/\/organparts.info\/en\/product\/keyboard-with-one-manual-white-naturals-and-black-sharps-54-note-masolat\/#primaryimage","url":"https:\/\/organparts.info\/wp-content\/uploads\/2024\/06\/1-34.jpg","contentUrl":"https:\/\/organparts.info\/wp-content\/uploads\/2024\/06\/1-34.jpg","width":990,"height":549},{"@type":"BreadcrumbList","@id":"https:\/\/organparts.info\/en\/product\/keyboard-with-one-manual-white-naturals-and-black-sharps-54-note-masolat\/#breadcrumb","itemListElement":[{"@type":"ListItem","position":1,"name":"Kezd\u0151lap","item":"https:\/\/organparts.info\/en\/home-page\/"},{"@type":"ListItem","position":2,"name":"Shop","item":"https:\/\/organparts.info\/en\/shop\/"},{"@type":"ListItem","position":3,"name":"Keyboard with one manual, white\/black, 54 note"}]},{"@type":"WebSite","@id":"https:\/\/organparts.info\/en\/#website","url":"https:\/\/organparts.info\/en\/","name":"Organparts","description":"P\u00e9csi Orgona\u00e9p\u00edt\u0151 manufakt\u00fara","publisher":{"@id":"https:\/\/organparts.info\/en\/#organization"},"potentialAction":[{"@type":"SearchAction","target":{"@type":"EntryPoint","urlTemplate":"https:\/\/organparts.info\/en\/?s={search_term_string}"},"query-input":{"@type":"PropertyValueSpecification","valueRequired":true,"valueName":"search_term_string"}}],"inLanguage":"en-US"},{"@type":"Organization","@id":"https:\/\/organparts.info\/en\/#organization","name":"Organparts","url":"https:\/\/organparts.info\/en\/","logo":{"@type":"ImageObject","inLanguage":"en-US","@id":"https:\/\/organparts.info\/en\/#\/schema\/logo\/image\/","url":"https:\/\/organparts.info\/wp-content\/uploads\/2022\/05\/organparts-logo-1439380658.jpg","contentUrl":"https:\/\/organparts.info\/wp-content\/uploads\/2022\/05\/organparts-logo-1439380658.jpg","width":270,"height":92,"caption":"Organparts"},"image":{"@id":"https:\/\/organparts.info\/en\/#\/schema\/logo\/image\/"}}]}},"_links":{"self":[{"href":"https:\/\/organparts.info\/en\/wp-json\/wp\/v2\/product\/103833","targetHints":{"allow":["GET"]}}],"collection":[{"href":"https:\/\/organparts.info\/en\/wp-json\/wp\/v2\/product"}],"about":[{"href":"https:\/\/organparts.info\/en\/wp-json\/wp\/v2\/types\/product"}],"replies":[{"embeddable":true,"href":"https:\/\/organparts.info\/en\/wp-json\/wp\/v2\/comments?post=103833"}],"wp:featuredmedia":[{"embeddable":true,"href":"https:\/\/organparts.info\/en\/wp-json\/wp\/v2\/media\/103836"}],"wp:attachment":[{"href":"https:\/\/organparts.info\/en\/wp-json\/wp\/v2\/media?parent=103833"}],"wp:term":[{"taxonomy":"product_brand","embeddable":true,"href":"https:\/\/organparts.info\/en\/wp-json\/wp\/v2\/product_brand?post=103833"},{"taxonomy":"product_cat","embeddable":true,"href":"https:\/\/organparts.info\/en\/wp-json\/wp\/v2\/product_cat?post=103833"},{"taxonomy":"product_tag","embeddable":true,"href":"https:\/\/organparts.info\/en\/wp-json\/wp\/v2\/product_tag?post=103833"}],"curies":[{"name":"wp","href":"https:\/\/api.w.org\/{rel}","templated":true}]}}