{"id":103558,"date":"2024-06-04T09:04:30","date_gmt":"2024-06-04T09:04:30","guid":{"rendered":"https:\/\/organparts.info\/product\/drawstop-with-mixed-porcelain\/"},"modified":"2024-06-04T09:04:30","modified_gmt":"2024-06-04T09:04:30","slug":"drawstop-with-mixed-porcelain","status":"publish","type":"product","link":"https:\/\/organparts.info\/en\/product\/drawstop-with-mixed-porcelain\/","title":{"rendered":"Drawstop, with mixed porcelain"},"content":{"rendered":"<p>Drawstop, 8 pcs<br \/>\n\u00d8 35&#215;38 mm<br \/>\nwith mixed porcelain<br \/>\nbody \u00d8 15 mm x ca. 200 mm<\/p>\n<p><strong>Price: netto 12 \u20ac\/pcs, together (all) 90 \u20ac\/ 8 pcs<\/strong><\/p>\n","protected":false},"excerpt":{"rendered":"<p>Drawstop, 8 pcs \u00d8 35&#215;38 mm with mixed porcelain body \u00d8 15 mm x ca. 200 mm Price: netto 12 \u20ac\/pcs, together (all) 90 \u20ac\/ 8 pcs<\/p>\n","protected":false},"featured_media":103475,"comment_status":"open","ping_status":"closed","template":"","meta":{"_et_pb_use_builder":"","_et_pb_old_content":"","_et_gb_content_width":""},"product_brand":[],"product_cat":[342,264],"product_tag":[],"class_list":{"0":"post-103558","1":"product","2":"type-product","3":"status-publish","4":"has-post-thumbnail","6":"product_cat-spieltischbestandteile","7":"product_cat-second-hand-products","9":"first","10":"instock","11":"taxable","12":"shipping-taxable","13":"purchasable","14":"product-type-simple"},"exclude_global_add_ons":[],"addons":[],"yoast_head":"<!-- This site is optimized with the Yoast SEO plugin v27.2 - https:\/\/yoast.com\/product\/yoast-seo-wordpress\/ -->\n<title>Drawstop, with mixed porcelain - Organparts<\/title>\n<meta name=\"robots\" content=\"index, follow, max-snippet:-1, max-image-preview:large, max-video-preview:-1\" \/>\n<link rel=\"canonical\" href=\"https:\/\/organparts.info\/en\/product\/drawstop-with-mixed-porcelain\/\" \/>\n<meta property=\"og:locale\" content=\"en_US\" \/>\n<meta property=\"og:type\" content=\"article\" \/>\n<meta property=\"og:title\" content=\"Drawstop, with mixed porcelain - Organparts\" \/>\n<meta property=\"og:description\" content=\"Drawstop, 8 pcs \u00d8 35&#215;38 mm with mixed porcelain body \u00d8 15 mm x ca. 200 mm Price: netto 12 \u20ac\/pcs, together (all) 90 \u20ac\/ 8 pcs\" \/>\n<meta property=\"og:url\" content=\"https:\/\/organparts.info\/en\/product\/drawstop-with-mixed-porcelain\/\" \/>\n<meta property=\"og:site_name\" content=\"Organparts\" \/>\n<meta property=\"og:image\" content=\"https:\/\/organparts.info\/wp-content\/uploads\/2024\/06\/1-6.jpg\" \/>\n\t<meta property=\"og:image:width\" content=\"1500\" \/>\n\t<meta property=\"og:image:height\" content=\"335\" \/>\n\t<meta property=\"og:image:type\" content=\"image\/jpeg\" \/>\n<meta name=\"twitter:card\" content=\"summary_large_image\" \/>\n<script type=\"application\/ld+json\" class=\"yoast-schema-graph\">{\"@context\":\"https:\/\/schema.org\",\"@graph\":[{\"@type\":\"WebPage\",\"@id\":\"https:\/\/organparts.info\/en\/product\/drawstop-with-mixed-porcelain\/\",\"url\":\"https:\/\/organparts.info\/en\/product\/drawstop-with-mixed-porcelain\/\",\"name\":\"Drawstop, with mixed porcelain - Organparts\",\"isPartOf\":{\"@id\":\"https:\/\/organparts.info\/en\/#website\"},\"primaryImageOfPage\":{\"@id\":\"https:\/\/organparts.info\/en\/product\/drawstop-with-mixed-porcelain\/#primaryimage\"},\"image\":{\"@id\":\"https:\/\/organparts.info\/en\/product\/drawstop-with-mixed-porcelain\/#primaryimage\"},\"thumbnailUrl\":\"https:\/\/organparts.info\/wp-content\/uploads\/2024\/06\/1-6.jpg\",\"datePublished\":\"2024-06-04T09:04:30+00:00\",\"breadcrumb\":{\"@id\":\"https:\/\/organparts.info\/en\/product\/drawstop-with-mixed-porcelain\/#breadcrumb\"},\"inLanguage\":\"en-US\",\"potentialAction\":[{\"@type\":\"ReadAction\",\"target\":[\"https:\/\/organparts.info\/en\/product\/drawstop-with-mixed-porcelain\/\"]}]},{\"@type\":\"ImageObject\",\"inLanguage\":\"en-US\",\"@id\":\"https:\/\/organparts.info\/en\/product\/drawstop-with-mixed-porcelain\/#primaryimage\",\"url\":\"https:\/\/organparts.info\/wp-content\/uploads\/2024\/06\/1-6.jpg\",\"contentUrl\":\"https:\/\/organparts.info\/wp-content\/uploads\/2024\/06\/1-6.jpg\",\"width\":1500,\"height\":335},{\"@type\":\"BreadcrumbList\",\"@id\":\"https:\/\/organparts.info\/en\/product\/drawstop-with-mixed-porcelain\/#breadcrumb\",\"itemListElement\":[{\"@type\":\"ListItem\",\"position\":1,\"name\":\"Kezd\u0151lap\",\"item\":\"https:\/\/organparts.info\/en\/home-page\/\"},{\"@type\":\"ListItem\",\"position\":2,\"name\":\"Shop\",\"item\":\"https:\/\/organparts.info\/en\/shop\/\"},{\"@type\":\"ListItem\",\"position\":3,\"name\":\"Drawstop, with mixed porcelain\"}]},{\"@type\":\"WebSite\",\"@id\":\"https:\/\/organparts.info\/en\/#website\",\"url\":\"https:\/\/organparts.info\/en\/\",\"name\":\"Organparts\",\"description\":\"P\u00e9csi Orgona\u00e9p\u00edt\u0151 manufakt\u00fara\",\"publisher\":{\"@id\":\"https:\/\/organparts.info\/en\/#organization\"},\"potentialAction\":[{\"@type\":\"SearchAction\",\"target\":{\"@type\":\"EntryPoint\",\"urlTemplate\":\"https:\/\/organparts.info\/en\/?s={search_term_string}\"},\"query-input\":{\"@type\":\"PropertyValueSpecification\",\"valueRequired\":true,\"valueName\":\"search_term_string\"}}],\"inLanguage\":\"en-US\"},{\"@type\":\"Organization\",\"@id\":\"https:\/\/organparts.info\/en\/#organization\",\"name\":\"Organparts\",\"url\":\"https:\/\/organparts.info\/en\/\",\"logo\":{\"@type\":\"ImageObject\",\"inLanguage\":\"en-US\",\"@id\":\"https:\/\/organparts.info\/en\/#\/schema\/logo\/image\/\",\"url\":\"https:\/\/organparts.info\/wp-content\/uploads\/2022\/05\/organparts-logo-1439380658.jpg\",\"contentUrl\":\"https:\/\/organparts.info\/wp-content\/uploads\/2022\/05\/organparts-logo-1439380658.jpg\",\"width\":270,\"height\":92,\"caption\":\"Organparts\"},\"image\":{\"@id\":\"https:\/\/organparts.info\/en\/#\/schema\/logo\/image\/\"}}]}<\/script>\n<!-- \/ Yoast SEO plugin. -->","yoast_head_json":{"title":"Drawstop, with mixed porcelain - Organparts","robots":{"index":"index","follow":"follow","max-snippet":"max-snippet:-1","max-image-preview":"max-image-preview:large","max-video-preview":"max-video-preview:-1"},"canonical":"https:\/\/organparts.info\/en\/product\/drawstop-with-mixed-porcelain\/","og_locale":"en_US","og_type":"article","og_title":"Drawstop, with mixed porcelain - Organparts","og_description":"Drawstop, 8 pcs \u00d8 35&#215;38 mm with mixed porcelain body \u00d8 15 mm x ca. 200 mm Price: netto 12 \u20ac\/pcs, together (all) 90 \u20ac\/ 8 pcs","og_url":"https:\/\/organparts.info\/en\/product\/drawstop-with-mixed-porcelain\/","og_site_name":"Organparts","og_image":[{"width":1500,"height":335,"url":"https:\/\/organparts.info\/wp-content\/uploads\/2024\/06\/1-6.jpg","type":"image\/jpeg"}],"twitter_card":"summary_large_image","schema":{"@context":"https:\/\/schema.org","@graph":[{"@type":"WebPage","@id":"https:\/\/organparts.info\/en\/product\/drawstop-with-mixed-porcelain\/","url":"https:\/\/organparts.info\/en\/product\/drawstop-with-mixed-porcelain\/","name":"Drawstop, with mixed porcelain - Organparts","isPartOf":{"@id":"https:\/\/organparts.info\/en\/#website"},"primaryImageOfPage":{"@id":"https:\/\/organparts.info\/en\/product\/drawstop-with-mixed-porcelain\/#primaryimage"},"image":{"@id":"https:\/\/organparts.info\/en\/product\/drawstop-with-mixed-porcelain\/#primaryimage"},"thumbnailUrl":"https:\/\/organparts.info\/wp-content\/uploads\/2024\/06\/1-6.jpg","datePublished":"2024-06-04T09:04:30+00:00","breadcrumb":{"@id":"https:\/\/organparts.info\/en\/product\/drawstop-with-mixed-porcelain\/#breadcrumb"},"inLanguage":"en-US","potentialAction":[{"@type":"ReadAction","target":["https:\/\/organparts.info\/en\/product\/drawstop-with-mixed-porcelain\/"]}]},{"@type":"ImageObject","inLanguage":"en-US","@id":"https:\/\/organparts.info\/en\/product\/drawstop-with-mixed-porcelain\/#primaryimage","url":"https:\/\/organparts.info\/wp-content\/uploads\/2024\/06\/1-6.jpg","contentUrl":"https:\/\/organparts.info\/wp-content\/uploads\/2024\/06\/1-6.jpg","width":1500,"height":335},{"@type":"BreadcrumbList","@id":"https:\/\/organparts.info\/en\/product\/drawstop-with-mixed-porcelain\/#breadcrumb","itemListElement":[{"@type":"ListItem","position":1,"name":"Kezd\u0151lap","item":"https:\/\/organparts.info\/en\/home-page\/"},{"@type":"ListItem","position":2,"name":"Shop","item":"https:\/\/organparts.info\/en\/shop\/"},{"@type":"ListItem","position":3,"name":"Drawstop, with mixed porcelain"}]},{"@type":"WebSite","@id":"https:\/\/organparts.info\/en\/#website","url":"https:\/\/organparts.info\/en\/","name":"Organparts","description":"P\u00e9csi Orgona\u00e9p\u00edt\u0151 manufakt\u00fara","publisher":{"@id":"https:\/\/organparts.info\/en\/#organization"},"potentialAction":[{"@type":"SearchAction","target":{"@type":"EntryPoint","urlTemplate":"https:\/\/organparts.info\/en\/?s={search_term_string}"},"query-input":{"@type":"PropertyValueSpecification","valueRequired":true,"valueName":"search_term_string"}}],"inLanguage":"en-US"},{"@type":"Organization","@id":"https:\/\/organparts.info\/en\/#organization","name":"Organparts","url":"https:\/\/organparts.info\/en\/","logo":{"@type":"ImageObject","inLanguage":"en-US","@id":"https:\/\/organparts.info\/en\/#\/schema\/logo\/image\/","url":"https:\/\/organparts.info\/wp-content\/uploads\/2022\/05\/organparts-logo-1439380658.jpg","contentUrl":"https:\/\/organparts.info\/wp-content\/uploads\/2022\/05\/organparts-logo-1439380658.jpg","width":270,"height":92,"caption":"Organparts"},"image":{"@id":"https:\/\/organparts.info\/en\/#\/schema\/logo\/image\/"}}]}},"_links":{"self":[{"href":"https:\/\/organparts.info\/en\/wp-json\/wp\/v2\/product\/103558","targetHints":{"allow":["GET"]}}],"collection":[{"href":"https:\/\/organparts.info\/en\/wp-json\/wp\/v2\/product"}],"about":[{"href":"https:\/\/organparts.info\/en\/wp-json\/wp\/v2\/types\/product"}],"replies":[{"embeddable":true,"href":"https:\/\/organparts.info\/en\/wp-json\/wp\/v2\/comments?post=103558"}],"wp:featuredmedia":[{"embeddable":true,"href":"https:\/\/organparts.info\/en\/wp-json\/wp\/v2\/media\/103475"}],"wp:attachment":[{"href":"https:\/\/organparts.info\/en\/wp-json\/wp\/v2\/media?parent=103558"}],"wp:term":[{"taxonomy":"product_brand","embeddable":true,"href":"https:\/\/organparts.info\/en\/wp-json\/wp\/v2\/product_brand?post=103558"},{"taxonomy":"product_cat","embeddable":true,"href":"https:\/\/organparts.info\/en\/wp-json\/wp\/v2\/product_cat?post=103558"},{"taxonomy":"product_tag","embeddable":true,"href":"https:\/\/organparts.info\/en\/wp-json\/wp\/v2\/product_tag?post=103558"}],"curies":[{"name":"wp","href":"https:\/\/api.w.org\/{rel}","templated":true}]}}