{"id":102881,"date":"2023-03-31T07:48:31","date_gmt":"2023-03-31T07:48:31","guid":{"rendered":"https:\/\/organparts.info\/product\/femsipok\/"},"modified":"2023-05-11T08:53:05","modified_gmt":"2023-05-11T08:53:05","slug":"metal-pipes","status":"publish","type":"product","link":"https:\/\/organparts.info\/en\/product\/metal-pipes\/","title":{"rendered":"Metal pipes"},"content":{"rendered":"<p>We are back to making metal pipes! Preparation of front pipes, inner labial and reed pipes, horizontal trumpets with specific mensure. Choice of materials from various tin-lead alloys, tin-containing galvanised sheet, rolled lead sheet. We can also make the metal pipes of complete organs.<\/p>\n<p>If you would like a quote, please email <a href=\"mailto:pom@pomorgona.com\">pom@pomorgona.com<\/a> .<\/p>\n<p>We will send you a table of pipe specifications, which you can fill in to clarify the details of your request for a quote, so that we can make the pipes you want!<\/p>\n","protected":false},"excerpt":{"rendered":"<div class=\"et_pb_module et_pb_text et_pb_text_0_tb_body  et_pb_text_align_left et_pb_bg_layout_light\">\n<div class=\"et_pb_text_inner\">\n<p>We are back to making metal pipes! Preparation of front pipes, inner labial and reed pipes, horizontal trumpets with specific mensure. Choice of materials from various tin-lead alloys, tin-containing galvanised sheet, rolled lead sheet. We can also make the metal pipes of complete organs.<\/p>\n<p>If you would like a quote, please email <a href=\"mailto:pom@pomorgona.com\">pom@pomorgona.com<\/a> .<\/p>\n<p>We will send you a table of pipe specifications, which you can fill in to clarify the details of your request for a quote, so that we can make the pipes you want!<\/p>\n<\/div>\n<\/div>\n","protected":false},"featured_media":102878,"comment_status":"open","ping_status":"closed","template":"","meta":{"_et_pb_use_builder":"","_et_pb_old_content":"","_et_gb_content_width":""},"product_brand":[],"product_cat":[210],"product_tag":[],"class_list":{"0":"post-102881","1":"product","2":"type-product","3":"status-publish","4":"has-post-thumbnail","6":"product_cat-fluellpipe","8":"first","9":"onbackorder","10":"taxable","11":"shipping-taxable","12":"product-type-simple"},"exclude_global_add_ons":[],"addons":[],"yoast_head":"<!-- This site is optimized with the Yoast SEO plugin v27.3 - https:\/\/yoast.com\/product\/yoast-seo-wordpress\/ -->\n<title>Metal pipes - Organparts<\/title>\n<meta name=\"robots\" content=\"index, follow, max-snippet:-1, max-image-preview:large, max-video-preview:-1\" \/>\n<link rel=\"canonical\" href=\"https:\/\/organparts.info\/en\/product\/metal-pipes\/\" \/>\n<meta property=\"og:locale\" content=\"en_US\" \/>\n<meta property=\"og:type\" content=\"article\" \/>\n<meta property=\"og:title\" content=\"Metal pipes - Organparts\" \/>\n<meta property=\"og:description\" content=\"We are back to making metal pipes! Preparation of front pipes, inner labial and reed pipes, horizontal trumpets with specific mensure. Choice of materials from various tin-lead alloys, tin-containing galvanised sheet, rolled lead sheet. We can also make the metal pipes of complete organs.  If you would like a quote, please email pom@pomorgona.com .  We will send you a table of pipe specifications, which you can fill in to clarify the details of your request for a quote, so that we can make the pipes you want!\" \/>\n<meta property=\"og:url\" content=\"https:\/\/organparts.info\/en\/product\/metal-pipes\/\" \/>\n<meta property=\"og:site_name\" content=\"Organparts\" \/>\n<meta property=\"article:modified_time\" content=\"2023-05-11T08:53:05+00:00\" \/>\n<meta property=\"og:image\" content=\"https:\/\/organparts.info\/wp-content\/uploads\/2023\/03\/IMG_20220927_185631.jpg\" \/>\n\t<meta property=\"og:image:width\" content=\"1024\" \/>\n\t<meta property=\"og:image:height\" content=\"496\" \/>\n\t<meta property=\"og:image:type\" content=\"image\/jpeg\" \/>\n<meta name=\"twitter:card\" content=\"summary_large_image\" \/>\n<script type=\"application\/ld+json\" class=\"yoast-schema-graph\">{\"@context\":\"https:\\\/\\\/schema.org\",\"@graph\":[{\"@type\":\"WebPage\",\"@id\":\"https:\\\/\\\/organparts.info\\\/en\\\/product\\\/metal-pipes\\\/\",\"url\":\"https:\\\/\\\/organparts.info\\\/en\\\/product\\\/metal-pipes\\\/\",\"name\":\"Metal pipes - Organparts\",\"isPartOf\":{\"@id\":\"https:\\\/\\\/organparts.info\\\/en\\\/#website\"},\"primaryImageOfPage\":{\"@id\":\"https:\\\/\\\/organparts.info\\\/en\\\/product\\\/metal-pipes\\\/#primaryimage\"},\"image\":{\"@id\":\"https:\\\/\\\/organparts.info\\\/en\\\/product\\\/metal-pipes\\\/#primaryimage\"},\"thumbnailUrl\":\"https:\\\/\\\/organparts.info\\\/wp-content\\\/uploads\\\/2023\\\/03\\\/IMG_20220927_185631.jpg\",\"datePublished\":\"2023-03-31T07:48:31+00:00\",\"dateModified\":\"2023-05-11T08:53:05+00:00\",\"breadcrumb\":{\"@id\":\"https:\\\/\\\/organparts.info\\\/en\\\/product\\\/metal-pipes\\\/#breadcrumb\"},\"inLanguage\":\"en-US\",\"potentialAction\":[{\"@type\":\"ReadAction\",\"target\":[\"https:\\\/\\\/organparts.info\\\/en\\\/product\\\/metal-pipes\\\/\"]}]},{\"@type\":\"ImageObject\",\"inLanguage\":\"en-US\",\"@id\":\"https:\\\/\\\/organparts.info\\\/en\\\/product\\\/metal-pipes\\\/#primaryimage\",\"url\":\"https:\\\/\\\/organparts.info\\\/wp-content\\\/uploads\\\/2023\\\/03\\\/IMG_20220927_185631.jpg\",\"contentUrl\":\"https:\\\/\\\/organparts.info\\\/wp-content\\\/uploads\\\/2023\\\/03\\\/IMG_20220927_185631.jpg\",\"width\":1024,\"height\":496},{\"@type\":\"BreadcrumbList\",\"@id\":\"https:\\\/\\\/organparts.info\\\/en\\\/product\\\/metal-pipes\\\/#breadcrumb\",\"itemListElement\":[{\"@type\":\"ListItem\",\"position\":1,\"name\":\"Kezd\u0151lap\",\"item\":\"https:\\\/\\\/organparts.info\\\/en\\\/home-page\\\/\"},{\"@type\":\"ListItem\",\"position\":2,\"name\":\"Shop\",\"item\":\"https:\\\/\\\/organparts.info\\\/en\\\/shop\\\/\"},{\"@type\":\"ListItem\",\"position\":3,\"name\":\"Metal pipes\"}]},{\"@type\":\"WebSite\",\"@id\":\"https:\\\/\\\/organparts.info\\\/en\\\/#website\",\"url\":\"https:\\\/\\\/organparts.info\\\/en\\\/\",\"name\":\"Organparts\",\"description\":\"P\u00e9csi Orgona\u00e9p\u00edt\u0151 manufakt\u00fara\",\"publisher\":{\"@id\":\"https:\\\/\\\/organparts.info\\\/en\\\/#organization\"},\"potentialAction\":[{\"@type\":\"SearchAction\",\"target\":{\"@type\":\"EntryPoint\",\"urlTemplate\":\"https:\\\/\\\/organparts.info\\\/en\\\/?s={search_term_string}\"},\"query-input\":{\"@type\":\"PropertyValueSpecification\",\"valueRequired\":true,\"valueName\":\"search_term_string\"}}],\"inLanguage\":\"en-US\"},{\"@type\":\"Organization\",\"@id\":\"https:\\\/\\\/organparts.info\\\/en\\\/#organization\",\"name\":\"Organparts\",\"url\":\"https:\\\/\\\/organparts.info\\\/en\\\/\",\"logo\":{\"@type\":\"ImageObject\",\"inLanguage\":\"en-US\",\"@id\":\"https:\\\/\\\/organparts.info\\\/en\\\/#\\\/schema\\\/logo\\\/image\\\/\",\"url\":\"https:\\\/\\\/organparts.info\\\/wp-content\\\/uploads\\\/2022\\\/05\\\/organparts-logo-1439380658.jpg\",\"contentUrl\":\"https:\\\/\\\/organparts.info\\\/wp-content\\\/uploads\\\/2022\\\/05\\\/organparts-logo-1439380658.jpg\",\"width\":270,\"height\":92,\"caption\":\"Organparts\"},\"image\":{\"@id\":\"https:\\\/\\\/organparts.info\\\/en\\\/#\\\/schema\\\/logo\\\/image\\\/\"}}]}<\/script>\n<!-- \/ Yoast SEO plugin. -->","yoast_head_json":{"title":"Metal pipes - Organparts","robots":{"index":"index","follow":"follow","max-snippet":"max-snippet:-1","max-image-preview":"max-image-preview:large","max-video-preview":"max-video-preview:-1"},"canonical":"https:\/\/organparts.info\/en\/product\/metal-pipes\/","og_locale":"en_US","og_type":"article","og_title":"Metal pipes - Organparts","og_description":"We are back to making metal pipes! Preparation of front pipes, inner labial and reed pipes, horizontal trumpets with specific mensure. Choice of materials from various tin-lead alloys, tin-containing galvanised sheet, rolled lead sheet. We can also make the metal pipes of complete organs.  If you would like a quote, please email pom@pomorgona.com .  We will send you a table of pipe specifications, which you can fill in to clarify the details of your request for a quote, so that we can make the pipes you want!","og_url":"https:\/\/organparts.info\/en\/product\/metal-pipes\/","og_site_name":"Organparts","article_modified_time":"2023-05-11T08:53:05+00:00","og_image":[{"width":1024,"height":496,"url":"https:\/\/organparts.info\/wp-content\/uploads\/2023\/03\/IMG_20220927_185631.jpg","type":"image\/jpeg"}],"twitter_card":"summary_large_image","schema":{"@context":"https:\/\/schema.org","@graph":[{"@type":"WebPage","@id":"https:\/\/organparts.info\/en\/product\/metal-pipes\/","url":"https:\/\/organparts.info\/en\/product\/metal-pipes\/","name":"Metal pipes - Organparts","isPartOf":{"@id":"https:\/\/organparts.info\/en\/#website"},"primaryImageOfPage":{"@id":"https:\/\/organparts.info\/en\/product\/metal-pipes\/#primaryimage"},"image":{"@id":"https:\/\/organparts.info\/en\/product\/metal-pipes\/#primaryimage"},"thumbnailUrl":"https:\/\/organparts.info\/wp-content\/uploads\/2023\/03\/IMG_20220927_185631.jpg","datePublished":"2023-03-31T07:48:31+00:00","dateModified":"2023-05-11T08:53:05+00:00","breadcrumb":{"@id":"https:\/\/organparts.info\/en\/product\/metal-pipes\/#breadcrumb"},"inLanguage":"en-US","potentialAction":[{"@type":"ReadAction","target":["https:\/\/organparts.info\/en\/product\/metal-pipes\/"]}]},{"@type":"ImageObject","inLanguage":"en-US","@id":"https:\/\/organparts.info\/en\/product\/metal-pipes\/#primaryimage","url":"https:\/\/organparts.info\/wp-content\/uploads\/2023\/03\/IMG_20220927_185631.jpg","contentUrl":"https:\/\/organparts.info\/wp-content\/uploads\/2023\/03\/IMG_20220927_185631.jpg","width":1024,"height":496},{"@type":"BreadcrumbList","@id":"https:\/\/organparts.info\/en\/product\/metal-pipes\/#breadcrumb","itemListElement":[{"@type":"ListItem","position":1,"name":"Kezd\u0151lap","item":"https:\/\/organparts.info\/en\/home-page\/"},{"@type":"ListItem","position":2,"name":"Shop","item":"https:\/\/organparts.info\/en\/shop\/"},{"@type":"ListItem","position":3,"name":"Metal pipes"}]},{"@type":"WebSite","@id":"https:\/\/organparts.info\/en\/#website","url":"https:\/\/organparts.info\/en\/","name":"Organparts","description":"P\u00e9csi Orgona\u00e9p\u00edt\u0151 manufakt\u00fara","publisher":{"@id":"https:\/\/organparts.info\/en\/#organization"},"potentialAction":[{"@type":"SearchAction","target":{"@type":"EntryPoint","urlTemplate":"https:\/\/organparts.info\/en\/?s={search_term_string}"},"query-input":{"@type":"PropertyValueSpecification","valueRequired":true,"valueName":"search_term_string"}}],"inLanguage":"en-US"},{"@type":"Organization","@id":"https:\/\/organparts.info\/en\/#organization","name":"Organparts","url":"https:\/\/organparts.info\/en\/","logo":{"@type":"ImageObject","inLanguage":"en-US","@id":"https:\/\/organparts.info\/en\/#\/schema\/logo\/image\/","url":"https:\/\/organparts.info\/wp-content\/uploads\/2022\/05\/organparts-logo-1439380658.jpg","contentUrl":"https:\/\/organparts.info\/wp-content\/uploads\/2022\/05\/organparts-logo-1439380658.jpg","width":270,"height":92,"caption":"Organparts"},"image":{"@id":"https:\/\/organparts.info\/en\/#\/schema\/logo\/image\/"}}]}},"_links":{"self":[{"href":"https:\/\/organparts.info\/en\/wp-json\/wp\/v2\/product\/102881","targetHints":{"allow":["GET"]}}],"collection":[{"href":"https:\/\/organparts.info\/en\/wp-json\/wp\/v2\/product"}],"about":[{"href":"https:\/\/organparts.info\/en\/wp-json\/wp\/v2\/types\/product"}],"replies":[{"embeddable":true,"href":"https:\/\/organparts.info\/en\/wp-json\/wp\/v2\/comments?post=102881"}],"wp:featuredmedia":[{"embeddable":true,"href":"https:\/\/organparts.info\/en\/wp-json\/wp\/v2\/media\/102878"}],"wp:attachment":[{"href":"https:\/\/organparts.info\/en\/wp-json\/wp\/v2\/media?parent=102881"}],"wp:term":[{"taxonomy":"product_brand","embeddable":true,"href":"https:\/\/organparts.info\/en\/wp-json\/wp\/v2\/product_brand?post=102881"},{"taxonomy":"product_cat","embeddable":true,"href":"https:\/\/organparts.info\/en\/wp-json\/wp\/v2\/product_cat?post=102881"},{"taxonomy":"product_tag","embeddable":true,"href":"https:\/\/organparts.info\/en\/wp-json\/wp\/v2\/product_tag?post=102881"}],"curies":[{"name":"wp","href":"https:\/\/api.w.org\/{rel}","templated":true}]}}