{"id":5918,"date":"2022-05-11T18:32:40","date_gmt":"2022-05-11T18:32:40","guid":{"rendered":"https:\/\/organparts.camelotdesign.hu?p=5918"},"modified":"2026-01-13T11:51:48","modified_gmt":"2026-01-13T11:51:48","slug":"contact-en","status":"publish","type":"page","link":"https:\/\/organparts.info\/en\/contact-en\/","title":{"rendered":"Contact"},"content":{"rendered":"<p style=\"text-align: center;\"><strong>P\u00e9csi Orgona\u00e9p\u00edt\u0151 Manufakt\u00fara Ltd.<\/strong><\/p>\n<p style=\"text-align: center;\">H-7630 P\u00e9cs<br \/>\nIparsziget u. 3.<\/p>\n<p style=\"text-align: center;\"><strong>Hungary<\/strong><\/p>\n<p style=\"text-align: center;\"><strong>Tel.: 00 36 72\/239-603\u00a0<\/strong><\/p>\n<p style=\"text-align: center;\"><strong>www.organparts<\/strong>.<strong>info<\/strong><\/p>\n<p style=\"text-align: center;\"><strong><a href=\"mailto:pom@pomorgona.com\">pom@pomorgona.com<\/a><\/strong><\/p>\n<p style=\"text-align: center;\"><strong>www.pomorgona.hu<br \/>\n<\/strong><\/p>\n<p style=\"text-align: center;\"><strong>Owner \/ CEO: Attila Budav\u00e1ri<\/strong><\/p>\n<p style=\"text-align: center;\"><strong>Company manager \/ Plant manager: Tam\u00e1s G\u00e1bor<\/strong><\/p>\n<p style=\"text-align: center;\"><strong>VAT: HU 11013415<br \/>\n<\/strong><\/p>\n<p style=\"text-align: center;\"><strong>IBAN: HU34 &#8211; 12072507 &#8211; 02099109 &#8211; 00300001<\/strong><\/p>\n<p style=\"text-align: center;\"><strong>Bic\/Swift: UBRTHUHB<\/strong><\/p>\n<p style=\"text-align: center;\"><iframe style=\"border: 0px; margin-left: auto; margin-right: auto;\" data-src=\"https:\/\/www.google.com\/maps\/embed?pb=!1m18!1m12!1m3!1d6582.398298637119!2d18.273235453843018!3d46.07986245639033!2m3!1f0!2f0!3f0!3m2!1i1024!2i768!4f13.1!3m3!1m2!1s0x4742b1246247c8cb%3A0x274ad65820776f19!2sIparsziget+u.+3%2C+P%C3%A9cs%2C+7630!5e0!3m2!1shu!2shu!4v1439385314143\" width=\"600\" height=\"450\" frameborder=\"0\" src=\"data:image\/svg+xml;base64,PHN2ZyB3aWR0aD0iMSIgaGVpZ2h0PSIxIiB4bWxucz0iaHR0cDovL3d3dy53My5vcmcvMjAwMC9zdmciPjwvc3ZnPg==\" class=\"lazyload\" data-load-mode=\"1\"><\/iframe><\/p>\n","protected":false},"excerpt":{"rendered":"<p>P\u00e9csi Orgona\u00e9p\u00edt\u0151 Manufakt\u00fara Ltd. H-7630 P\u00e9cs Iparsziget u. 3. Hungary Tel.: 00 36 72\/239-603\u00a0 www.organparts.info pom@pomorgona.com www.pomorgona.hu Owner \/ CEO: Attila Budav\u00e1ri Company manager \/ Plant manager: Tam\u00e1s G\u00e1bor VAT: HU 11013415 IBAN: HU34 &#8211; 12072507 &#8211; 02099109 &#8211; 00300001 Bic\/Swift: UBRTHUHB<\/p>\n","protected":false},"author":1,"featured_media":0,"parent":0,"menu_order":0,"comment_status":"open","ping_status":"open","template":"","meta":{"_et_pb_use_builder":"on","_et_pb_old_content":"","_et_gb_content_width":"","footnotes":""},"class_list":["post-5918","page","type-page","status-publish","hentry"],"yoast_head":"<!-- This site is optimized with the Yoast SEO plugin v27.3 - https:\/\/yoast.com\/product\/yoast-seo-wordpress\/ -->\n<title>Contact - Organparts<\/title>\n<meta name=\"robots\" content=\"index, follow, max-snippet:-1, max-image-preview:large, max-video-preview:-1\" \/>\n<link rel=\"canonical\" href=\"https:\/\/organparts.info\/en\/contact-en\/\" \/>\n<meta property=\"og:locale\" content=\"en_US\" \/>\n<meta property=\"og:type\" content=\"article\" \/>\n<meta property=\"og:title\" content=\"Contact - Organparts\" \/>\n<meta property=\"og:description\" content=\"P\u00e9csi Orgona\u00e9p\u00edt\u0151 Manufakt\u00fara Ltd. H-7630 P\u00e9cs Iparsziget u. 3. Hungary Tel.: 00 36 72\/239-603\u00a0 www.organparts.info pom@pomorgona.com www.pomorgona.hu Owner \/ CEO: Attila Budav\u00e1ri Company manager \/ Plant manager: Tam\u00e1s G\u00e1bor VAT: HU 11013415 IBAN: HU34 - 12072507 - 02099109 - 00300001 Bic\/Swift: UBRTHUHB\" \/>\n<meta property=\"og:url\" content=\"https:\/\/organparts.info\/en\/contact-en\/\" \/>\n<meta property=\"og:site_name\" content=\"Organparts\" \/>\n<meta property=\"article:modified_time\" content=\"2026-01-13T11:51:48+00:00\" \/>\n<meta name=\"twitter:card\" content=\"summary_large_image\" \/>\n<meta name=\"twitter:label1\" content=\"Est. reading time\" \/>\n\t<meta name=\"twitter:data1\" content=\"1 minute\" \/>\n<script type=\"application\/ld+json\" class=\"yoast-schema-graph\">{\"@context\":\"https:\\\/\\\/schema.org\",\"@graph\":[{\"@type\":\"WebPage\",\"@id\":\"https:\\\/\\\/organparts.info\\\/en\\\/contact-en\\\/\",\"url\":\"https:\\\/\\\/organparts.info\\\/en\\\/contact-en\\\/\",\"name\":\"Contact - Organparts\",\"isPartOf\":{\"@id\":\"https:\\\/\\\/organparts.info\\\/en\\\/#website\"},\"datePublished\":\"2022-05-11T18:32:40+00:00\",\"dateModified\":\"2026-01-13T11:51:48+00:00\",\"breadcrumb\":{\"@id\":\"https:\\\/\\\/organparts.info\\\/en\\\/contact-en\\\/#breadcrumb\"},\"inLanguage\":\"en-US\",\"potentialAction\":[{\"@type\":\"ReadAction\",\"target\":[\"https:\\\/\\\/organparts.info\\\/en\\\/contact-en\\\/\"]}]},{\"@type\":\"BreadcrumbList\",\"@id\":\"https:\\\/\\\/organparts.info\\\/en\\\/contact-en\\\/#breadcrumb\",\"itemListElement\":[{\"@type\":\"ListItem\",\"position\":1,\"name\":\"Kezd\u0151lap\",\"item\":\"https:\\\/\\\/organparts.info\\\/en\\\/home-page\\\/\"},{\"@type\":\"ListItem\",\"position\":2,\"name\":\"Contact\"}]},{\"@type\":\"WebSite\",\"@id\":\"https:\\\/\\\/organparts.info\\\/en\\\/#website\",\"url\":\"https:\\\/\\\/organparts.info\\\/en\\\/\",\"name\":\"Organparts\",\"description\":\"P\u00e9csi Orgona\u00e9p\u00edt\u0151 manufakt\u00fara\",\"publisher\":{\"@id\":\"https:\\\/\\\/organparts.info\\\/en\\\/#organization\"},\"potentialAction\":[{\"@type\":\"SearchAction\",\"target\":{\"@type\":\"EntryPoint\",\"urlTemplate\":\"https:\\\/\\\/organparts.info\\\/en\\\/?s={search_term_string}\"},\"query-input\":{\"@type\":\"PropertyValueSpecification\",\"valueRequired\":true,\"valueName\":\"search_term_string\"}}],\"inLanguage\":\"en-US\"},{\"@type\":\"Organization\",\"@id\":\"https:\\\/\\\/organparts.info\\\/en\\\/#organization\",\"name\":\"Organparts\",\"url\":\"https:\\\/\\\/organparts.info\\\/en\\\/\",\"logo\":{\"@type\":\"ImageObject\",\"inLanguage\":\"en-US\",\"@id\":\"https:\\\/\\\/organparts.info\\\/en\\\/#\\\/schema\\\/logo\\\/image\\\/\",\"url\":\"https:\\\/\\\/organparts.info\\\/wp-content\\\/uploads\\\/2022\\\/05\\\/organparts-logo-1439380658.jpg\",\"contentUrl\":\"https:\\\/\\\/organparts.info\\\/wp-content\\\/uploads\\\/2022\\\/05\\\/organparts-logo-1439380658.jpg\",\"width\":270,\"height\":92,\"caption\":\"Organparts\"},\"image\":{\"@id\":\"https:\\\/\\\/organparts.info\\\/en\\\/#\\\/schema\\\/logo\\\/image\\\/\"}}]}<\/script>\n<!-- \/ Yoast SEO plugin. -->","yoast_head_json":{"title":"Contact - Organparts","robots":{"index":"index","follow":"follow","max-snippet":"max-snippet:-1","max-image-preview":"max-image-preview:large","max-video-preview":"max-video-preview:-1"},"canonical":"https:\/\/organparts.info\/en\/contact-en\/","og_locale":"en_US","og_type":"article","og_title":"Contact - Organparts","og_description":"P\u00e9csi Orgona\u00e9p\u00edt\u0151 Manufakt\u00fara Ltd. H-7630 P\u00e9cs Iparsziget u. 3. Hungary Tel.: 00 36 72\/239-603\u00a0 www.organparts.info pom@pomorgona.com www.pomorgona.hu Owner \/ CEO: Attila Budav\u00e1ri Company manager \/ Plant manager: Tam\u00e1s G\u00e1bor VAT: HU 11013415 IBAN: HU34 - 12072507 - 02099109 - 00300001 Bic\/Swift: UBRTHUHB","og_url":"https:\/\/organparts.info\/en\/contact-en\/","og_site_name":"Organparts","article_modified_time":"2026-01-13T11:51:48+00:00","twitter_card":"summary_large_image","twitter_misc":{"Est. reading time":"1 minute"},"schema":{"@context":"https:\/\/schema.org","@graph":[{"@type":"WebPage","@id":"https:\/\/organparts.info\/en\/contact-en\/","url":"https:\/\/organparts.info\/en\/contact-en\/","name":"Contact - Organparts","isPartOf":{"@id":"https:\/\/organparts.info\/en\/#website"},"datePublished":"2022-05-11T18:32:40+00:00","dateModified":"2026-01-13T11:51:48+00:00","breadcrumb":{"@id":"https:\/\/organparts.info\/en\/contact-en\/#breadcrumb"},"inLanguage":"en-US","potentialAction":[{"@type":"ReadAction","target":["https:\/\/organparts.info\/en\/contact-en\/"]}]},{"@type":"BreadcrumbList","@id":"https:\/\/organparts.info\/en\/contact-en\/#breadcrumb","itemListElement":[{"@type":"ListItem","position":1,"name":"Kezd\u0151lap","item":"https:\/\/organparts.info\/en\/home-page\/"},{"@type":"ListItem","position":2,"name":"Contact"}]},{"@type":"WebSite","@id":"https:\/\/organparts.info\/en\/#website","url":"https:\/\/organparts.info\/en\/","name":"Organparts","description":"P\u00e9csi Orgona\u00e9p\u00edt\u0151 manufakt\u00fara","publisher":{"@id":"https:\/\/organparts.info\/en\/#organization"},"potentialAction":[{"@type":"SearchAction","target":{"@type":"EntryPoint","urlTemplate":"https:\/\/organparts.info\/en\/?s={search_term_string}"},"query-input":{"@type":"PropertyValueSpecification","valueRequired":true,"valueName":"search_term_string"}}],"inLanguage":"en-US"},{"@type":"Organization","@id":"https:\/\/organparts.info\/en\/#organization","name":"Organparts","url":"https:\/\/organparts.info\/en\/","logo":{"@type":"ImageObject","inLanguage":"en-US","@id":"https:\/\/organparts.info\/en\/#\/schema\/logo\/image\/","url":"https:\/\/organparts.info\/wp-content\/uploads\/2022\/05\/organparts-logo-1439380658.jpg","contentUrl":"https:\/\/organparts.info\/wp-content\/uploads\/2022\/05\/organparts-logo-1439380658.jpg","width":270,"height":92,"caption":"Organparts"},"image":{"@id":"https:\/\/organparts.info\/en\/#\/schema\/logo\/image\/"}}]}},"_links":{"self":[{"href":"https:\/\/organparts.info\/en\/wp-json\/wp\/v2\/pages\/5918","targetHints":{"allow":["GET"]}}],"collection":[{"href":"https:\/\/organparts.info\/en\/wp-json\/wp\/v2\/pages"}],"about":[{"href":"https:\/\/organparts.info\/en\/wp-json\/wp\/v2\/types\/page"}],"author":[{"embeddable":true,"href":"https:\/\/organparts.info\/en\/wp-json\/wp\/v2\/users\/1"}],"replies":[{"embeddable":true,"href":"https:\/\/organparts.info\/en\/wp-json\/wp\/v2\/comments?post=5918"}],"version-history":[{"count":7,"href":"https:\/\/organparts.info\/en\/wp-json\/wp\/v2\/pages\/5918\/revisions"}],"predecessor-version":[{"id":105975,"href":"https:\/\/organparts.info\/en\/wp-json\/wp\/v2\/pages\/5918\/revisions\/105975"}],"wp:attachment":[{"href":"https:\/\/organparts.info\/en\/wp-json\/wp\/v2\/media?parent=5918"}],"curies":[{"name":"wp","href":"https:\/\/api.w.org\/{rel}","templated":true}]}}