{"id":4554,"date":"2018-01-09T08:49:12","date_gmt":"2018-01-09T08:49:12","guid":{"rendered":"https:\/\/organparts.camelotdesign.hu\/?product=pedalkeszlet-01-forma-roevid"},"modified":"2026-03-23T21:43:49","modified_gmt":"2026-03-23T21:43:49","slug":"pedalkeszlet-01-forma-roevid","status":"publish","type":"product","link":"https:\/\/organparts.info\/de\/produkt\/pedalkeszlet-01-forma-roevid\/","title":{"rendered":"Orgelbank-Satz Form 01, kurz"},"content":{"rendered":"<p>Orgelbank-Satz, kann beliebig fertig gemacht werden, mit beliebiger Oberfl\u00e4chenbehandlung.<\/p>\n<p>F\u00fcr den Zusammenbau wird Tischler- oder Orgelbauerfachwissen ben\u00f6tigt, der Kunde ist daf\u00fcr selbst zust\u00e4ndig.<\/p>\n","protected":false},"excerpt":{"rendered":"<p>Orgelbank-Satz, kann beliebig fertig gemacht werden, mit beliebiger Oberfl\u00e4chenbehandlung. F\u00fcr den Zusammenbau wird Tischler- oder Orgelbauerfachwissen ben\u00f6tigt, der Kunde ist daf\u00fcr selbst zust\u00e4ndig.<\/p>\n","protected":false},"featured_media":4551,"comment_status":"open","ping_status":"closed","template":"","meta":{"_et_pb_use_builder":"","_et_pb_old_content":"","_et_gb_content_width":""},"product_brand":[],"product_cat":[62,29],"product_tag":[],"class_list":{"0":"post-4554","1":"product","2":"type-product","3":"status-publish","4":"has-post-thumbnail","6":"product_cat-orgelbank","7":"product_cat-spieltisch","9":"first","10":"instock","11":"taxable","12":"shipping-taxable","13":"purchasable","14":"product-type-simple"},"exclude_global_add_ons":false,"addons":[{"name":"+Extra","type":"checkbox","position":0,"required":false,"title_format":"hide","default":"","description_enable":false,"description":"","placeholder_enable":false,"placeholder":"","display":"select","restrictions_type":"any_text","adjust_price":false,"price":"","price_type":"flat_fee","restrictions":false,"min":"0","max":"0","options":[{"label":"Mit Gravierung","price":"147.40","price_type":"flat_fee","image":0,"visibility":true}],"id":1774302213},{"name":"Lakkoz\u00e1s","type":"checkbox","position":0,"required":false,"title_format":"hide","default":"","description_enable":false,"description":"","placeholder_enable":false,"placeholder":"","display":"select","restrictions_type":"any_text","adjust_price":false,"price":"","price_type":"flat_fee","restrictions":false,"min":"0","max":"0","options":[{"label":"Lakkoz\u00e1s","price":"147.40","price_type":"flat_fee","image":0,"visibility":true}],"id":1773944818},{"name":"Cinkelt keret","type":"checkbox","position":1,"required":false,"title_format":"hide","default":"","description_enable":false,"description":"","placeholder_enable":false,"placeholder":"","display":"select","restrictions_type":"any_text","adjust_price":false,"price":"","price_type":"flat_fee","restrictions":false,"min":"0","max":"0","options":[{"label":"Cinkelt keret","price":"140.70","price_type":"flat_fee","image":0,"visibility":true}],"id":1773944872},{"name":"F\u00e9lhang felt\u00e9t","type":"multiple_choice","position":2,"required":true,"title_format":"label","default":"","description_enable":false,"description":"","placeholder_enable":false,"placeholder":"","display":"select","restrictions_type":"any_text","adjust_price":false,"price":"","price_type":"flat_fee","restrictions":false,"min":"0","max":"0","options":[{"label":"T\u00f6lgy f\u00e9lhang felt\u00e9t","price":"","price_type":"flat_fee","image":0,"visibility":true},{"label":"\u00c9ben f\u00e9lhang felt\u00e9t","price":"","price_type":"flat_fee","image":0,"visibility":true}],"id":1773944923}],"yoast_head":"<!-- This site is optimized with the Yoast SEO plugin v27.2 - https:\/\/yoast.com\/product\/yoast-seo-wordpress\/ -->\n<title>Orgelbank-Satz Form 01, kurz - Organparts<\/title>\n<meta name=\"robots\" content=\"index, follow, max-snippet:-1, max-image-preview:large, max-video-preview:-1\" \/>\n<link rel=\"canonical\" href=\"https:\/\/organparts.info\/de\/produkt\/pedalkeszlet-01-forma-roevid\/\" \/>\n<meta property=\"og:locale\" content=\"de_DE\" \/>\n<meta property=\"og:type\" content=\"article\" \/>\n<meta property=\"og:title\" content=\"Orgelbank-Satz Form 01, kurz - Organparts\" \/>\n<meta property=\"og:description\" content=\"Orgelbank-Satz, kann beliebig fertig gemacht werden, mit beliebiger Oberfl\u00e4chenbehandlung. F\u00fcr den Zusammenbau wird Tischler- oder Orgelbauerfachwissen ben\u00f6tigt, der Kunde ist daf\u00fcr selbst zust\u00e4ndig.\" \/>\n<meta property=\"og:url\" content=\"https:\/\/organparts.info\/de\/produkt\/pedalkeszlet-01-forma-roevid\/\" \/>\n<meta property=\"og:site_name\" content=\"Organparts\" \/>\n<meta property=\"article:modified_time\" content=\"2026-03-23T21:43:49+00:00\" \/>\n<meta property=\"og:image\" content=\"https:\/\/organparts.info\/wp-content\/uploads\/2022\/05\/1918-scaled.jpg\" \/>\n\t<meta property=\"og:image:width\" content=\"2560\" \/>\n\t<meta property=\"og:image:height\" content=\"2021\" \/>\n\t<meta property=\"og:image:type\" content=\"image\/jpeg\" \/>\n<meta name=\"twitter:card\" content=\"summary_large_image\" \/>\n<meta name=\"twitter:label1\" content=\"Gesch\u00e4tzte Lesezeit\" \/>\n\t<meta name=\"twitter:data1\" content=\"1\u00a0Minute\" \/>\n<script type=\"application\/ld+json\" class=\"yoast-schema-graph\">{\"@context\":\"https:\/\/schema.org\",\"@graph\":[{\"@type\":\"WebPage\",\"@id\":\"https:\/\/organparts.info\/de\/produkt\/pedalkeszlet-01-forma-roevid\/\",\"url\":\"https:\/\/organparts.info\/de\/produkt\/pedalkeszlet-01-forma-roevid\/\",\"name\":\"Orgelbank-Satz Form 01, kurz - Organparts\",\"isPartOf\":{\"@id\":\"https:\/\/organparts.info\/en\/#website\"},\"primaryImageOfPage\":{\"@id\":\"https:\/\/organparts.info\/de\/produkt\/pedalkeszlet-01-forma-roevid\/#primaryimage\"},\"image\":{\"@id\":\"https:\/\/organparts.info\/de\/produkt\/pedalkeszlet-01-forma-roevid\/#primaryimage\"},\"thumbnailUrl\":\"https:\/\/organparts.info\/wp-content\/uploads\/2022\/05\/1918-scaled.jpg\",\"datePublished\":\"2018-01-09T08:49:12+00:00\",\"dateModified\":\"2026-03-23T21:43:49+00:00\",\"breadcrumb\":{\"@id\":\"https:\/\/organparts.info\/de\/produkt\/pedalkeszlet-01-forma-roevid\/#breadcrumb\"},\"inLanguage\":\"de\",\"potentialAction\":[{\"@type\":\"ReadAction\",\"target\":[\"https:\/\/organparts.info\/de\/produkt\/pedalkeszlet-01-forma-roevid\/\"]}]},{\"@type\":\"ImageObject\",\"inLanguage\":\"de\",\"@id\":\"https:\/\/organparts.info\/de\/produkt\/pedalkeszlet-01-forma-roevid\/#primaryimage\",\"url\":\"https:\/\/organparts.info\/wp-content\/uploads\/2022\/05\/1918-scaled.jpg\",\"contentUrl\":\"https:\/\/organparts.info\/wp-content\/uploads\/2022\/05\/1918-scaled.jpg\",\"width\":2560,\"height\":2021,\"caption\":\"Ped\u00e1lk\u00e9szlet, 01 Forma, r\u00f6vid\"},{\"@type\":\"BreadcrumbList\",\"@id\":\"https:\/\/organparts.info\/de\/produkt\/pedalkeszlet-01-forma-roevid\/#breadcrumb\",\"itemListElement\":[{\"@type\":\"ListItem\",\"position\":1,\"name\":\"Kezd\u0151lap\",\"item\":\"https:\/\/organparts.info\/de\/startseite\/\"},{\"@type\":\"ListItem\",\"position\":2,\"name\":\"Shop\",\"item\":\"https:\/\/organparts.info\/de\/shop\/\"},{\"@type\":\"ListItem\",\"position\":3,\"name\":\"Orgelbank-Satz Form 01, kurz\"}]},{\"@type\":\"WebSite\",\"@id\":\"https:\/\/organparts.info\/en\/#website\",\"url\":\"https:\/\/organparts.info\/en\/\",\"name\":\"Organparts\",\"description\":\"P\u00e9csi Orgona\u00e9p\u00edt\u0151 manufakt\u00fara\",\"publisher\":{\"@id\":\"https:\/\/organparts.info\/en\/#organization\"},\"potentialAction\":[{\"@type\":\"SearchAction\",\"target\":{\"@type\":\"EntryPoint\",\"urlTemplate\":\"https:\/\/organparts.info\/en\/?s={search_term_string}\"},\"query-input\":{\"@type\":\"PropertyValueSpecification\",\"valueRequired\":true,\"valueName\":\"search_term_string\"}}],\"inLanguage\":\"de\"},{\"@type\":\"Organization\",\"@id\":\"https:\/\/organparts.info\/en\/#organization\",\"name\":\"Organparts\",\"url\":\"https:\/\/organparts.info\/en\/\",\"logo\":{\"@type\":\"ImageObject\",\"inLanguage\":\"de\",\"@id\":\"https:\/\/organparts.info\/en\/#\/schema\/logo\/image\/\",\"url\":\"https:\/\/organparts.info\/wp-content\/uploads\/2022\/05\/organparts-logo-1439380658.jpg\",\"contentUrl\":\"https:\/\/organparts.info\/wp-content\/uploads\/2022\/05\/organparts-logo-1439380658.jpg\",\"width\":270,\"height\":92,\"caption\":\"Organparts\"},\"image\":{\"@id\":\"https:\/\/organparts.info\/en\/#\/schema\/logo\/image\/\"}}]}<\/script>\n<!-- \/ Yoast SEO plugin. -->","yoast_head_json":{"title":"Orgelbank-Satz Form 01, kurz - Organparts","robots":{"index":"index","follow":"follow","max-snippet":"max-snippet:-1","max-image-preview":"max-image-preview:large","max-video-preview":"max-video-preview:-1"},"canonical":"https:\/\/organparts.info\/de\/produkt\/pedalkeszlet-01-forma-roevid\/","og_locale":"de_DE","og_type":"article","og_title":"Orgelbank-Satz Form 01, kurz - Organparts","og_description":"Orgelbank-Satz, kann beliebig fertig gemacht werden, mit beliebiger Oberfl\u00e4chenbehandlung. F\u00fcr den Zusammenbau wird Tischler- oder Orgelbauerfachwissen ben\u00f6tigt, der Kunde ist daf\u00fcr selbst zust\u00e4ndig.","og_url":"https:\/\/organparts.info\/de\/produkt\/pedalkeszlet-01-forma-roevid\/","og_site_name":"Organparts","article_modified_time":"2026-03-23T21:43:49+00:00","og_image":[{"width":2560,"height":2021,"url":"https:\/\/organparts.info\/wp-content\/uploads\/2022\/05\/1918-scaled.jpg","type":"image\/jpeg"}],"twitter_card":"summary_large_image","twitter_misc":{"Gesch\u00e4tzte Lesezeit":"1\u00a0Minute"},"schema":{"@context":"https:\/\/schema.org","@graph":[{"@type":"WebPage","@id":"https:\/\/organparts.info\/de\/produkt\/pedalkeszlet-01-forma-roevid\/","url":"https:\/\/organparts.info\/de\/produkt\/pedalkeszlet-01-forma-roevid\/","name":"Orgelbank-Satz Form 01, kurz - Organparts","isPartOf":{"@id":"https:\/\/organparts.info\/en\/#website"},"primaryImageOfPage":{"@id":"https:\/\/organparts.info\/de\/produkt\/pedalkeszlet-01-forma-roevid\/#primaryimage"},"image":{"@id":"https:\/\/organparts.info\/de\/produkt\/pedalkeszlet-01-forma-roevid\/#primaryimage"},"thumbnailUrl":"https:\/\/organparts.info\/wp-content\/uploads\/2022\/05\/1918-scaled.jpg","datePublished":"2018-01-09T08:49:12+00:00","dateModified":"2026-03-23T21:43:49+00:00","breadcrumb":{"@id":"https:\/\/organparts.info\/de\/produkt\/pedalkeszlet-01-forma-roevid\/#breadcrumb"},"inLanguage":"de","potentialAction":[{"@type":"ReadAction","target":["https:\/\/organparts.info\/de\/produkt\/pedalkeszlet-01-forma-roevid\/"]}]},{"@type":"ImageObject","inLanguage":"de","@id":"https:\/\/organparts.info\/de\/produkt\/pedalkeszlet-01-forma-roevid\/#primaryimage","url":"https:\/\/organparts.info\/wp-content\/uploads\/2022\/05\/1918-scaled.jpg","contentUrl":"https:\/\/organparts.info\/wp-content\/uploads\/2022\/05\/1918-scaled.jpg","width":2560,"height":2021,"caption":"Ped\u00e1lk\u00e9szlet, 01 Forma, r\u00f6vid"},{"@type":"BreadcrumbList","@id":"https:\/\/organparts.info\/de\/produkt\/pedalkeszlet-01-forma-roevid\/#breadcrumb","itemListElement":[{"@type":"ListItem","position":1,"name":"Kezd\u0151lap","item":"https:\/\/organparts.info\/de\/startseite\/"},{"@type":"ListItem","position":2,"name":"Shop","item":"https:\/\/organparts.info\/de\/shop\/"},{"@type":"ListItem","position":3,"name":"Orgelbank-Satz Form 01, kurz"}]},{"@type":"WebSite","@id":"https:\/\/organparts.info\/en\/#website","url":"https:\/\/organparts.info\/en\/","name":"Organparts","description":"P\u00e9csi Orgona\u00e9p\u00edt\u0151 manufakt\u00fara","publisher":{"@id":"https:\/\/organparts.info\/en\/#organization"},"potentialAction":[{"@type":"SearchAction","target":{"@type":"EntryPoint","urlTemplate":"https:\/\/organparts.info\/en\/?s={search_term_string}"},"query-input":{"@type":"PropertyValueSpecification","valueRequired":true,"valueName":"search_term_string"}}],"inLanguage":"de"},{"@type":"Organization","@id":"https:\/\/organparts.info\/en\/#organization","name":"Organparts","url":"https:\/\/organparts.info\/en\/","logo":{"@type":"ImageObject","inLanguage":"de","@id":"https:\/\/organparts.info\/en\/#\/schema\/logo\/image\/","url":"https:\/\/organparts.info\/wp-content\/uploads\/2022\/05\/organparts-logo-1439380658.jpg","contentUrl":"https:\/\/organparts.info\/wp-content\/uploads\/2022\/05\/organparts-logo-1439380658.jpg","width":270,"height":92,"caption":"Organparts"},"image":{"@id":"https:\/\/organparts.info\/en\/#\/schema\/logo\/image\/"}}]}},"_links":{"self":[{"href":"https:\/\/organparts.info\/de\/wp-json\/wp\/v2\/product\/4554","targetHints":{"allow":["GET"]}}],"collection":[{"href":"https:\/\/organparts.info\/de\/wp-json\/wp\/v2\/product"}],"about":[{"href":"https:\/\/organparts.info\/de\/wp-json\/wp\/v2\/types\/product"}],"replies":[{"embeddable":true,"href":"https:\/\/organparts.info\/de\/wp-json\/wp\/v2\/comments?post=4554"}],"wp:featuredmedia":[{"embeddable":true,"href":"https:\/\/organparts.info\/de\/wp-json\/wp\/v2\/media\/4551"}],"wp:attachment":[{"href":"https:\/\/organparts.info\/de\/wp-json\/wp\/v2\/media?parent=4554"}],"wp:term":[{"taxonomy":"product_brand","embeddable":true,"href":"https:\/\/organparts.info\/de\/wp-json\/wp\/v2\/product_brand?post=4554"},{"taxonomy":"product_cat","embeddable":true,"href":"https:\/\/organparts.info\/de\/wp-json\/wp\/v2\/product_cat?post=4554"},{"taxonomy":"product_tag","embeddable":true,"href":"https:\/\/organparts.info\/de\/wp-json\/wp\/v2\/product_tag?post=4554"}],"curies":[{"name":"wp","href":"https:\/\/api.w.org\/{rel}","templated":true}]}}