{"id":4461,"date":"2018-01-05T10:21:48","date_gmt":"2018-01-05T10:21:48","guid":{"rendered":"https:\/\/organparts.camelotdesign.hu\/?product=redonytalp-rez-szegellyel-alapkivitel"},"modified":"2026-03-23T21:39:24","modified_gmt":"2026-03-23T21:39:24","slug":"redonytalp-rez-szegellyel-alapkivitel","status":"publish","type":"product","link":"https:\/\/organparts.info\/de\/produkt\/redonytalp-rez-szegellyel-alapkivitel\/","title":{"rendered":"Schwelltritt mit Messingrand f\u00fcr Schwelltritt Standardausf\u00fchrung &#8211; Auch mit Gravur erh\u00e4ltlich"},"content":{"rendered":"<p>HolzartEiche<br \/>\nTrittauflage: Riffelgummi schwarz<br \/>\nMa\u00dfe: 280 x 120 mm<br \/>\nRand: Messing<\/p>\n","protected":false},"excerpt":{"rendered":"<p>HolzartEiche Trittauflage: Riffelgummi schwarz Ma\u00dfe: 280 x 120 mm Rand: Messing<\/p>\n","protected":false},"featured_media":105458,"comment_status":"open","ping_status":"closed","template":"","meta":{"_et_pb_use_builder":"","_et_pb_old_content":"","_et_gb_content_width":""},"product_brand":[],"product_cat":[71,29],"product_tag":[],"class_list":{"0":"post-4461","1":"product","2":"type-product","3":"status-publish","4":"has-post-thumbnail","6":"product_cat-schwell","7":"product_cat-spieltisch","9":"first","10":"instock","11":"taxable","12":"shipping-taxable","13":"purchasable","14":"product-type-simple"},"exclude_global_add_ons":false,"addons":[{"name":"+Extra","type":"checkbox","position":0,"required":false,"title_format":"hide","default":"","description_enable":false,"description":"","placeholder_enable":false,"placeholder":"","display":"select","restrictions_type":"any_text","adjust_price":false,"price":"","price_type":"flat_fee","restrictions":false,"min":"0","max":"0","options":[{"label":"Mit Gravierung","price":"28.60","price_type":"flat_fee","image":0,"visibility":true}],"id":1774301958},{"name":"Lakkoz\u00e1s","type":"checkbox","position":0,"required":false,"title_format":"hide","default":"","description_enable":false,"description":"","placeholder_enable":false,"placeholder":"","display":"select","restrictions_type":"any_text","adjust_price":false,"price":"","price_type":"flat_fee","restrictions":false,"min":"0","max":"0","options":[{"label":"Lakkoz\u00e1s","price":"147.40","price_type":"flat_fee","image":0,"visibility":true}],"id":1773944818},{"name":"Cinkelt keret","type":"checkbox","position":1,"required":false,"title_format":"hide","default":"","description_enable":false,"description":"","placeholder_enable":false,"placeholder":"","display":"select","restrictions_type":"any_text","adjust_price":false,"price":"","price_type":"flat_fee","restrictions":false,"min":"0","max":"0","options":[{"label":"Cinkelt keret","price":"140.70","price_type":"flat_fee","image":0,"visibility":true}],"id":1773944872},{"name":"F\u00e9lhang felt\u00e9t","type":"multiple_choice","position":2,"required":true,"title_format":"label","default":"","description_enable":false,"description":"","placeholder_enable":false,"placeholder":"","display":"select","restrictions_type":"any_text","adjust_price":false,"price":"","price_type":"flat_fee","restrictions":false,"min":"0","max":"0","options":[{"label":"T\u00f6lgy f\u00e9lhang felt\u00e9t","price":"","price_type":"flat_fee","image":0,"visibility":true},{"label":"\u00c9ben f\u00e9lhang felt\u00e9t","price":"","price_type":"flat_fee","image":0,"visibility":true}],"id":1773944923}],"yoast_head":"<!-- This site is optimized with the Yoast SEO plugin v27.2 - https:\/\/yoast.com\/product\/yoast-seo-wordpress\/ -->\n<title>Schwelltritt mit Messingrand f\u00fcr Schwelltritt Standardausf\u00fchrung - Auch mit Gravur erh\u00e4ltlich - Organparts<\/title>\n<meta name=\"robots\" content=\"index, follow, max-snippet:-1, max-image-preview:large, max-video-preview:-1\" \/>\n<link rel=\"canonical\" href=\"https:\/\/organparts.info\/de\/produkt\/redonytalp-rez-szegellyel-alapkivitel\/\" \/>\n<meta property=\"og:locale\" content=\"de_DE\" \/>\n<meta property=\"og:type\" content=\"article\" \/>\n<meta property=\"og:title\" content=\"Schwelltritt mit Messingrand f\u00fcr Schwelltritt Standardausf\u00fchrung - Auch mit Gravur erh\u00e4ltlich - Organparts\" \/>\n<meta property=\"og:description\" content=\"HolzartEiche Trittauflage: Riffelgummi schwarz Ma\u00dfe: 280 x 120 mm Rand: Messing\" \/>\n<meta property=\"og:url\" content=\"https:\/\/organparts.info\/de\/produkt\/redonytalp-rez-szegellyel-alapkivitel\/\" \/>\n<meta property=\"og:site_name\" content=\"Organparts\" \/>\n<meta property=\"article:modified_time\" content=\"2026-03-23T21:39:24+00:00\" \/>\n<meta property=\"og:image\" content=\"https:\/\/organparts.info\/wp-content\/uploads\/2018\/01\/rez-alapgrav.jpg\" \/>\n\t<meta property=\"og:image:width\" content=\"571\" \/>\n\t<meta property=\"og:image:height\" content=\"820\" \/>\n\t<meta property=\"og:image:type\" content=\"image\/jpeg\" \/>\n<meta name=\"twitter:card\" content=\"summary_large_image\" \/>\n<meta name=\"twitter:label1\" content=\"Gesch\u00e4tzte Lesezeit\" \/>\n\t<meta name=\"twitter:data1\" content=\"1\u00a0Minute\" \/>\n<script type=\"application\/ld+json\" class=\"yoast-schema-graph\">{\"@context\":\"https:\/\/schema.org\",\"@graph\":[{\"@type\":\"WebPage\",\"@id\":\"https:\/\/organparts.info\/de\/produkt\/redonytalp-rez-szegellyel-alapkivitel\/\",\"url\":\"https:\/\/organparts.info\/de\/produkt\/redonytalp-rez-szegellyel-alapkivitel\/\",\"name\":\"Schwelltritt mit Messingrand f\u00fcr Schwelltritt Standardausf\u00fchrung - Auch mit Gravur erh\u00e4ltlich - Organparts\",\"isPartOf\":{\"@id\":\"https:\/\/organparts.info\/en\/#website\"},\"primaryImageOfPage\":{\"@id\":\"https:\/\/organparts.info\/de\/produkt\/redonytalp-rez-szegellyel-alapkivitel\/#primaryimage\"},\"image\":{\"@id\":\"https:\/\/organparts.info\/de\/produkt\/redonytalp-rez-szegellyel-alapkivitel\/#primaryimage\"},\"thumbnailUrl\":\"https:\/\/organparts.info\/wp-content\/uploads\/2018\/01\/rez-alapgrav.jpg\",\"datePublished\":\"2018-01-05T10:21:48+00:00\",\"dateModified\":\"2026-03-23T21:39:24+00:00\",\"breadcrumb\":{\"@id\":\"https:\/\/organparts.info\/de\/produkt\/redonytalp-rez-szegellyel-alapkivitel\/#breadcrumb\"},\"inLanguage\":\"de\",\"potentialAction\":[{\"@type\":\"ReadAction\",\"target\":[\"https:\/\/organparts.info\/de\/produkt\/redonytalp-rez-szegellyel-alapkivitel\/\"]}]},{\"@type\":\"ImageObject\",\"inLanguage\":\"de\",\"@id\":\"https:\/\/organparts.info\/de\/produkt\/redonytalp-rez-szegellyel-alapkivitel\/#primaryimage\",\"url\":\"https:\/\/organparts.info\/wp-content\/uploads\/2018\/01\/rez-alapgrav.jpg\",\"contentUrl\":\"https:\/\/organparts.info\/wp-content\/uploads\/2018\/01\/rez-alapgrav.jpg\",\"width\":571,\"height\":820},{\"@type\":\"BreadcrumbList\",\"@id\":\"https:\/\/organparts.info\/de\/produkt\/redonytalp-rez-szegellyel-alapkivitel\/#breadcrumb\",\"itemListElement\":[{\"@type\":\"ListItem\",\"position\":1,\"name\":\"Kezd\u0151lap\",\"item\":\"https:\/\/organparts.info\/de\/startseite\/\"},{\"@type\":\"ListItem\",\"position\":2,\"name\":\"Shop\",\"item\":\"https:\/\/organparts.info\/de\/shop\/\"},{\"@type\":\"ListItem\",\"position\":3,\"name\":\"Schwelltritt mit Messingrand f\u00fcr Schwelltritt Standardausf\u00fchrung &#8211; Auch mit Gravur erh\u00e4ltlich\"}]},{\"@type\":\"WebSite\",\"@id\":\"https:\/\/organparts.info\/en\/#website\",\"url\":\"https:\/\/organparts.info\/en\/\",\"name\":\"Organparts\",\"description\":\"P\u00e9csi Orgona\u00e9p\u00edt\u0151 manufakt\u00fara\",\"publisher\":{\"@id\":\"https:\/\/organparts.info\/en\/#organization\"},\"potentialAction\":[{\"@type\":\"SearchAction\",\"target\":{\"@type\":\"EntryPoint\",\"urlTemplate\":\"https:\/\/organparts.info\/en\/?s={search_term_string}\"},\"query-input\":{\"@type\":\"PropertyValueSpecification\",\"valueRequired\":true,\"valueName\":\"search_term_string\"}}],\"inLanguage\":\"de\"},{\"@type\":\"Organization\",\"@id\":\"https:\/\/organparts.info\/en\/#organization\",\"name\":\"Organparts\",\"url\":\"https:\/\/organparts.info\/en\/\",\"logo\":{\"@type\":\"ImageObject\",\"inLanguage\":\"de\",\"@id\":\"https:\/\/organparts.info\/en\/#\/schema\/logo\/image\/\",\"url\":\"https:\/\/organparts.info\/wp-content\/uploads\/2022\/05\/organparts-logo-1439380658.jpg\",\"contentUrl\":\"https:\/\/organparts.info\/wp-content\/uploads\/2022\/05\/organparts-logo-1439380658.jpg\",\"width\":270,\"height\":92,\"caption\":\"Organparts\"},\"image\":{\"@id\":\"https:\/\/organparts.info\/en\/#\/schema\/logo\/image\/\"}}]}<\/script>\n<!-- \/ Yoast SEO plugin. -->","yoast_head_json":{"title":"Schwelltritt mit Messingrand f\u00fcr Schwelltritt Standardausf\u00fchrung - Auch mit Gravur erh\u00e4ltlich - Organparts","robots":{"index":"index","follow":"follow","max-snippet":"max-snippet:-1","max-image-preview":"max-image-preview:large","max-video-preview":"max-video-preview:-1"},"canonical":"https:\/\/organparts.info\/de\/produkt\/redonytalp-rez-szegellyel-alapkivitel\/","og_locale":"de_DE","og_type":"article","og_title":"Schwelltritt mit Messingrand f\u00fcr Schwelltritt Standardausf\u00fchrung - Auch mit Gravur erh\u00e4ltlich - Organparts","og_description":"HolzartEiche Trittauflage: Riffelgummi schwarz Ma\u00dfe: 280 x 120 mm Rand: Messing","og_url":"https:\/\/organparts.info\/de\/produkt\/redonytalp-rez-szegellyel-alapkivitel\/","og_site_name":"Organparts","article_modified_time":"2026-03-23T21:39:24+00:00","og_image":[{"width":571,"height":820,"url":"https:\/\/organparts.info\/wp-content\/uploads\/2018\/01\/rez-alapgrav.jpg","type":"image\/jpeg"}],"twitter_card":"summary_large_image","twitter_misc":{"Gesch\u00e4tzte Lesezeit":"1\u00a0Minute"},"schema":{"@context":"https:\/\/schema.org","@graph":[{"@type":"WebPage","@id":"https:\/\/organparts.info\/de\/produkt\/redonytalp-rez-szegellyel-alapkivitel\/","url":"https:\/\/organparts.info\/de\/produkt\/redonytalp-rez-szegellyel-alapkivitel\/","name":"Schwelltritt mit Messingrand f\u00fcr Schwelltritt Standardausf\u00fchrung - Auch mit Gravur erh\u00e4ltlich - Organparts","isPartOf":{"@id":"https:\/\/organparts.info\/en\/#website"},"primaryImageOfPage":{"@id":"https:\/\/organparts.info\/de\/produkt\/redonytalp-rez-szegellyel-alapkivitel\/#primaryimage"},"image":{"@id":"https:\/\/organparts.info\/de\/produkt\/redonytalp-rez-szegellyel-alapkivitel\/#primaryimage"},"thumbnailUrl":"https:\/\/organparts.info\/wp-content\/uploads\/2018\/01\/rez-alapgrav.jpg","datePublished":"2018-01-05T10:21:48+00:00","dateModified":"2026-03-23T21:39:24+00:00","breadcrumb":{"@id":"https:\/\/organparts.info\/de\/produkt\/redonytalp-rez-szegellyel-alapkivitel\/#breadcrumb"},"inLanguage":"de","potentialAction":[{"@type":"ReadAction","target":["https:\/\/organparts.info\/de\/produkt\/redonytalp-rez-szegellyel-alapkivitel\/"]}]},{"@type":"ImageObject","inLanguage":"de","@id":"https:\/\/organparts.info\/de\/produkt\/redonytalp-rez-szegellyel-alapkivitel\/#primaryimage","url":"https:\/\/organparts.info\/wp-content\/uploads\/2018\/01\/rez-alapgrav.jpg","contentUrl":"https:\/\/organparts.info\/wp-content\/uploads\/2018\/01\/rez-alapgrav.jpg","width":571,"height":820},{"@type":"BreadcrumbList","@id":"https:\/\/organparts.info\/de\/produkt\/redonytalp-rez-szegellyel-alapkivitel\/#breadcrumb","itemListElement":[{"@type":"ListItem","position":1,"name":"Kezd\u0151lap","item":"https:\/\/organparts.info\/de\/startseite\/"},{"@type":"ListItem","position":2,"name":"Shop","item":"https:\/\/organparts.info\/de\/shop\/"},{"@type":"ListItem","position":3,"name":"Schwelltritt mit Messingrand f\u00fcr Schwelltritt Standardausf\u00fchrung &#8211; Auch mit Gravur erh\u00e4ltlich"}]},{"@type":"WebSite","@id":"https:\/\/organparts.info\/en\/#website","url":"https:\/\/organparts.info\/en\/","name":"Organparts","description":"P\u00e9csi Orgona\u00e9p\u00edt\u0151 manufakt\u00fara","publisher":{"@id":"https:\/\/organparts.info\/en\/#organization"},"potentialAction":[{"@type":"SearchAction","target":{"@type":"EntryPoint","urlTemplate":"https:\/\/organparts.info\/en\/?s={search_term_string}"},"query-input":{"@type":"PropertyValueSpecification","valueRequired":true,"valueName":"search_term_string"}}],"inLanguage":"de"},{"@type":"Organization","@id":"https:\/\/organparts.info\/en\/#organization","name":"Organparts","url":"https:\/\/organparts.info\/en\/","logo":{"@type":"ImageObject","inLanguage":"de","@id":"https:\/\/organparts.info\/en\/#\/schema\/logo\/image\/","url":"https:\/\/organparts.info\/wp-content\/uploads\/2022\/05\/organparts-logo-1439380658.jpg","contentUrl":"https:\/\/organparts.info\/wp-content\/uploads\/2022\/05\/organparts-logo-1439380658.jpg","width":270,"height":92,"caption":"Organparts"},"image":{"@id":"https:\/\/organparts.info\/en\/#\/schema\/logo\/image\/"}}]}},"_links":{"self":[{"href":"https:\/\/organparts.info\/de\/wp-json\/wp\/v2\/product\/4461","targetHints":{"allow":["GET"]}}],"collection":[{"href":"https:\/\/organparts.info\/de\/wp-json\/wp\/v2\/product"}],"about":[{"href":"https:\/\/organparts.info\/de\/wp-json\/wp\/v2\/types\/product"}],"replies":[{"embeddable":true,"href":"https:\/\/organparts.info\/de\/wp-json\/wp\/v2\/comments?post=4461"}],"wp:featuredmedia":[{"embeddable":true,"href":"https:\/\/organparts.info\/de\/wp-json\/wp\/v2\/media\/105458"}],"wp:attachment":[{"href":"https:\/\/organparts.info\/de\/wp-json\/wp\/v2\/media?parent=4461"}],"wp:term":[{"taxonomy":"product_brand","embeddable":true,"href":"https:\/\/organparts.info\/de\/wp-json\/wp\/v2\/product_brand?post=4461"},{"taxonomy":"product_cat","embeddable":true,"href":"https:\/\/organparts.info\/de\/wp-json\/wp\/v2\/product_cat?post=4461"},{"taxonomy":"product_tag","embeddable":true,"href":"https:\/\/organparts.info\/de\/wp-json\/wp\/v2\/product_tag?post=4461"}],"curies":[{"name":"wp","href":"https:\/\/api.w.org\/{rel}","templated":true}]}}