{"id":3681,"date":"2017-03-06T11:26:49","date_gmt":"2017-03-06T11:26:49","guid":{"rendered":"https:\/\/organparts.camelotdesign.hu\/?product=oentoett-gyalult-lemez-25-09mm"},"modified":"2024-11-22T09:10:55","modified_gmt":"2024-11-22T09:10:55","slug":"oentoett-gyalult-lemez-25-09mm","status":"publish","type":"product","link":"https:\/\/organparts.info\/de\/produkt\/oentoett-gyalult-lemez-25-09mm\/","title":{"rendered":"Gegossene, Gehobelte Platten 25% 0,9 mm"},"content":{"rendered":"<p>Gegossene, Gehobelte Platten 25% 0,9 mm<\/p>\n<p>L\u00e4nge: 3200 mm<\/p>\n<p>Breite: 700 mm<\/p>\n<p>St\u00e4rke: 0,9 mm<\/p>\n<p>St\u00e4rke: 0,45mm<\/p>\n<p>Plattenf\u00e4rbung: 14,5 \u20ac\/Platte<\/p>\n<p>Wir verkaufen nat\u00fcrlich weiterhin Platten, aber die Preise werden immer in einem Angebot festgelegt.<\/p>\n<p>Wir danken f\u00fcr Ihr Verst\u00e4ndnis und warten weiterhin auf Ihre Zinnplattenbestellungen.<\/p>\n","protected":false},"excerpt":{"rendered":"<p>Gegossene, Gehobelte Platten 25% 0,9 mm L\u00e4nge: 3200 mm Breite: 700 mm St\u00e4rke: 0,9 mm St\u00e4rke: 0,45mm Plattenf\u00e4rbung: 14,5 \u20ac\/Platte Wir verkaufen nat\u00fcrlich weiterhin Platten, aber die Preise werden immer in einem Angebot festgelegt. Wir danken f\u00fcr Ihr Verst\u00e4ndnis und warten weiterhin auf Ihre Zinnplattenbestellungen.<\/p>\n","protected":false},"featured_media":3672,"comment_status":"open","ping_status":"closed","template":"","meta":{"_et_pb_use_builder":"","_et_pb_old_content":"","_et_gb_content_width":""},"product_brand":[],"product_cat":[44,209],"product_tag":[],"class_list":{"0":"post-3681","1":"product","2":"type-product","3":"status-publish","4":"has-post-thumbnail","6":"product_cat-flue-wood-reedpipes","7":"product_cat-metallpfeifen","9":"first","10":"instock","11":"taxable","12":"shipping-taxable","13":"purchasable","14":"product-type-simple"},"exclude_global_add_ons":[],"addons":[],"yoast_head":"<!-- This site is optimized with the Yoast SEO plugin v27.2 - https:\/\/yoast.com\/product\/yoast-seo-wordpress\/ -->\n<title>Gegossene, Gehobelte Platten 25% 0,9 mm - Organparts<\/title>\n<meta name=\"robots\" content=\"index, follow, max-snippet:-1, max-image-preview:large, max-video-preview:-1\" \/>\n<link rel=\"canonical\" href=\"https:\/\/organparts.info\/de\/produkt\/oentoett-gyalult-lemez-25-09mm\/\" \/>\n<meta property=\"og:locale\" content=\"de_DE\" \/>\n<meta property=\"og:type\" content=\"article\" \/>\n<meta property=\"og:title\" content=\"Gegossene, Gehobelte Platten 25% 0,9 mm - Organparts\" \/>\n<meta property=\"og:description\" content=\"Gegossene, Gehobelte Platten 25% 0,9 mm L\u00e4nge: 3200 mm Breite: 700 mm St\u00e4rke: 0,9 mm St\u00e4rke: 0,45mm Plattenf\u00e4rbung: 14,5 \u20ac\/Platte Wir verkaufen nat\u00fcrlich weiterhin Platten, aber die Preise werden immer in einem Angebot festgelegt. Wir danken f\u00fcr Ihr Verst\u00e4ndnis und warten weiterhin auf Ihre Zinnplattenbestellungen.\" \/>\n<meta property=\"og:url\" content=\"https:\/\/organparts.info\/de\/produkt\/oentoett-gyalult-lemez-25-09mm\/\" \/>\n<meta property=\"og:site_name\" content=\"Organparts\" \/>\n<meta property=\"article:modified_time\" content=\"2024-11-22T09:10:55+00:00\" \/>\n<meta property=\"og:image\" content=\"https:\/\/organparts.info\/wp-content\/uploads\/2022\/05\/2046.jpg\" \/>\n\t<meta property=\"og:image:width\" content=\"1200\" \/>\n\t<meta property=\"og:image:height\" content=\"900\" \/>\n\t<meta property=\"og:image:type\" content=\"image\/jpeg\" \/>\n<meta name=\"twitter:card\" content=\"summary_large_image\" \/>\n<meta name=\"twitter:label1\" content=\"Gesch\u00e4tzte Lesezeit\" \/>\n\t<meta name=\"twitter:data1\" content=\"1\u00a0Minute\" \/>\n<script type=\"application\/ld+json\" class=\"yoast-schema-graph\">{\"@context\":\"https:\/\/schema.org\",\"@graph\":[{\"@type\":\"WebPage\",\"@id\":\"https:\/\/organparts.info\/de\/produkt\/oentoett-gyalult-lemez-25-09mm\/\",\"url\":\"https:\/\/organparts.info\/de\/produkt\/oentoett-gyalult-lemez-25-09mm\/\",\"name\":\"Gegossene, Gehobelte Platten 25% 0,9 mm - Organparts\",\"isPartOf\":{\"@id\":\"https:\/\/organparts.info\/en\/#website\"},\"primaryImageOfPage\":{\"@id\":\"https:\/\/organparts.info\/de\/produkt\/oentoett-gyalult-lemez-25-09mm\/#primaryimage\"},\"image\":{\"@id\":\"https:\/\/organparts.info\/de\/produkt\/oentoett-gyalult-lemez-25-09mm\/#primaryimage\"},\"thumbnailUrl\":\"https:\/\/organparts.info\/wp-content\/uploads\/2022\/05\/2046.jpg\",\"datePublished\":\"2017-03-06T11:26:49+00:00\",\"dateModified\":\"2024-11-22T09:10:55+00:00\",\"breadcrumb\":{\"@id\":\"https:\/\/organparts.info\/de\/produkt\/oentoett-gyalult-lemez-25-09mm\/#breadcrumb\"},\"inLanguage\":\"de\",\"potentialAction\":[{\"@type\":\"ReadAction\",\"target\":[\"https:\/\/organparts.info\/de\/produkt\/oentoett-gyalult-lemez-25-09mm\/\"]}]},{\"@type\":\"ImageObject\",\"inLanguage\":\"de\",\"@id\":\"https:\/\/organparts.info\/de\/produkt\/oentoett-gyalult-lemez-25-09mm\/#primaryimage\",\"url\":\"https:\/\/organparts.info\/wp-content\/uploads\/2022\/05\/2046.jpg\",\"contentUrl\":\"https:\/\/organparts.info\/wp-content\/uploads\/2022\/05\/2046.jpg\",\"width\":1200,\"height\":900,\"caption\":\"\u00d6nt\u00f6tt, Gyalult lemez 25% 0,9mm\"},{\"@type\":\"BreadcrumbList\",\"@id\":\"https:\/\/organparts.info\/de\/produkt\/oentoett-gyalult-lemez-25-09mm\/#breadcrumb\",\"itemListElement\":[{\"@type\":\"ListItem\",\"position\":1,\"name\":\"Kezd\u0151lap\",\"item\":\"https:\/\/organparts.info\/de\/startseite\/\"},{\"@type\":\"ListItem\",\"position\":2,\"name\":\"Shop\",\"item\":\"https:\/\/organparts.info\/de\/shop\/\"},{\"@type\":\"ListItem\",\"position\":3,\"name\":\"Gegossene, Gehobelte Platten 25% 0,9 mm\"}]},{\"@type\":\"WebSite\",\"@id\":\"https:\/\/organparts.info\/en\/#website\",\"url\":\"https:\/\/organparts.info\/en\/\",\"name\":\"Organparts\",\"description\":\"P\u00e9csi Orgona\u00e9p\u00edt\u0151 manufakt\u00fara\",\"publisher\":{\"@id\":\"https:\/\/organparts.info\/en\/#organization\"},\"potentialAction\":[{\"@type\":\"SearchAction\",\"target\":{\"@type\":\"EntryPoint\",\"urlTemplate\":\"https:\/\/organparts.info\/en\/?s={search_term_string}\"},\"query-input\":{\"@type\":\"PropertyValueSpecification\",\"valueRequired\":true,\"valueName\":\"search_term_string\"}}],\"inLanguage\":\"de\"},{\"@type\":\"Organization\",\"@id\":\"https:\/\/organparts.info\/en\/#organization\",\"name\":\"Organparts\",\"url\":\"https:\/\/organparts.info\/en\/\",\"logo\":{\"@type\":\"ImageObject\",\"inLanguage\":\"de\",\"@id\":\"https:\/\/organparts.info\/en\/#\/schema\/logo\/image\/\",\"url\":\"https:\/\/organparts.info\/wp-content\/uploads\/2022\/05\/organparts-logo-1439380658.jpg\",\"contentUrl\":\"https:\/\/organparts.info\/wp-content\/uploads\/2022\/05\/organparts-logo-1439380658.jpg\",\"width\":270,\"height\":92,\"caption\":\"Organparts\"},\"image\":{\"@id\":\"https:\/\/organparts.info\/en\/#\/schema\/logo\/image\/\"}}]}<\/script>\n<!-- \/ Yoast SEO plugin. -->","yoast_head_json":{"title":"Gegossene, Gehobelte Platten 25% 0,9 mm - Organparts","robots":{"index":"index","follow":"follow","max-snippet":"max-snippet:-1","max-image-preview":"max-image-preview:large","max-video-preview":"max-video-preview:-1"},"canonical":"https:\/\/organparts.info\/de\/produkt\/oentoett-gyalult-lemez-25-09mm\/","og_locale":"de_DE","og_type":"article","og_title":"Gegossene, Gehobelte Platten 25% 0,9 mm - Organparts","og_description":"Gegossene, Gehobelte Platten 25% 0,9 mm L\u00e4nge: 3200 mm Breite: 700 mm St\u00e4rke: 0,9 mm St\u00e4rke: 0,45mm Plattenf\u00e4rbung: 14,5 \u20ac\/Platte Wir verkaufen nat\u00fcrlich weiterhin Platten, aber die Preise werden immer in einem Angebot festgelegt. Wir danken f\u00fcr Ihr Verst\u00e4ndnis und warten weiterhin auf Ihre Zinnplattenbestellungen.","og_url":"https:\/\/organparts.info\/de\/produkt\/oentoett-gyalult-lemez-25-09mm\/","og_site_name":"Organparts","article_modified_time":"2024-11-22T09:10:55+00:00","og_image":[{"width":1200,"height":900,"url":"https:\/\/organparts.info\/wp-content\/uploads\/2022\/05\/2046.jpg","type":"image\/jpeg"}],"twitter_card":"summary_large_image","twitter_misc":{"Gesch\u00e4tzte Lesezeit":"1\u00a0Minute"},"schema":{"@context":"https:\/\/schema.org","@graph":[{"@type":"WebPage","@id":"https:\/\/organparts.info\/de\/produkt\/oentoett-gyalult-lemez-25-09mm\/","url":"https:\/\/organparts.info\/de\/produkt\/oentoett-gyalult-lemez-25-09mm\/","name":"Gegossene, Gehobelte Platten 25% 0,9 mm - Organparts","isPartOf":{"@id":"https:\/\/organparts.info\/en\/#website"},"primaryImageOfPage":{"@id":"https:\/\/organparts.info\/de\/produkt\/oentoett-gyalult-lemez-25-09mm\/#primaryimage"},"image":{"@id":"https:\/\/organparts.info\/de\/produkt\/oentoett-gyalult-lemez-25-09mm\/#primaryimage"},"thumbnailUrl":"https:\/\/organparts.info\/wp-content\/uploads\/2022\/05\/2046.jpg","datePublished":"2017-03-06T11:26:49+00:00","dateModified":"2024-11-22T09:10:55+00:00","breadcrumb":{"@id":"https:\/\/organparts.info\/de\/produkt\/oentoett-gyalult-lemez-25-09mm\/#breadcrumb"},"inLanguage":"de","potentialAction":[{"@type":"ReadAction","target":["https:\/\/organparts.info\/de\/produkt\/oentoett-gyalult-lemez-25-09mm\/"]}]},{"@type":"ImageObject","inLanguage":"de","@id":"https:\/\/organparts.info\/de\/produkt\/oentoett-gyalult-lemez-25-09mm\/#primaryimage","url":"https:\/\/organparts.info\/wp-content\/uploads\/2022\/05\/2046.jpg","contentUrl":"https:\/\/organparts.info\/wp-content\/uploads\/2022\/05\/2046.jpg","width":1200,"height":900,"caption":"\u00d6nt\u00f6tt, Gyalult lemez 25% 0,9mm"},{"@type":"BreadcrumbList","@id":"https:\/\/organparts.info\/de\/produkt\/oentoett-gyalult-lemez-25-09mm\/#breadcrumb","itemListElement":[{"@type":"ListItem","position":1,"name":"Kezd\u0151lap","item":"https:\/\/organparts.info\/de\/startseite\/"},{"@type":"ListItem","position":2,"name":"Shop","item":"https:\/\/organparts.info\/de\/shop\/"},{"@type":"ListItem","position":3,"name":"Gegossene, Gehobelte Platten 25% 0,9 mm"}]},{"@type":"WebSite","@id":"https:\/\/organparts.info\/en\/#website","url":"https:\/\/organparts.info\/en\/","name":"Organparts","description":"P\u00e9csi Orgona\u00e9p\u00edt\u0151 manufakt\u00fara","publisher":{"@id":"https:\/\/organparts.info\/en\/#organization"},"potentialAction":[{"@type":"SearchAction","target":{"@type":"EntryPoint","urlTemplate":"https:\/\/organparts.info\/en\/?s={search_term_string}"},"query-input":{"@type":"PropertyValueSpecification","valueRequired":true,"valueName":"search_term_string"}}],"inLanguage":"de"},{"@type":"Organization","@id":"https:\/\/organparts.info\/en\/#organization","name":"Organparts","url":"https:\/\/organparts.info\/en\/","logo":{"@type":"ImageObject","inLanguage":"de","@id":"https:\/\/organparts.info\/en\/#\/schema\/logo\/image\/","url":"https:\/\/organparts.info\/wp-content\/uploads\/2022\/05\/organparts-logo-1439380658.jpg","contentUrl":"https:\/\/organparts.info\/wp-content\/uploads\/2022\/05\/organparts-logo-1439380658.jpg","width":270,"height":92,"caption":"Organparts"},"image":{"@id":"https:\/\/organparts.info\/en\/#\/schema\/logo\/image\/"}}]}},"_links":{"self":[{"href":"https:\/\/organparts.info\/de\/wp-json\/wp\/v2\/product\/3681","targetHints":{"allow":["GET"]}}],"collection":[{"href":"https:\/\/organparts.info\/de\/wp-json\/wp\/v2\/product"}],"about":[{"href":"https:\/\/organparts.info\/de\/wp-json\/wp\/v2\/types\/product"}],"replies":[{"embeddable":true,"href":"https:\/\/organparts.info\/de\/wp-json\/wp\/v2\/comments?post=3681"}],"wp:featuredmedia":[{"embeddable":true,"href":"https:\/\/organparts.info\/de\/wp-json\/wp\/v2\/media\/3672"}],"wp:attachment":[{"href":"https:\/\/organparts.info\/de\/wp-json\/wp\/v2\/media?parent=3681"}],"wp:term":[{"taxonomy":"product_brand","embeddable":true,"href":"https:\/\/organparts.info\/de\/wp-json\/wp\/v2\/product_brand?post=3681"},{"taxonomy":"product_cat","embeddable":true,"href":"https:\/\/organparts.info\/de\/wp-json\/wp\/v2\/product_cat?post=3681"},{"taxonomy":"product_tag","embeddable":true,"href":"https:\/\/organparts.info\/de\/wp-json\/wp\/v2\/product_tag?post=3681"}],"curies":[{"name":"wp","href":"https:\/\/api.w.org\/{rel}","templated":true}]}}