{"id":3057,"date":"2016-11-11T11:02:12","date_gmt":"2016-11-11T11:02:12","guid":{"rendered":"https:\/\/organparts.camelotdesign.hu\/?product=koezponti-midi-elektronika"},"modified":"2022-03-25T17:02:00","modified_gmt":"2022-03-25T17:02:00","slug":"koezponti-midi-elektronika","status":"publish","type":"product","link":"https:\/\/organparts.info\/de\/produkt\/koezponti-midi-elektronika\/","title":{"rendered":"MIDI-Steuerelektronik"},"content":{"rendered":"<p>Es kann die Signale des optoelektronischen Kontaktsystems der Pedalklaviatur 01 010 03 und die der Manualklaviatur empfangen. Eine Anschlusszeichnung wird beigelegt.<\/p>\n<p>Die Speisespannung der Zentralelektronik betr\u00e4gt 9-24V. Die Elektronik kann h\u00f6chstens die Signale von 6 Manualen empfangen und verarbeiten, sowie die Signale der anschlagempfindlichen Manuale. Die Elektronik kann insgesamt 32 Schalter (reed, Hall, mechanische Kontakte) empfangen, sowie 32 Leds als R\u00fcckmeldung betreiben. Diese Zahlen sind in dem Fall g\u00fcltig, wenn an die Elektronik 6 Manuale angeschlossen sind. Mit dem Weglassen eines Manuals k\u00f6nnen weitere 80 Schalter oder Leds in beliebiger Kombination angeschlossen werden. Auf dem Display ist der momentane Zustand zu verfolgen. Die Elektronik beinhaltet MIDI in\/out und THRU-Ausg\u00e4nge. Der Ausgang der Pedalbeleuchtung ist 12V, 2A.\u00a0<\/p>\n","protected":false},"excerpt":{"rendered":"<p>Es kann die Signale des optoelektronischen Kontaktsystems der Pedalklaviatur 01 010 03 und die der Manualklaviatur empfangen. Eine Anschlusszeichnung wird beigelegt. Die Speisespannung der Zentralelektronik betr\u00e4gt 9-24V. Die Elektronik kann h\u00f6chstens die Signale von 6 Manualen empfangen und verarbeiten, sowie die Signale der anschlagempfindlichen Manuale. Die Elektronik kann insgesamt 32 Schalter (reed, Hall, mechanische Kontakte) [&hellip;]<\/p>\n","protected":false},"featured_media":3054,"comment_status":"open","ping_status":"closed","template":"","meta":{"_et_pb_use_builder":"","_et_pb_old_content":"","_et_gb_content_width":""},"product_brand":[],"product_cat":[56,29],"product_tag":[],"class_list":{"0":"post-3057","1":"product","2":"type-product","3":"status-publish","4":"has-post-thumbnail","6":"product_cat-manualklaviatur","7":"product_cat-spieltisch","9":"first","10":"instock","11":"taxable","12":"shipping-taxable","13":"purchasable","14":"product-type-simple"},"exclude_global_add_ons":[],"addons":[],"yoast_head":"<!-- This site is optimized with the Yoast SEO plugin v27.4 - https:\/\/yoast.com\/product\/yoast-seo-wordpress\/ -->\n<title>MIDI-Steuerelektronik - Organparts<\/title>\n<meta name=\"robots\" content=\"index, follow, max-snippet:-1, max-image-preview:large, max-video-preview:-1\" \/>\n<link rel=\"canonical\" href=\"https:\/\/organparts.info\/de\/produkt\/koezponti-midi-elektronika\/\" \/>\n<meta property=\"og:locale\" content=\"de_DE\" \/>\n<meta property=\"og:type\" content=\"article\" \/>\n<meta property=\"og:title\" content=\"MIDI-Steuerelektronik - Organparts\" \/>\n<meta property=\"og:description\" content=\"Es kann die Signale des optoelektronischen Kontaktsystems der Pedalklaviatur 01 010 03 und die der Manualklaviatur empfangen. Eine Anschlusszeichnung wird beigelegt. Die Speisespannung der Zentralelektronik betr\u00e4gt 9-24V. Die Elektronik kann h\u00f6chstens die Signale von 6 Manualen empfangen und verarbeiten, sowie die Signale der anschlagempfindlichen Manuale. Die Elektronik kann insgesamt 32 Schalter (reed, Hall, mechanische Kontakte) [&hellip;]\" \/>\n<meta property=\"og:url\" content=\"https:\/\/organparts.info\/de\/produkt\/koezponti-midi-elektronika\/\" \/>\n<meta property=\"og:site_name\" content=\"Organparts\" \/>\n<meta property=\"article:modified_time\" content=\"2022-03-25T17:02:00+00:00\" \/>\n<meta property=\"og:image\" content=\"https:\/\/organparts.info\/wp-content\/uploads\/2022\/05\/1612-scaled.jpg\" \/>\n\t<meta property=\"og:image:width\" content=\"2560\" \/>\n\t<meta property=\"og:image:height\" content=\"1674\" \/>\n\t<meta property=\"og:image:type\" content=\"image\/jpeg\" \/>\n<meta name=\"twitter:card\" content=\"summary_large_image\" \/>\n<meta name=\"twitter:label1\" content=\"Gesch\u00e4tzte Lesezeit\" \/>\n\t<meta name=\"twitter:data1\" content=\"1\u00a0Minute\" \/>\n<script type=\"application\/ld+json\" class=\"yoast-schema-graph\">{\"@context\":\"https:\\\/\\\/schema.org\",\"@graph\":[{\"@type\":\"WebPage\",\"@id\":\"https:\\\/\\\/organparts.info\\\/de\\\/produkt\\\/koezponti-midi-elektronika\\\/\",\"url\":\"https:\\\/\\\/organparts.info\\\/de\\\/produkt\\\/koezponti-midi-elektronika\\\/\",\"name\":\"MIDI-Steuerelektronik - Organparts\",\"isPartOf\":{\"@id\":\"https:\\\/\\\/organparts.info\\\/en\\\/#website\"},\"primaryImageOfPage\":{\"@id\":\"https:\\\/\\\/organparts.info\\\/de\\\/produkt\\\/koezponti-midi-elektronika\\\/#primaryimage\"},\"image\":{\"@id\":\"https:\\\/\\\/organparts.info\\\/de\\\/produkt\\\/koezponti-midi-elektronika\\\/#primaryimage\"},\"thumbnailUrl\":\"https:\\\/\\\/organparts.info\\\/wp-content\\\/uploads\\\/2022\\\/05\\\/1612-scaled.jpg\",\"datePublished\":\"2016-11-11T11:02:12+00:00\",\"dateModified\":\"2022-03-25T17:02:00+00:00\",\"breadcrumb\":{\"@id\":\"https:\\\/\\\/organparts.info\\\/de\\\/produkt\\\/koezponti-midi-elektronika\\\/#breadcrumb\"},\"inLanguage\":\"de\",\"potentialAction\":[{\"@type\":\"ReadAction\",\"target\":[\"https:\\\/\\\/organparts.info\\\/de\\\/produkt\\\/koezponti-midi-elektronika\\\/\"]}]},{\"@type\":\"ImageObject\",\"inLanguage\":\"de\",\"@id\":\"https:\\\/\\\/organparts.info\\\/de\\\/produkt\\\/koezponti-midi-elektronika\\\/#primaryimage\",\"url\":\"https:\\\/\\\/organparts.info\\\/wp-content\\\/uploads\\\/2022\\\/05\\\/1612-scaled.jpg\",\"contentUrl\":\"https:\\\/\\\/organparts.info\\\/wp-content\\\/uploads\\\/2022\\\/05\\\/1612-scaled.jpg\",\"width\":2560,\"height\":1674,\"caption\":\"K\u00f6zponti MIDI elektronika\"},{\"@type\":\"BreadcrumbList\",\"@id\":\"https:\\\/\\\/organparts.info\\\/de\\\/produkt\\\/koezponti-midi-elektronika\\\/#breadcrumb\",\"itemListElement\":[{\"@type\":\"ListItem\",\"position\":1,\"name\":\"Kezd\u0151lap\",\"item\":\"https:\\\/\\\/organparts.info\\\/de\\\/startseite\\\/\"},{\"@type\":\"ListItem\",\"position\":2,\"name\":\"Shop\",\"item\":\"https:\\\/\\\/organparts.info\\\/de\\\/shop\\\/\"},{\"@type\":\"ListItem\",\"position\":3,\"name\":\"MIDI-Steuerelektronik\"}]},{\"@type\":\"WebSite\",\"@id\":\"https:\\\/\\\/organparts.info\\\/en\\\/#website\",\"url\":\"https:\\\/\\\/organparts.info\\\/en\\\/\",\"name\":\"Organparts\",\"description\":\"P\u00e9csi Orgona\u00e9p\u00edt\u0151 manufakt\u00fara\",\"publisher\":{\"@id\":\"https:\\\/\\\/organparts.info\\\/en\\\/#organization\"},\"potentialAction\":[{\"@type\":\"SearchAction\",\"target\":{\"@type\":\"EntryPoint\",\"urlTemplate\":\"https:\\\/\\\/organparts.info\\\/en\\\/?s={search_term_string}\"},\"query-input\":{\"@type\":\"PropertyValueSpecification\",\"valueRequired\":true,\"valueName\":\"search_term_string\"}}],\"inLanguage\":\"de\"},{\"@type\":\"Organization\",\"@id\":\"https:\\\/\\\/organparts.info\\\/en\\\/#organization\",\"name\":\"Organparts\",\"url\":\"https:\\\/\\\/organparts.info\\\/en\\\/\",\"logo\":{\"@type\":\"ImageObject\",\"inLanguage\":\"de\",\"@id\":\"https:\\\/\\\/organparts.info\\\/en\\\/#\\\/schema\\\/logo\\\/image\\\/\",\"url\":\"https:\\\/\\\/organparts.info\\\/wp-content\\\/uploads\\\/2022\\\/05\\\/organparts-logo-1439380658.jpg\",\"contentUrl\":\"https:\\\/\\\/organparts.info\\\/wp-content\\\/uploads\\\/2022\\\/05\\\/organparts-logo-1439380658.jpg\",\"width\":270,\"height\":92,\"caption\":\"Organparts\"},\"image\":{\"@id\":\"https:\\\/\\\/organparts.info\\\/en\\\/#\\\/schema\\\/logo\\\/image\\\/\"}}]}<\/script>\n<!-- \/ Yoast SEO plugin. -->","yoast_head_json":{"title":"MIDI-Steuerelektronik - Organparts","robots":{"index":"index","follow":"follow","max-snippet":"max-snippet:-1","max-image-preview":"max-image-preview:large","max-video-preview":"max-video-preview:-1"},"canonical":"https:\/\/organparts.info\/de\/produkt\/koezponti-midi-elektronika\/","og_locale":"de_DE","og_type":"article","og_title":"MIDI-Steuerelektronik - Organparts","og_description":"Es kann die Signale des optoelektronischen Kontaktsystems der Pedalklaviatur 01 010 03 und die der Manualklaviatur empfangen. Eine Anschlusszeichnung wird beigelegt. Die Speisespannung der Zentralelektronik betr\u00e4gt 9-24V. Die Elektronik kann h\u00f6chstens die Signale von 6 Manualen empfangen und verarbeiten, sowie die Signale der anschlagempfindlichen Manuale. Die Elektronik kann insgesamt 32 Schalter (reed, Hall, mechanische Kontakte) [&hellip;]","og_url":"https:\/\/organparts.info\/de\/produkt\/koezponti-midi-elektronika\/","og_site_name":"Organparts","article_modified_time":"2022-03-25T17:02:00+00:00","og_image":[{"width":2560,"height":1674,"url":"https:\/\/organparts.info\/wp-content\/uploads\/2022\/05\/1612-scaled.jpg","type":"image\/jpeg"}],"twitter_card":"summary_large_image","twitter_misc":{"Gesch\u00e4tzte Lesezeit":"1\u00a0Minute"},"schema":{"@context":"https:\/\/schema.org","@graph":[{"@type":"WebPage","@id":"https:\/\/organparts.info\/de\/produkt\/koezponti-midi-elektronika\/","url":"https:\/\/organparts.info\/de\/produkt\/koezponti-midi-elektronika\/","name":"MIDI-Steuerelektronik - Organparts","isPartOf":{"@id":"https:\/\/organparts.info\/en\/#website"},"primaryImageOfPage":{"@id":"https:\/\/organparts.info\/de\/produkt\/koezponti-midi-elektronika\/#primaryimage"},"image":{"@id":"https:\/\/organparts.info\/de\/produkt\/koezponti-midi-elektronika\/#primaryimage"},"thumbnailUrl":"https:\/\/organparts.info\/wp-content\/uploads\/2022\/05\/1612-scaled.jpg","datePublished":"2016-11-11T11:02:12+00:00","dateModified":"2022-03-25T17:02:00+00:00","breadcrumb":{"@id":"https:\/\/organparts.info\/de\/produkt\/koezponti-midi-elektronika\/#breadcrumb"},"inLanguage":"de","potentialAction":[{"@type":"ReadAction","target":["https:\/\/organparts.info\/de\/produkt\/koezponti-midi-elektronika\/"]}]},{"@type":"ImageObject","inLanguage":"de","@id":"https:\/\/organparts.info\/de\/produkt\/koezponti-midi-elektronika\/#primaryimage","url":"https:\/\/organparts.info\/wp-content\/uploads\/2022\/05\/1612-scaled.jpg","contentUrl":"https:\/\/organparts.info\/wp-content\/uploads\/2022\/05\/1612-scaled.jpg","width":2560,"height":1674,"caption":"K\u00f6zponti MIDI elektronika"},{"@type":"BreadcrumbList","@id":"https:\/\/organparts.info\/de\/produkt\/koezponti-midi-elektronika\/#breadcrumb","itemListElement":[{"@type":"ListItem","position":1,"name":"Kezd\u0151lap","item":"https:\/\/organparts.info\/de\/startseite\/"},{"@type":"ListItem","position":2,"name":"Shop","item":"https:\/\/organparts.info\/de\/shop\/"},{"@type":"ListItem","position":3,"name":"MIDI-Steuerelektronik"}]},{"@type":"WebSite","@id":"https:\/\/organparts.info\/en\/#website","url":"https:\/\/organparts.info\/en\/","name":"Organparts","description":"P\u00e9csi Orgona\u00e9p\u00edt\u0151 manufakt\u00fara","publisher":{"@id":"https:\/\/organparts.info\/en\/#organization"},"potentialAction":[{"@type":"SearchAction","target":{"@type":"EntryPoint","urlTemplate":"https:\/\/organparts.info\/en\/?s={search_term_string}"},"query-input":{"@type":"PropertyValueSpecification","valueRequired":true,"valueName":"search_term_string"}}],"inLanguage":"de"},{"@type":"Organization","@id":"https:\/\/organparts.info\/en\/#organization","name":"Organparts","url":"https:\/\/organparts.info\/en\/","logo":{"@type":"ImageObject","inLanguage":"de","@id":"https:\/\/organparts.info\/en\/#\/schema\/logo\/image\/","url":"https:\/\/organparts.info\/wp-content\/uploads\/2022\/05\/organparts-logo-1439380658.jpg","contentUrl":"https:\/\/organparts.info\/wp-content\/uploads\/2022\/05\/organparts-logo-1439380658.jpg","width":270,"height":92,"caption":"Organparts"},"image":{"@id":"https:\/\/organparts.info\/en\/#\/schema\/logo\/image\/"}}]}},"_links":{"self":[{"href":"https:\/\/organparts.info\/de\/wp-json\/wp\/v2\/product\/3057","targetHints":{"allow":["GET"]}}],"collection":[{"href":"https:\/\/organparts.info\/de\/wp-json\/wp\/v2\/product"}],"about":[{"href":"https:\/\/organparts.info\/de\/wp-json\/wp\/v2\/types\/product"}],"replies":[{"embeddable":true,"href":"https:\/\/organparts.info\/de\/wp-json\/wp\/v2\/comments?post=3057"}],"wp:featuredmedia":[{"embeddable":true,"href":"https:\/\/organparts.info\/de\/wp-json\/wp\/v2\/media\/3054"}],"wp:attachment":[{"href":"https:\/\/organparts.info\/de\/wp-json\/wp\/v2\/media?parent=3057"}],"wp:term":[{"taxonomy":"product_brand","embeddable":true,"href":"https:\/\/organparts.info\/de\/wp-json\/wp\/v2\/product_brand?post=3057"},{"taxonomy":"product_cat","embeddable":true,"href":"https:\/\/organparts.info\/de\/wp-json\/wp\/v2\/product_cat?post=3057"},{"taxonomy":"product_tag","embeddable":true,"href":"https:\/\/organparts.info\/de\/wp-json\/wp\/v2\/product_tag?post=3057"}],"curies":[{"name":"wp","href":"https:\/\/api.w.org\/{rel}","templated":true}]}}