{"id":3051,"date":"2016-11-11T10:35:20","date_gmt":"2016-11-11T10:35:20","guid":{"rendered":"https:\/\/organparts.camelotdesign.hu\/?product=manualklaviatura-professional"},"modified":"2022-03-25T17:01:25","modified_gmt":"2022-03-25T17:01:25","slug":"manualklaviatura-professional","status":"publish","type":"product","link":"https:\/\/organparts.info\/de\/produkt\/manualklaviatura-professional\/","title":{"rendered":"Manualklaviatur &#8222;Professional&#8220;"},"content":{"rendered":"<p>Die Manualklaviaturen PROFESSIONAL wurden von dem Konzertorganisten Dr. Wolfram Syr\u00e9 f\u00fcr den Einbau in Orgelspieltische mit nichtmechanischer Tontraktur oder mit MIDI-Funktion entwickelt.<\/p>\n<p>\u00a0<\/p>\n<p>Die Ausf\u00fchrung der Klaviaturen entspricht in allen Details dem Qualit\u00e4tsstandard eines Orgelbaubetriebes. Tastenformen und Holzarten f\u00fcr die Tastenbel\u00e4ge k\u00f6nnen nach Kundenw\u00fcnschen gestaltet werden (bei besonders aufwendig zu fertigenden Tastenformen oder bei der Verwendung besonders teurer H\u00f6lzer sind Aufpreise m\u00f6glich). Au\u00dferdem sind Parameter wie Tastentiefgang und Leerlauf variabel.<\/p>\n<p>\u00a0<\/p>\n<p>PROFESSIONAL vermittelt dem Organisten genau und vollkommen realistisch das Touch\u00e9 und den Druckpunkt einer mechanischen Tontraktur und bietet so einen Spielkomfort, der h\u00f6chsten Anspr\u00fcchen gerecht wird. PROFESSIONAL ist eine zweiarmige Klaviatur, die im Gegensatz zu allen Konkurrenzprodukten ohne jegliche Zug- und R\u00fcckstellfedern, gegens\u00e4tzlich gepolte Magnete oder Gummiballons auskommt.<\/p>\n<p>\u00a0<\/p>\n<p>Die Bewegung jeder als zweiarmiger Hebel konstruierten Taste beruht stattdessen durch den Abzug von einem Magneten und durch ein R\u00fcckfallgewicht ausschlie\u00dflich auf dem freien Spiel mechanischer Kr\u00e4fte. Das aufzuwendende Spielgewicht kann innerhalb der Grenzwerte 80 Gramm bis 150 Gramm vollst\u00e4ndig nach Kundenw\u00fcnschen justiert werden. So ist es z. B. m\u00f6glich, ein Manual schwer- bzw. leichtg\u00e4ngiger als ein benachbartes Manual zu machen, oder das Abzugsgewicht vom tiefsten bis zum h\u00f6chsten Ton einer Klaviatur entsprechend den abnehmenden Ventilgr\u00f6\u00dfen in der Windlade stufenlos leichter werdend einzustellen.<\/p>\n<p>W\u00e4hrend des Gebrauchs kann eine Nachjustierung erforderlich sein.<\/p>\n","protected":false},"excerpt":{"rendered":"<p>Die Manualklaviaturen PROFESSIONAL wurden von dem Konzertorganisten Dr. Wolfram Syr\u00e9 f\u00fcr den Einbau in Orgelspieltische mit nichtmechanischer Tontraktur oder mit MIDI-Funktion entwickelt. \u00a0 Die Ausf\u00fchrung der Klaviaturen entspricht in allen Details dem Qualit\u00e4tsstandard eines Orgelbaubetriebes. Tastenformen und Holzarten f\u00fcr die Tastenbel\u00e4ge k\u00f6nnen nach Kundenw\u00fcnschen gestaltet werden (bei besonders aufwendig zu fertigenden Tastenformen oder bei der [&hellip;]<\/p>\n","protected":false},"featured_media":3048,"comment_status":"open","ping_status":"closed","template":"","meta":{"_et_pb_use_builder":"","_et_pb_old_content":"","_et_gb_content_width":""},"product_brand":[],"product_cat":[56,29],"product_tag":[],"class_list":{"0":"post-3051","1":"product","2":"type-product","3":"status-publish","4":"has-post-thumbnail","6":"product_cat-manualklaviatur","7":"product_cat-spieltisch","9":"first","10":"instock","11":"taxable","12":"shipping-taxable","13":"purchasable","14":"product-type-simple"},"exclude_global_add_ons":[],"addons":[],"yoast_head":"<!-- This site is optimized with the Yoast SEO plugin v27.3 - https:\/\/yoast.com\/product\/yoast-seo-wordpress\/ -->\n<title>Manualklaviatur &quot;Professional&quot; - Organparts<\/title>\n<meta name=\"robots\" content=\"index, follow, max-snippet:-1, max-image-preview:large, max-video-preview:-1\" \/>\n<link rel=\"canonical\" href=\"https:\/\/organparts.info\/de\/produkt\/manualklaviatura-professional\/\" \/>\n<meta property=\"og:locale\" content=\"de_DE\" \/>\n<meta property=\"og:type\" content=\"article\" \/>\n<meta property=\"og:title\" content=\"Manualklaviatur &quot;Professional&quot; - Organparts\" \/>\n<meta property=\"og:description\" content=\"Die Manualklaviaturen PROFESSIONAL wurden von dem Konzertorganisten Dr. Wolfram Syr\u00e9 f\u00fcr den Einbau in Orgelspieltische mit nichtmechanischer Tontraktur oder mit MIDI-Funktion entwickelt. \u00a0 Die Ausf\u00fchrung der Klaviaturen entspricht in allen Details dem Qualit\u00e4tsstandard eines Orgelbaubetriebes. Tastenformen und Holzarten f\u00fcr die Tastenbel\u00e4ge k\u00f6nnen nach Kundenw\u00fcnschen gestaltet werden (bei besonders aufwendig zu fertigenden Tastenformen oder bei der [&hellip;]\" \/>\n<meta property=\"og:url\" content=\"https:\/\/organparts.info\/de\/produkt\/manualklaviatura-professional\/\" \/>\n<meta property=\"og:site_name\" content=\"Organparts\" \/>\n<meta property=\"article:modified_time\" content=\"2022-03-25T17:01:25+00:00\" \/>\n<meta property=\"og:image\" content=\"https:\/\/organparts.info\/wp-content\/uploads\/2022\/05\/1610-scaled.jpg\" \/>\n\t<meta property=\"og:image:width\" content=\"2560\" \/>\n\t<meta property=\"og:image:height\" content=\"1920\" \/>\n\t<meta property=\"og:image:type\" content=\"image\/jpeg\" \/>\n<meta name=\"twitter:card\" content=\"summary_large_image\" \/>\n<meta name=\"twitter:label1\" content=\"Gesch\u00e4tzte Lesezeit\" \/>\n\t<meta name=\"twitter:data1\" content=\"1\u00a0Minute\" \/>\n<script type=\"application\/ld+json\" class=\"yoast-schema-graph\">{\"@context\":\"https:\\\/\\\/schema.org\",\"@graph\":[{\"@type\":\"WebPage\",\"@id\":\"https:\\\/\\\/organparts.info\\\/de\\\/produkt\\\/manualklaviatura-professional\\\/\",\"url\":\"https:\\\/\\\/organparts.info\\\/de\\\/produkt\\\/manualklaviatura-professional\\\/\",\"name\":\"Manualklaviatur \\\"Professional\\\" - Organparts\",\"isPartOf\":{\"@id\":\"https:\\\/\\\/organparts.info\\\/en\\\/#website\"},\"primaryImageOfPage\":{\"@id\":\"https:\\\/\\\/organparts.info\\\/de\\\/produkt\\\/manualklaviatura-professional\\\/#primaryimage\"},\"image\":{\"@id\":\"https:\\\/\\\/organparts.info\\\/de\\\/produkt\\\/manualklaviatura-professional\\\/#primaryimage\"},\"thumbnailUrl\":\"https:\\\/\\\/organparts.info\\\/wp-content\\\/uploads\\\/2022\\\/05\\\/1610-scaled.jpg\",\"datePublished\":\"2016-11-11T10:35:20+00:00\",\"dateModified\":\"2022-03-25T17:01:25+00:00\",\"breadcrumb\":{\"@id\":\"https:\\\/\\\/organparts.info\\\/de\\\/produkt\\\/manualklaviatura-professional\\\/#breadcrumb\"},\"inLanguage\":\"de\",\"potentialAction\":[{\"@type\":\"ReadAction\",\"target\":[\"https:\\\/\\\/organparts.info\\\/de\\\/produkt\\\/manualklaviatura-professional\\\/\"]}]},{\"@type\":\"ImageObject\",\"inLanguage\":\"de\",\"@id\":\"https:\\\/\\\/organparts.info\\\/de\\\/produkt\\\/manualklaviatura-professional\\\/#primaryimage\",\"url\":\"https:\\\/\\\/organparts.info\\\/wp-content\\\/uploads\\\/2022\\\/05\\\/1610-scaled.jpg\",\"contentUrl\":\"https:\\\/\\\/organparts.info\\\/wp-content\\\/uploads\\\/2022\\\/05\\\/1610-scaled.jpg\",\"width\":2560,\"height\":1920,\"caption\":\"Manu\u00e1lklaviat\u00fara \\\"Professional\\\"\"},{\"@type\":\"BreadcrumbList\",\"@id\":\"https:\\\/\\\/organparts.info\\\/de\\\/produkt\\\/manualklaviatura-professional\\\/#breadcrumb\",\"itemListElement\":[{\"@type\":\"ListItem\",\"position\":1,\"name\":\"Kezd\u0151lap\",\"item\":\"https:\\\/\\\/organparts.info\\\/de\\\/startseite\\\/\"},{\"@type\":\"ListItem\",\"position\":2,\"name\":\"Shop\",\"item\":\"https:\\\/\\\/organparts.info\\\/de\\\/shop\\\/\"},{\"@type\":\"ListItem\",\"position\":3,\"name\":\"Manualklaviatur &#8222;Professional&#8221;\"}]},{\"@type\":\"WebSite\",\"@id\":\"https:\\\/\\\/organparts.info\\\/en\\\/#website\",\"url\":\"https:\\\/\\\/organparts.info\\\/en\\\/\",\"name\":\"Organparts\",\"description\":\"P\u00e9csi Orgona\u00e9p\u00edt\u0151 manufakt\u00fara\",\"publisher\":{\"@id\":\"https:\\\/\\\/organparts.info\\\/en\\\/#organization\"},\"potentialAction\":[{\"@type\":\"SearchAction\",\"target\":{\"@type\":\"EntryPoint\",\"urlTemplate\":\"https:\\\/\\\/organparts.info\\\/en\\\/?s={search_term_string}\"},\"query-input\":{\"@type\":\"PropertyValueSpecification\",\"valueRequired\":true,\"valueName\":\"search_term_string\"}}],\"inLanguage\":\"de\"},{\"@type\":\"Organization\",\"@id\":\"https:\\\/\\\/organparts.info\\\/en\\\/#organization\",\"name\":\"Organparts\",\"url\":\"https:\\\/\\\/organparts.info\\\/en\\\/\",\"logo\":{\"@type\":\"ImageObject\",\"inLanguage\":\"de\",\"@id\":\"https:\\\/\\\/organparts.info\\\/en\\\/#\\\/schema\\\/logo\\\/image\\\/\",\"url\":\"https:\\\/\\\/organparts.info\\\/wp-content\\\/uploads\\\/2022\\\/05\\\/organparts-logo-1439380658.jpg\",\"contentUrl\":\"https:\\\/\\\/organparts.info\\\/wp-content\\\/uploads\\\/2022\\\/05\\\/organparts-logo-1439380658.jpg\",\"width\":270,\"height\":92,\"caption\":\"Organparts\"},\"image\":{\"@id\":\"https:\\\/\\\/organparts.info\\\/en\\\/#\\\/schema\\\/logo\\\/image\\\/\"}}]}<\/script>\n<!-- \/ Yoast SEO plugin. -->","yoast_head_json":{"title":"Manualklaviatur \"Professional\" - Organparts","robots":{"index":"index","follow":"follow","max-snippet":"max-snippet:-1","max-image-preview":"max-image-preview:large","max-video-preview":"max-video-preview:-1"},"canonical":"https:\/\/organparts.info\/de\/produkt\/manualklaviatura-professional\/","og_locale":"de_DE","og_type":"article","og_title":"Manualklaviatur \"Professional\" - Organparts","og_description":"Die Manualklaviaturen PROFESSIONAL wurden von dem Konzertorganisten Dr. Wolfram Syr\u00e9 f\u00fcr den Einbau in Orgelspieltische mit nichtmechanischer Tontraktur oder mit MIDI-Funktion entwickelt. \u00a0 Die Ausf\u00fchrung der Klaviaturen entspricht in allen Details dem Qualit\u00e4tsstandard eines Orgelbaubetriebes. Tastenformen und Holzarten f\u00fcr die Tastenbel\u00e4ge k\u00f6nnen nach Kundenw\u00fcnschen gestaltet werden (bei besonders aufwendig zu fertigenden Tastenformen oder bei der [&hellip;]","og_url":"https:\/\/organparts.info\/de\/produkt\/manualklaviatura-professional\/","og_site_name":"Organparts","article_modified_time":"2022-03-25T17:01:25+00:00","og_image":[{"width":2560,"height":1920,"url":"https:\/\/organparts.info\/wp-content\/uploads\/2022\/05\/1610-scaled.jpg","type":"image\/jpeg"}],"twitter_card":"summary_large_image","twitter_misc":{"Gesch\u00e4tzte Lesezeit":"1\u00a0Minute"},"schema":{"@context":"https:\/\/schema.org","@graph":[{"@type":"WebPage","@id":"https:\/\/organparts.info\/de\/produkt\/manualklaviatura-professional\/","url":"https:\/\/organparts.info\/de\/produkt\/manualklaviatura-professional\/","name":"Manualklaviatur \"Professional\" - Organparts","isPartOf":{"@id":"https:\/\/organparts.info\/en\/#website"},"primaryImageOfPage":{"@id":"https:\/\/organparts.info\/de\/produkt\/manualklaviatura-professional\/#primaryimage"},"image":{"@id":"https:\/\/organparts.info\/de\/produkt\/manualklaviatura-professional\/#primaryimage"},"thumbnailUrl":"https:\/\/organparts.info\/wp-content\/uploads\/2022\/05\/1610-scaled.jpg","datePublished":"2016-11-11T10:35:20+00:00","dateModified":"2022-03-25T17:01:25+00:00","breadcrumb":{"@id":"https:\/\/organparts.info\/de\/produkt\/manualklaviatura-professional\/#breadcrumb"},"inLanguage":"de","potentialAction":[{"@type":"ReadAction","target":["https:\/\/organparts.info\/de\/produkt\/manualklaviatura-professional\/"]}]},{"@type":"ImageObject","inLanguage":"de","@id":"https:\/\/organparts.info\/de\/produkt\/manualklaviatura-professional\/#primaryimage","url":"https:\/\/organparts.info\/wp-content\/uploads\/2022\/05\/1610-scaled.jpg","contentUrl":"https:\/\/organparts.info\/wp-content\/uploads\/2022\/05\/1610-scaled.jpg","width":2560,"height":1920,"caption":"Manu\u00e1lklaviat\u00fara \"Professional\""},{"@type":"BreadcrumbList","@id":"https:\/\/organparts.info\/de\/produkt\/manualklaviatura-professional\/#breadcrumb","itemListElement":[{"@type":"ListItem","position":1,"name":"Kezd\u0151lap","item":"https:\/\/organparts.info\/de\/startseite\/"},{"@type":"ListItem","position":2,"name":"Shop","item":"https:\/\/organparts.info\/de\/shop\/"},{"@type":"ListItem","position":3,"name":"Manualklaviatur &#8222;Professional&#8221;"}]},{"@type":"WebSite","@id":"https:\/\/organparts.info\/en\/#website","url":"https:\/\/organparts.info\/en\/","name":"Organparts","description":"P\u00e9csi Orgona\u00e9p\u00edt\u0151 manufakt\u00fara","publisher":{"@id":"https:\/\/organparts.info\/en\/#organization"},"potentialAction":[{"@type":"SearchAction","target":{"@type":"EntryPoint","urlTemplate":"https:\/\/organparts.info\/en\/?s={search_term_string}"},"query-input":{"@type":"PropertyValueSpecification","valueRequired":true,"valueName":"search_term_string"}}],"inLanguage":"de"},{"@type":"Organization","@id":"https:\/\/organparts.info\/en\/#organization","name":"Organparts","url":"https:\/\/organparts.info\/en\/","logo":{"@type":"ImageObject","inLanguage":"de","@id":"https:\/\/organparts.info\/en\/#\/schema\/logo\/image\/","url":"https:\/\/organparts.info\/wp-content\/uploads\/2022\/05\/organparts-logo-1439380658.jpg","contentUrl":"https:\/\/organparts.info\/wp-content\/uploads\/2022\/05\/organparts-logo-1439380658.jpg","width":270,"height":92,"caption":"Organparts"},"image":{"@id":"https:\/\/organparts.info\/en\/#\/schema\/logo\/image\/"}}]}},"_links":{"self":[{"href":"https:\/\/organparts.info\/de\/wp-json\/wp\/v2\/product\/3051","targetHints":{"allow":["GET"]}}],"collection":[{"href":"https:\/\/organparts.info\/de\/wp-json\/wp\/v2\/product"}],"about":[{"href":"https:\/\/organparts.info\/de\/wp-json\/wp\/v2\/types\/product"}],"replies":[{"embeddable":true,"href":"https:\/\/organparts.info\/de\/wp-json\/wp\/v2\/comments?post=3051"}],"wp:featuredmedia":[{"embeddable":true,"href":"https:\/\/organparts.info\/de\/wp-json\/wp\/v2\/media\/3048"}],"wp:attachment":[{"href":"https:\/\/organparts.info\/de\/wp-json\/wp\/v2\/media?parent=3051"}],"wp:term":[{"taxonomy":"product_brand","embeddable":true,"href":"https:\/\/organparts.info\/de\/wp-json\/wp\/v2\/product_brand?post=3051"},{"taxonomy":"product_cat","embeddable":true,"href":"https:\/\/organparts.info\/de\/wp-json\/wp\/v2\/product_cat?post=3051"},{"taxonomy":"product_tag","embeddable":true,"href":"https:\/\/organparts.info\/de\/wp-json\/wp\/v2\/product_tag?post=3051"}],"curies":[{"name":"wp","href":"https:\/\/api.w.org\/{rel}","templated":true}]}}