{"id":2778,"date":"2015-10-05T13:38:52","date_gmt":"2015-10-05T13:38:52","guid":{"rendered":"https:\/\/organparts.camelotdesign.hu\/?product=120-mmws-11mmin"},"modified":"2022-03-25T17:01:27","modified_gmt":"2022-03-25T17:01:27","slug":"120-mmws-11mmin","status":"publish","type":"product","link":"https:\/\/organparts.info\/de\/produkt\/120-mmws-11mmin\/","title":{"rendered":"120 mmWs &#8211; 11m\u00b3\/min"},"content":{"rendered":"<p>Angaben auf der Zeichnung:<\/p>\n<table style=\"width:128px;\" border=\"0\" cellspacing=\"0\" cellpadding=\"0\">\n<colgroup>\n<col style=\"width:48pt;\" span=\"2\" width=\"64\" \/><\/colgroup>\n<tbody>\n<tr style=\"height:15pt;\">\n<td class=\"xl65\" style=\"height:15pt;width:48pt;\" width=\"64\" height=\"20\">A<\/td>\n<td class=\"xl65\" style=\"width:48pt;\" width=\"64\">416<\/td>\n<\/tr>\n<tr style=\"height:15pt;\">\n<td class=\"xl65\" style=\"height:15pt;\" height=\"20\">B<\/td>\n<td class=\"xl65\">250<\/td>\n<\/tr>\n<tr style=\"height:15pt;\">\n<td class=\"xl65\" style=\"height:15pt;\" height=\"20\">C<\/td>\n<td class=\"xl65\">410<\/td>\n<\/tr>\n<tr style=\"height:15pt;\">\n<td class=\"xl65\" style=\"height:15pt;\" height=\"20\">D<\/td>\n<td class=\"xl65\">150<\/td>\n<\/tr>\n<tr style=\"height:15pt;\">\n<td class=\"xl65\" style=\"height:15pt;\" height=\"20\">E<\/td>\n<td class=\"xl65\">322<\/td>\n<\/tr>\n<tr style=\"height:15pt;\">\n<td class=\"xl65\" style=\"height:15pt;\" height=\"20\">F<\/td>\n<td class=\"xl65\">460<\/td>\n<\/tr>\n<tr style=\"height:15pt;\">\n<td class=\"xl65\" style=\"height:15pt;\" height=\"20\">H<\/td>\n<td class=\"xl65\">250<\/td>\n<\/tr>\n<tr style=\"height:15pt;\">\n<td class=\"xl65\" style=\"height:15pt;\" height=\"20\">I<\/td>\n<td class=\"xl65\">105<\/td>\n<\/tr>\n<tr style=\"height:15pt;\">\n<td class=\"xl65\" style=\"height:15pt;\" height=\"20\">K<\/td>\n<td class=\"xl65\">115<\/td>\n<\/tr>\n<tr style=\"height:15pt;\">\n<td class=\"xl65\" style=\"height:15pt;\" height=\"20\">M<\/td>\n<td class=\"xl65\">155<\/td>\n<\/tr>\n<tr style=\"height:15pt;\">\n<td class=\"xl65\" style=\"height:15pt;\" height=\"20\">N<\/td>\n<td class=\"xl65\">155<\/td>\n<\/tr>\n<tr style=\"height:15pt;\">\n<td class=\"xl65\" style=\"height:15pt;\" height=\"20\">R<\/td>\n<td class=\"xl65\">178<\/td>\n<\/tr>\n<tr style=\"height:15pt;\">\n<td class=\"xl65\" style=\"height:15pt;\" height=\"20\">S<\/td>\n<td class=\"xl65\">125<\/td>\n<\/tr>\n<tr style=\"height:15pt;\">\n<td class=\"xl65\" style=\"height:15pt;\" height=\"20\">T<\/td>\n<td class=\"xl65\">184<\/td>\n<\/tr>\n<tr style=\"height:15pt;\">\n<td class=\"xl65\" style=\"height:15pt;\" height=\"20\">U<\/td>\n<td class=\"xl65\">141<\/td>\n<\/tr>\n<tr style=\"height:15pt;\">\n<td class=\"xl65\" style=\"height:15pt;\" height=\"20\">V<\/td>\n<td class=\"xl65\">141<\/td>\n<\/tr>\n<\/tbody>\n<\/table>\n","protected":false},"excerpt":{"rendered":"<p>Angaben auf der Zeichnung: A 416 B 250 C 410 D 150 E 322 F 460 H 250 I 105 K 115 M 155 N 155 R 178 S 125 T 184 U 141 V 141<\/p>\n","protected":false},"featured_media":2772,"comment_status":"open","ping_status":"closed","template":"","meta":{"_et_pb_use_builder":"","_et_pb_old_content":"","_et_gb_content_width":""},"product_brand":[],"product_cat":[182],"product_tag":[],"class_list":{"0":"post-2778","1":"product","2":"type-product","3":"status-publish","4":"has-post-thumbnail","6":"product_cat-schnelllaufende-orgelgeb-1-ph","8":"first","9":"instock","10":"taxable","11":"shipping-taxable","12":"purchasable","13":"product-type-simple"},"exclude_global_add_ons":[],"addons":[],"yoast_head":"<!-- This site is optimized with the Yoast SEO plugin v27.2 - https:\/\/yoast.com\/product\/yoast-seo-wordpress\/ -->\n<title>120 mmWs - 11m\u00b3\/min - Organparts<\/title>\n<meta name=\"robots\" content=\"index, follow, max-snippet:-1, max-image-preview:large, max-video-preview:-1\" \/>\n<link rel=\"canonical\" href=\"https:\/\/organparts.info\/de\/produkt\/120-mmws-11mmin\/\" \/>\n<meta property=\"og:locale\" content=\"de_DE\" \/>\n<meta property=\"og:type\" content=\"article\" \/>\n<meta property=\"og:title\" content=\"120 mmWs - 11m\u00b3\/min - Organparts\" \/>\n<meta property=\"og:description\" content=\"Angaben auf der Zeichnung: A 416 B 250 C 410 D 150 E 322 F 460 H 250 I 105 K 115 M 155 N 155 R 178 S 125 T 184 U 141 V 141\" \/>\n<meta property=\"og:url\" content=\"https:\/\/organparts.info\/de\/produkt\/120-mmws-11mmin\/\" \/>\n<meta property=\"og:site_name\" content=\"Organparts\" \/>\n<meta property=\"article:modified_time\" content=\"2022-03-25T17:01:27+00:00\" \/>\n<meta property=\"og:image\" content=\"https:\/\/organparts.info\/wp-content\/uploads\/2022\/05\/1168.jpg\" \/>\n\t<meta property=\"og:image:width\" content=\"1280\" \/>\n\t<meta property=\"og:image:height\" content=\"960\" \/>\n\t<meta property=\"og:image:type\" content=\"image\/jpeg\" \/>\n<meta name=\"twitter:card\" content=\"summary_large_image\" \/>\n<script type=\"application\/ld+json\" class=\"yoast-schema-graph\">{\"@context\":\"https:\/\/schema.org\",\"@graph\":[{\"@type\":\"WebPage\",\"@id\":\"https:\/\/organparts.info\/de\/produkt\/120-mmws-11mmin\/\",\"url\":\"https:\/\/organparts.info\/de\/produkt\/120-mmws-11mmin\/\",\"name\":\"120 mmWs - 11m\u00b3\/min - Organparts\",\"isPartOf\":{\"@id\":\"https:\/\/organparts.info\/en\/#website\"},\"primaryImageOfPage\":{\"@id\":\"https:\/\/organparts.info\/de\/produkt\/120-mmws-11mmin\/#primaryimage\"},\"image\":{\"@id\":\"https:\/\/organparts.info\/de\/produkt\/120-mmws-11mmin\/#primaryimage\"},\"thumbnailUrl\":\"https:\/\/organparts.info\/wp-content\/uploads\/2022\/05\/1168.jpg\",\"datePublished\":\"2015-10-05T13:38:52+00:00\",\"dateModified\":\"2022-03-25T17:01:27+00:00\",\"breadcrumb\":{\"@id\":\"https:\/\/organparts.info\/de\/produkt\/120-mmws-11mmin\/#breadcrumb\"},\"inLanguage\":\"de\",\"potentialAction\":[{\"@type\":\"ReadAction\",\"target\":[\"https:\/\/organparts.info\/de\/produkt\/120-mmws-11mmin\/\"]}]},{\"@type\":\"ImageObject\",\"inLanguage\":\"de\",\"@id\":\"https:\/\/organparts.info\/de\/produkt\/120-mmws-11mmin\/#primaryimage\",\"url\":\"https:\/\/organparts.info\/wp-content\/uploads\/2022\/05\/1168.jpg\",\"contentUrl\":\"https:\/\/organparts.info\/wp-content\/uploads\/2022\/05\/1168.jpg\",\"width\":1280,\"height\":960,\"caption\":\"120 mmWs - 11m\u00b3\/min\"},{\"@type\":\"BreadcrumbList\",\"@id\":\"https:\/\/organparts.info\/de\/produkt\/120-mmws-11mmin\/#breadcrumb\",\"itemListElement\":[{\"@type\":\"ListItem\",\"position\":1,\"name\":\"Kezd\u0151lap\",\"item\":\"https:\/\/organparts.info\/de\/startseite\/\"},{\"@type\":\"ListItem\",\"position\":2,\"name\":\"Shop\",\"item\":\"https:\/\/organparts.info\/de\/shop\/\"},{\"@type\":\"ListItem\",\"position\":3,\"name\":\"120 mmWs &#8211; 11m\u00b3\/min\"}]},{\"@type\":\"WebSite\",\"@id\":\"https:\/\/organparts.info\/en\/#website\",\"url\":\"https:\/\/organparts.info\/en\/\",\"name\":\"Organparts\",\"description\":\"P\u00e9csi Orgona\u00e9p\u00edt\u0151 manufakt\u00fara\",\"publisher\":{\"@id\":\"https:\/\/organparts.info\/en\/#organization\"},\"potentialAction\":[{\"@type\":\"SearchAction\",\"target\":{\"@type\":\"EntryPoint\",\"urlTemplate\":\"https:\/\/organparts.info\/en\/?s={search_term_string}\"},\"query-input\":{\"@type\":\"PropertyValueSpecification\",\"valueRequired\":true,\"valueName\":\"search_term_string\"}}],\"inLanguage\":\"de\"},{\"@type\":\"Organization\",\"@id\":\"https:\/\/organparts.info\/en\/#organization\",\"name\":\"Organparts\",\"url\":\"https:\/\/organparts.info\/en\/\",\"logo\":{\"@type\":\"ImageObject\",\"inLanguage\":\"de\",\"@id\":\"https:\/\/organparts.info\/en\/#\/schema\/logo\/image\/\",\"url\":\"https:\/\/organparts.info\/wp-content\/uploads\/2022\/05\/organparts-logo-1439380658.jpg\",\"contentUrl\":\"https:\/\/organparts.info\/wp-content\/uploads\/2022\/05\/organparts-logo-1439380658.jpg\",\"width\":270,\"height\":92,\"caption\":\"Organparts\"},\"image\":{\"@id\":\"https:\/\/organparts.info\/en\/#\/schema\/logo\/image\/\"}}]}<\/script>\n<!-- \/ Yoast SEO plugin. -->","yoast_head_json":{"title":"120 mmWs - 11m\u00b3\/min - Organparts","robots":{"index":"index","follow":"follow","max-snippet":"max-snippet:-1","max-image-preview":"max-image-preview:large","max-video-preview":"max-video-preview:-1"},"canonical":"https:\/\/organparts.info\/de\/produkt\/120-mmws-11mmin\/","og_locale":"de_DE","og_type":"article","og_title":"120 mmWs - 11m\u00b3\/min - Organparts","og_description":"Angaben auf der Zeichnung: A 416 B 250 C 410 D 150 E 322 F 460 H 250 I 105 K 115 M 155 N 155 R 178 S 125 T 184 U 141 V 141","og_url":"https:\/\/organparts.info\/de\/produkt\/120-mmws-11mmin\/","og_site_name":"Organparts","article_modified_time":"2022-03-25T17:01:27+00:00","og_image":[{"width":1280,"height":960,"url":"https:\/\/organparts.info\/wp-content\/uploads\/2022\/05\/1168.jpg","type":"image\/jpeg"}],"twitter_card":"summary_large_image","schema":{"@context":"https:\/\/schema.org","@graph":[{"@type":"WebPage","@id":"https:\/\/organparts.info\/de\/produkt\/120-mmws-11mmin\/","url":"https:\/\/organparts.info\/de\/produkt\/120-mmws-11mmin\/","name":"120 mmWs - 11m\u00b3\/min - Organparts","isPartOf":{"@id":"https:\/\/organparts.info\/en\/#website"},"primaryImageOfPage":{"@id":"https:\/\/organparts.info\/de\/produkt\/120-mmws-11mmin\/#primaryimage"},"image":{"@id":"https:\/\/organparts.info\/de\/produkt\/120-mmws-11mmin\/#primaryimage"},"thumbnailUrl":"https:\/\/organparts.info\/wp-content\/uploads\/2022\/05\/1168.jpg","datePublished":"2015-10-05T13:38:52+00:00","dateModified":"2022-03-25T17:01:27+00:00","breadcrumb":{"@id":"https:\/\/organparts.info\/de\/produkt\/120-mmws-11mmin\/#breadcrumb"},"inLanguage":"de","potentialAction":[{"@type":"ReadAction","target":["https:\/\/organparts.info\/de\/produkt\/120-mmws-11mmin\/"]}]},{"@type":"ImageObject","inLanguage":"de","@id":"https:\/\/organparts.info\/de\/produkt\/120-mmws-11mmin\/#primaryimage","url":"https:\/\/organparts.info\/wp-content\/uploads\/2022\/05\/1168.jpg","contentUrl":"https:\/\/organparts.info\/wp-content\/uploads\/2022\/05\/1168.jpg","width":1280,"height":960,"caption":"120 mmWs - 11m\u00b3\/min"},{"@type":"BreadcrumbList","@id":"https:\/\/organparts.info\/de\/produkt\/120-mmws-11mmin\/#breadcrumb","itemListElement":[{"@type":"ListItem","position":1,"name":"Kezd\u0151lap","item":"https:\/\/organparts.info\/de\/startseite\/"},{"@type":"ListItem","position":2,"name":"Shop","item":"https:\/\/organparts.info\/de\/shop\/"},{"@type":"ListItem","position":3,"name":"120 mmWs &#8211; 11m\u00b3\/min"}]},{"@type":"WebSite","@id":"https:\/\/organparts.info\/en\/#website","url":"https:\/\/organparts.info\/en\/","name":"Organparts","description":"P\u00e9csi Orgona\u00e9p\u00edt\u0151 manufakt\u00fara","publisher":{"@id":"https:\/\/organparts.info\/en\/#organization"},"potentialAction":[{"@type":"SearchAction","target":{"@type":"EntryPoint","urlTemplate":"https:\/\/organparts.info\/en\/?s={search_term_string}"},"query-input":{"@type":"PropertyValueSpecification","valueRequired":true,"valueName":"search_term_string"}}],"inLanguage":"de"},{"@type":"Organization","@id":"https:\/\/organparts.info\/en\/#organization","name":"Organparts","url":"https:\/\/organparts.info\/en\/","logo":{"@type":"ImageObject","inLanguage":"de","@id":"https:\/\/organparts.info\/en\/#\/schema\/logo\/image\/","url":"https:\/\/organparts.info\/wp-content\/uploads\/2022\/05\/organparts-logo-1439380658.jpg","contentUrl":"https:\/\/organparts.info\/wp-content\/uploads\/2022\/05\/organparts-logo-1439380658.jpg","width":270,"height":92,"caption":"Organparts"},"image":{"@id":"https:\/\/organparts.info\/en\/#\/schema\/logo\/image\/"}}]}},"_links":{"self":[{"href":"https:\/\/organparts.info\/de\/wp-json\/wp\/v2\/product\/2778","targetHints":{"allow":["GET"]}}],"collection":[{"href":"https:\/\/organparts.info\/de\/wp-json\/wp\/v2\/product"}],"about":[{"href":"https:\/\/organparts.info\/de\/wp-json\/wp\/v2\/types\/product"}],"replies":[{"embeddable":true,"href":"https:\/\/organparts.info\/de\/wp-json\/wp\/v2\/comments?post=2778"}],"wp:featuredmedia":[{"embeddable":true,"href":"https:\/\/organparts.info\/de\/wp-json\/wp\/v2\/media\/2772"}],"wp:attachment":[{"href":"https:\/\/organparts.info\/de\/wp-json\/wp\/v2\/media?parent=2778"}],"wp:term":[{"taxonomy":"product_brand","embeddable":true,"href":"https:\/\/organparts.info\/de\/wp-json\/wp\/v2\/product_brand?post=2778"},{"taxonomy":"product_cat","embeddable":true,"href":"https:\/\/organparts.info\/de\/wp-json\/wp\/v2\/product_cat?post=2778"},{"taxonomy":"product_tag","embeddable":true,"href":"https:\/\/organparts.info\/de\/wp-json\/wp\/v2\/product_tag?post=2778"}],"curies":[{"name":"wp","href":"https:\/\/api.w.org\/{rel}","templated":true}]}}