{"id":106189,"date":"2026-02-20T06:37:24","date_gmt":"2026-02-20T06:37:24","guid":{"rendered":"https:\/\/organparts.info\/?post_type=product&#038;p=106189"},"modified":"2026-02-20T09:22:03","modified_gmt":"2026-02-20T09:22:03","slug":"intonierbank","status":"publish","type":"product","link":"https:\/\/organparts.info\/de\/produkt\/intonierbank\/","title":{"rendered":"Intonierbank"},"content":{"rendered":"<p>Intonierbank<br \/>\nEin Manual, hat Platz f\u00fcr 3 Pfeifenreihen + f\u00fcr eine Musterpfeifenreihe, die pneumatisch ist und um 12 T\u00f6ne verschoben werden kann.<br \/>\nMechanische Traktur, C-g\u2019\u2019\u2019<br \/>\nOhne Motor<br \/>\nMa\u00dfe: 1800x800x1450 mm<br \/>\nDazu geh\u00f6rt eine 6-Ton-Lade f\u00fcr gro\u00dfe Pfeifen, Ma\u00dfe: 1030x400x1450mm<\/p>\n","protected":false},"excerpt":{"rendered":"<p>Intonierbank Ein Manual, hat Platz f\u00fcr 3 Pfeifenreihen + f\u00fcr eine Musterpfeifenreihe, die pneumatisch ist und um 12 T\u00f6ne verschoben werden kann. Mechanische Traktur, C-g\u2019\u2019\u2019 Ohne Motor Ma\u00dfe: 1800x800x1450 mm Dazu geh\u00f6rt eine 6-Ton-Lade f\u00fcr gro\u00dfe Pfeifen, Ma\u00dfe: 1030x400x1450mm<\/p>\n","protected":false},"featured_media":106176,"comment_status":"open","ping_status":"closed","template":"","meta":{"_et_pb_use_builder":"","_et_pb_old_content":"","_et_gb_content_width":""},"product_brand":[],"product_cat":[263,380],"product_tag":[],"class_list":{"0":"post-106189","1":"product","2":"type-product","3":"status-publish","4":"has-post-thumbnail","6":"product_cat-gebrauchte-produkte","7":"product_cat-intonationspads","9":"first","10":"instock","11":"taxable","12":"shipping-taxable","13":"purchasable","14":"product-type-simple"},"exclude_global_add_ons":[],"addons":[],"yoast_head":"<!-- This site is optimized with the Yoast SEO plugin v27.3 - https:\/\/yoast.com\/product\/yoast-seo-wordpress\/ -->\n<title>Intonierbank - Organparts<\/title>\n<meta name=\"robots\" content=\"index, follow, max-snippet:-1, max-image-preview:large, max-video-preview:-1\" \/>\n<link rel=\"canonical\" href=\"https:\/\/organparts.info\/termek\/intonalo-pad-2\/\" \/>\n<meta property=\"og:locale\" content=\"de_DE\" \/>\n<meta property=\"og:type\" content=\"article\" \/>\n<meta property=\"og:title\" content=\"Intonierbank - Organparts\" \/>\n<meta property=\"og:description\" content=\"Intonierbank Ein Manual, hat Platz f\u00fcr 3 Pfeifenreihen + f\u00fcr eine Musterpfeifenreihe, die pneumatisch ist und um 12 T\u00f6ne verschoben werden kann. Mechanische Traktur, C-g\u2019\u2019\u2019 Ohne Motor Ma\u00dfe: 1800x800x1450 mm Dazu geh\u00f6rt eine 6-Ton-Lade f\u00fcr gro\u00dfe Pfeifen, Ma\u00dfe: 1030x400x1450mm\" \/>\n<meta property=\"og:url\" content=\"https:\/\/organparts.info\/termek\/intonalo-pad-2\/\" \/>\n<meta property=\"og:site_name\" content=\"Organparts\" \/>\n<meta property=\"article:modified_time\" content=\"2026-02-20T09:22:03+00:00\" \/>\n<meta property=\"og:image\" content=\"https:\/\/organparts.info\/wp-content\/uploads\/2026\/02\/1_ok-4-scaled.jpg\" \/>\n\t<meta property=\"og:image:width\" content=\"2560\" \/>\n\t<meta property=\"og:image:height\" content=\"1920\" \/>\n\t<meta property=\"og:image:type\" content=\"image\/jpeg\" \/>\n<meta name=\"twitter:card\" content=\"summary_large_image\" \/>\n<meta name=\"twitter:label1\" content=\"Gesch\u00e4tzte Lesezeit\" \/>\n\t<meta name=\"twitter:data1\" content=\"1\u00a0Minute\" \/>\n<script type=\"application\/ld+json\" class=\"yoast-schema-graph\">{\"@context\":\"https:\\\/\\\/schema.org\",\"@graph\":[{\"@type\":\"WebPage\",\"@id\":\"https:\\\/\\\/organparts.info\\\/termek\\\/intonalo-pad-2\\\/\",\"url\":\"https:\\\/\\\/organparts.info\\\/termek\\\/intonalo-pad-2\\\/\",\"name\":\"Intonierbank - Organparts\",\"isPartOf\":{\"@id\":\"https:\\\/\\\/organparts.info\\\/en\\\/#website\"},\"primaryImageOfPage\":{\"@id\":\"https:\\\/\\\/organparts.info\\\/termek\\\/intonalo-pad-2\\\/#primaryimage\"},\"image\":{\"@id\":\"https:\\\/\\\/organparts.info\\\/termek\\\/intonalo-pad-2\\\/#primaryimage\"},\"thumbnailUrl\":\"https:\\\/\\\/organparts.info\\\/wp-content\\\/uploads\\\/2026\\\/02\\\/1_ok-4-scaled.jpg\",\"datePublished\":\"2026-02-20T06:37:24+00:00\",\"dateModified\":\"2026-02-20T09:22:03+00:00\",\"breadcrumb\":{\"@id\":\"https:\\\/\\\/organparts.info\\\/termek\\\/intonalo-pad-2\\\/#breadcrumb\"},\"inLanguage\":\"de\",\"potentialAction\":[{\"@type\":\"ReadAction\",\"target\":[\"https:\\\/\\\/organparts.info\\\/termek\\\/intonalo-pad-2\\\/\"]}]},{\"@type\":\"ImageObject\",\"inLanguage\":\"de\",\"@id\":\"https:\\\/\\\/organparts.info\\\/termek\\\/intonalo-pad-2\\\/#primaryimage\",\"url\":\"https:\\\/\\\/organparts.info\\\/wp-content\\\/uploads\\\/2026\\\/02\\\/1_ok-4-scaled.jpg\",\"contentUrl\":\"https:\\\/\\\/organparts.info\\\/wp-content\\\/uploads\\\/2026\\\/02\\\/1_ok-4-scaled.jpg\",\"width\":2560,\"height\":1920},{\"@type\":\"BreadcrumbList\",\"@id\":\"https:\\\/\\\/organparts.info\\\/termek\\\/intonalo-pad-2\\\/#breadcrumb\",\"itemListElement\":[{\"@type\":\"ListItem\",\"position\":1,\"name\":\"Kezd\u0151lap\",\"item\":\"https:\\\/\\\/organparts.info\\\/de\\\/startseite\\\/\"},{\"@type\":\"ListItem\",\"position\":2,\"name\":\"Shop\",\"item\":\"https:\\\/\\\/organparts.info\\\/de\\\/shop\\\/\"},{\"@type\":\"ListItem\",\"position\":3,\"name\":\"Intonierbank\"}]},{\"@type\":\"WebSite\",\"@id\":\"https:\\\/\\\/organparts.info\\\/en\\\/#website\",\"url\":\"https:\\\/\\\/organparts.info\\\/en\\\/\",\"name\":\"Organparts\",\"description\":\"P\u00e9csi Orgona\u00e9p\u00edt\u0151 manufakt\u00fara\",\"publisher\":{\"@id\":\"https:\\\/\\\/organparts.info\\\/en\\\/#organization\"},\"potentialAction\":[{\"@type\":\"SearchAction\",\"target\":{\"@type\":\"EntryPoint\",\"urlTemplate\":\"https:\\\/\\\/organparts.info\\\/en\\\/?s={search_term_string}\"},\"query-input\":{\"@type\":\"PropertyValueSpecification\",\"valueRequired\":true,\"valueName\":\"search_term_string\"}}],\"inLanguage\":\"de\"},{\"@type\":\"Organization\",\"@id\":\"https:\\\/\\\/organparts.info\\\/en\\\/#organization\",\"name\":\"Organparts\",\"url\":\"https:\\\/\\\/organparts.info\\\/en\\\/\",\"logo\":{\"@type\":\"ImageObject\",\"inLanguage\":\"de\",\"@id\":\"https:\\\/\\\/organparts.info\\\/en\\\/#\\\/schema\\\/logo\\\/image\\\/\",\"url\":\"https:\\\/\\\/organparts.info\\\/wp-content\\\/uploads\\\/2022\\\/05\\\/organparts-logo-1439380658.jpg\",\"contentUrl\":\"https:\\\/\\\/organparts.info\\\/wp-content\\\/uploads\\\/2022\\\/05\\\/organparts-logo-1439380658.jpg\",\"width\":270,\"height\":92,\"caption\":\"Organparts\"},\"image\":{\"@id\":\"https:\\\/\\\/organparts.info\\\/en\\\/#\\\/schema\\\/logo\\\/image\\\/\"}}]}<\/script>\n<!-- \/ Yoast SEO plugin. -->","yoast_head_json":{"title":"Intonierbank - Organparts","robots":{"index":"index","follow":"follow","max-snippet":"max-snippet:-1","max-image-preview":"max-image-preview:large","max-video-preview":"max-video-preview:-1"},"canonical":"https:\/\/organparts.info\/termek\/intonalo-pad-2\/","og_locale":"de_DE","og_type":"article","og_title":"Intonierbank - Organparts","og_description":"Intonierbank Ein Manual, hat Platz f\u00fcr 3 Pfeifenreihen + f\u00fcr eine Musterpfeifenreihe, die pneumatisch ist und um 12 T\u00f6ne verschoben werden kann. Mechanische Traktur, C-g\u2019\u2019\u2019 Ohne Motor Ma\u00dfe: 1800x800x1450 mm Dazu geh\u00f6rt eine 6-Ton-Lade f\u00fcr gro\u00dfe Pfeifen, Ma\u00dfe: 1030x400x1450mm","og_url":"https:\/\/organparts.info\/termek\/intonalo-pad-2\/","og_site_name":"Organparts","article_modified_time":"2026-02-20T09:22:03+00:00","og_image":[{"width":2560,"height":1920,"url":"https:\/\/organparts.info\/wp-content\/uploads\/2026\/02\/1_ok-4-scaled.jpg","type":"image\/jpeg"}],"twitter_card":"summary_large_image","twitter_misc":{"Gesch\u00e4tzte Lesezeit":"1\u00a0Minute"},"schema":{"@context":"https:\/\/schema.org","@graph":[{"@type":"WebPage","@id":"https:\/\/organparts.info\/termek\/intonalo-pad-2\/","url":"https:\/\/organparts.info\/termek\/intonalo-pad-2\/","name":"Intonierbank - Organparts","isPartOf":{"@id":"https:\/\/organparts.info\/en\/#website"},"primaryImageOfPage":{"@id":"https:\/\/organparts.info\/termek\/intonalo-pad-2\/#primaryimage"},"image":{"@id":"https:\/\/organparts.info\/termek\/intonalo-pad-2\/#primaryimage"},"thumbnailUrl":"https:\/\/organparts.info\/wp-content\/uploads\/2026\/02\/1_ok-4-scaled.jpg","datePublished":"2026-02-20T06:37:24+00:00","dateModified":"2026-02-20T09:22:03+00:00","breadcrumb":{"@id":"https:\/\/organparts.info\/termek\/intonalo-pad-2\/#breadcrumb"},"inLanguage":"de","potentialAction":[{"@type":"ReadAction","target":["https:\/\/organparts.info\/termek\/intonalo-pad-2\/"]}]},{"@type":"ImageObject","inLanguage":"de","@id":"https:\/\/organparts.info\/termek\/intonalo-pad-2\/#primaryimage","url":"https:\/\/organparts.info\/wp-content\/uploads\/2026\/02\/1_ok-4-scaled.jpg","contentUrl":"https:\/\/organparts.info\/wp-content\/uploads\/2026\/02\/1_ok-4-scaled.jpg","width":2560,"height":1920},{"@type":"BreadcrumbList","@id":"https:\/\/organparts.info\/termek\/intonalo-pad-2\/#breadcrumb","itemListElement":[{"@type":"ListItem","position":1,"name":"Kezd\u0151lap","item":"https:\/\/organparts.info\/de\/startseite\/"},{"@type":"ListItem","position":2,"name":"Shop","item":"https:\/\/organparts.info\/de\/shop\/"},{"@type":"ListItem","position":3,"name":"Intonierbank"}]},{"@type":"WebSite","@id":"https:\/\/organparts.info\/en\/#website","url":"https:\/\/organparts.info\/en\/","name":"Organparts","description":"P\u00e9csi Orgona\u00e9p\u00edt\u0151 manufakt\u00fara","publisher":{"@id":"https:\/\/organparts.info\/en\/#organization"},"potentialAction":[{"@type":"SearchAction","target":{"@type":"EntryPoint","urlTemplate":"https:\/\/organparts.info\/en\/?s={search_term_string}"},"query-input":{"@type":"PropertyValueSpecification","valueRequired":true,"valueName":"search_term_string"}}],"inLanguage":"de"},{"@type":"Organization","@id":"https:\/\/organparts.info\/en\/#organization","name":"Organparts","url":"https:\/\/organparts.info\/en\/","logo":{"@type":"ImageObject","inLanguage":"de","@id":"https:\/\/organparts.info\/en\/#\/schema\/logo\/image\/","url":"https:\/\/organparts.info\/wp-content\/uploads\/2022\/05\/organparts-logo-1439380658.jpg","contentUrl":"https:\/\/organparts.info\/wp-content\/uploads\/2022\/05\/organparts-logo-1439380658.jpg","width":270,"height":92,"caption":"Organparts"},"image":{"@id":"https:\/\/organparts.info\/en\/#\/schema\/logo\/image\/"}}]}},"_links":{"self":[{"href":"https:\/\/organparts.info\/de\/wp-json\/wp\/v2\/product\/106189","targetHints":{"allow":["GET"]}}],"collection":[{"href":"https:\/\/organparts.info\/de\/wp-json\/wp\/v2\/product"}],"about":[{"href":"https:\/\/organparts.info\/de\/wp-json\/wp\/v2\/types\/product"}],"replies":[{"embeddable":true,"href":"https:\/\/organparts.info\/de\/wp-json\/wp\/v2\/comments?post=106189"}],"wp:featuredmedia":[{"embeddable":true,"href":"https:\/\/organparts.info\/de\/wp-json\/wp\/v2\/media\/106176"}],"wp:attachment":[{"href":"https:\/\/organparts.info\/de\/wp-json\/wp\/v2\/media?parent=106189"}],"wp:term":[{"taxonomy":"product_brand","embeddable":true,"href":"https:\/\/organparts.info\/de\/wp-json\/wp\/v2\/product_brand?post=106189"},{"taxonomy":"product_cat","embeddable":true,"href":"https:\/\/organparts.info\/de\/wp-json\/wp\/v2\/product_cat?post=106189"},{"taxonomy":"product_tag","embeddable":true,"href":"https:\/\/organparts.info\/de\/wp-json\/wp\/v2\/product_tag?post=106189"}],"curies":[{"name":"wp","href":"https:\/\/api.w.org\/{rel}","templated":true}]}}