{"id":105152,"date":"2024-10-18T07:14:51","date_gmt":"2024-10-18T07:14:51","guid":{"rendered":"https:\/\/organparts.info\/?post_type=product&#038;p=105152"},"modified":"2026-02-19T14:37:46","modified_gmt":"2026-02-19T14:37:46","slug":"notenhalter-schwarz-gefarbt-masolat","status":"publish","type":"product","link":"https:\/\/organparts.info\/de\/produkt\/notenhalter-schwarz-gefarbt-masolat\/","title":{"rendered":"Cymbelstern &#8211; der Stern ist nur optional, ist kein Bestandteil des Produkts"},"content":{"rendered":"<p><strong>Cymbelstern <\/strong>&#8211; der Stern ist nur optional, ist kein Bestandteil des Produkts, <strong>kann aber auch getrennt bestellt werden. Bei Bestellung bitte anmerken, ob mit oder ohne Stern gew\u00fcnscht wird.<\/strong><\/p>\n<ul>\n<li>elektrisch<\/li>\n<li>Funktioniert mit 24\u201328 V Spannun<\/li>\n<li>6 Glocken aus Messingguss<\/li>\n<li>mit Netzteil<\/li>\n<li>mit Power-Taste<\/li>\n<li>Geschwindigkeit kann mit einem Potentiometer reguliert werden<\/li>\n<\/ul>\n<p><strong>Cymbelstern \u201estern\u201d \u2013 06\u00a0100 02<\/strong><\/p>\n<ul>\n<li>Material: Ahorn<\/li>\n<li>siebenzackiger<\/li>\n<li>naturbelassen oder bemalt<\/li>\n<\/ul>\n<ul>\n<li><strong>Netto preis: 157,3 \u20ac<\/strong><\/li>\n<\/ul>\n","protected":false},"excerpt":{"rendered":"<p>Cymbelstern &#8211; der Stern ist nur optional, ist kein Bestandteil des Produkts, kann aber auch getrennt bestellt werden. Bei Bestellung bitte anmerken, ob mit oder ohne Stern gew\u00fcnscht wird. elektrisch Funktioniert mit 24\u201328 V Spannun 6 Glocken aus Messingguss mit Netzteil mit Power-Taste Geschwindigkeit kann mit einem Potentiometer reguliert werden Cymbelstern \u201estern\u201d \u2013 06\u00a0100 02 [&hellip;]<\/p>\n","protected":false},"featured_media":105755,"comment_status":"open","ping_status":"closed","template":"","meta":{"_et_pb_use_builder":"","_et_pb_old_content":"","_et_gb_content_width":""},"product_brand":[],"product_cat":[377,44],"product_tag":[],"class_list":{"0":"post-105152","1":"product","2":"type-product","3":"status-publish","4":"has-post-thumbnail","6":"product_cat-effektregister","7":"product_cat-flue-wood-reedpipes","9":"first","10":"instock","11":"taxable","12":"shipping-taxable","13":"purchasable","14":"product-type-simple"},"exclude_global_add_ons":[],"addons":[],"yoast_head":"<!-- This site is optimized with the Yoast SEO plugin v27.3 - https:\/\/yoast.com\/product\/yoast-seo-wordpress\/ -->\n<title>Cymbelstern - der Stern ist nur optional, ist kein Bestandteil des Produkts - Organparts<\/title>\n<meta name=\"robots\" content=\"index, follow, max-snippet:-1, max-image-preview:large, max-video-preview:-1\" \/>\n<link rel=\"canonical\" href=\"https:\/\/organparts.info\/de\/produkt\/notenhalter-schwarz-gefarbt-masolat\/\" \/>\n<meta property=\"og:locale\" content=\"de_DE\" \/>\n<meta property=\"og:type\" content=\"article\" \/>\n<meta property=\"og:title\" content=\"Cymbelstern - der Stern ist nur optional, ist kein Bestandteil des Produkts - Organparts\" \/>\n<meta property=\"og:description\" content=\"Cymbelstern &#8211; der Stern ist nur optional, ist kein Bestandteil des Produkts, kann aber auch getrennt bestellt werden. Bei Bestellung bitte anmerken, ob mit oder ohne Stern gew\u00fcnscht wird. elektrisch Funktioniert mit 24\u201328 V Spannun 6 Glocken aus Messingguss mit Netzteil mit Power-Taste Geschwindigkeit kann mit einem Potentiometer reguliert werden Cymbelstern \u201estern\u201d \u2013 06\u00a0100 02 [&hellip;]\" \/>\n<meta property=\"og:url\" content=\"https:\/\/organparts.info\/de\/produkt\/notenhalter-schwarz-gefarbt-masolat\/\" \/>\n<meta property=\"og:site_name\" content=\"Organparts\" \/>\n<meta property=\"article:modified_time\" content=\"2026-02-19T14:37:46+00:00\" \/>\n<meta property=\"og:image\" content=\"https:\/\/organparts.info\/wp-content\/uploads\/2024\/10\/Natur-1.jpg\" \/>\n\t<meta property=\"og:image:width\" content=\"995\" \/>\n\t<meta property=\"og:image:height\" content=\"872\" \/>\n\t<meta property=\"og:image:type\" content=\"image\/jpeg\" \/>\n<meta name=\"twitter:card\" content=\"summary_large_image\" \/>\n<meta name=\"twitter:label1\" content=\"Gesch\u00e4tzte Lesezeit\" \/>\n\t<meta name=\"twitter:data1\" content=\"1\u00a0Minute\" \/>\n<script type=\"application\/ld+json\" class=\"yoast-schema-graph\">{\"@context\":\"https:\\\/\\\/schema.org\",\"@graph\":[{\"@type\":\"WebPage\",\"@id\":\"https:\\\/\\\/organparts.info\\\/de\\\/produkt\\\/notenhalter-schwarz-gefarbt-masolat\\\/\",\"url\":\"https:\\\/\\\/organparts.info\\\/de\\\/produkt\\\/notenhalter-schwarz-gefarbt-masolat\\\/\",\"name\":\"Cymbelstern - der Stern ist nur optional, ist kein Bestandteil des Produkts - Organparts\",\"isPartOf\":{\"@id\":\"https:\\\/\\\/organparts.info\\\/en\\\/#website\"},\"primaryImageOfPage\":{\"@id\":\"https:\\\/\\\/organparts.info\\\/de\\\/produkt\\\/notenhalter-schwarz-gefarbt-masolat\\\/#primaryimage\"},\"image\":{\"@id\":\"https:\\\/\\\/organparts.info\\\/de\\\/produkt\\\/notenhalter-schwarz-gefarbt-masolat\\\/#primaryimage\"},\"thumbnailUrl\":\"https:\\\/\\\/organparts.info\\\/wp-content\\\/uploads\\\/2024\\\/10\\\/Natur-1.jpg\",\"datePublished\":\"2024-10-18T07:14:51+00:00\",\"dateModified\":\"2026-02-19T14:37:46+00:00\",\"breadcrumb\":{\"@id\":\"https:\\\/\\\/organparts.info\\\/de\\\/produkt\\\/notenhalter-schwarz-gefarbt-masolat\\\/#breadcrumb\"},\"inLanguage\":\"de\",\"potentialAction\":[{\"@type\":\"ReadAction\",\"target\":[\"https:\\\/\\\/organparts.info\\\/de\\\/produkt\\\/notenhalter-schwarz-gefarbt-masolat\\\/\"]}]},{\"@type\":\"ImageObject\",\"inLanguage\":\"de\",\"@id\":\"https:\\\/\\\/organparts.info\\\/de\\\/produkt\\\/notenhalter-schwarz-gefarbt-masolat\\\/#primaryimage\",\"url\":\"https:\\\/\\\/organparts.info\\\/wp-content\\\/uploads\\\/2024\\\/10\\\/Natur-1.jpg\",\"contentUrl\":\"https:\\\/\\\/organparts.info\\\/wp-content\\\/uploads\\\/2024\\\/10\\\/Natur-1.jpg\",\"width\":995,\"height\":872},{\"@type\":\"BreadcrumbList\",\"@id\":\"https:\\\/\\\/organparts.info\\\/de\\\/produkt\\\/notenhalter-schwarz-gefarbt-masolat\\\/#breadcrumb\",\"itemListElement\":[{\"@type\":\"ListItem\",\"position\":1,\"name\":\"Kezd\u0151lap\",\"item\":\"https:\\\/\\\/organparts.info\\\/de\\\/startseite\\\/\"},{\"@type\":\"ListItem\",\"position\":2,\"name\":\"Shop\",\"item\":\"https:\\\/\\\/organparts.info\\\/de\\\/shop\\\/\"},{\"@type\":\"ListItem\",\"position\":3,\"name\":\"Cymbelstern &#8211; der Stern ist nur optional, ist kein Bestandteil des Produkts\"}]},{\"@type\":\"WebSite\",\"@id\":\"https:\\\/\\\/organparts.info\\\/en\\\/#website\",\"url\":\"https:\\\/\\\/organparts.info\\\/en\\\/\",\"name\":\"Organparts\",\"description\":\"P\u00e9csi Orgona\u00e9p\u00edt\u0151 manufakt\u00fara\",\"publisher\":{\"@id\":\"https:\\\/\\\/organparts.info\\\/en\\\/#organization\"},\"potentialAction\":[{\"@type\":\"SearchAction\",\"target\":{\"@type\":\"EntryPoint\",\"urlTemplate\":\"https:\\\/\\\/organparts.info\\\/en\\\/?s={search_term_string}\"},\"query-input\":{\"@type\":\"PropertyValueSpecification\",\"valueRequired\":true,\"valueName\":\"search_term_string\"}}],\"inLanguage\":\"de\"},{\"@type\":\"Organization\",\"@id\":\"https:\\\/\\\/organparts.info\\\/en\\\/#organization\",\"name\":\"Organparts\",\"url\":\"https:\\\/\\\/organparts.info\\\/en\\\/\",\"logo\":{\"@type\":\"ImageObject\",\"inLanguage\":\"de\",\"@id\":\"https:\\\/\\\/organparts.info\\\/en\\\/#\\\/schema\\\/logo\\\/image\\\/\",\"url\":\"https:\\\/\\\/organparts.info\\\/wp-content\\\/uploads\\\/2022\\\/05\\\/organparts-logo-1439380658.jpg\",\"contentUrl\":\"https:\\\/\\\/organparts.info\\\/wp-content\\\/uploads\\\/2022\\\/05\\\/organparts-logo-1439380658.jpg\",\"width\":270,\"height\":92,\"caption\":\"Organparts\"},\"image\":{\"@id\":\"https:\\\/\\\/organparts.info\\\/en\\\/#\\\/schema\\\/logo\\\/image\\\/\"}}]}<\/script>\n<!-- \/ Yoast SEO plugin. -->","yoast_head_json":{"title":"Cymbelstern - der Stern ist nur optional, ist kein Bestandteil des Produkts - Organparts","robots":{"index":"index","follow":"follow","max-snippet":"max-snippet:-1","max-image-preview":"max-image-preview:large","max-video-preview":"max-video-preview:-1"},"canonical":"https:\/\/organparts.info\/de\/produkt\/notenhalter-schwarz-gefarbt-masolat\/","og_locale":"de_DE","og_type":"article","og_title":"Cymbelstern - der Stern ist nur optional, ist kein Bestandteil des Produkts - Organparts","og_description":"Cymbelstern &#8211; der Stern ist nur optional, ist kein Bestandteil des Produkts, kann aber auch getrennt bestellt werden. Bei Bestellung bitte anmerken, ob mit oder ohne Stern gew\u00fcnscht wird. elektrisch Funktioniert mit 24\u201328 V Spannun 6 Glocken aus Messingguss mit Netzteil mit Power-Taste Geschwindigkeit kann mit einem Potentiometer reguliert werden Cymbelstern \u201estern\u201d \u2013 06\u00a0100 02 [&hellip;]","og_url":"https:\/\/organparts.info\/de\/produkt\/notenhalter-schwarz-gefarbt-masolat\/","og_site_name":"Organparts","article_modified_time":"2026-02-19T14:37:46+00:00","og_image":[{"width":995,"height":872,"url":"https:\/\/organparts.info\/wp-content\/uploads\/2024\/10\/Natur-1.jpg","type":"image\/jpeg"}],"twitter_card":"summary_large_image","twitter_misc":{"Gesch\u00e4tzte Lesezeit":"1\u00a0Minute"},"schema":{"@context":"https:\/\/schema.org","@graph":[{"@type":"WebPage","@id":"https:\/\/organparts.info\/de\/produkt\/notenhalter-schwarz-gefarbt-masolat\/","url":"https:\/\/organparts.info\/de\/produkt\/notenhalter-schwarz-gefarbt-masolat\/","name":"Cymbelstern - der Stern ist nur optional, ist kein Bestandteil des Produkts - Organparts","isPartOf":{"@id":"https:\/\/organparts.info\/en\/#website"},"primaryImageOfPage":{"@id":"https:\/\/organparts.info\/de\/produkt\/notenhalter-schwarz-gefarbt-masolat\/#primaryimage"},"image":{"@id":"https:\/\/organparts.info\/de\/produkt\/notenhalter-schwarz-gefarbt-masolat\/#primaryimage"},"thumbnailUrl":"https:\/\/organparts.info\/wp-content\/uploads\/2024\/10\/Natur-1.jpg","datePublished":"2024-10-18T07:14:51+00:00","dateModified":"2026-02-19T14:37:46+00:00","breadcrumb":{"@id":"https:\/\/organparts.info\/de\/produkt\/notenhalter-schwarz-gefarbt-masolat\/#breadcrumb"},"inLanguage":"de","potentialAction":[{"@type":"ReadAction","target":["https:\/\/organparts.info\/de\/produkt\/notenhalter-schwarz-gefarbt-masolat\/"]}]},{"@type":"ImageObject","inLanguage":"de","@id":"https:\/\/organparts.info\/de\/produkt\/notenhalter-schwarz-gefarbt-masolat\/#primaryimage","url":"https:\/\/organparts.info\/wp-content\/uploads\/2024\/10\/Natur-1.jpg","contentUrl":"https:\/\/organparts.info\/wp-content\/uploads\/2024\/10\/Natur-1.jpg","width":995,"height":872},{"@type":"BreadcrumbList","@id":"https:\/\/organparts.info\/de\/produkt\/notenhalter-schwarz-gefarbt-masolat\/#breadcrumb","itemListElement":[{"@type":"ListItem","position":1,"name":"Kezd\u0151lap","item":"https:\/\/organparts.info\/de\/startseite\/"},{"@type":"ListItem","position":2,"name":"Shop","item":"https:\/\/organparts.info\/de\/shop\/"},{"@type":"ListItem","position":3,"name":"Cymbelstern &#8211; der Stern ist nur optional, ist kein Bestandteil des Produkts"}]},{"@type":"WebSite","@id":"https:\/\/organparts.info\/en\/#website","url":"https:\/\/organparts.info\/en\/","name":"Organparts","description":"P\u00e9csi Orgona\u00e9p\u00edt\u0151 manufakt\u00fara","publisher":{"@id":"https:\/\/organparts.info\/en\/#organization"},"potentialAction":[{"@type":"SearchAction","target":{"@type":"EntryPoint","urlTemplate":"https:\/\/organparts.info\/en\/?s={search_term_string}"},"query-input":{"@type":"PropertyValueSpecification","valueRequired":true,"valueName":"search_term_string"}}],"inLanguage":"de"},{"@type":"Organization","@id":"https:\/\/organparts.info\/en\/#organization","name":"Organparts","url":"https:\/\/organparts.info\/en\/","logo":{"@type":"ImageObject","inLanguage":"de","@id":"https:\/\/organparts.info\/en\/#\/schema\/logo\/image\/","url":"https:\/\/organparts.info\/wp-content\/uploads\/2022\/05\/organparts-logo-1439380658.jpg","contentUrl":"https:\/\/organparts.info\/wp-content\/uploads\/2022\/05\/organparts-logo-1439380658.jpg","width":270,"height":92,"caption":"Organparts"},"image":{"@id":"https:\/\/organparts.info\/en\/#\/schema\/logo\/image\/"}}]}},"_links":{"self":[{"href":"https:\/\/organparts.info\/de\/wp-json\/wp\/v2\/product\/105152","targetHints":{"allow":["GET"]}}],"collection":[{"href":"https:\/\/organparts.info\/de\/wp-json\/wp\/v2\/product"}],"about":[{"href":"https:\/\/organparts.info\/de\/wp-json\/wp\/v2\/types\/product"}],"replies":[{"embeddable":true,"href":"https:\/\/organparts.info\/de\/wp-json\/wp\/v2\/comments?post=105152"}],"wp:featuredmedia":[{"embeddable":true,"href":"https:\/\/organparts.info\/de\/wp-json\/wp\/v2\/media\/105755"}],"wp:attachment":[{"href":"https:\/\/organparts.info\/de\/wp-json\/wp\/v2\/media?parent=105152"}],"wp:term":[{"taxonomy":"product_brand","embeddable":true,"href":"https:\/\/organparts.info\/de\/wp-json\/wp\/v2\/product_brand?post=105152"},{"taxonomy":"product_cat","embeddable":true,"href":"https:\/\/organparts.info\/de\/wp-json\/wp\/v2\/product_cat?post=105152"},{"taxonomy":"product_tag","embeddable":true,"href":"https:\/\/organparts.info\/de\/wp-json\/wp\/v2\/product_tag?post=105152"}],"curies":[{"name":"wp","href":"https:\/\/api.w.org\/{rel}","templated":true}]}}