{"id":104815,"date":"2024-06-19T08:34:07","date_gmt":"2024-06-19T08:34:07","guid":{"rendered":"https:\/\/organparts.info\/?post_type=product&#038;p=104815"},"modified":"2024-06-19T08:41:54","modified_gmt":"2024-06-19T08:41:54","slug":"freier-kombinationsschalter-fur-pneumatische-oder-elektrische-traktur-masolat","status":"publish","type":"product","link":"https:\/\/organparts.info\/de\/produkt\/freier-kombinationsschalter-fur-pneumatische-oder-elektrische-traktur-masolat\/","title":{"rendered":"Freier Kombinationsschalter f\u00fcr pneumatische oder elektrische Traktur"},"content":{"rendered":"<p>Freier Kombinationsschalter f\u00fcr pneumatische oder elektrische Traktur<br \/>\nrot<br \/>\n2 St<br \/>\n\u00d8 15 x 20 mm<br \/>\nmit \u00d8 2 mm Messingdraht<\/p>\n<p><strong>Preis: netto 2,5 \u20ac\/St, zusammen 4 \u20ac\/ 2 St<\/strong><\/p>\n<p>&nbsp;<\/p>\n<p>&nbsp;<\/p>\n","protected":false},"excerpt":{"rendered":"<p>Freier Kombinationsschalter f\u00fcr pneumatische oder elektrische Traktur rot 2 St \u00d8 15 x 20 mm mit \u00d8 2 mm Messingdraht Preis: netto 2,5 \u20ac\/St, zusammen 4 \u20ac\/ 2 St &nbsp; &nbsp;<\/p>\n","protected":false},"featured_media":104818,"comment_status":"open","ping_status":"closed","template":"","meta":{"_et_pb_use_builder":"","_et_pb_old_content":"","_et_gb_content_width":""},"product_brand":[],"product_cat":[263,343],"product_tag":[],"class_list":{"0":"post-104815","1":"product","2":"type-product","3":"status-publish","4":"has-post-thumbnail","6":"product_cat-gebrauchte-produkte","7":"product_cat-console-parts","9":"first","10":"instock","11":"taxable","12":"shipping-taxable","13":"purchasable","14":"product-type-simple"},"exclude_global_add_ons":[],"addons":[],"yoast_head":"<!-- This site is optimized with the Yoast SEO plugin v27.3 - https:\/\/yoast.com\/product\/yoast-seo-wordpress\/ -->\n<title>Freier Kombinationsschalter f\u00fcr pneumatische oder elektrische Traktur - Organparts<\/title>\n<meta name=\"robots\" content=\"index, follow, max-snippet:-1, max-image-preview:large, max-video-preview:-1\" \/>\n<link rel=\"canonical\" href=\"https:\/\/organparts.info\/en\/produkt\/free-combination-switch-for-pneumatic-or-electric-tracker-action-masolat-2\/\" \/>\n<meta property=\"og:locale\" content=\"de_DE\" \/>\n<meta property=\"og:type\" content=\"article\" \/>\n<meta property=\"og:title\" content=\"Freier Kombinationsschalter f\u00fcr pneumatische oder elektrische Traktur - Organparts\" \/>\n<meta property=\"og:description\" content=\"Freier Kombinationsschalter f\u00fcr pneumatische oder elektrische Traktur rot 2 St \u00d8 15 x 20 mm mit \u00d8 2 mm Messingdraht Preis: netto 2,5 \u20ac\/St, zusammen 4 \u20ac\/ 2 St &nbsp; &nbsp;\" \/>\n<meta property=\"og:url\" content=\"https:\/\/organparts.info\/en\/produkt\/free-combination-switch-for-pneumatic-or-electric-tracker-action-masolat-2\/\" \/>\n<meta property=\"og:site_name\" content=\"Organparts\" \/>\n<meta property=\"article:modified_time\" content=\"2024-06-19T08:41:54+00:00\" \/>\n<meta property=\"og:image\" content=\"https:\/\/organparts.info\/wp-content\/uploads\/2024\/06\/1-119-scaled.jpg\" \/>\n\t<meta property=\"og:image:width\" content=\"689\" \/>\n\t<meta property=\"og:image:height\" content=\"2560\" \/>\n\t<meta property=\"og:image:type\" content=\"image\/jpeg\" \/>\n<meta name=\"twitter:card\" content=\"summary_large_image\" \/>\n<meta name=\"twitter:label1\" content=\"Gesch\u00e4tzte Lesezeit\" \/>\n\t<meta name=\"twitter:data1\" content=\"1\u00a0Minute\" \/>\n<script type=\"application\/ld+json\" class=\"yoast-schema-graph\">{\"@context\":\"https:\\\/\\\/schema.org\",\"@graph\":[{\"@type\":\"WebPage\",\"@id\":\"https:\\\/\\\/organparts.info\\\/en\\\/produkt\\\/free-combination-switch-for-pneumatic-or-electric-tracker-action-masolat-2\\\/\",\"url\":\"https:\\\/\\\/organparts.info\\\/en\\\/produkt\\\/free-combination-switch-for-pneumatic-or-electric-tracker-action-masolat-2\\\/\",\"name\":\"Freier Kombinationsschalter f\u00fcr pneumatische oder elektrische Traktur - Organparts\",\"isPartOf\":{\"@id\":\"https:\\\/\\\/organparts.info\\\/en\\\/#website\"},\"primaryImageOfPage\":{\"@id\":\"https:\\\/\\\/organparts.info\\\/en\\\/produkt\\\/free-combination-switch-for-pneumatic-or-electric-tracker-action-masolat-2\\\/#primaryimage\"},\"image\":{\"@id\":\"https:\\\/\\\/organparts.info\\\/en\\\/produkt\\\/free-combination-switch-for-pneumatic-or-electric-tracker-action-masolat-2\\\/#primaryimage\"},\"thumbnailUrl\":\"https:\\\/\\\/organparts.info\\\/wp-content\\\/uploads\\\/2024\\\/06\\\/1-119-scaled.jpg\",\"datePublished\":\"2024-06-19T08:34:07+00:00\",\"dateModified\":\"2024-06-19T08:41:54+00:00\",\"breadcrumb\":{\"@id\":\"https:\\\/\\\/organparts.info\\\/en\\\/produkt\\\/free-combination-switch-for-pneumatic-or-electric-tracker-action-masolat-2\\\/#breadcrumb\"},\"inLanguage\":\"de\",\"potentialAction\":[{\"@type\":\"ReadAction\",\"target\":[\"https:\\\/\\\/organparts.info\\\/en\\\/produkt\\\/free-combination-switch-for-pneumatic-or-electric-tracker-action-masolat-2\\\/\"]}]},{\"@type\":\"ImageObject\",\"inLanguage\":\"de\",\"@id\":\"https:\\\/\\\/organparts.info\\\/en\\\/produkt\\\/free-combination-switch-for-pneumatic-or-electric-tracker-action-masolat-2\\\/#primaryimage\",\"url\":\"https:\\\/\\\/organparts.info\\\/wp-content\\\/uploads\\\/2024\\\/06\\\/1-119-scaled.jpg\",\"contentUrl\":\"https:\\\/\\\/organparts.info\\\/wp-content\\\/uploads\\\/2024\\\/06\\\/1-119-scaled.jpg\",\"width\":689,\"height\":2560},{\"@type\":\"BreadcrumbList\",\"@id\":\"https:\\\/\\\/organparts.info\\\/en\\\/produkt\\\/free-combination-switch-for-pneumatic-or-electric-tracker-action-masolat-2\\\/#breadcrumb\",\"itemListElement\":[{\"@type\":\"ListItem\",\"position\":1,\"name\":\"Kezd\u0151lap\",\"item\":\"https:\\\/\\\/organparts.info\\\/de\\\/startseite\\\/\"},{\"@type\":\"ListItem\",\"position\":2,\"name\":\"Shop\",\"item\":\"https:\\\/\\\/organparts.info\\\/de\\\/shop\\\/\"},{\"@type\":\"ListItem\",\"position\":3,\"name\":\"Freier Kombinationsschalter f\u00fcr pneumatische oder elektrische Traktur\"}]},{\"@type\":\"WebSite\",\"@id\":\"https:\\\/\\\/organparts.info\\\/en\\\/#website\",\"url\":\"https:\\\/\\\/organparts.info\\\/en\\\/\",\"name\":\"Organparts\",\"description\":\"P\u00e9csi Orgona\u00e9p\u00edt\u0151 manufakt\u00fara\",\"publisher\":{\"@id\":\"https:\\\/\\\/organparts.info\\\/en\\\/#organization\"},\"potentialAction\":[{\"@type\":\"SearchAction\",\"target\":{\"@type\":\"EntryPoint\",\"urlTemplate\":\"https:\\\/\\\/organparts.info\\\/en\\\/?s={search_term_string}\"},\"query-input\":{\"@type\":\"PropertyValueSpecification\",\"valueRequired\":true,\"valueName\":\"search_term_string\"}}],\"inLanguage\":\"de\"},{\"@type\":\"Organization\",\"@id\":\"https:\\\/\\\/organparts.info\\\/en\\\/#organization\",\"name\":\"Organparts\",\"url\":\"https:\\\/\\\/organparts.info\\\/en\\\/\",\"logo\":{\"@type\":\"ImageObject\",\"inLanguage\":\"de\",\"@id\":\"https:\\\/\\\/organparts.info\\\/en\\\/#\\\/schema\\\/logo\\\/image\\\/\",\"url\":\"https:\\\/\\\/organparts.info\\\/wp-content\\\/uploads\\\/2022\\\/05\\\/organparts-logo-1439380658.jpg\",\"contentUrl\":\"https:\\\/\\\/organparts.info\\\/wp-content\\\/uploads\\\/2022\\\/05\\\/organparts-logo-1439380658.jpg\",\"width\":270,\"height\":92,\"caption\":\"Organparts\"},\"image\":{\"@id\":\"https:\\\/\\\/organparts.info\\\/en\\\/#\\\/schema\\\/logo\\\/image\\\/\"}}]}<\/script>\n<!-- \/ Yoast SEO plugin. -->","yoast_head_json":{"title":"Freier Kombinationsschalter f\u00fcr pneumatische oder elektrische Traktur - Organparts","robots":{"index":"index","follow":"follow","max-snippet":"max-snippet:-1","max-image-preview":"max-image-preview:large","max-video-preview":"max-video-preview:-1"},"canonical":"https:\/\/organparts.info\/en\/produkt\/free-combination-switch-for-pneumatic-or-electric-tracker-action-masolat-2\/","og_locale":"de_DE","og_type":"article","og_title":"Freier Kombinationsschalter f\u00fcr pneumatische oder elektrische Traktur - Organparts","og_description":"Freier Kombinationsschalter f\u00fcr pneumatische oder elektrische Traktur rot 2 St \u00d8 15 x 20 mm mit \u00d8 2 mm Messingdraht Preis: netto 2,5 \u20ac\/St, zusammen 4 \u20ac\/ 2 St &nbsp; &nbsp;","og_url":"https:\/\/organparts.info\/en\/produkt\/free-combination-switch-for-pneumatic-or-electric-tracker-action-masolat-2\/","og_site_name":"Organparts","article_modified_time":"2024-06-19T08:41:54+00:00","og_image":[{"width":689,"height":2560,"url":"https:\/\/organparts.info\/wp-content\/uploads\/2024\/06\/1-119-scaled.jpg","type":"image\/jpeg"}],"twitter_card":"summary_large_image","twitter_misc":{"Gesch\u00e4tzte Lesezeit":"1\u00a0Minute"},"schema":{"@context":"https:\/\/schema.org","@graph":[{"@type":"WebPage","@id":"https:\/\/organparts.info\/en\/produkt\/free-combination-switch-for-pneumatic-or-electric-tracker-action-masolat-2\/","url":"https:\/\/organparts.info\/en\/produkt\/free-combination-switch-for-pneumatic-or-electric-tracker-action-masolat-2\/","name":"Freier Kombinationsschalter f\u00fcr pneumatische oder elektrische Traktur - Organparts","isPartOf":{"@id":"https:\/\/organparts.info\/en\/#website"},"primaryImageOfPage":{"@id":"https:\/\/organparts.info\/en\/produkt\/free-combination-switch-for-pneumatic-or-electric-tracker-action-masolat-2\/#primaryimage"},"image":{"@id":"https:\/\/organparts.info\/en\/produkt\/free-combination-switch-for-pneumatic-or-electric-tracker-action-masolat-2\/#primaryimage"},"thumbnailUrl":"https:\/\/organparts.info\/wp-content\/uploads\/2024\/06\/1-119-scaled.jpg","datePublished":"2024-06-19T08:34:07+00:00","dateModified":"2024-06-19T08:41:54+00:00","breadcrumb":{"@id":"https:\/\/organparts.info\/en\/produkt\/free-combination-switch-for-pneumatic-or-electric-tracker-action-masolat-2\/#breadcrumb"},"inLanguage":"de","potentialAction":[{"@type":"ReadAction","target":["https:\/\/organparts.info\/en\/produkt\/free-combination-switch-for-pneumatic-or-electric-tracker-action-masolat-2\/"]}]},{"@type":"ImageObject","inLanguage":"de","@id":"https:\/\/organparts.info\/en\/produkt\/free-combination-switch-for-pneumatic-or-electric-tracker-action-masolat-2\/#primaryimage","url":"https:\/\/organparts.info\/wp-content\/uploads\/2024\/06\/1-119-scaled.jpg","contentUrl":"https:\/\/organparts.info\/wp-content\/uploads\/2024\/06\/1-119-scaled.jpg","width":689,"height":2560},{"@type":"BreadcrumbList","@id":"https:\/\/organparts.info\/en\/produkt\/free-combination-switch-for-pneumatic-or-electric-tracker-action-masolat-2\/#breadcrumb","itemListElement":[{"@type":"ListItem","position":1,"name":"Kezd\u0151lap","item":"https:\/\/organparts.info\/de\/startseite\/"},{"@type":"ListItem","position":2,"name":"Shop","item":"https:\/\/organparts.info\/de\/shop\/"},{"@type":"ListItem","position":3,"name":"Freier Kombinationsschalter f\u00fcr pneumatische oder elektrische Traktur"}]},{"@type":"WebSite","@id":"https:\/\/organparts.info\/en\/#website","url":"https:\/\/organparts.info\/en\/","name":"Organparts","description":"P\u00e9csi Orgona\u00e9p\u00edt\u0151 manufakt\u00fara","publisher":{"@id":"https:\/\/organparts.info\/en\/#organization"},"potentialAction":[{"@type":"SearchAction","target":{"@type":"EntryPoint","urlTemplate":"https:\/\/organparts.info\/en\/?s={search_term_string}"},"query-input":{"@type":"PropertyValueSpecification","valueRequired":true,"valueName":"search_term_string"}}],"inLanguage":"de"},{"@type":"Organization","@id":"https:\/\/organparts.info\/en\/#organization","name":"Organparts","url":"https:\/\/organparts.info\/en\/","logo":{"@type":"ImageObject","inLanguage":"de","@id":"https:\/\/organparts.info\/en\/#\/schema\/logo\/image\/","url":"https:\/\/organparts.info\/wp-content\/uploads\/2022\/05\/organparts-logo-1439380658.jpg","contentUrl":"https:\/\/organparts.info\/wp-content\/uploads\/2022\/05\/organparts-logo-1439380658.jpg","width":270,"height":92,"caption":"Organparts"},"image":{"@id":"https:\/\/organparts.info\/en\/#\/schema\/logo\/image\/"}}]}},"_links":{"self":[{"href":"https:\/\/organparts.info\/de\/wp-json\/wp\/v2\/product\/104815","targetHints":{"allow":["GET"]}}],"collection":[{"href":"https:\/\/organparts.info\/de\/wp-json\/wp\/v2\/product"}],"about":[{"href":"https:\/\/organparts.info\/de\/wp-json\/wp\/v2\/types\/product"}],"replies":[{"embeddable":true,"href":"https:\/\/organparts.info\/de\/wp-json\/wp\/v2\/comments?post=104815"}],"wp:featuredmedia":[{"embeddable":true,"href":"https:\/\/organparts.info\/de\/wp-json\/wp\/v2\/media\/104818"}],"wp:attachment":[{"href":"https:\/\/organparts.info\/de\/wp-json\/wp\/v2\/media?parent=104815"}],"wp:term":[{"taxonomy":"product_brand","embeddable":true,"href":"https:\/\/organparts.info\/de\/wp-json\/wp\/v2\/product_brand?post=104815"},{"taxonomy":"product_cat","embeddable":true,"href":"https:\/\/organparts.info\/de\/wp-json\/wp\/v2\/product_cat?post=104815"},{"taxonomy":"product_tag","embeddable":true,"href":"https:\/\/organparts.info\/de\/wp-json\/wp\/v2\/product_tag?post=104815"}],"curies":[{"name":"wp","href":"https:\/\/api.w.org\/{rel}","templated":true}]}}