{"id":104425,"date":"2024-06-12T07:00:33","date_gmt":"2024-06-12T07:00:33","guid":{"rendered":"https:\/\/organparts.info\/?post_type=product&#038;p=104425"},"modified":"2025-03-31T15:22:54","modified_gmt":"2025-03-31T15:22:54","slug":"pedalklaviatura-es-pad","status":"publish","type":"product","link":"https:\/\/organparts.info\/de\/produkt\/pedalklaviatura-es-pad\/","title":{"rendered":"Ped\u00e1lklaviat\u00fara \u00e9s pad"},"content":{"rendered":"<p><em><strong>Ped\u00e1lklaviat\u00fara<\/strong><br \/>\n<\/em>t\u00f6lgy keret, billenty\u0171-alapl\u00e9c feny\u0151, t\u00f6lgy felt\u00e9t, 27 hang, h\u00e1ts\u00f3 rug\u00f3<br \/>\nsz\u00e9less\u00e9g: 1080 mm<br \/>\nhossz: 700 mm<br \/>\nmagass\u00e1g: 125 mm<br \/>\ngang: 17 mm<br \/>\nC-d\u2019 t\u00e1vols\u00e1g: 975 mm<br \/>\nbillenty\u0171oszt\u00e1s: 32,5 mm<br \/>\nbillenty\u0171bel\u00f3g\u00e1s: 73 mm<\/p>\n<p><strong><em>Pad<\/em><\/strong><br \/>\n\u00fcl\u0151lap fel\u00fclet: 900&#215;360 mm<br \/>\nmagass\u00e1g: 640 mm<br \/>\naz \u00fcl\u0151lap el\u0151re-h\u00e1tra mozgathat\u00f3<\/p>\n","protected":false},"excerpt":{"rendered":"<p>Ped\u00e1lklaviat\u00fara t\u00f6lgy keret, billenty\u0171-alapl\u00e9c feny\u0151, t\u00f6lgy felt\u00e9t, 27 hang, h\u00e1ts\u00f3 rug\u00f3 sz\u00e9less\u00e9g: 1080 mm hossz: 700 mm magass\u00e1g: 125 mm gang: 17 mm C-d\u2019 t\u00e1vols\u00e1g: 975 mm billenty\u0171oszt\u00e1s: 32,5 mm billenty\u0171bel\u00f3g\u00e1s: 73 mm Pad \u00fcl\u0151lap fel\u00fclet: 900&#215;360 mm magass\u00e1g: 640 mm az \u00fcl\u0151lap el\u0151re-h\u00e1tra mozgathat\u00f3<\/p>\n","protected":false},"featured_media":104428,"comment_status":"open","ping_status":"closed","template":"","meta":{"_et_pb_use_builder":"","_et_pb_old_content":"","_et_gb_content_width":""},"product_brand":[],"product_cat":[262,340],"product_tag":[],"class_list":{"0":"post-104425","1":"product","2":"type-product","3":"status-publish","4":"has-post-thumbnail","6":"product_cat-hasznalt-termekek","7":"product_cat-pedal-klaviaturak","9":"first","10":"instock","11":"taxable","12":"shipping-taxable","13":"purchasable","14":"product-type-simple"},"exclude_global_add_ons":[],"addons":[],"yoast_head":"<!-- This site is optimized with the Yoast SEO plugin v27.2 - https:\/\/yoast.com\/product\/yoast-seo-wordpress\/ -->\n<title>Ped\u00e1lklaviat\u00fara \u00e9s pad - Organparts<\/title>\n<meta name=\"robots\" content=\"index, follow, max-snippet:-1, max-image-preview:large, max-video-preview:-1\" \/>\n<link rel=\"canonical\" href=\"https:\/\/organparts.info\/termek\/pedalklaviatura-es-pad\/\" \/>\n<meta property=\"og:locale\" content=\"de_DE\" \/>\n<meta property=\"og:type\" content=\"article\" \/>\n<meta property=\"og:title\" content=\"Ped\u00e1lklaviat\u00fara \u00e9s pad - Organparts\" \/>\n<meta property=\"og:description\" content=\"Ped\u00e1lklaviat\u00fara t\u00f6lgy keret, billenty\u0171-alapl\u00e9c feny\u0151, t\u00f6lgy felt\u00e9t, 27 hang, h\u00e1ts\u00f3 rug\u00f3 sz\u00e9less\u00e9g: 1080 mm hossz: 700 mm magass\u00e1g: 125 mm gang: 17 mm C-d\u2019 t\u00e1vols\u00e1g: 975 mm billenty\u0171oszt\u00e1s: 32,5 mm billenty\u0171bel\u00f3g\u00e1s: 73 mm Pad \u00fcl\u0151lap fel\u00fclet: 900&#215;360 mm magass\u00e1g: 640 mm az \u00fcl\u0151lap el\u0151re-h\u00e1tra mozgathat\u00f3\" \/>\n<meta property=\"og:url\" content=\"https:\/\/organparts.info\/termek\/pedalklaviatura-es-pad\/\" \/>\n<meta property=\"og:site_name\" content=\"Organparts\" \/>\n<meta property=\"article:modified_time\" content=\"2025-03-31T15:22:54+00:00\" \/>\n<meta property=\"og:image\" content=\"https:\/\/organparts.info\/wp-content\/uploads\/2024\/06\/1-83.jpg\" \/>\n\t<meta property=\"og:image:width\" content=\"850\" \/>\n\t<meta property=\"og:image:height\" content=\"781\" \/>\n\t<meta property=\"og:image:type\" content=\"image\/jpeg\" \/>\n<meta name=\"twitter:card\" content=\"summary_large_image\" \/>\n<meta name=\"twitter:label1\" content=\"Gesch\u00e4tzte Lesezeit\" \/>\n\t<meta name=\"twitter:data1\" content=\"1\u00a0Minute\" \/>\n<script type=\"application\/ld+json\" class=\"yoast-schema-graph\">{\"@context\":\"https:\/\/schema.org\",\"@graph\":[{\"@type\":\"WebPage\",\"@id\":\"https:\/\/organparts.info\/termek\/pedalklaviatura-es-pad\/\",\"url\":\"https:\/\/organparts.info\/termek\/pedalklaviatura-es-pad\/\",\"name\":\"Ped\u00e1lklaviat\u00fara \u00e9s pad - Organparts\",\"isPartOf\":{\"@id\":\"https:\/\/organparts.info\/en\/#website\"},\"primaryImageOfPage\":{\"@id\":\"https:\/\/organparts.info\/termek\/pedalklaviatura-es-pad\/#primaryimage\"},\"image\":{\"@id\":\"https:\/\/organparts.info\/termek\/pedalklaviatura-es-pad\/#primaryimage\"},\"thumbnailUrl\":\"https:\/\/organparts.info\/wp-content\/uploads\/2024\/06\/1-83.jpg\",\"datePublished\":\"2024-06-12T07:00:33+00:00\",\"dateModified\":\"2025-03-31T15:22:54+00:00\",\"breadcrumb\":{\"@id\":\"https:\/\/organparts.info\/termek\/pedalklaviatura-es-pad\/#breadcrumb\"},\"inLanguage\":\"de\",\"potentialAction\":[{\"@type\":\"ReadAction\",\"target\":[\"https:\/\/organparts.info\/termek\/pedalklaviatura-es-pad\/\"]}]},{\"@type\":\"ImageObject\",\"inLanguage\":\"de\",\"@id\":\"https:\/\/organparts.info\/termek\/pedalklaviatura-es-pad\/#primaryimage\",\"url\":\"https:\/\/organparts.info\/wp-content\/uploads\/2024\/06\/1-83.jpg\",\"contentUrl\":\"https:\/\/organparts.info\/wp-content\/uploads\/2024\/06\/1-83.jpg\",\"width\":850,\"height\":781},{\"@type\":\"BreadcrumbList\",\"@id\":\"https:\/\/organparts.info\/termek\/pedalklaviatura-es-pad\/#breadcrumb\",\"itemListElement\":[{\"@type\":\"ListItem\",\"position\":1,\"name\":\"Kezd\u0151lap\",\"item\":\"https:\/\/organparts.info\/de\/startseite\/\"},{\"@type\":\"ListItem\",\"position\":2,\"name\":\"Shop\",\"item\":\"https:\/\/organparts.info\/de\/shop\/\"},{\"@type\":\"ListItem\",\"position\":3,\"name\":\"Ped\u00e1lklaviat\u00fara \u00e9s pad\"}]},{\"@type\":\"WebSite\",\"@id\":\"https:\/\/organparts.info\/en\/#website\",\"url\":\"https:\/\/organparts.info\/en\/\",\"name\":\"Organparts\",\"description\":\"P\u00e9csi Orgona\u00e9p\u00edt\u0151 manufakt\u00fara\",\"publisher\":{\"@id\":\"https:\/\/organparts.info\/en\/#organization\"},\"potentialAction\":[{\"@type\":\"SearchAction\",\"target\":{\"@type\":\"EntryPoint\",\"urlTemplate\":\"https:\/\/organparts.info\/en\/?s={search_term_string}\"},\"query-input\":{\"@type\":\"PropertyValueSpecification\",\"valueRequired\":true,\"valueName\":\"search_term_string\"}}],\"inLanguage\":\"de\"},{\"@type\":\"Organization\",\"@id\":\"https:\/\/organparts.info\/en\/#organization\",\"name\":\"Organparts\",\"url\":\"https:\/\/organparts.info\/en\/\",\"logo\":{\"@type\":\"ImageObject\",\"inLanguage\":\"de\",\"@id\":\"https:\/\/organparts.info\/en\/#\/schema\/logo\/image\/\",\"url\":\"https:\/\/organparts.info\/wp-content\/uploads\/2022\/05\/organparts-logo-1439380658.jpg\",\"contentUrl\":\"https:\/\/organparts.info\/wp-content\/uploads\/2022\/05\/organparts-logo-1439380658.jpg\",\"width\":270,\"height\":92,\"caption\":\"Organparts\"},\"image\":{\"@id\":\"https:\/\/organparts.info\/en\/#\/schema\/logo\/image\/\"}}]}<\/script>\n<!-- \/ Yoast SEO plugin. -->","yoast_head_json":{"title":"Ped\u00e1lklaviat\u00fara \u00e9s pad - Organparts","robots":{"index":"index","follow":"follow","max-snippet":"max-snippet:-1","max-image-preview":"max-image-preview:large","max-video-preview":"max-video-preview:-1"},"canonical":"https:\/\/organparts.info\/termek\/pedalklaviatura-es-pad\/","og_locale":"de_DE","og_type":"article","og_title":"Ped\u00e1lklaviat\u00fara \u00e9s pad - Organparts","og_description":"Ped\u00e1lklaviat\u00fara t\u00f6lgy keret, billenty\u0171-alapl\u00e9c feny\u0151, t\u00f6lgy felt\u00e9t, 27 hang, h\u00e1ts\u00f3 rug\u00f3 sz\u00e9less\u00e9g: 1080 mm hossz: 700 mm magass\u00e1g: 125 mm gang: 17 mm C-d\u2019 t\u00e1vols\u00e1g: 975 mm billenty\u0171oszt\u00e1s: 32,5 mm billenty\u0171bel\u00f3g\u00e1s: 73 mm Pad \u00fcl\u0151lap fel\u00fclet: 900&#215;360 mm magass\u00e1g: 640 mm az \u00fcl\u0151lap el\u0151re-h\u00e1tra mozgathat\u00f3","og_url":"https:\/\/organparts.info\/termek\/pedalklaviatura-es-pad\/","og_site_name":"Organparts","article_modified_time":"2025-03-31T15:22:54+00:00","og_image":[{"width":850,"height":781,"url":"https:\/\/organparts.info\/wp-content\/uploads\/2024\/06\/1-83.jpg","type":"image\/jpeg"}],"twitter_card":"summary_large_image","twitter_misc":{"Gesch\u00e4tzte Lesezeit":"1\u00a0Minute"},"schema":{"@context":"https:\/\/schema.org","@graph":[{"@type":"WebPage","@id":"https:\/\/organparts.info\/termek\/pedalklaviatura-es-pad\/","url":"https:\/\/organparts.info\/termek\/pedalklaviatura-es-pad\/","name":"Ped\u00e1lklaviat\u00fara \u00e9s pad - Organparts","isPartOf":{"@id":"https:\/\/organparts.info\/en\/#website"},"primaryImageOfPage":{"@id":"https:\/\/organparts.info\/termek\/pedalklaviatura-es-pad\/#primaryimage"},"image":{"@id":"https:\/\/organparts.info\/termek\/pedalklaviatura-es-pad\/#primaryimage"},"thumbnailUrl":"https:\/\/organparts.info\/wp-content\/uploads\/2024\/06\/1-83.jpg","datePublished":"2024-06-12T07:00:33+00:00","dateModified":"2025-03-31T15:22:54+00:00","breadcrumb":{"@id":"https:\/\/organparts.info\/termek\/pedalklaviatura-es-pad\/#breadcrumb"},"inLanguage":"de","potentialAction":[{"@type":"ReadAction","target":["https:\/\/organparts.info\/termek\/pedalklaviatura-es-pad\/"]}]},{"@type":"ImageObject","inLanguage":"de","@id":"https:\/\/organparts.info\/termek\/pedalklaviatura-es-pad\/#primaryimage","url":"https:\/\/organparts.info\/wp-content\/uploads\/2024\/06\/1-83.jpg","contentUrl":"https:\/\/organparts.info\/wp-content\/uploads\/2024\/06\/1-83.jpg","width":850,"height":781},{"@type":"BreadcrumbList","@id":"https:\/\/organparts.info\/termek\/pedalklaviatura-es-pad\/#breadcrumb","itemListElement":[{"@type":"ListItem","position":1,"name":"Kezd\u0151lap","item":"https:\/\/organparts.info\/de\/startseite\/"},{"@type":"ListItem","position":2,"name":"Shop","item":"https:\/\/organparts.info\/de\/shop\/"},{"@type":"ListItem","position":3,"name":"Ped\u00e1lklaviat\u00fara \u00e9s pad"}]},{"@type":"WebSite","@id":"https:\/\/organparts.info\/en\/#website","url":"https:\/\/organparts.info\/en\/","name":"Organparts","description":"P\u00e9csi Orgona\u00e9p\u00edt\u0151 manufakt\u00fara","publisher":{"@id":"https:\/\/organparts.info\/en\/#organization"},"potentialAction":[{"@type":"SearchAction","target":{"@type":"EntryPoint","urlTemplate":"https:\/\/organparts.info\/en\/?s={search_term_string}"},"query-input":{"@type":"PropertyValueSpecification","valueRequired":true,"valueName":"search_term_string"}}],"inLanguage":"de"},{"@type":"Organization","@id":"https:\/\/organparts.info\/en\/#organization","name":"Organparts","url":"https:\/\/organparts.info\/en\/","logo":{"@type":"ImageObject","inLanguage":"de","@id":"https:\/\/organparts.info\/en\/#\/schema\/logo\/image\/","url":"https:\/\/organparts.info\/wp-content\/uploads\/2022\/05\/organparts-logo-1439380658.jpg","contentUrl":"https:\/\/organparts.info\/wp-content\/uploads\/2022\/05\/organparts-logo-1439380658.jpg","width":270,"height":92,"caption":"Organparts"},"image":{"@id":"https:\/\/organparts.info\/en\/#\/schema\/logo\/image\/"}}]}},"_links":{"self":[{"href":"https:\/\/organparts.info\/de\/wp-json\/wp\/v2\/product\/104425","targetHints":{"allow":["GET"]}}],"collection":[{"href":"https:\/\/organparts.info\/de\/wp-json\/wp\/v2\/product"}],"about":[{"href":"https:\/\/organparts.info\/de\/wp-json\/wp\/v2\/types\/product"}],"replies":[{"embeddable":true,"href":"https:\/\/organparts.info\/de\/wp-json\/wp\/v2\/comments?post=104425"}],"wp:featuredmedia":[{"embeddable":true,"href":"https:\/\/organparts.info\/de\/wp-json\/wp\/v2\/media\/104428"}],"wp:attachment":[{"href":"https:\/\/organparts.info\/de\/wp-json\/wp\/v2\/media?parent=104425"}],"wp:term":[{"taxonomy":"product_brand","embeddable":true,"href":"https:\/\/organparts.info\/de\/wp-json\/wp\/v2\/product_brand?post=104425"},{"taxonomy":"product_cat","embeddable":true,"href":"https:\/\/organparts.info\/de\/wp-json\/wp\/v2\/product_cat?post=104425"},{"taxonomy":"product_tag","embeddable":true,"href":"https:\/\/organparts.info\/de\/wp-json\/wp\/v2\/product_tag?post=104425"}],"curies":[{"name":"wp","href":"https:\/\/api.w.org\/{rel}","templated":true}]}}