{"id":104348,"date":"2024-06-12T06:13:30","date_gmt":"2024-06-12T06:13:30","guid":{"rendered":"https:\/\/organparts.info\/?post_type=product&#038;p=104348"},"modified":"2024-06-12T06:23:13","modified_gmt":"2024-06-12T06:23:13","slug":"pedalklaviatur-rahmen-aus-eiche-grundleiste-aus-fichte-eichenbelag-gerade-parallel-27-tasten-hinten-feder-masolat","status":"publish","type":"product","link":"https:\/\/organparts.info\/de\/produkt\/pedalklaviatur-rahmen-aus-eiche-grundleiste-aus-fichte-eichenbelag-gerade-parallel-27-tasten-hinten-feder-masolat\/","title":{"rendered":"Pedalklaviatur, Eichenrahmen, Grundleiste aus Fichte, Eichenbelag, gerade, parallel, 30 Tasten, hinten Feder"},"content":{"rendered":"<p>Pedalklaviatur, Eichenrahmen, Grundleiste aus Fichte, Eichenbelag, gerade, parallel, 30 Tasten, hinten Feder<br \/>\nBreite: 1185 mm<br \/>\nL\u00e4nge: 725 mm<br \/>\nH\u00f6he: 127 mm<br \/>\nGang: 25 mm<br \/>\nC-f \u2019 Entfernung: 1098 mm<br \/>\nTastenteilung: 32,5 mm<br \/>\nTasten\u00fcberstand: 80 mm<\/p>\n","protected":false},"excerpt":{"rendered":"<p>Pedalklaviatur, Eichenrahmen, Grundleiste aus Fichte, Eichenbelag, gerade, parallel, 30 Tasten, hinten Feder Breite: 1185 mm L\u00e4nge: 725 mm H\u00f6he: 127 mm Gang: 25 mm C-f \u2019 Entfernung: 1098 mm Tastenteilung: 32,5 mm Tasten\u00fcberstand: 80 mm<\/p>\n","protected":false},"featured_media":104351,"comment_status":"open","ping_status":"closed","template":"","meta":{"_et_pb_use_builder":"","_et_pb_old_content":"","_et_gb_content_width":""},"product_brand":[],"product_cat":[263,356],"product_tag":[],"class_list":{"0":"post-104348","1":"product","2":"type-product","3":"status-publish","4":"has-post-thumbnail","6":"product_cat-gebrauchte-produkte","7":"product_cat-pedalklaviaturen","9":"first","10":"instock","11":"taxable","12":"shipping-taxable","13":"purchasable","14":"product-type-simple"},"exclude_global_add_ons":[],"addons":[],"yoast_head":"<!-- This site is optimized with the Yoast SEO plugin v27.2 - https:\/\/yoast.com\/product\/yoast-seo-wordpress\/ -->\n<title>Pedalklaviatur, Eichenrahmen, Grundleiste aus Fichte, Eichenbelag, gerade, parallel, 30 Tasten, hinten Feder - Organparts<\/title>\n<meta name=\"robots\" content=\"index, follow, max-snippet:-1, max-image-preview:large, max-video-preview:-1\" \/>\n<link rel=\"canonical\" href=\"https:\/\/organparts.info\/en\/produkt\/pedalboard-oak-frame-pine-basebar-oak-cover-flat-parallel-27-notes-rear-spring-masolat\/\" \/>\n<meta property=\"og:locale\" content=\"de_DE\" \/>\n<meta property=\"og:type\" content=\"article\" \/>\n<meta property=\"og:title\" content=\"Pedalklaviatur, Eichenrahmen, Grundleiste aus Fichte, Eichenbelag, gerade, parallel, 30 Tasten, hinten Feder - Organparts\" \/>\n<meta property=\"og:description\" content=\"Pedalklaviatur, Eichenrahmen, Grundleiste aus Fichte, Eichenbelag, gerade, parallel, 30 Tasten, hinten Feder Breite: 1185 mm L\u00e4nge: 725 mm H\u00f6he: 127 mm Gang: 25 mm C-f \u2019 Entfernung: 1098 mm Tastenteilung: 32,5 mm Tasten\u00fcberstand: 80 mm\" \/>\n<meta property=\"og:url\" content=\"https:\/\/organparts.info\/en\/produkt\/pedalboard-oak-frame-pine-basebar-oak-cover-flat-parallel-27-notes-rear-spring-masolat\/\" \/>\n<meta property=\"og:site_name\" content=\"Organparts\" \/>\n<meta property=\"article:modified_time\" content=\"2024-06-12T06:23:13+00:00\" \/>\n<meta property=\"og:image\" content=\"https:\/\/organparts.info\/wp-content\/uploads\/2024\/06\/1-77.jpg\" \/>\n\t<meta property=\"og:image:width\" content=\"1100\" \/>\n\t<meta property=\"og:image:height\" content=\"680\" \/>\n\t<meta property=\"og:image:type\" content=\"image\/jpeg\" \/>\n<meta name=\"twitter:card\" content=\"summary_large_image\" \/>\n<meta name=\"twitter:label1\" content=\"Gesch\u00e4tzte Lesezeit\" \/>\n\t<meta name=\"twitter:data1\" content=\"1\u00a0Minute\" \/>\n<script type=\"application\/ld+json\" class=\"yoast-schema-graph\">{\"@context\":\"https:\/\/schema.org\",\"@graph\":[{\"@type\":\"WebPage\",\"@id\":\"https:\/\/organparts.info\/en\/produkt\/pedalboard-oak-frame-pine-basebar-oak-cover-flat-parallel-27-notes-rear-spring-masolat\/\",\"url\":\"https:\/\/organparts.info\/en\/produkt\/pedalboard-oak-frame-pine-basebar-oak-cover-flat-parallel-27-notes-rear-spring-masolat\/\",\"name\":\"Pedalklaviatur, Eichenrahmen, Grundleiste aus Fichte, Eichenbelag, gerade, parallel, 30 Tasten, hinten Feder - Organparts\",\"isPartOf\":{\"@id\":\"https:\/\/organparts.info\/en\/#website\"},\"primaryImageOfPage\":{\"@id\":\"https:\/\/organparts.info\/en\/produkt\/pedalboard-oak-frame-pine-basebar-oak-cover-flat-parallel-27-notes-rear-spring-masolat\/#primaryimage\"},\"image\":{\"@id\":\"https:\/\/organparts.info\/en\/produkt\/pedalboard-oak-frame-pine-basebar-oak-cover-flat-parallel-27-notes-rear-spring-masolat\/#primaryimage\"},\"thumbnailUrl\":\"https:\/\/organparts.info\/wp-content\/uploads\/2024\/06\/1-77.jpg\",\"datePublished\":\"2024-06-12T06:13:30+00:00\",\"dateModified\":\"2024-06-12T06:23:13+00:00\",\"breadcrumb\":{\"@id\":\"https:\/\/organparts.info\/en\/produkt\/pedalboard-oak-frame-pine-basebar-oak-cover-flat-parallel-27-notes-rear-spring-masolat\/#breadcrumb\"},\"inLanguage\":\"de\",\"potentialAction\":[{\"@type\":\"ReadAction\",\"target\":[\"https:\/\/organparts.info\/en\/produkt\/pedalboard-oak-frame-pine-basebar-oak-cover-flat-parallel-27-notes-rear-spring-masolat\/\"]}]},{\"@type\":\"ImageObject\",\"inLanguage\":\"de\",\"@id\":\"https:\/\/organparts.info\/en\/produkt\/pedalboard-oak-frame-pine-basebar-oak-cover-flat-parallel-27-notes-rear-spring-masolat\/#primaryimage\",\"url\":\"https:\/\/organparts.info\/wp-content\/uploads\/2024\/06\/1-77.jpg\",\"contentUrl\":\"https:\/\/organparts.info\/wp-content\/uploads\/2024\/06\/1-77.jpg\",\"width\":1100,\"height\":680},{\"@type\":\"BreadcrumbList\",\"@id\":\"https:\/\/organparts.info\/en\/produkt\/pedalboard-oak-frame-pine-basebar-oak-cover-flat-parallel-27-notes-rear-spring-masolat\/#breadcrumb\",\"itemListElement\":[{\"@type\":\"ListItem\",\"position\":1,\"name\":\"Kezd\u0151lap\",\"item\":\"https:\/\/organparts.info\/de\/startseite\/\"},{\"@type\":\"ListItem\",\"position\":2,\"name\":\"Shop\",\"item\":\"https:\/\/organparts.info\/de\/shop\/\"},{\"@type\":\"ListItem\",\"position\":3,\"name\":\"Pedalklaviatur, Eichenrahmen, Grundleiste aus Fichte, Eichenbelag, gerade, parallel, 30 Tasten, hinten Feder\"}]},{\"@type\":\"WebSite\",\"@id\":\"https:\/\/organparts.info\/en\/#website\",\"url\":\"https:\/\/organparts.info\/en\/\",\"name\":\"Organparts\",\"description\":\"P\u00e9csi Orgona\u00e9p\u00edt\u0151 manufakt\u00fara\",\"publisher\":{\"@id\":\"https:\/\/organparts.info\/en\/#organization\"},\"potentialAction\":[{\"@type\":\"SearchAction\",\"target\":{\"@type\":\"EntryPoint\",\"urlTemplate\":\"https:\/\/organparts.info\/en\/?s={search_term_string}\"},\"query-input\":{\"@type\":\"PropertyValueSpecification\",\"valueRequired\":true,\"valueName\":\"search_term_string\"}}],\"inLanguage\":\"de\"},{\"@type\":\"Organization\",\"@id\":\"https:\/\/organparts.info\/en\/#organization\",\"name\":\"Organparts\",\"url\":\"https:\/\/organparts.info\/en\/\",\"logo\":{\"@type\":\"ImageObject\",\"inLanguage\":\"de\",\"@id\":\"https:\/\/organparts.info\/en\/#\/schema\/logo\/image\/\",\"url\":\"https:\/\/organparts.info\/wp-content\/uploads\/2022\/05\/organparts-logo-1439380658.jpg\",\"contentUrl\":\"https:\/\/organparts.info\/wp-content\/uploads\/2022\/05\/organparts-logo-1439380658.jpg\",\"width\":270,\"height\":92,\"caption\":\"Organparts\"},\"image\":{\"@id\":\"https:\/\/organparts.info\/en\/#\/schema\/logo\/image\/\"}}]}<\/script>\n<!-- \/ Yoast SEO plugin. -->","yoast_head_json":{"title":"Pedalklaviatur, Eichenrahmen, Grundleiste aus Fichte, Eichenbelag, gerade, parallel, 30 Tasten, hinten Feder - Organparts","robots":{"index":"index","follow":"follow","max-snippet":"max-snippet:-1","max-image-preview":"max-image-preview:large","max-video-preview":"max-video-preview:-1"},"canonical":"https:\/\/organparts.info\/en\/produkt\/pedalboard-oak-frame-pine-basebar-oak-cover-flat-parallel-27-notes-rear-spring-masolat\/","og_locale":"de_DE","og_type":"article","og_title":"Pedalklaviatur, Eichenrahmen, Grundleiste aus Fichte, Eichenbelag, gerade, parallel, 30 Tasten, hinten Feder - Organparts","og_description":"Pedalklaviatur, Eichenrahmen, Grundleiste aus Fichte, Eichenbelag, gerade, parallel, 30 Tasten, hinten Feder Breite: 1185 mm L\u00e4nge: 725 mm H\u00f6he: 127 mm Gang: 25 mm C-f \u2019 Entfernung: 1098 mm Tastenteilung: 32,5 mm Tasten\u00fcberstand: 80 mm","og_url":"https:\/\/organparts.info\/en\/produkt\/pedalboard-oak-frame-pine-basebar-oak-cover-flat-parallel-27-notes-rear-spring-masolat\/","og_site_name":"Organparts","article_modified_time":"2024-06-12T06:23:13+00:00","og_image":[{"width":1100,"height":680,"url":"https:\/\/organparts.info\/wp-content\/uploads\/2024\/06\/1-77.jpg","type":"image\/jpeg"}],"twitter_card":"summary_large_image","twitter_misc":{"Gesch\u00e4tzte Lesezeit":"1\u00a0Minute"},"schema":{"@context":"https:\/\/schema.org","@graph":[{"@type":"WebPage","@id":"https:\/\/organparts.info\/en\/produkt\/pedalboard-oak-frame-pine-basebar-oak-cover-flat-parallel-27-notes-rear-spring-masolat\/","url":"https:\/\/organparts.info\/en\/produkt\/pedalboard-oak-frame-pine-basebar-oak-cover-flat-parallel-27-notes-rear-spring-masolat\/","name":"Pedalklaviatur, Eichenrahmen, Grundleiste aus Fichte, Eichenbelag, gerade, parallel, 30 Tasten, hinten Feder - Organparts","isPartOf":{"@id":"https:\/\/organparts.info\/en\/#website"},"primaryImageOfPage":{"@id":"https:\/\/organparts.info\/en\/produkt\/pedalboard-oak-frame-pine-basebar-oak-cover-flat-parallel-27-notes-rear-spring-masolat\/#primaryimage"},"image":{"@id":"https:\/\/organparts.info\/en\/produkt\/pedalboard-oak-frame-pine-basebar-oak-cover-flat-parallel-27-notes-rear-spring-masolat\/#primaryimage"},"thumbnailUrl":"https:\/\/organparts.info\/wp-content\/uploads\/2024\/06\/1-77.jpg","datePublished":"2024-06-12T06:13:30+00:00","dateModified":"2024-06-12T06:23:13+00:00","breadcrumb":{"@id":"https:\/\/organparts.info\/en\/produkt\/pedalboard-oak-frame-pine-basebar-oak-cover-flat-parallel-27-notes-rear-spring-masolat\/#breadcrumb"},"inLanguage":"de","potentialAction":[{"@type":"ReadAction","target":["https:\/\/organparts.info\/en\/produkt\/pedalboard-oak-frame-pine-basebar-oak-cover-flat-parallel-27-notes-rear-spring-masolat\/"]}]},{"@type":"ImageObject","inLanguage":"de","@id":"https:\/\/organparts.info\/en\/produkt\/pedalboard-oak-frame-pine-basebar-oak-cover-flat-parallel-27-notes-rear-spring-masolat\/#primaryimage","url":"https:\/\/organparts.info\/wp-content\/uploads\/2024\/06\/1-77.jpg","contentUrl":"https:\/\/organparts.info\/wp-content\/uploads\/2024\/06\/1-77.jpg","width":1100,"height":680},{"@type":"BreadcrumbList","@id":"https:\/\/organparts.info\/en\/produkt\/pedalboard-oak-frame-pine-basebar-oak-cover-flat-parallel-27-notes-rear-spring-masolat\/#breadcrumb","itemListElement":[{"@type":"ListItem","position":1,"name":"Kezd\u0151lap","item":"https:\/\/organparts.info\/de\/startseite\/"},{"@type":"ListItem","position":2,"name":"Shop","item":"https:\/\/organparts.info\/de\/shop\/"},{"@type":"ListItem","position":3,"name":"Pedalklaviatur, Eichenrahmen, Grundleiste aus Fichte, Eichenbelag, gerade, parallel, 30 Tasten, hinten Feder"}]},{"@type":"WebSite","@id":"https:\/\/organparts.info\/en\/#website","url":"https:\/\/organparts.info\/en\/","name":"Organparts","description":"P\u00e9csi Orgona\u00e9p\u00edt\u0151 manufakt\u00fara","publisher":{"@id":"https:\/\/organparts.info\/en\/#organization"},"potentialAction":[{"@type":"SearchAction","target":{"@type":"EntryPoint","urlTemplate":"https:\/\/organparts.info\/en\/?s={search_term_string}"},"query-input":{"@type":"PropertyValueSpecification","valueRequired":true,"valueName":"search_term_string"}}],"inLanguage":"de"},{"@type":"Organization","@id":"https:\/\/organparts.info\/en\/#organization","name":"Organparts","url":"https:\/\/organparts.info\/en\/","logo":{"@type":"ImageObject","inLanguage":"de","@id":"https:\/\/organparts.info\/en\/#\/schema\/logo\/image\/","url":"https:\/\/organparts.info\/wp-content\/uploads\/2022\/05\/organparts-logo-1439380658.jpg","contentUrl":"https:\/\/organparts.info\/wp-content\/uploads\/2022\/05\/organparts-logo-1439380658.jpg","width":270,"height":92,"caption":"Organparts"},"image":{"@id":"https:\/\/organparts.info\/en\/#\/schema\/logo\/image\/"}}]}},"_links":{"self":[{"href":"https:\/\/organparts.info\/de\/wp-json\/wp\/v2\/product\/104348","targetHints":{"allow":["GET"]}}],"collection":[{"href":"https:\/\/organparts.info\/de\/wp-json\/wp\/v2\/product"}],"about":[{"href":"https:\/\/organparts.info\/de\/wp-json\/wp\/v2\/types\/product"}],"replies":[{"embeddable":true,"href":"https:\/\/organparts.info\/de\/wp-json\/wp\/v2\/comments?post=104348"}],"wp:featuredmedia":[{"embeddable":true,"href":"https:\/\/organparts.info\/de\/wp-json\/wp\/v2\/media\/104351"}],"wp:attachment":[{"href":"https:\/\/organparts.info\/de\/wp-json\/wp\/v2\/media?parent=104348"}],"wp:term":[{"taxonomy":"product_brand","embeddable":true,"href":"https:\/\/organparts.info\/de\/wp-json\/wp\/v2\/product_brand?post=104348"},{"taxonomy":"product_cat","embeddable":true,"href":"https:\/\/organparts.info\/de\/wp-json\/wp\/v2\/product_cat?post=104348"},{"taxonomy":"product_tag","embeddable":true,"href":"https:\/\/organparts.info\/de\/wp-json\/wp\/v2\/product_tag?post=104348"}],"curies":[{"name":"wp","href":"https:\/\/api.w.org\/{rel}","templated":true}]}}