{"id":104095,"date":"2024-06-11T11:04:31","date_gmt":"2024-06-11T11:04:31","guid":{"rendered":"https:\/\/organparts.info\/?post_type=product&#038;p=104095"},"modified":"2025-03-31T15:22:50","modified_gmt":"2025-03-31T15:22:50","slug":"orgelbank-schwarz-gestrichen","status":"publish","type":"product","link":"https:\/\/organparts.info\/de\/produkt\/orgelbank-schwarz-gestrichen\/","title":{"rendered":"Orgelbank, schwarz gestrichen"},"content":{"rendered":"<p>Orgelbank, schwarz gestrichen<br \/>\nSitzfl\u00e4che: 890&#215;295 mm<br \/>\nH\u00f6he: 685 mm<br \/>\nEntfernung innen, unten:1150 mm<br \/>\nH\u00f6he des unteren Teils von unten bis zum Sockel:155 mm<\/p>\n","protected":false},"excerpt":{"rendered":"<p>Orgelbank, schwarz gestrichen Sitzfl\u00e4che: 890&#215;295 mm H\u00f6he: 685 mm Entfernung innen, unten:1150 mm H\u00f6he des unteren Teils von unten bis zum Sockel:155 mm<\/p>\n","protected":false},"featured_media":104100,"comment_status":"open","ping_status":"closed","template":"","meta":{"_et_pb_use_builder":"","_et_pb_old_content":"","_et_gb_content_width":""},"product_brand":[],"product_cat":[263,354],"product_tag":[],"class_list":{"0":"post-104095","1":"product","2":"type-product","3":"status-publish","4":"has-post-thumbnail","6":"product_cat-gebrauchte-produkte","7":"product_cat-orgelbaenke","9":"first","10":"instock","11":"taxable","12":"shipping-taxable","13":"purchasable","14":"product-type-simple"},"exclude_global_add_ons":[],"addons":[],"yoast_head":"<!-- This site is optimized with the Yoast SEO plugin v27.3 - https:\/\/yoast.com\/product\/yoast-seo-wordpress\/ -->\n<title>Orgelbank, schwarz gestrichen - Organparts<\/title>\n<meta name=\"robots\" content=\"index, follow, max-snippet:-1, max-image-preview:large, max-video-preview:-1\" \/>\n<link rel=\"canonical\" href=\"https:\/\/organparts.info\/de\/produkt\/orgelbank-schwarz-gestrichen\/\" \/>\n<meta property=\"og:locale\" content=\"de_DE\" \/>\n<meta property=\"og:type\" content=\"article\" \/>\n<meta property=\"og:title\" content=\"Orgelbank, schwarz gestrichen - Organparts\" \/>\n<meta property=\"og:description\" content=\"Orgelbank, schwarz gestrichen Sitzfl\u00e4che: 890&#215;295 mm H\u00f6he: 685 mm Entfernung innen, unten:1150 mm H\u00f6he des unteren Teils von unten bis zum Sockel:155 mm\" \/>\n<meta property=\"og:url\" content=\"https:\/\/organparts.info\/de\/produkt\/orgelbank-schwarz-gestrichen\/\" \/>\n<meta property=\"og:site_name\" content=\"Organparts\" \/>\n<meta property=\"article:modified_time\" content=\"2025-03-31T15:22:50+00:00\" \/>\n<meta property=\"og:image\" content=\"https:\/\/organparts.info\/wp-content\/uploads\/2024\/06\/1-58.jpg\" \/>\n\t<meta property=\"og:image:width\" content=\"1000\" \/>\n\t<meta property=\"og:image:height\" content=\"652\" \/>\n\t<meta property=\"og:image:type\" content=\"image\/jpeg\" \/>\n<meta name=\"twitter:card\" content=\"summary_large_image\" \/>\n<meta name=\"twitter:label1\" content=\"Gesch\u00e4tzte Lesezeit\" \/>\n\t<meta name=\"twitter:data1\" content=\"1\u00a0Minute\" \/>\n<script type=\"application\/ld+json\" class=\"yoast-schema-graph\">{\"@context\":\"https:\\\/\\\/schema.org\",\"@graph\":[{\"@type\":\"WebPage\",\"@id\":\"https:\\\/\\\/organparts.info\\\/de\\\/produkt\\\/orgelbank-schwarz-gestrichen\\\/\",\"url\":\"https:\\\/\\\/organparts.info\\\/de\\\/produkt\\\/orgelbank-schwarz-gestrichen\\\/\",\"name\":\"Orgelbank, schwarz gestrichen - Organparts\",\"isPartOf\":{\"@id\":\"https:\\\/\\\/organparts.info\\\/en\\\/#website\"},\"primaryImageOfPage\":{\"@id\":\"https:\\\/\\\/organparts.info\\\/de\\\/produkt\\\/orgelbank-schwarz-gestrichen\\\/#primaryimage\"},\"image\":{\"@id\":\"https:\\\/\\\/organparts.info\\\/de\\\/produkt\\\/orgelbank-schwarz-gestrichen\\\/#primaryimage\"},\"thumbnailUrl\":\"https:\\\/\\\/organparts.info\\\/wp-content\\\/uploads\\\/2024\\\/06\\\/1-58.jpg\",\"datePublished\":\"2024-06-11T11:04:31+00:00\",\"dateModified\":\"2025-03-31T15:22:50+00:00\",\"breadcrumb\":{\"@id\":\"https:\\\/\\\/organparts.info\\\/de\\\/produkt\\\/orgelbank-schwarz-gestrichen\\\/#breadcrumb\"},\"inLanguage\":\"de\",\"potentialAction\":[{\"@type\":\"ReadAction\",\"target\":[\"https:\\\/\\\/organparts.info\\\/de\\\/produkt\\\/orgelbank-schwarz-gestrichen\\\/\"]}]},{\"@type\":\"ImageObject\",\"inLanguage\":\"de\",\"@id\":\"https:\\\/\\\/organparts.info\\\/de\\\/produkt\\\/orgelbank-schwarz-gestrichen\\\/#primaryimage\",\"url\":\"https:\\\/\\\/organparts.info\\\/wp-content\\\/uploads\\\/2024\\\/06\\\/1-58.jpg\",\"contentUrl\":\"https:\\\/\\\/organparts.info\\\/wp-content\\\/uploads\\\/2024\\\/06\\\/1-58.jpg\",\"width\":1000,\"height\":652},{\"@type\":\"BreadcrumbList\",\"@id\":\"https:\\\/\\\/organparts.info\\\/de\\\/produkt\\\/orgelbank-schwarz-gestrichen\\\/#breadcrumb\",\"itemListElement\":[{\"@type\":\"ListItem\",\"position\":1,\"name\":\"Kezd\u0151lap\",\"item\":\"https:\\\/\\\/organparts.info\\\/de\\\/startseite\\\/\"},{\"@type\":\"ListItem\",\"position\":2,\"name\":\"Shop\",\"item\":\"https:\\\/\\\/organparts.info\\\/de\\\/shop\\\/\"},{\"@type\":\"ListItem\",\"position\":3,\"name\":\"Orgelbank, schwarz gestrichen\"}]},{\"@type\":\"WebSite\",\"@id\":\"https:\\\/\\\/organparts.info\\\/en\\\/#website\",\"url\":\"https:\\\/\\\/organparts.info\\\/en\\\/\",\"name\":\"Organparts\",\"description\":\"P\u00e9csi Orgona\u00e9p\u00edt\u0151 manufakt\u00fara\",\"publisher\":{\"@id\":\"https:\\\/\\\/organparts.info\\\/en\\\/#organization\"},\"potentialAction\":[{\"@type\":\"SearchAction\",\"target\":{\"@type\":\"EntryPoint\",\"urlTemplate\":\"https:\\\/\\\/organparts.info\\\/en\\\/?s={search_term_string}\"},\"query-input\":{\"@type\":\"PropertyValueSpecification\",\"valueRequired\":true,\"valueName\":\"search_term_string\"}}],\"inLanguage\":\"de\"},{\"@type\":\"Organization\",\"@id\":\"https:\\\/\\\/organparts.info\\\/en\\\/#organization\",\"name\":\"Organparts\",\"url\":\"https:\\\/\\\/organparts.info\\\/en\\\/\",\"logo\":{\"@type\":\"ImageObject\",\"inLanguage\":\"de\",\"@id\":\"https:\\\/\\\/organparts.info\\\/en\\\/#\\\/schema\\\/logo\\\/image\\\/\",\"url\":\"https:\\\/\\\/organparts.info\\\/wp-content\\\/uploads\\\/2022\\\/05\\\/organparts-logo-1439380658.jpg\",\"contentUrl\":\"https:\\\/\\\/organparts.info\\\/wp-content\\\/uploads\\\/2022\\\/05\\\/organparts-logo-1439380658.jpg\",\"width\":270,\"height\":92,\"caption\":\"Organparts\"},\"image\":{\"@id\":\"https:\\\/\\\/organparts.info\\\/en\\\/#\\\/schema\\\/logo\\\/image\\\/\"}}]}<\/script>\n<!-- \/ Yoast SEO plugin. -->","yoast_head_json":{"title":"Orgelbank, schwarz gestrichen - Organparts","robots":{"index":"index","follow":"follow","max-snippet":"max-snippet:-1","max-image-preview":"max-image-preview:large","max-video-preview":"max-video-preview:-1"},"canonical":"https:\/\/organparts.info\/de\/produkt\/orgelbank-schwarz-gestrichen\/","og_locale":"de_DE","og_type":"article","og_title":"Orgelbank, schwarz gestrichen - Organparts","og_description":"Orgelbank, schwarz gestrichen Sitzfl\u00e4che: 890&#215;295 mm H\u00f6he: 685 mm Entfernung innen, unten:1150 mm H\u00f6he des unteren Teils von unten bis zum Sockel:155 mm","og_url":"https:\/\/organparts.info\/de\/produkt\/orgelbank-schwarz-gestrichen\/","og_site_name":"Organparts","article_modified_time":"2025-03-31T15:22:50+00:00","og_image":[{"width":1000,"height":652,"url":"https:\/\/organparts.info\/wp-content\/uploads\/2024\/06\/1-58.jpg","type":"image\/jpeg"}],"twitter_card":"summary_large_image","twitter_misc":{"Gesch\u00e4tzte Lesezeit":"1\u00a0Minute"},"schema":{"@context":"https:\/\/schema.org","@graph":[{"@type":"WebPage","@id":"https:\/\/organparts.info\/de\/produkt\/orgelbank-schwarz-gestrichen\/","url":"https:\/\/organparts.info\/de\/produkt\/orgelbank-schwarz-gestrichen\/","name":"Orgelbank, schwarz gestrichen - Organparts","isPartOf":{"@id":"https:\/\/organparts.info\/en\/#website"},"primaryImageOfPage":{"@id":"https:\/\/organparts.info\/de\/produkt\/orgelbank-schwarz-gestrichen\/#primaryimage"},"image":{"@id":"https:\/\/organparts.info\/de\/produkt\/orgelbank-schwarz-gestrichen\/#primaryimage"},"thumbnailUrl":"https:\/\/organparts.info\/wp-content\/uploads\/2024\/06\/1-58.jpg","datePublished":"2024-06-11T11:04:31+00:00","dateModified":"2025-03-31T15:22:50+00:00","breadcrumb":{"@id":"https:\/\/organparts.info\/de\/produkt\/orgelbank-schwarz-gestrichen\/#breadcrumb"},"inLanguage":"de","potentialAction":[{"@type":"ReadAction","target":["https:\/\/organparts.info\/de\/produkt\/orgelbank-schwarz-gestrichen\/"]}]},{"@type":"ImageObject","inLanguage":"de","@id":"https:\/\/organparts.info\/de\/produkt\/orgelbank-schwarz-gestrichen\/#primaryimage","url":"https:\/\/organparts.info\/wp-content\/uploads\/2024\/06\/1-58.jpg","contentUrl":"https:\/\/organparts.info\/wp-content\/uploads\/2024\/06\/1-58.jpg","width":1000,"height":652},{"@type":"BreadcrumbList","@id":"https:\/\/organparts.info\/de\/produkt\/orgelbank-schwarz-gestrichen\/#breadcrumb","itemListElement":[{"@type":"ListItem","position":1,"name":"Kezd\u0151lap","item":"https:\/\/organparts.info\/de\/startseite\/"},{"@type":"ListItem","position":2,"name":"Shop","item":"https:\/\/organparts.info\/de\/shop\/"},{"@type":"ListItem","position":3,"name":"Orgelbank, schwarz gestrichen"}]},{"@type":"WebSite","@id":"https:\/\/organparts.info\/en\/#website","url":"https:\/\/organparts.info\/en\/","name":"Organparts","description":"P\u00e9csi Orgona\u00e9p\u00edt\u0151 manufakt\u00fara","publisher":{"@id":"https:\/\/organparts.info\/en\/#organization"},"potentialAction":[{"@type":"SearchAction","target":{"@type":"EntryPoint","urlTemplate":"https:\/\/organparts.info\/en\/?s={search_term_string}"},"query-input":{"@type":"PropertyValueSpecification","valueRequired":true,"valueName":"search_term_string"}}],"inLanguage":"de"},{"@type":"Organization","@id":"https:\/\/organparts.info\/en\/#organization","name":"Organparts","url":"https:\/\/organparts.info\/en\/","logo":{"@type":"ImageObject","inLanguage":"de","@id":"https:\/\/organparts.info\/en\/#\/schema\/logo\/image\/","url":"https:\/\/organparts.info\/wp-content\/uploads\/2022\/05\/organparts-logo-1439380658.jpg","contentUrl":"https:\/\/organparts.info\/wp-content\/uploads\/2022\/05\/organparts-logo-1439380658.jpg","width":270,"height":92,"caption":"Organparts"},"image":{"@id":"https:\/\/organparts.info\/en\/#\/schema\/logo\/image\/"}}]}},"_links":{"self":[{"href":"https:\/\/organparts.info\/de\/wp-json\/wp\/v2\/product\/104095","targetHints":{"allow":["GET"]}}],"collection":[{"href":"https:\/\/organparts.info\/de\/wp-json\/wp\/v2\/product"}],"about":[{"href":"https:\/\/organparts.info\/de\/wp-json\/wp\/v2\/types\/product"}],"replies":[{"embeddable":true,"href":"https:\/\/organparts.info\/de\/wp-json\/wp\/v2\/comments?post=104095"}],"wp:featuredmedia":[{"embeddable":true,"href":"https:\/\/organparts.info\/de\/wp-json\/wp\/v2\/media\/104100"}],"wp:attachment":[{"href":"https:\/\/organparts.info\/de\/wp-json\/wp\/v2\/media?parent=104095"}],"wp:term":[{"taxonomy":"product_brand","embeddable":true,"href":"https:\/\/organparts.info\/de\/wp-json\/wp\/v2\/product_brand?post=104095"},{"taxonomy":"product_cat","embeddable":true,"href":"https:\/\/organparts.info\/de\/wp-json\/wp\/v2\/product_cat?post=104095"},{"taxonomy":"product_tag","embeddable":true,"href":"https:\/\/organparts.info\/de\/wp-json\/wp\/v2\/product_tag?post=104095"}],"curies":[{"name":"wp","href":"https:\/\/api.w.org\/{rel}","templated":true}]}}