{"id":103780,"date":"2024-06-07T12:05:40","date_gmt":"2024-06-07T12:05:40","guid":{"rendered":"https:\/\/organparts.info\/?post_type=product&#038;p=103780"},"modified":"2024-06-07T12:08:42","modified_gmt":"2024-06-07T12:08:42","slug":"klaviatur-mit-2-manualen","status":"publish","type":"product","link":"https:\/\/organparts.info\/de\/produkt\/klaviatur-mit-2-manualen\/","title":{"rendered":"Klaviatur mit 2 Manualen"},"content":{"rendered":"<p>Klaviatur mit 2 Manualen<\/p>\n<p>Untertastenbelag aus wei\u00dfem Kunststoff, Obertastenbelag schwarz, ebenholzartig, 54 Tasten<br \/>\nC-f <sup>3<\/sup>, 760 mm, I. 290\/200, II. 200\/145, zweiarmig<br \/>\nBleigewicht<br \/>\nBacken aus Nussbaum, 25 mm breit<\/p>\n","protected":false},"excerpt":{"rendered":"<p>Klaviatur mit 2 Manualen Untertastenbelag aus wei\u00dfem Kunststoff, Obertastenbelag schwarz, ebenholzartig, 54 Tasten C-f 3, 760 mm, I. 290\/200, II. 200\/145, zweiarmig Bleigewicht Backen aus Nussbaum, 25 mm breit<\/p>\n","protected":false},"featured_media":103775,"comment_status":"open","ping_status":"closed","template":"","meta":{"_et_pb_use_builder":"","_et_pb_old_content":"","_et_gb_content_width":""},"product_brand":[],"product_cat":[263,348],"product_tag":[],"class_list":{"0":"post-103780","1":"product","2":"type-product","3":"status-publish","4":"has-post-thumbnail","6":"product_cat-gebrauchte-produkte","7":"product_cat-manualklaviaturen","9":"first","10":"instock","11":"taxable","12":"shipping-taxable","13":"purchasable","14":"product-type-simple"},"exclude_global_add_ons":[],"addons":[],"yoast_head":"<!-- This site is optimized with the Yoast SEO plugin v27.2 - https:\/\/yoast.com\/product\/yoast-seo-wordpress\/ -->\n<title>Klaviatur mit 2 Manualen - Organparts<\/title>\n<meta name=\"robots\" content=\"index, follow, max-snippet:-1, max-image-preview:large, max-video-preview:-1\" \/>\n<link rel=\"canonical\" href=\"https:\/\/organparts.info\/en\/produkt\/keyboard-with-2-manuals\/\" \/>\n<meta property=\"og:locale\" content=\"de_DE\" \/>\n<meta property=\"og:type\" content=\"article\" \/>\n<meta property=\"og:title\" content=\"Klaviatur mit 2 Manualen - Organparts\" \/>\n<meta property=\"og:description\" content=\"Klaviatur mit 2 Manualen Untertastenbelag aus wei\u00dfem Kunststoff, Obertastenbelag schwarz, ebenholzartig, 54 Tasten C-f 3, 760 mm, I. 290\/200, II. 200\/145, zweiarmig Bleigewicht Backen aus Nussbaum, 25 mm breit\" \/>\n<meta property=\"og:url\" content=\"https:\/\/organparts.info\/en\/produkt\/keyboard-with-2-manuals\/\" \/>\n<meta property=\"og:site_name\" content=\"Organparts\" \/>\n<meta property=\"article:modified_time\" content=\"2024-06-07T12:08:42+00:00\" \/>\n<meta property=\"og:image\" content=\"https:\/\/organparts.info\/wp-content\/uploads\/2024\/06\/1-28.jpg\" \/>\n\t<meta property=\"og:image:width\" content=\"1000\" \/>\n\t<meta property=\"og:image:height\" content=\"493\" \/>\n\t<meta property=\"og:image:type\" content=\"image\/jpeg\" \/>\n<meta name=\"twitter:card\" content=\"summary_large_image\" \/>\n<meta name=\"twitter:label1\" content=\"Gesch\u00e4tzte Lesezeit\" \/>\n\t<meta name=\"twitter:data1\" content=\"1\u00a0Minute\" \/>\n<script type=\"application\/ld+json\" class=\"yoast-schema-graph\">{\"@context\":\"https:\/\/schema.org\",\"@graph\":[{\"@type\":\"WebPage\",\"@id\":\"https:\/\/organparts.info\/en\/produkt\/keyboard-with-2-manuals\/\",\"url\":\"https:\/\/organparts.info\/en\/produkt\/keyboard-with-2-manuals\/\",\"name\":\"Klaviatur mit 2 Manualen - Organparts\",\"isPartOf\":{\"@id\":\"https:\/\/organparts.info\/en\/#website\"},\"primaryImageOfPage\":{\"@id\":\"https:\/\/organparts.info\/en\/produkt\/keyboard-with-2-manuals\/#primaryimage\"},\"image\":{\"@id\":\"https:\/\/organparts.info\/en\/produkt\/keyboard-with-2-manuals\/#primaryimage\"},\"thumbnailUrl\":\"https:\/\/organparts.info\/wp-content\/uploads\/2024\/06\/1-28.jpg\",\"datePublished\":\"2024-06-07T12:05:40+00:00\",\"dateModified\":\"2024-06-07T12:08:42+00:00\",\"breadcrumb\":{\"@id\":\"https:\/\/organparts.info\/en\/produkt\/keyboard-with-2-manuals\/#breadcrumb\"},\"inLanguage\":\"de\",\"potentialAction\":[{\"@type\":\"ReadAction\",\"target\":[\"https:\/\/organparts.info\/en\/produkt\/keyboard-with-2-manuals\/\"]}]},{\"@type\":\"ImageObject\",\"inLanguage\":\"de\",\"@id\":\"https:\/\/organparts.info\/en\/produkt\/keyboard-with-2-manuals\/#primaryimage\",\"url\":\"https:\/\/organparts.info\/wp-content\/uploads\/2024\/06\/1-28.jpg\",\"contentUrl\":\"https:\/\/organparts.info\/wp-content\/uploads\/2024\/06\/1-28.jpg\",\"width\":1000,\"height\":493},{\"@type\":\"BreadcrumbList\",\"@id\":\"https:\/\/organparts.info\/en\/produkt\/keyboard-with-2-manuals\/#breadcrumb\",\"itemListElement\":[{\"@type\":\"ListItem\",\"position\":1,\"name\":\"Kezd\u0151lap\",\"item\":\"https:\/\/organparts.info\/de\/startseite\/\"},{\"@type\":\"ListItem\",\"position\":2,\"name\":\"Shop\",\"item\":\"https:\/\/organparts.info\/de\/shop\/\"},{\"@type\":\"ListItem\",\"position\":3,\"name\":\"Klaviatur mit 2 Manualen\"}]},{\"@type\":\"WebSite\",\"@id\":\"https:\/\/organparts.info\/en\/#website\",\"url\":\"https:\/\/organparts.info\/en\/\",\"name\":\"Organparts\",\"description\":\"P\u00e9csi Orgona\u00e9p\u00edt\u0151 manufakt\u00fara\",\"publisher\":{\"@id\":\"https:\/\/organparts.info\/en\/#organization\"},\"potentialAction\":[{\"@type\":\"SearchAction\",\"target\":{\"@type\":\"EntryPoint\",\"urlTemplate\":\"https:\/\/organparts.info\/en\/?s={search_term_string}\"},\"query-input\":{\"@type\":\"PropertyValueSpecification\",\"valueRequired\":true,\"valueName\":\"search_term_string\"}}],\"inLanguage\":\"de\"},{\"@type\":\"Organization\",\"@id\":\"https:\/\/organparts.info\/en\/#organization\",\"name\":\"Organparts\",\"url\":\"https:\/\/organparts.info\/en\/\",\"logo\":{\"@type\":\"ImageObject\",\"inLanguage\":\"de\",\"@id\":\"https:\/\/organparts.info\/en\/#\/schema\/logo\/image\/\",\"url\":\"https:\/\/organparts.info\/wp-content\/uploads\/2022\/05\/organparts-logo-1439380658.jpg\",\"contentUrl\":\"https:\/\/organparts.info\/wp-content\/uploads\/2022\/05\/organparts-logo-1439380658.jpg\",\"width\":270,\"height\":92,\"caption\":\"Organparts\"},\"image\":{\"@id\":\"https:\/\/organparts.info\/en\/#\/schema\/logo\/image\/\"}}]}<\/script>\n<!-- \/ Yoast SEO plugin. -->","yoast_head_json":{"title":"Klaviatur mit 2 Manualen - Organparts","robots":{"index":"index","follow":"follow","max-snippet":"max-snippet:-1","max-image-preview":"max-image-preview:large","max-video-preview":"max-video-preview:-1"},"canonical":"https:\/\/organparts.info\/en\/produkt\/keyboard-with-2-manuals\/","og_locale":"de_DE","og_type":"article","og_title":"Klaviatur mit 2 Manualen - Organparts","og_description":"Klaviatur mit 2 Manualen Untertastenbelag aus wei\u00dfem Kunststoff, Obertastenbelag schwarz, ebenholzartig, 54 Tasten C-f 3, 760 mm, I. 290\/200, II. 200\/145, zweiarmig Bleigewicht Backen aus Nussbaum, 25 mm breit","og_url":"https:\/\/organparts.info\/en\/produkt\/keyboard-with-2-manuals\/","og_site_name":"Organparts","article_modified_time":"2024-06-07T12:08:42+00:00","og_image":[{"width":1000,"height":493,"url":"https:\/\/organparts.info\/wp-content\/uploads\/2024\/06\/1-28.jpg","type":"image\/jpeg"}],"twitter_card":"summary_large_image","twitter_misc":{"Gesch\u00e4tzte Lesezeit":"1\u00a0Minute"},"schema":{"@context":"https:\/\/schema.org","@graph":[{"@type":"WebPage","@id":"https:\/\/organparts.info\/en\/produkt\/keyboard-with-2-manuals\/","url":"https:\/\/organparts.info\/en\/produkt\/keyboard-with-2-manuals\/","name":"Klaviatur mit 2 Manualen - Organparts","isPartOf":{"@id":"https:\/\/organparts.info\/en\/#website"},"primaryImageOfPage":{"@id":"https:\/\/organparts.info\/en\/produkt\/keyboard-with-2-manuals\/#primaryimage"},"image":{"@id":"https:\/\/organparts.info\/en\/produkt\/keyboard-with-2-manuals\/#primaryimage"},"thumbnailUrl":"https:\/\/organparts.info\/wp-content\/uploads\/2024\/06\/1-28.jpg","datePublished":"2024-06-07T12:05:40+00:00","dateModified":"2024-06-07T12:08:42+00:00","breadcrumb":{"@id":"https:\/\/organparts.info\/en\/produkt\/keyboard-with-2-manuals\/#breadcrumb"},"inLanguage":"de","potentialAction":[{"@type":"ReadAction","target":["https:\/\/organparts.info\/en\/produkt\/keyboard-with-2-manuals\/"]}]},{"@type":"ImageObject","inLanguage":"de","@id":"https:\/\/organparts.info\/en\/produkt\/keyboard-with-2-manuals\/#primaryimage","url":"https:\/\/organparts.info\/wp-content\/uploads\/2024\/06\/1-28.jpg","contentUrl":"https:\/\/organparts.info\/wp-content\/uploads\/2024\/06\/1-28.jpg","width":1000,"height":493},{"@type":"BreadcrumbList","@id":"https:\/\/organparts.info\/en\/produkt\/keyboard-with-2-manuals\/#breadcrumb","itemListElement":[{"@type":"ListItem","position":1,"name":"Kezd\u0151lap","item":"https:\/\/organparts.info\/de\/startseite\/"},{"@type":"ListItem","position":2,"name":"Shop","item":"https:\/\/organparts.info\/de\/shop\/"},{"@type":"ListItem","position":3,"name":"Klaviatur mit 2 Manualen"}]},{"@type":"WebSite","@id":"https:\/\/organparts.info\/en\/#website","url":"https:\/\/organparts.info\/en\/","name":"Organparts","description":"P\u00e9csi Orgona\u00e9p\u00edt\u0151 manufakt\u00fara","publisher":{"@id":"https:\/\/organparts.info\/en\/#organization"},"potentialAction":[{"@type":"SearchAction","target":{"@type":"EntryPoint","urlTemplate":"https:\/\/organparts.info\/en\/?s={search_term_string}"},"query-input":{"@type":"PropertyValueSpecification","valueRequired":true,"valueName":"search_term_string"}}],"inLanguage":"de"},{"@type":"Organization","@id":"https:\/\/organparts.info\/en\/#organization","name":"Organparts","url":"https:\/\/organparts.info\/en\/","logo":{"@type":"ImageObject","inLanguage":"de","@id":"https:\/\/organparts.info\/en\/#\/schema\/logo\/image\/","url":"https:\/\/organparts.info\/wp-content\/uploads\/2022\/05\/organparts-logo-1439380658.jpg","contentUrl":"https:\/\/organparts.info\/wp-content\/uploads\/2022\/05\/organparts-logo-1439380658.jpg","width":270,"height":92,"caption":"Organparts"},"image":{"@id":"https:\/\/organparts.info\/en\/#\/schema\/logo\/image\/"}}]}},"_links":{"self":[{"href":"https:\/\/organparts.info\/de\/wp-json\/wp\/v2\/product\/103780","targetHints":{"allow":["GET"]}}],"collection":[{"href":"https:\/\/organparts.info\/de\/wp-json\/wp\/v2\/product"}],"about":[{"href":"https:\/\/organparts.info\/de\/wp-json\/wp\/v2\/types\/product"}],"replies":[{"embeddable":true,"href":"https:\/\/organparts.info\/de\/wp-json\/wp\/v2\/comments?post=103780"}],"wp:featuredmedia":[{"embeddable":true,"href":"https:\/\/organparts.info\/de\/wp-json\/wp\/v2\/media\/103775"}],"wp:attachment":[{"href":"https:\/\/organparts.info\/de\/wp-json\/wp\/v2\/media?parent=103780"}],"wp:term":[{"taxonomy":"product_brand","embeddable":true,"href":"https:\/\/organparts.info\/de\/wp-json\/wp\/v2\/product_brand?post=103780"},{"taxonomy":"product_cat","embeddable":true,"href":"https:\/\/organparts.info\/de\/wp-json\/wp\/v2\/product_cat?post=103780"},{"taxonomy":"product_tag","embeddable":true,"href":"https:\/\/organparts.info\/de\/wp-json\/wp\/v2\/product_tag?post=103780"}],"curies":[{"name":"wp","href":"https:\/\/api.w.org\/{rel}","templated":true}]}}