{"id":103656,"date":"2024-06-07T09:06:49","date_gmt":"2024-06-07T09:06:49","guid":{"rendered":"https:\/\/organparts.info\/?post_type=product&#038;p=103656"},"modified":"2024-06-07T09:20:21","modified_gmt":"2024-06-07T09:20:21","slug":"notenpult-mit-schraubbarem-untersatz-masolat","status":"publish","type":"product","link":"https:\/\/organparts.info\/de\/produkt\/notenpult-mit-schraubbarem-untersatz-masolat\/","title":{"rendered":"Notenpult-Skellett aus Buche"},"content":{"rendered":"<p>Notenpult-Skellett aus Buche<\/p>\n<p>Ma\u00dfe: 600&#215;240 mm<br \/>\nBlattpult: 50 mm breit<br \/>\nFlacheisen: 350x25x3 mm<br \/>\nEntfernung Mitte-Mitte: 400 mm<\/p>\n","protected":false},"excerpt":{"rendered":"<p>Notenpult-Skellett aus Buche Ma\u00dfe: 600&#215;240 mm Blattpult: 50 mm breit Flacheisen: 350x25x3 mm Entfernung Mitte-Mitte: 400 mm<\/p>\n","protected":false},"featured_media":103602,"comment_status":"open","ping_status":"closed","template":"","meta":{"_et_pb_use_builder":"","_et_pb_old_content":"","_et_gb_content_width":""},"product_brand":[],"product_cat":[263,345],"product_tag":[],"class_list":{"0":"post-103656","1":"product","2":"type-product","3":"status-publish","4":"has-post-thumbnail","6":"product_cat-gebrauchte-produkte","7":"product_cat-notenpult","9":"first","10":"instock","11":"taxable","12":"shipping-taxable","13":"purchasable","14":"product-type-simple"},"exclude_global_add_ons":[],"addons":[],"yoast_head":"<!-- This site is optimized with the Yoast SEO plugin v27.2 - https:\/\/yoast.com\/product\/yoast-seo-wordpress\/ -->\n<title>Notenpult-Skellett aus Buche - Organparts<\/title>\n<meta name=\"robots\" content=\"index, follow, max-snippet:-1, max-image-preview:large, max-video-preview:-1\" \/>\n<link rel=\"canonical\" href=\"https:\/\/organparts.info\/en\/produkt\/music-rack-with-screwable-base-masolat\/\" \/>\n<meta property=\"og:locale\" content=\"de_DE\" \/>\n<meta property=\"og:type\" content=\"article\" \/>\n<meta property=\"og:title\" content=\"Notenpult-Skellett aus Buche - Organparts\" \/>\n<meta property=\"og:description\" content=\"Notenpult-Skellett aus Buche Ma\u00dfe: 600&#215;240 mm Blattpult: 50 mm breit Flacheisen: 350x25x3 mm Entfernung Mitte-Mitte: 400 mm\" \/>\n<meta property=\"og:url\" content=\"https:\/\/organparts.info\/en\/produkt\/music-rack-with-screwable-base-masolat\/\" \/>\n<meta property=\"og:site_name\" content=\"Organparts\" \/>\n<meta property=\"article:modified_time\" content=\"2024-06-07T09:20:21+00:00\" \/>\n<meta property=\"og:image\" content=\"https:\/\/organparts.info\/wp-content\/uploads\/2024\/06\/1-15.jpg\" \/>\n\t<meta property=\"og:image:width\" content=\"1280\" \/>\n\t<meta property=\"og:image:height\" content=\"632\" \/>\n\t<meta property=\"og:image:type\" content=\"image\/jpeg\" \/>\n<meta name=\"twitter:card\" content=\"summary_large_image\" \/>\n<meta name=\"twitter:label1\" content=\"Gesch\u00e4tzte Lesezeit\" \/>\n\t<meta name=\"twitter:data1\" content=\"1\u00a0Minute\" \/>\n<script type=\"application\/ld+json\" class=\"yoast-schema-graph\">{\"@context\":\"https:\/\/schema.org\",\"@graph\":[{\"@type\":\"WebPage\",\"@id\":\"https:\/\/organparts.info\/en\/produkt\/music-rack-with-screwable-base-masolat\/\",\"url\":\"https:\/\/organparts.info\/en\/produkt\/music-rack-with-screwable-base-masolat\/\",\"name\":\"Notenpult-Skellett aus Buche - Organparts\",\"isPartOf\":{\"@id\":\"https:\/\/organparts.info\/en\/#website\"},\"primaryImageOfPage\":{\"@id\":\"https:\/\/organparts.info\/en\/produkt\/music-rack-with-screwable-base-masolat\/#primaryimage\"},\"image\":{\"@id\":\"https:\/\/organparts.info\/en\/produkt\/music-rack-with-screwable-base-masolat\/#primaryimage\"},\"thumbnailUrl\":\"https:\/\/organparts.info\/wp-content\/uploads\/2024\/06\/1-15.jpg\",\"datePublished\":\"2024-06-07T09:06:49+00:00\",\"dateModified\":\"2024-06-07T09:20:21+00:00\",\"breadcrumb\":{\"@id\":\"https:\/\/organparts.info\/en\/produkt\/music-rack-with-screwable-base-masolat\/#breadcrumb\"},\"inLanguage\":\"de\",\"potentialAction\":[{\"@type\":\"ReadAction\",\"target\":[\"https:\/\/organparts.info\/en\/produkt\/music-rack-with-screwable-base-masolat\/\"]}]},{\"@type\":\"ImageObject\",\"inLanguage\":\"de\",\"@id\":\"https:\/\/organparts.info\/en\/produkt\/music-rack-with-screwable-base-masolat\/#primaryimage\",\"url\":\"https:\/\/organparts.info\/wp-content\/uploads\/2024\/06\/1-15.jpg\",\"contentUrl\":\"https:\/\/organparts.info\/wp-content\/uploads\/2024\/06\/1-15.jpg\",\"width\":1280,\"height\":632},{\"@type\":\"BreadcrumbList\",\"@id\":\"https:\/\/organparts.info\/en\/produkt\/music-rack-with-screwable-base-masolat\/#breadcrumb\",\"itemListElement\":[{\"@type\":\"ListItem\",\"position\":1,\"name\":\"Kezd\u0151lap\",\"item\":\"https:\/\/organparts.info\/de\/startseite\/\"},{\"@type\":\"ListItem\",\"position\":2,\"name\":\"Shop\",\"item\":\"https:\/\/organparts.info\/de\/shop\/\"},{\"@type\":\"ListItem\",\"position\":3,\"name\":\"Notenpult-Skellett aus Buche\"}]},{\"@type\":\"WebSite\",\"@id\":\"https:\/\/organparts.info\/en\/#website\",\"url\":\"https:\/\/organparts.info\/en\/\",\"name\":\"Organparts\",\"description\":\"P\u00e9csi Orgona\u00e9p\u00edt\u0151 manufakt\u00fara\",\"publisher\":{\"@id\":\"https:\/\/organparts.info\/en\/#organization\"},\"potentialAction\":[{\"@type\":\"SearchAction\",\"target\":{\"@type\":\"EntryPoint\",\"urlTemplate\":\"https:\/\/organparts.info\/en\/?s={search_term_string}\"},\"query-input\":{\"@type\":\"PropertyValueSpecification\",\"valueRequired\":true,\"valueName\":\"search_term_string\"}}],\"inLanguage\":\"de\"},{\"@type\":\"Organization\",\"@id\":\"https:\/\/organparts.info\/en\/#organization\",\"name\":\"Organparts\",\"url\":\"https:\/\/organparts.info\/en\/\",\"logo\":{\"@type\":\"ImageObject\",\"inLanguage\":\"de\",\"@id\":\"https:\/\/organparts.info\/en\/#\/schema\/logo\/image\/\",\"url\":\"https:\/\/organparts.info\/wp-content\/uploads\/2022\/05\/organparts-logo-1439380658.jpg\",\"contentUrl\":\"https:\/\/organparts.info\/wp-content\/uploads\/2022\/05\/organparts-logo-1439380658.jpg\",\"width\":270,\"height\":92,\"caption\":\"Organparts\"},\"image\":{\"@id\":\"https:\/\/organparts.info\/en\/#\/schema\/logo\/image\/\"}}]}<\/script>\n<!-- \/ Yoast SEO plugin. -->","yoast_head_json":{"title":"Notenpult-Skellett aus Buche - Organparts","robots":{"index":"index","follow":"follow","max-snippet":"max-snippet:-1","max-image-preview":"max-image-preview:large","max-video-preview":"max-video-preview:-1"},"canonical":"https:\/\/organparts.info\/en\/produkt\/music-rack-with-screwable-base-masolat\/","og_locale":"de_DE","og_type":"article","og_title":"Notenpult-Skellett aus Buche - Organparts","og_description":"Notenpult-Skellett aus Buche Ma\u00dfe: 600&#215;240 mm Blattpult: 50 mm breit Flacheisen: 350x25x3 mm Entfernung Mitte-Mitte: 400 mm","og_url":"https:\/\/organparts.info\/en\/produkt\/music-rack-with-screwable-base-masolat\/","og_site_name":"Organparts","article_modified_time":"2024-06-07T09:20:21+00:00","og_image":[{"width":1280,"height":632,"url":"https:\/\/organparts.info\/wp-content\/uploads\/2024\/06\/1-15.jpg","type":"image\/jpeg"}],"twitter_card":"summary_large_image","twitter_misc":{"Gesch\u00e4tzte Lesezeit":"1\u00a0Minute"},"schema":{"@context":"https:\/\/schema.org","@graph":[{"@type":"WebPage","@id":"https:\/\/organparts.info\/en\/produkt\/music-rack-with-screwable-base-masolat\/","url":"https:\/\/organparts.info\/en\/produkt\/music-rack-with-screwable-base-masolat\/","name":"Notenpult-Skellett aus Buche - Organparts","isPartOf":{"@id":"https:\/\/organparts.info\/en\/#website"},"primaryImageOfPage":{"@id":"https:\/\/organparts.info\/en\/produkt\/music-rack-with-screwable-base-masolat\/#primaryimage"},"image":{"@id":"https:\/\/organparts.info\/en\/produkt\/music-rack-with-screwable-base-masolat\/#primaryimage"},"thumbnailUrl":"https:\/\/organparts.info\/wp-content\/uploads\/2024\/06\/1-15.jpg","datePublished":"2024-06-07T09:06:49+00:00","dateModified":"2024-06-07T09:20:21+00:00","breadcrumb":{"@id":"https:\/\/organparts.info\/en\/produkt\/music-rack-with-screwable-base-masolat\/#breadcrumb"},"inLanguage":"de","potentialAction":[{"@type":"ReadAction","target":["https:\/\/organparts.info\/en\/produkt\/music-rack-with-screwable-base-masolat\/"]}]},{"@type":"ImageObject","inLanguage":"de","@id":"https:\/\/organparts.info\/en\/produkt\/music-rack-with-screwable-base-masolat\/#primaryimage","url":"https:\/\/organparts.info\/wp-content\/uploads\/2024\/06\/1-15.jpg","contentUrl":"https:\/\/organparts.info\/wp-content\/uploads\/2024\/06\/1-15.jpg","width":1280,"height":632},{"@type":"BreadcrumbList","@id":"https:\/\/organparts.info\/en\/produkt\/music-rack-with-screwable-base-masolat\/#breadcrumb","itemListElement":[{"@type":"ListItem","position":1,"name":"Kezd\u0151lap","item":"https:\/\/organparts.info\/de\/startseite\/"},{"@type":"ListItem","position":2,"name":"Shop","item":"https:\/\/organparts.info\/de\/shop\/"},{"@type":"ListItem","position":3,"name":"Notenpult-Skellett aus Buche"}]},{"@type":"WebSite","@id":"https:\/\/organparts.info\/en\/#website","url":"https:\/\/organparts.info\/en\/","name":"Organparts","description":"P\u00e9csi Orgona\u00e9p\u00edt\u0151 manufakt\u00fara","publisher":{"@id":"https:\/\/organparts.info\/en\/#organization"},"potentialAction":[{"@type":"SearchAction","target":{"@type":"EntryPoint","urlTemplate":"https:\/\/organparts.info\/en\/?s={search_term_string}"},"query-input":{"@type":"PropertyValueSpecification","valueRequired":true,"valueName":"search_term_string"}}],"inLanguage":"de"},{"@type":"Organization","@id":"https:\/\/organparts.info\/en\/#organization","name":"Organparts","url":"https:\/\/organparts.info\/en\/","logo":{"@type":"ImageObject","inLanguage":"de","@id":"https:\/\/organparts.info\/en\/#\/schema\/logo\/image\/","url":"https:\/\/organparts.info\/wp-content\/uploads\/2022\/05\/organparts-logo-1439380658.jpg","contentUrl":"https:\/\/organparts.info\/wp-content\/uploads\/2022\/05\/organparts-logo-1439380658.jpg","width":270,"height":92,"caption":"Organparts"},"image":{"@id":"https:\/\/organparts.info\/en\/#\/schema\/logo\/image\/"}}]}},"_links":{"self":[{"href":"https:\/\/organparts.info\/de\/wp-json\/wp\/v2\/product\/103656","targetHints":{"allow":["GET"]}}],"collection":[{"href":"https:\/\/organparts.info\/de\/wp-json\/wp\/v2\/product"}],"about":[{"href":"https:\/\/organparts.info\/de\/wp-json\/wp\/v2\/types\/product"}],"replies":[{"embeddable":true,"href":"https:\/\/organparts.info\/de\/wp-json\/wp\/v2\/comments?post=103656"}],"wp:featuredmedia":[{"embeddable":true,"href":"https:\/\/organparts.info\/de\/wp-json\/wp\/v2\/media\/103602"}],"wp:attachment":[{"href":"https:\/\/organparts.info\/de\/wp-json\/wp\/v2\/media?parent=103656"}],"wp:term":[{"taxonomy":"product_brand","embeddable":true,"href":"https:\/\/organparts.info\/de\/wp-json\/wp\/v2\/product_brand?post=103656"},{"taxonomy":"product_cat","embeddable":true,"href":"https:\/\/organparts.info\/de\/wp-json\/wp\/v2\/product_cat?post=103656"},{"taxonomy":"product_tag","embeddable":true,"href":"https:\/\/organparts.info\/de\/wp-json\/wp\/v2\/product_tag?post=103656"}],"curies":[{"name":"wp","href":"https:\/\/api.w.org\/{rel}","templated":true}]}}