{"id":103648,"date":"2024-06-04T09:42:18","date_gmt":"2024-06-04T09:42:18","guid":{"rendered":"https:\/\/organparts.info\/?post_type=product&#038;p=103648"},"modified":"2024-06-07T05:30:52","modified_gmt":"2024-06-07T05:30:52","slug":"spieltisch-mit-orgelbank-und-pedal-rieger-opus-643","status":"publish","type":"product","link":"https:\/\/organparts.info\/de\/produkt\/spieltisch-mit-orgelbank-und-pedal-rieger-opus-643\/","title":{"rendered":"Spieltisch mit Orgelbank und Pedal, Rieger Opus 643"},"content":{"rendered":"<p>Spieltisch mit Orgelbank und Pedal, Rieger Opus 643<br \/>\n2 Manuale, 20 Register, C-f3, 54 T\u00f6ne<br \/>\nmit Crescendo-Walze<br \/>\nPedal: Eichenrahmen, Grundplatte aus Fichte, Eichenbelag, C-d\u2019, 27 T\u00f6ne<br \/>\nmit mechanischer pneumatischer Hilfe<br \/>\nBreite: 1220 mm<br \/>\nVolle H\u00f6he: 1430mm<br \/>\nH\u00f6he hinter dem Podest: 1140mm<br \/>\nSpieltischtiefe: 590 mm<br \/>\nTiefe mit Orgelbank: 1160mm<br \/>\nR\u00fcckwand fehlt<\/p>\n","protected":false},"excerpt":{"rendered":"<p>Spieltisch mit Orgelbank und Pedal, Rieger Opus 643 2 Manuale, 20 Register, C-f3, 54 T\u00f6ne mit Crescendo-Walze Pedal: Eichenrahmen, Grundplatte aus Fichte, Eichenbelag, C-d\u2019, 27 T\u00f6ne mit mechanischer pneumatischer Hilfe Breite: 1220 mm Volle H\u00f6he: 1430mm H\u00f6he hinter dem Podest: 1140mm Spieltischtiefe: 590 mm Tiefe mit Orgelbank: 1160mm R\u00fcckwand fehlt<\/p>\n","protected":false},"featured_media":103504,"comment_status":"open","ping_status":"closed","template":"","meta":{"_et_pb_use_builder":"","_et_pb_old_content":"","_et_gb_content_width":""},"product_brand":[],"product_cat":[263,343],"product_tag":[],"class_list":{"0":"post-103648","1":"product","2":"type-product","3":"status-publish","4":"has-post-thumbnail","6":"product_cat-gebrauchte-produkte","7":"product_cat-console-parts","9":"first","10":"instock","11":"taxable","12":"shipping-taxable","13":"purchasable","14":"product-type-simple"},"exclude_global_add_ons":[],"addons":[],"yoast_head":"<!-- This site is optimized with the Yoast SEO plugin v27.4 - https:\/\/yoast.com\/product\/yoast-seo-wordpress\/ -->\n<title>Spieltisch mit Orgelbank und Pedal, Rieger Opus 643 - Organparts<\/title>\n<meta name=\"robots\" content=\"index, follow, max-snippet:-1, max-image-preview:large, max-video-preview:-1\" \/>\n<link rel=\"canonical\" href=\"https:\/\/organparts.info\/en\/produkt\/console-with-bench-and-pedal-rieger-opus-643\/\" \/>\n<meta property=\"og:locale\" content=\"de_DE\" \/>\n<meta property=\"og:type\" content=\"article\" \/>\n<meta property=\"og:title\" content=\"Spieltisch mit Orgelbank und Pedal, Rieger Opus 643 - Organparts\" \/>\n<meta property=\"og:description\" content=\"Spieltisch mit Orgelbank und Pedal, Rieger Opus 643 2 Manuale, 20 Register, C-f3, 54 T\u00f6ne mit Crescendo-Walze Pedal: Eichenrahmen, Grundplatte aus Fichte, Eichenbelag, C-d\u2019, 27 T\u00f6ne mit mechanischer pneumatischer Hilfe Breite: 1220 mm Volle H\u00f6he: 1430mm H\u00f6he hinter dem Podest: 1140mm Spieltischtiefe: 590 mm Tiefe mit Orgelbank: 1160mm R\u00fcckwand fehlt\" \/>\n<meta property=\"og:url\" content=\"https:\/\/organparts.info\/en\/produkt\/console-with-bench-and-pedal-rieger-opus-643\/\" \/>\n<meta property=\"og:site_name\" content=\"Organparts\" \/>\n<meta property=\"article:modified_time\" content=\"2024-06-07T05:30:52+00:00\" \/>\n<meta property=\"og:image\" content=\"https:\/\/organparts.info\/wp-content\/uploads\/2024\/06\/FOKEP_2.jpg\" \/>\n\t<meta property=\"og:image:width\" content=\"700\" \/>\n\t<meta property=\"og:image:height\" content=\"525\" \/>\n\t<meta property=\"og:image:type\" content=\"image\/jpeg\" \/>\n<meta name=\"twitter:card\" content=\"summary_large_image\" \/>\n<meta name=\"twitter:label1\" content=\"Gesch\u00e4tzte Lesezeit\" \/>\n\t<meta name=\"twitter:data1\" content=\"1\u00a0Minute\" \/>\n<script type=\"application\/ld+json\" class=\"yoast-schema-graph\">{\"@context\":\"https:\\\/\\\/schema.org\",\"@graph\":[{\"@type\":\"WebPage\",\"@id\":\"https:\\\/\\\/organparts.info\\\/en\\\/produkt\\\/console-with-bench-and-pedal-rieger-opus-643\\\/\",\"url\":\"https:\\\/\\\/organparts.info\\\/en\\\/produkt\\\/console-with-bench-and-pedal-rieger-opus-643\\\/\",\"name\":\"Spieltisch mit Orgelbank und Pedal, Rieger Opus 643 - Organparts\",\"isPartOf\":{\"@id\":\"https:\\\/\\\/organparts.info\\\/en\\\/#website\"},\"primaryImageOfPage\":{\"@id\":\"https:\\\/\\\/organparts.info\\\/en\\\/produkt\\\/console-with-bench-and-pedal-rieger-opus-643\\\/#primaryimage\"},\"image\":{\"@id\":\"https:\\\/\\\/organparts.info\\\/en\\\/produkt\\\/console-with-bench-and-pedal-rieger-opus-643\\\/#primaryimage\"},\"thumbnailUrl\":\"https:\\\/\\\/organparts.info\\\/wp-content\\\/uploads\\\/2024\\\/06\\\/FOKEP_2.jpg\",\"datePublished\":\"2024-06-04T09:42:18+00:00\",\"dateModified\":\"2024-06-07T05:30:52+00:00\",\"breadcrumb\":{\"@id\":\"https:\\\/\\\/organparts.info\\\/en\\\/produkt\\\/console-with-bench-and-pedal-rieger-opus-643\\\/#breadcrumb\"},\"inLanguage\":\"de\",\"potentialAction\":[{\"@type\":\"ReadAction\",\"target\":[\"https:\\\/\\\/organparts.info\\\/en\\\/produkt\\\/console-with-bench-and-pedal-rieger-opus-643\\\/\"]}]},{\"@type\":\"ImageObject\",\"inLanguage\":\"de\",\"@id\":\"https:\\\/\\\/organparts.info\\\/en\\\/produkt\\\/console-with-bench-and-pedal-rieger-opus-643\\\/#primaryimage\",\"url\":\"https:\\\/\\\/organparts.info\\\/wp-content\\\/uploads\\\/2024\\\/06\\\/FOKEP_2.jpg\",\"contentUrl\":\"https:\\\/\\\/organparts.info\\\/wp-content\\\/uploads\\\/2024\\\/06\\\/FOKEP_2.jpg\",\"width\":700,\"height\":525},{\"@type\":\"BreadcrumbList\",\"@id\":\"https:\\\/\\\/organparts.info\\\/en\\\/produkt\\\/console-with-bench-and-pedal-rieger-opus-643\\\/#breadcrumb\",\"itemListElement\":[{\"@type\":\"ListItem\",\"position\":1,\"name\":\"Kezd\u0151lap\",\"item\":\"https:\\\/\\\/organparts.info\\\/de\\\/startseite\\\/\"},{\"@type\":\"ListItem\",\"position\":2,\"name\":\"Shop\",\"item\":\"https:\\\/\\\/organparts.info\\\/de\\\/shop\\\/\"},{\"@type\":\"ListItem\",\"position\":3,\"name\":\"Spieltisch mit Orgelbank und Pedal, Rieger Opus 643\"}]},{\"@type\":\"WebSite\",\"@id\":\"https:\\\/\\\/organparts.info\\\/en\\\/#website\",\"url\":\"https:\\\/\\\/organparts.info\\\/en\\\/\",\"name\":\"Organparts\",\"description\":\"P\u00e9csi Orgona\u00e9p\u00edt\u0151 manufakt\u00fara\",\"publisher\":{\"@id\":\"https:\\\/\\\/organparts.info\\\/en\\\/#organization\"},\"potentialAction\":[{\"@type\":\"SearchAction\",\"target\":{\"@type\":\"EntryPoint\",\"urlTemplate\":\"https:\\\/\\\/organparts.info\\\/en\\\/?s={search_term_string}\"},\"query-input\":{\"@type\":\"PropertyValueSpecification\",\"valueRequired\":true,\"valueName\":\"search_term_string\"}}],\"inLanguage\":\"de\"},{\"@type\":\"Organization\",\"@id\":\"https:\\\/\\\/organparts.info\\\/en\\\/#organization\",\"name\":\"Organparts\",\"url\":\"https:\\\/\\\/organparts.info\\\/en\\\/\",\"logo\":{\"@type\":\"ImageObject\",\"inLanguage\":\"de\",\"@id\":\"https:\\\/\\\/organparts.info\\\/en\\\/#\\\/schema\\\/logo\\\/image\\\/\",\"url\":\"https:\\\/\\\/organparts.info\\\/wp-content\\\/uploads\\\/2022\\\/05\\\/organparts-logo-1439380658.jpg\",\"contentUrl\":\"https:\\\/\\\/organparts.info\\\/wp-content\\\/uploads\\\/2022\\\/05\\\/organparts-logo-1439380658.jpg\",\"width\":270,\"height\":92,\"caption\":\"Organparts\"},\"image\":{\"@id\":\"https:\\\/\\\/organparts.info\\\/en\\\/#\\\/schema\\\/logo\\\/image\\\/\"}}]}<\/script>\n<!-- \/ Yoast SEO plugin. -->","yoast_head_json":{"title":"Spieltisch mit Orgelbank und Pedal, Rieger Opus 643 - Organparts","robots":{"index":"index","follow":"follow","max-snippet":"max-snippet:-1","max-image-preview":"max-image-preview:large","max-video-preview":"max-video-preview:-1"},"canonical":"https:\/\/organparts.info\/en\/produkt\/console-with-bench-and-pedal-rieger-opus-643\/","og_locale":"de_DE","og_type":"article","og_title":"Spieltisch mit Orgelbank und Pedal, Rieger Opus 643 - Organparts","og_description":"Spieltisch mit Orgelbank und Pedal, Rieger Opus 643 2 Manuale, 20 Register, C-f3, 54 T\u00f6ne mit Crescendo-Walze Pedal: Eichenrahmen, Grundplatte aus Fichte, Eichenbelag, C-d\u2019, 27 T\u00f6ne mit mechanischer pneumatischer Hilfe Breite: 1220 mm Volle H\u00f6he: 1430mm H\u00f6he hinter dem Podest: 1140mm Spieltischtiefe: 590 mm Tiefe mit Orgelbank: 1160mm R\u00fcckwand fehlt","og_url":"https:\/\/organparts.info\/en\/produkt\/console-with-bench-and-pedal-rieger-opus-643\/","og_site_name":"Organparts","article_modified_time":"2024-06-07T05:30:52+00:00","og_image":[{"width":700,"height":525,"url":"https:\/\/organparts.info\/wp-content\/uploads\/2024\/06\/FOKEP_2.jpg","type":"image\/jpeg"}],"twitter_card":"summary_large_image","twitter_misc":{"Gesch\u00e4tzte Lesezeit":"1\u00a0Minute"},"schema":{"@context":"https:\/\/schema.org","@graph":[{"@type":"WebPage","@id":"https:\/\/organparts.info\/en\/produkt\/console-with-bench-and-pedal-rieger-opus-643\/","url":"https:\/\/organparts.info\/en\/produkt\/console-with-bench-and-pedal-rieger-opus-643\/","name":"Spieltisch mit Orgelbank und Pedal, Rieger Opus 643 - Organparts","isPartOf":{"@id":"https:\/\/organparts.info\/en\/#website"},"primaryImageOfPage":{"@id":"https:\/\/organparts.info\/en\/produkt\/console-with-bench-and-pedal-rieger-opus-643\/#primaryimage"},"image":{"@id":"https:\/\/organparts.info\/en\/produkt\/console-with-bench-and-pedal-rieger-opus-643\/#primaryimage"},"thumbnailUrl":"https:\/\/organparts.info\/wp-content\/uploads\/2024\/06\/FOKEP_2.jpg","datePublished":"2024-06-04T09:42:18+00:00","dateModified":"2024-06-07T05:30:52+00:00","breadcrumb":{"@id":"https:\/\/organparts.info\/en\/produkt\/console-with-bench-and-pedal-rieger-opus-643\/#breadcrumb"},"inLanguage":"de","potentialAction":[{"@type":"ReadAction","target":["https:\/\/organparts.info\/en\/produkt\/console-with-bench-and-pedal-rieger-opus-643\/"]}]},{"@type":"ImageObject","inLanguage":"de","@id":"https:\/\/organparts.info\/en\/produkt\/console-with-bench-and-pedal-rieger-opus-643\/#primaryimage","url":"https:\/\/organparts.info\/wp-content\/uploads\/2024\/06\/FOKEP_2.jpg","contentUrl":"https:\/\/organparts.info\/wp-content\/uploads\/2024\/06\/FOKEP_2.jpg","width":700,"height":525},{"@type":"BreadcrumbList","@id":"https:\/\/organparts.info\/en\/produkt\/console-with-bench-and-pedal-rieger-opus-643\/#breadcrumb","itemListElement":[{"@type":"ListItem","position":1,"name":"Kezd\u0151lap","item":"https:\/\/organparts.info\/de\/startseite\/"},{"@type":"ListItem","position":2,"name":"Shop","item":"https:\/\/organparts.info\/de\/shop\/"},{"@type":"ListItem","position":3,"name":"Spieltisch mit Orgelbank und Pedal, Rieger Opus 643"}]},{"@type":"WebSite","@id":"https:\/\/organparts.info\/en\/#website","url":"https:\/\/organparts.info\/en\/","name":"Organparts","description":"P\u00e9csi Orgona\u00e9p\u00edt\u0151 manufakt\u00fara","publisher":{"@id":"https:\/\/organparts.info\/en\/#organization"},"potentialAction":[{"@type":"SearchAction","target":{"@type":"EntryPoint","urlTemplate":"https:\/\/organparts.info\/en\/?s={search_term_string}"},"query-input":{"@type":"PropertyValueSpecification","valueRequired":true,"valueName":"search_term_string"}}],"inLanguage":"de"},{"@type":"Organization","@id":"https:\/\/organparts.info\/en\/#organization","name":"Organparts","url":"https:\/\/organparts.info\/en\/","logo":{"@type":"ImageObject","inLanguage":"de","@id":"https:\/\/organparts.info\/en\/#\/schema\/logo\/image\/","url":"https:\/\/organparts.info\/wp-content\/uploads\/2022\/05\/organparts-logo-1439380658.jpg","contentUrl":"https:\/\/organparts.info\/wp-content\/uploads\/2022\/05\/organparts-logo-1439380658.jpg","width":270,"height":92,"caption":"Organparts"},"image":{"@id":"https:\/\/organparts.info\/en\/#\/schema\/logo\/image\/"}}]}},"_links":{"self":[{"href":"https:\/\/organparts.info\/de\/wp-json\/wp\/v2\/product\/103648","targetHints":{"allow":["GET"]}}],"collection":[{"href":"https:\/\/organparts.info\/de\/wp-json\/wp\/v2\/product"}],"about":[{"href":"https:\/\/organparts.info\/de\/wp-json\/wp\/v2\/types\/product"}],"replies":[{"embeddable":true,"href":"https:\/\/organparts.info\/de\/wp-json\/wp\/v2\/comments?post=103648"}],"wp:featuredmedia":[{"embeddable":true,"href":"https:\/\/organparts.info\/de\/wp-json\/wp\/v2\/media\/103504"}],"wp:attachment":[{"href":"https:\/\/organparts.info\/de\/wp-json\/wp\/v2\/media?parent=103648"}],"wp:term":[{"taxonomy":"product_brand","embeddable":true,"href":"https:\/\/organparts.info\/de\/wp-json\/wp\/v2\/product_brand?post=103648"},{"taxonomy":"product_cat","embeddable":true,"href":"https:\/\/organparts.info\/de\/wp-json\/wp\/v2\/product_cat?post=103648"},{"taxonomy":"product_tag","embeddable":true,"href":"https:\/\/organparts.info\/de\/wp-json\/wp\/v2\/product_tag?post=103648"}],"curies":[{"name":"wp","href":"https:\/\/api.w.org\/{rel}","templated":true}]}}