{"id":103557,"date":"2024-06-04T09:04:30","date_gmt":"2024-06-04T09:04:30","guid":{"rendered":"https:\/\/organparts.info\/product\/h-00027-regiszterhuzo\/"},"modified":"2024-06-04T12:48:30","modified_gmt":"2024-06-04T12:48:30","slug":"h-00027-regiszterhuzo","status":"publish","type":"product","link":"https:\/\/organparts.info\/de\/produkt\/h-00027-regiszterhuzo\/","title":{"rendered":"Registergriffe mit verschiedenen Porzellanschildern"},"content":{"rendered":"<p>Registergriffe, 8 St\u00fcck<br \/>\n\u00d8 35&#215;38 mm<br \/>\nmit verschiedenen Porzellanschildern<br \/>\nK\u00f6rper: \u00d8 15 x ca. 200 mm<\/p>\n<p><strong>Preis: netto 12 \u20ac\/St, zusammen 90 \u20ac\/ 8 St<\/strong><\/p>\n","protected":false},"excerpt":{"rendered":"<p>Registergriffe, 8 St\u00fcck \u00d8 35&#215;38 mm mit verschiedenen Porzellanschildern K\u00f6rper: \u00d8 15 x ca. 200 mm Preis: netto 12 \u20ac\/St, zusammen 90 \u20ac\/ 8 St<\/p>\n","protected":false},"featured_media":103476,"comment_status":"open","ping_status":"closed","template":"","meta":{"_et_pb_use_builder":"","_et_pb_old_content":"","_et_gb_content_width":""},"product_brand":[],"product_cat":[263,343],"product_tag":[],"class_list":{"0":"post-103557","1":"product","2":"type-product","3":"status-publish","4":"has-post-thumbnail","6":"product_cat-gebrauchte-produkte","7":"product_cat-console-parts","9":"first","10":"instock","11":"taxable","12":"shipping-taxable","13":"purchasable","14":"product-type-simple"},"exclude_global_add_ons":[],"addons":[],"yoast_head":"<!-- This site is optimized with the Yoast SEO plugin v27.4 - https:\/\/yoast.com\/product\/yoast-seo-wordpress\/ -->\n<title>Registergriffe mit verschiedenen Porzellanschildern - Organparts<\/title>\n<meta name=\"robots\" content=\"index, follow, max-snippet:-1, max-image-preview:large, max-video-preview:-1\" \/>\n<link rel=\"canonical\" href=\"https:\/\/organparts.info\/de\/produkt\/h-00027-regiszterhuzo\/\" \/>\n<meta property=\"og:locale\" content=\"de_DE\" \/>\n<meta property=\"og:type\" content=\"article\" \/>\n<meta property=\"og:title\" content=\"Registergriffe mit verschiedenen Porzellanschildern - Organparts\" \/>\n<meta property=\"og:description\" content=\"Registergriffe, 8 St\u00fcck \u00d8 35&#215;38 mm mit verschiedenen Porzellanschildern K\u00f6rper: \u00d8 15 x ca. 200 mm Preis: netto 12 \u20ac\/St, zusammen 90 \u20ac\/ 8 St\" \/>\n<meta property=\"og:url\" content=\"https:\/\/organparts.info\/de\/produkt\/h-00027-regiszterhuzo\/\" \/>\n<meta property=\"og:site_name\" content=\"Organparts\" \/>\n<meta property=\"article:modified_time\" content=\"2024-06-04T12:48:30+00:00\" \/>\n<meta property=\"og:image\" content=\"https:\/\/organparts.info\/wp-content\/uploads\/2024\/06\/1-6.jpg\" \/>\n\t<meta property=\"og:image:width\" content=\"1500\" \/>\n\t<meta property=\"og:image:height\" content=\"335\" \/>\n\t<meta property=\"og:image:type\" content=\"image\/jpeg\" \/>\n<meta name=\"twitter:card\" content=\"summary_large_image\" \/>\n<meta name=\"twitter:label1\" content=\"Gesch\u00e4tzte Lesezeit\" \/>\n\t<meta name=\"twitter:data1\" content=\"1\u00a0Minute\" \/>\n<script type=\"application\/ld+json\" class=\"yoast-schema-graph\">{\"@context\":\"https:\\\/\\\/schema.org\",\"@graph\":[{\"@type\":\"WebPage\",\"@id\":\"https:\\\/\\\/organparts.info\\\/de\\\/produkt\\\/h-00027-regiszterhuzo\\\/\",\"url\":\"https:\\\/\\\/organparts.info\\\/de\\\/produkt\\\/h-00027-regiszterhuzo\\\/\",\"name\":\"Registergriffe mit verschiedenen Porzellanschildern - Organparts\",\"isPartOf\":{\"@id\":\"https:\\\/\\\/organparts.info\\\/en\\\/#website\"},\"primaryImageOfPage\":{\"@id\":\"https:\\\/\\\/organparts.info\\\/de\\\/produkt\\\/h-00027-regiszterhuzo\\\/#primaryimage\"},\"image\":{\"@id\":\"https:\\\/\\\/organparts.info\\\/de\\\/produkt\\\/h-00027-regiszterhuzo\\\/#primaryimage\"},\"thumbnailUrl\":\"https:\\\/\\\/organparts.info\\\/wp-content\\\/uploads\\\/2024\\\/06\\\/1-6.jpg\",\"datePublished\":\"2024-06-04T09:04:30+00:00\",\"dateModified\":\"2024-06-04T12:48:30+00:00\",\"breadcrumb\":{\"@id\":\"https:\\\/\\\/organparts.info\\\/de\\\/produkt\\\/h-00027-regiszterhuzo\\\/#breadcrumb\"},\"inLanguage\":\"de\",\"potentialAction\":[{\"@type\":\"ReadAction\",\"target\":[\"https:\\\/\\\/organparts.info\\\/de\\\/produkt\\\/h-00027-regiszterhuzo\\\/\"]}]},{\"@type\":\"ImageObject\",\"inLanguage\":\"de\",\"@id\":\"https:\\\/\\\/organparts.info\\\/de\\\/produkt\\\/h-00027-regiszterhuzo\\\/#primaryimage\",\"url\":\"https:\\\/\\\/organparts.info\\\/wp-content\\\/uploads\\\/2024\\\/06\\\/1-6.jpg\",\"contentUrl\":\"https:\\\/\\\/organparts.info\\\/wp-content\\\/uploads\\\/2024\\\/06\\\/1-6.jpg\",\"width\":1500,\"height\":335},{\"@type\":\"BreadcrumbList\",\"@id\":\"https:\\\/\\\/organparts.info\\\/de\\\/produkt\\\/h-00027-regiszterhuzo\\\/#breadcrumb\",\"itemListElement\":[{\"@type\":\"ListItem\",\"position\":1,\"name\":\"Kezd\u0151lap\",\"item\":\"https:\\\/\\\/organparts.info\\\/de\\\/startseite\\\/\"},{\"@type\":\"ListItem\",\"position\":2,\"name\":\"Shop\",\"item\":\"https:\\\/\\\/organparts.info\\\/de\\\/shop\\\/\"},{\"@type\":\"ListItem\",\"position\":3,\"name\":\"Registergriffe mit verschiedenen Porzellanschildern\"}]},{\"@type\":\"WebSite\",\"@id\":\"https:\\\/\\\/organparts.info\\\/en\\\/#website\",\"url\":\"https:\\\/\\\/organparts.info\\\/en\\\/\",\"name\":\"Organparts\",\"description\":\"P\u00e9csi Orgona\u00e9p\u00edt\u0151 manufakt\u00fara\",\"publisher\":{\"@id\":\"https:\\\/\\\/organparts.info\\\/en\\\/#organization\"},\"potentialAction\":[{\"@type\":\"SearchAction\",\"target\":{\"@type\":\"EntryPoint\",\"urlTemplate\":\"https:\\\/\\\/organparts.info\\\/en\\\/?s={search_term_string}\"},\"query-input\":{\"@type\":\"PropertyValueSpecification\",\"valueRequired\":true,\"valueName\":\"search_term_string\"}}],\"inLanguage\":\"de\"},{\"@type\":\"Organization\",\"@id\":\"https:\\\/\\\/organparts.info\\\/en\\\/#organization\",\"name\":\"Organparts\",\"url\":\"https:\\\/\\\/organparts.info\\\/en\\\/\",\"logo\":{\"@type\":\"ImageObject\",\"inLanguage\":\"de\",\"@id\":\"https:\\\/\\\/organparts.info\\\/en\\\/#\\\/schema\\\/logo\\\/image\\\/\",\"url\":\"https:\\\/\\\/organparts.info\\\/wp-content\\\/uploads\\\/2022\\\/05\\\/organparts-logo-1439380658.jpg\",\"contentUrl\":\"https:\\\/\\\/organparts.info\\\/wp-content\\\/uploads\\\/2022\\\/05\\\/organparts-logo-1439380658.jpg\",\"width\":270,\"height\":92,\"caption\":\"Organparts\"},\"image\":{\"@id\":\"https:\\\/\\\/organparts.info\\\/en\\\/#\\\/schema\\\/logo\\\/image\\\/\"}}]}<\/script>\n<!-- \/ Yoast SEO plugin. -->","yoast_head_json":{"title":"Registergriffe mit verschiedenen Porzellanschildern - Organparts","robots":{"index":"index","follow":"follow","max-snippet":"max-snippet:-1","max-image-preview":"max-image-preview:large","max-video-preview":"max-video-preview:-1"},"canonical":"https:\/\/organparts.info\/de\/produkt\/h-00027-regiszterhuzo\/","og_locale":"de_DE","og_type":"article","og_title":"Registergriffe mit verschiedenen Porzellanschildern - Organparts","og_description":"Registergriffe, 8 St\u00fcck \u00d8 35&#215;38 mm mit verschiedenen Porzellanschildern K\u00f6rper: \u00d8 15 x ca. 200 mm Preis: netto 12 \u20ac\/St, zusammen 90 \u20ac\/ 8 St","og_url":"https:\/\/organparts.info\/de\/produkt\/h-00027-regiszterhuzo\/","og_site_name":"Organparts","article_modified_time":"2024-06-04T12:48:30+00:00","og_image":[{"width":1500,"height":335,"url":"https:\/\/organparts.info\/wp-content\/uploads\/2024\/06\/1-6.jpg","type":"image\/jpeg"}],"twitter_card":"summary_large_image","twitter_misc":{"Gesch\u00e4tzte Lesezeit":"1\u00a0Minute"},"schema":{"@context":"https:\/\/schema.org","@graph":[{"@type":"WebPage","@id":"https:\/\/organparts.info\/de\/produkt\/h-00027-regiszterhuzo\/","url":"https:\/\/organparts.info\/de\/produkt\/h-00027-regiszterhuzo\/","name":"Registergriffe mit verschiedenen Porzellanschildern - Organparts","isPartOf":{"@id":"https:\/\/organparts.info\/en\/#website"},"primaryImageOfPage":{"@id":"https:\/\/organparts.info\/de\/produkt\/h-00027-regiszterhuzo\/#primaryimage"},"image":{"@id":"https:\/\/organparts.info\/de\/produkt\/h-00027-regiszterhuzo\/#primaryimage"},"thumbnailUrl":"https:\/\/organparts.info\/wp-content\/uploads\/2024\/06\/1-6.jpg","datePublished":"2024-06-04T09:04:30+00:00","dateModified":"2024-06-04T12:48:30+00:00","breadcrumb":{"@id":"https:\/\/organparts.info\/de\/produkt\/h-00027-regiszterhuzo\/#breadcrumb"},"inLanguage":"de","potentialAction":[{"@type":"ReadAction","target":["https:\/\/organparts.info\/de\/produkt\/h-00027-regiszterhuzo\/"]}]},{"@type":"ImageObject","inLanguage":"de","@id":"https:\/\/organparts.info\/de\/produkt\/h-00027-regiszterhuzo\/#primaryimage","url":"https:\/\/organparts.info\/wp-content\/uploads\/2024\/06\/1-6.jpg","contentUrl":"https:\/\/organparts.info\/wp-content\/uploads\/2024\/06\/1-6.jpg","width":1500,"height":335},{"@type":"BreadcrumbList","@id":"https:\/\/organparts.info\/de\/produkt\/h-00027-regiszterhuzo\/#breadcrumb","itemListElement":[{"@type":"ListItem","position":1,"name":"Kezd\u0151lap","item":"https:\/\/organparts.info\/de\/startseite\/"},{"@type":"ListItem","position":2,"name":"Shop","item":"https:\/\/organparts.info\/de\/shop\/"},{"@type":"ListItem","position":3,"name":"Registergriffe mit verschiedenen Porzellanschildern"}]},{"@type":"WebSite","@id":"https:\/\/organparts.info\/en\/#website","url":"https:\/\/organparts.info\/en\/","name":"Organparts","description":"P\u00e9csi Orgona\u00e9p\u00edt\u0151 manufakt\u00fara","publisher":{"@id":"https:\/\/organparts.info\/en\/#organization"},"potentialAction":[{"@type":"SearchAction","target":{"@type":"EntryPoint","urlTemplate":"https:\/\/organparts.info\/en\/?s={search_term_string}"},"query-input":{"@type":"PropertyValueSpecification","valueRequired":true,"valueName":"search_term_string"}}],"inLanguage":"de"},{"@type":"Organization","@id":"https:\/\/organparts.info\/en\/#organization","name":"Organparts","url":"https:\/\/organparts.info\/en\/","logo":{"@type":"ImageObject","inLanguage":"de","@id":"https:\/\/organparts.info\/en\/#\/schema\/logo\/image\/","url":"https:\/\/organparts.info\/wp-content\/uploads\/2022\/05\/organparts-logo-1439380658.jpg","contentUrl":"https:\/\/organparts.info\/wp-content\/uploads\/2022\/05\/organparts-logo-1439380658.jpg","width":270,"height":92,"caption":"Organparts"},"image":{"@id":"https:\/\/organparts.info\/en\/#\/schema\/logo\/image\/"}}]}},"_links":{"self":[{"href":"https:\/\/organparts.info\/de\/wp-json\/wp\/v2\/product\/103557","targetHints":{"allow":["GET"]}}],"collection":[{"href":"https:\/\/organparts.info\/de\/wp-json\/wp\/v2\/product"}],"about":[{"href":"https:\/\/organparts.info\/de\/wp-json\/wp\/v2\/types\/product"}],"replies":[{"embeddable":true,"href":"https:\/\/organparts.info\/de\/wp-json\/wp\/v2\/comments?post=103557"}],"wp:featuredmedia":[{"embeddable":true,"href":"https:\/\/organparts.info\/de\/wp-json\/wp\/v2\/media\/103476"}],"wp:attachment":[{"href":"https:\/\/organparts.info\/de\/wp-json\/wp\/v2\/media?parent=103557"}],"wp:term":[{"taxonomy":"product_brand","embeddable":true,"href":"https:\/\/organparts.info\/de\/wp-json\/wp\/v2\/product_brand?post=103557"},{"taxonomy":"product_cat","embeddable":true,"href":"https:\/\/organparts.info\/de\/wp-json\/wp\/v2\/product_cat?post=103557"},{"taxonomy":"product_tag","embeddable":true,"href":"https:\/\/organparts.info\/de\/wp-json\/wp\/v2\/product_tag?post=103557"}],"curies":[{"name":"wp","href":"https:\/\/api.w.org\/{rel}","templated":true}]}}