{"id":103248,"date":"2023-11-27T08:54:04","date_gmt":"2023-11-27T08:54:04","guid":{"rendered":"https:\/\/organparts.info\/?post_type=product&#038;p=103248"},"modified":"2023-11-27T09:01:05","modified_gmt":"2023-11-27T09:01:05","slug":"auslasstremulant-masolat","status":"publish","type":"product","link":"https:\/\/organparts.info\/de\/produkt\/auslasstremulant-masolat\/","title":{"rendered":"Auslassbalgtremulant, mit pneumatischer-elektrischer Steuerung"},"content":{"rendered":"<p>Die Steuerung kann pneumatisch, elektrisch oder mechanisch sein.<br \/>\nBitte bei Bestellung angeben, wie die Ein-\/Ausschaltung gew\u00fcnscht wird.<\/p>\n","protected":false},"excerpt":{"rendered":"<p>Die Steuerung kann pneumatisch, elektrisch oder mechanisch sein. Bitte bei Bestellung angeben, wie die Ein-\/Ausschaltung gew\u00fcnscht wird.<\/p>\n","protected":false},"featured_media":103252,"comment_status":"open","ping_status":"closed","template":"","meta":{"_et_pb_use_builder":"","_et_pb_old_content":"","_et_gb_content_width":""},"product_brand":[],"product_cat":[161,38],"product_tag":[],"class_list":{"0":"post-103248","1":"product","2":"type-product","3":"status-publish","4":"has-post-thumbnail","6":"product_cat-tremulant","7":"product_cat-windlade","9":"first","10":"instock","11":"taxable","12":"shipping-taxable","13":"purchasable","14":"product-type-simple"},"exclude_global_add_ons":[],"addons":[],"yoast_head":"<!-- This site is optimized with the Yoast SEO plugin v27.2 - https:\/\/yoast.com\/product\/yoast-seo-wordpress\/ -->\n<title>Auslassbalgtremulant, mit pneumatischer-elektrischer Steuerung - Organparts<\/title>\n<meta name=\"robots\" content=\"index, follow, max-snippet:-1, max-image-preview:large, max-video-preview:-1\" \/>\n<link rel=\"canonical\" href=\"https:\/\/organparts.info\/de\/produkt\/auslasstremulant-masolat\/\" \/>\n<meta property=\"og:locale\" content=\"de_DE\" \/>\n<meta property=\"og:type\" content=\"article\" \/>\n<meta property=\"og:title\" content=\"Auslassbalgtremulant, mit pneumatischer-elektrischer Steuerung - Organparts\" \/>\n<meta property=\"og:description\" content=\"Die Steuerung kann pneumatisch, elektrisch oder mechanisch sein. Bitte bei Bestellung angeben, wie die Ein-\/Ausschaltung gew\u00fcnscht wird.\" \/>\n<meta property=\"og:url\" content=\"https:\/\/organparts.info\/de\/produkt\/auslasstremulant-masolat\/\" \/>\n<meta property=\"og:site_name\" content=\"Organparts\" \/>\n<meta property=\"article:modified_time\" content=\"2023-11-27T09:01:05+00:00\" \/>\n<meta property=\"og:image\" content=\"https:\/\/organparts.info\/wp-content\/uploads\/2023\/11\/Fo-kep-1.jpg\" \/>\n\t<meta property=\"og:image:width\" content=\"720\" \/>\n\t<meta property=\"og:image:height\" content=\"544\" \/>\n\t<meta property=\"og:image:type\" content=\"image\/jpeg\" \/>\n<meta name=\"twitter:card\" content=\"summary_large_image\" \/>\n<script type=\"application\/ld+json\" class=\"yoast-schema-graph\">{\"@context\":\"https:\/\/schema.org\",\"@graph\":[{\"@type\":\"WebPage\",\"@id\":\"https:\/\/organparts.info\/de\/produkt\/auslasstremulant-masolat\/\",\"url\":\"https:\/\/organparts.info\/de\/produkt\/auslasstremulant-masolat\/\",\"name\":\"Auslassbalgtremulant, mit pneumatischer-elektrischer Steuerung - Organparts\",\"isPartOf\":{\"@id\":\"https:\/\/organparts.info\/en\/#website\"},\"primaryImageOfPage\":{\"@id\":\"https:\/\/organparts.info\/de\/produkt\/auslasstremulant-masolat\/#primaryimage\"},\"image\":{\"@id\":\"https:\/\/organparts.info\/de\/produkt\/auslasstremulant-masolat\/#primaryimage\"},\"thumbnailUrl\":\"https:\/\/organparts.info\/wp-content\/uploads\/2023\/11\/Fo-kep-1.jpg\",\"datePublished\":\"2023-11-27T08:54:04+00:00\",\"dateModified\":\"2023-11-27T09:01:05+00:00\",\"breadcrumb\":{\"@id\":\"https:\/\/organparts.info\/de\/produkt\/auslasstremulant-masolat\/#breadcrumb\"},\"inLanguage\":\"de\",\"potentialAction\":[{\"@type\":\"ReadAction\",\"target\":[\"https:\/\/organparts.info\/de\/produkt\/auslasstremulant-masolat\/\"]}]},{\"@type\":\"ImageObject\",\"inLanguage\":\"de\",\"@id\":\"https:\/\/organparts.info\/de\/produkt\/auslasstremulant-masolat\/#primaryimage\",\"url\":\"https:\/\/organparts.info\/wp-content\/uploads\/2023\/11\/Fo-kep-1.jpg\",\"contentUrl\":\"https:\/\/organparts.info\/wp-content\/uploads\/2023\/11\/Fo-kep-1.jpg\",\"width\":720,\"height\":544},{\"@type\":\"BreadcrumbList\",\"@id\":\"https:\/\/organparts.info\/de\/produkt\/auslasstremulant-masolat\/#breadcrumb\",\"itemListElement\":[{\"@type\":\"ListItem\",\"position\":1,\"name\":\"Kezd\u0151lap\",\"item\":\"https:\/\/organparts.info\/de\/startseite\/\"},{\"@type\":\"ListItem\",\"position\":2,\"name\":\"Shop\",\"item\":\"https:\/\/organparts.info\/de\/shop\/\"},{\"@type\":\"ListItem\",\"position\":3,\"name\":\"Auslassbalgtremulant, mit pneumatischer-elektrischer Steuerung\"}]},{\"@type\":\"WebSite\",\"@id\":\"https:\/\/organparts.info\/en\/#website\",\"url\":\"https:\/\/organparts.info\/en\/\",\"name\":\"Organparts\",\"description\":\"P\u00e9csi Orgona\u00e9p\u00edt\u0151 manufakt\u00fara\",\"publisher\":{\"@id\":\"https:\/\/organparts.info\/en\/#organization\"},\"potentialAction\":[{\"@type\":\"SearchAction\",\"target\":{\"@type\":\"EntryPoint\",\"urlTemplate\":\"https:\/\/organparts.info\/en\/?s={search_term_string}\"},\"query-input\":{\"@type\":\"PropertyValueSpecification\",\"valueRequired\":true,\"valueName\":\"search_term_string\"}}],\"inLanguage\":\"de\"},{\"@type\":\"Organization\",\"@id\":\"https:\/\/organparts.info\/en\/#organization\",\"name\":\"Organparts\",\"url\":\"https:\/\/organparts.info\/en\/\",\"logo\":{\"@type\":\"ImageObject\",\"inLanguage\":\"de\",\"@id\":\"https:\/\/organparts.info\/en\/#\/schema\/logo\/image\/\",\"url\":\"https:\/\/organparts.info\/wp-content\/uploads\/2022\/05\/organparts-logo-1439380658.jpg\",\"contentUrl\":\"https:\/\/organparts.info\/wp-content\/uploads\/2022\/05\/organparts-logo-1439380658.jpg\",\"width\":270,\"height\":92,\"caption\":\"Organparts\"},\"image\":{\"@id\":\"https:\/\/organparts.info\/en\/#\/schema\/logo\/image\/\"}}]}<\/script>\n<!-- \/ Yoast SEO plugin. -->","yoast_head_json":{"title":"Auslassbalgtremulant, mit pneumatischer-elektrischer Steuerung - Organparts","robots":{"index":"index","follow":"follow","max-snippet":"max-snippet:-1","max-image-preview":"max-image-preview:large","max-video-preview":"max-video-preview:-1"},"canonical":"https:\/\/organparts.info\/de\/produkt\/auslasstremulant-masolat\/","og_locale":"de_DE","og_type":"article","og_title":"Auslassbalgtremulant, mit pneumatischer-elektrischer Steuerung - Organparts","og_description":"Die Steuerung kann pneumatisch, elektrisch oder mechanisch sein. Bitte bei Bestellung angeben, wie die Ein-\/Ausschaltung gew\u00fcnscht wird.","og_url":"https:\/\/organparts.info\/de\/produkt\/auslasstremulant-masolat\/","og_site_name":"Organparts","article_modified_time":"2023-11-27T09:01:05+00:00","og_image":[{"width":720,"height":544,"url":"https:\/\/organparts.info\/wp-content\/uploads\/2023\/11\/Fo-kep-1.jpg","type":"image\/jpeg"}],"twitter_card":"summary_large_image","schema":{"@context":"https:\/\/schema.org","@graph":[{"@type":"WebPage","@id":"https:\/\/organparts.info\/de\/produkt\/auslasstremulant-masolat\/","url":"https:\/\/organparts.info\/de\/produkt\/auslasstremulant-masolat\/","name":"Auslassbalgtremulant, mit pneumatischer-elektrischer Steuerung - Organparts","isPartOf":{"@id":"https:\/\/organparts.info\/en\/#website"},"primaryImageOfPage":{"@id":"https:\/\/organparts.info\/de\/produkt\/auslasstremulant-masolat\/#primaryimage"},"image":{"@id":"https:\/\/organparts.info\/de\/produkt\/auslasstremulant-masolat\/#primaryimage"},"thumbnailUrl":"https:\/\/organparts.info\/wp-content\/uploads\/2023\/11\/Fo-kep-1.jpg","datePublished":"2023-11-27T08:54:04+00:00","dateModified":"2023-11-27T09:01:05+00:00","breadcrumb":{"@id":"https:\/\/organparts.info\/de\/produkt\/auslasstremulant-masolat\/#breadcrumb"},"inLanguage":"de","potentialAction":[{"@type":"ReadAction","target":["https:\/\/organparts.info\/de\/produkt\/auslasstremulant-masolat\/"]}]},{"@type":"ImageObject","inLanguage":"de","@id":"https:\/\/organparts.info\/de\/produkt\/auslasstremulant-masolat\/#primaryimage","url":"https:\/\/organparts.info\/wp-content\/uploads\/2023\/11\/Fo-kep-1.jpg","contentUrl":"https:\/\/organparts.info\/wp-content\/uploads\/2023\/11\/Fo-kep-1.jpg","width":720,"height":544},{"@type":"BreadcrumbList","@id":"https:\/\/organparts.info\/de\/produkt\/auslasstremulant-masolat\/#breadcrumb","itemListElement":[{"@type":"ListItem","position":1,"name":"Kezd\u0151lap","item":"https:\/\/organparts.info\/de\/startseite\/"},{"@type":"ListItem","position":2,"name":"Shop","item":"https:\/\/organparts.info\/de\/shop\/"},{"@type":"ListItem","position":3,"name":"Auslassbalgtremulant, mit pneumatischer-elektrischer Steuerung"}]},{"@type":"WebSite","@id":"https:\/\/organparts.info\/en\/#website","url":"https:\/\/organparts.info\/en\/","name":"Organparts","description":"P\u00e9csi Orgona\u00e9p\u00edt\u0151 manufakt\u00fara","publisher":{"@id":"https:\/\/organparts.info\/en\/#organization"},"potentialAction":[{"@type":"SearchAction","target":{"@type":"EntryPoint","urlTemplate":"https:\/\/organparts.info\/en\/?s={search_term_string}"},"query-input":{"@type":"PropertyValueSpecification","valueRequired":true,"valueName":"search_term_string"}}],"inLanguage":"de"},{"@type":"Organization","@id":"https:\/\/organparts.info\/en\/#organization","name":"Organparts","url":"https:\/\/organparts.info\/en\/","logo":{"@type":"ImageObject","inLanguage":"de","@id":"https:\/\/organparts.info\/en\/#\/schema\/logo\/image\/","url":"https:\/\/organparts.info\/wp-content\/uploads\/2022\/05\/organparts-logo-1439380658.jpg","contentUrl":"https:\/\/organparts.info\/wp-content\/uploads\/2022\/05\/organparts-logo-1439380658.jpg","width":270,"height":92,"caption":"Organparts"},"image":{"@id":"https:\/\/organparts.info\/en\/#\/schema\/logo\/image\/"}}]}},"_links":{"self":[{"href":"https:\/\/organparts.info\/de\/wp-json\/wp\/v2\/product\/103248","targetHints":{"allow":["GET"]}}],"collection":[{"href":"https:\/\/organparts.info\/de\/wp-json\/wp\/v2\/product"}],"about":[{"href":"https:\/\/organparts.info\/de\/wp-json\/wp\/v2\/types\/product"}],"replies":[{"embeddable":true,"href":"https:\/\/organparts.info\/de\/wp-json\/wp\/v2\/comments?post=103248"}],"wp:featuredmedia":[{"embeddable":true,"href":"https:\/\/organparts.info\/de\/wp-json\/wp\/v2\/media\/103252"}],"wp:attachment":[{"href":"https:\/\/organparts.info\/de\/wp-json\/wp\/v2\/media?parent=103248"}],"wp:term":[{"taxonomy":"product_brand","embeddable":true,"href":"https:\/\/organparts.info\/de\/wp-json\/wp\/v2\/product_brand?post=103248"},{"taxonomy":"product_cat","embeddable":true,"href":"https:\/\/organparts.info\/de\/wp-json\/wp\/v2\/product_cat?post=103248"},{"taxonomy":"product_tag","embeddable":true,"href":"https:\/\/organparts.info\/de\/wp-json\/wp\/v2\/product_tag?post=103248"}],"curies":[{"name":"wp","href":"https:\/\/api.w.org\/{rel}","templated":true}]}}