{"id":103155,"date":"2023-11-09T10:01:42","date_gmt":"2023-11-09T10:01:42","guid":{"rendered":"https:\/\/organparts.info\/?post_type=product&#038;p=103155"},"modified":"2023-11-09T10:19:35","modified_gmt":"2023-11-09T10:19:35","slug":"membran-aus-spaltleder-80x55-masolat","status":"publish","type":"product","link":"https:\/\/organparts.info\/de\/produkt\/membran-aus-spaltleder-80x55-masolat\/","title":{"rendered":"Membran aus Spaltleder 50&#215;20 &#8211; G"},"content":{"rendered":"","protected":false},"excerpt":{"rendered":"","protected":false},"featured_media":103157,"comment_status":"open","ping_status":"closed","template":"","meta":{"_et_pb_use_builder":"","_et_pb_old_content":"","_et_gb_content_width":""},"product_brand":[],"product_cat":[146,38],"product_tag":[],"class_list":{"0":"post-103155","1":"product","2":"type-product","3":"status-publish","4":"has-post-thumbnail","6":"product_cat-membranen-aus-spaltleder","7":"product_cat-windlade","9":"first","10":"instock","11":"taxable","12":"shipping-taxable","13":"purchasable","14":"product-type-simple"},"exclude_global_add_ons":[],"addons":[],"yoast_head":"<!-- This site is optimized with the Yoast SEO plugin v27.3 - https:\/\/yoast.com\/product\/yoast-seo-wordpress\/ -->\n<title>Membran aus Spaltleder 50x20 - G - Organparts<\/title>\n<meta name=\"robots\" content=\"index, follow, max-snippet:-1, max-image-preview:large, max-video-preview:-1\" \/>\n<link rel=\"canonical\" href=\"https:\/\/organparts.info\/de\/produkt\/membran-aus-spaltleder-80x55-masolat\/\" \/>\n<meta property=\"og:locale\" content=\"de_DE\" \/>\n<meta property=\"og:type\" content=\"article\" \/>\n<meta property=\"og:title\" content=\"Membran aus Spaltleder 50x20 - G - Organparts\" \/>\n<meta property=\"og:url\" content=\"https:\/\/organparts.info\/de\/produkt\/membran-aus-spaltleder-80x55-masolat\/\" \/>\n<meta property=\"og:site_name\" content=\"Organparts\" \/>\n<meta property=\"article:modified_time\" content=\"2023-11-09T10:19:35+00:00\" \/>\n<meta property=\"og:image\" content=\"https:\/\/organparts.info\/wp-content\/uploads\/2023\/11\/G-membran.jpg\" \/>\n\t<meta property=\"og:image:width\" content=\"1280\" \/>\n\t<meta property=\"og:image:height\" content=\"720\" \/>\n\t<meta property=\"og:image:type\" content=\"image\/jpeg\" \/>\n<meta name=\"twitter:card\" content=\"summary_large_image\" \/>\n<script type=\"application\/ld+json\" class=\"yoast-schema-graph\">{\"@context\":\"https:\\\/\\\/schema.org\",\"@graph\":[{\"@type\":\"WebPage\",\"@id\":\"https:\\\/\\\/organparts.info\\\/de\\\/produkt\\\/membran-aus-spaltleder-80x55-masolat\\\/\",\"url\":\"https:\\\/\\\/organparts.info\\\/de\\\/produkt\\\/membran-aus-spaltleder-80x55-masolat\\\/\",\"name\":\"Membran aus Spaltleder 50x20 - G - Organparts\",\"isPartOf\":{\"@id\":\"https:\\\/\\\/organparts.info\\\/en\\\/#website\"},\"primaryImageOfPage\":{\"@id\":\"https:\\\/\\\/organparts.info\\\/de\\\/produkt\\\/membran-aus-spaltleder-80x55-masolat\\\/#primaryimage\"},\"image\":{\"@id\":\"https:\\\/\\\/organparts.info\\\/de\\\/produkt\\\/membran-aus-spaltleder-80x55-masolat\\\/#primaryimage\"},\"thumbnailUrl\":\"https:\\\/\\\/organparts.info\\\/wp-content\\\/uploads\\\/2023\\\/11\\\/G-membran.jpg\",\"datePublished\":\"2023-11-09T10:01:42+00:00\",\"dateModified\":\"2023-11-09T10:19:35+00:00\",\"breadcrumb\":{\"@id\":\"https:\\\/\\\/organparts.info\\\/de\\\/produkt\\\/membran-aus-spaltleder-80x55-masolat\\\/#breadcrumb\"},\"inLanguage\":\"de\",\"potentialAction\":[{\"@type\":\"ReadAction\",\"target\":[\"https:\\\/\\\/organparts.info\\\/de\\\/produkt\\\/membran-aus-spaltleder-80x55-masolat\\\/\"]}]},{\"@type\":\"ImageObject\",\"inLanguage\":\"de\",\"@id\":\"https:\\\/\\\/organparts.info\\\/de\\\/produkt\\\/membran-aus-spaltleder-80x55-masolat\\\/#primaryimage\",\"url\":\"https:\\\/\\\/organparts.info\\\/wp-content\\\/uploads\\\/2023\\\/11\\\/G-membran.jpg\",\"contentUrl\":\"https:\\\/\\\/organparts.info\\\/wp-content\\\/uploads\\\/2023\\\/11\\\/G-membran.jpg\",\"width\":1280,\"height\":720},{\"@type\":\"BreadcrumbList\",\"@id\":\"https:\\\/\\\/organparts.info\\\/de\\\/produkt\\\/membran-aus-spaltleder-80x55-masolat\\\/#breadcrumb\",\"itemListElement\":[{\"@type\":\"ListItem\",\"position\":1,\"name\":\"Kezd\u0151lap\",\"item\":\"https:\\\/\\\/organparts.info\\\/de\\\/startseite\\\/\"},{\"@type\":\"ListItem\",\"position\":2,\"name\":\"Shop\",\"item\":\"https:\\\/\\\/organparts.info\\\/de\\\/shop\\\/\"},{\"@type\":\"ListItem\",\"position\":3,\"name\":\"Membran aus Spaltleder 50&#215;20 &#8211; G\"}]},{\"@type\":\"WebSite\",\"@id\":\"https:\\\/\\\/organparts.info\\\/en\\\/#website\",\"url\":\"https:\\\/\\\/organparts.info\\\/en\\\/\",\"name\":\"Organparts\",\"description\":\"P\u00e9csi Orgona\u00e9p\u00edt\u0151 manufakt\u00fara\",\"publisher\":{\"@id\":\"https:\\\/\\\/organparts.info\\\/en\\\/#organization\"},\"potentialAction\":[{\"@type\":\"SearchAction\",\"target\":{\"@type\":\"EntryPoint\",\"urlTemplate\":\"https:\\\/\\\/organparts.info\\\/en\\\/?s={search_term_string}\"},\"query-input\":{\"@type\":\"PropertyValueSpecification\",\"valueRequired\":true,\"valueName\":\"search_term_string\"}}],\"inLanguage\":\"de\"},{\"@type\":\"Organization\",\"@id\":\"https:\\\/\\\/organparts.info\\\/en\\\/#organization\",\"name\":\"Organparts\",\"url\":\"https:\\\/\\\/organparts.info\\\/en\\\/\",\"logo\":{\"@type\":\"ImageObject\",\"inLanguage\":\"de\",\"@id\":\"https:\\\/\\\/organparts.info\\\/en\\\/#\\\/schema\\\/logo\\\/image\\\/\",\"url\":\"https:\\\/\\\/organparts.info\\\/wp-content\\\/uploads\\\/2022\\\/05\\\/organparts-logo-1439380658.jpg\",\"contentUrl\":\"https:\\\/\\\/organparts.info\\\/wp-content\\\/uploads\\\/2022\\\/05\\\/organparts-logo-1439380658.jpg\",\"width\":270,\"height\":92,\"caption\":\"Organparts\"},\"image\":{\"@id\":\"https:\\\/\\\/organparts.info\\\/en\\\/#\\\/schema\\\/logo\\\/image\\\/\"}}]}<\/script>\n<!-- \/ Yoast SEO plugin. -->","yoast_head_json":{"title":"Membran aus Spaltleder 50x20 - G - Organparts","robots":{"index":"index","follow":"follow","max-snippet":"max-snippet:-1","max-image-preview":"max-image-preview:large","max-video-preview":"max-video-preview:-1"},"canonical":"https:\/\/organparts.info\/de\/produkt\/membran-aus-spaltleder-80x55-masolat\/","og_locale":"de_DE","og_type":"article","og_title":"Membran aus Spaltleder 50x20 - G - Organparts","og_url":"https:\/\/organparts.info\/de\/produkt\/membran-aus-spaltleder-80x55-masolat\/","og_site_name":"Organparts","article_modified_time":"2023-11-09T10:19:35+00:00","og_image":[{"width":1280,"height":720,"url":"https:\/\/organparts.info\/wp-content\/uploads\/2023\/11\/G-membran.jpg","type":"image\/jpeg"}],"twitter_card":"summary_large_image","schema":{"@context":"https:\/\/schema.org","@graph":[{"@type":"WebPage","@id":"https:\/\/organparts.info\/de\/produkt\/membran-aus-spaltleder-80x55-masolat\/","url":"https:\/\/organparts.info\/de\/produkt\/membran-aus-spaltleder-80x55-masolat\/","name":"Membran aus Spaltleder 50x20 - G - Organparts","isPartOf":{"@id":"https:\/\/organparts.info\/en\/#website"},"primaryImageOfPage":{"@id":"https:\/\/organparts.info\/de\/produkt\/membran-aus-spaltleder-80x55-masolat\/#primaryimage"},"image":{"@id":"https:\/\/organparts.info\/de\/produkt\/membran-aus-spaltleder-80x55-masolat\/#primaryimage"},"thumbnailUrl":"https:\/\/organparts.info\/wp-content\/uploads\/2023\/11\/G-membran.jpg","datePublished":"2023-11-09T10:01:42+00:00","dateModified":"2023-11-09T10:19:35+00:00","breadcrumb":{"@id":"https:\/\/organparts.info\/de\/produkt\/membran-aus-spaltleder-80x55-masolat\/#breadcrumb"},"inLanguage":"de","potentialAction":[{"@type":"ReadAction","target":["https:\/\/organparts.info\/de\/produkt\/membran-aus-spaltleder-80x55-masolat\/"]}]},{"@type":"ImageObject","inLanguage":"de","@id":"https:\/\/organparts.info\/de\/produkt\/membran-aus-spaltleder-80x55-masolat\/#primaryimage","url":"https:\/\/organparts.info\/wp-content\/uploads\/2023\/11\/G-membran.jpg","contentUrl":"https:\/\/organparts.info\/wp-content\/uploads\/2023\/11\/G-membran.jpg","width":1280,"height":720},{"@type":"BreadcrumbList","@id":"https:\/\/organparts.info\/de\/produkt\/membran-aus-spaltleder-80x55-masolat\/#breadcrumb","itemListElement":[{"@type":"ListItem","position":1,"name":"Kezd\u0151lap","item":"https:\/\/organparts.info\/de\/startseite\/"},{"@type":"ListItem","position":2,"name":"Shop","item":"https:\/\/organparts.info\/de\/shop\/"},{"@type":"ListItem","position":3,"name":"Membran aus Spaltleder 50&#215;20 &#8211; G"}]},{"@type":"WebSite","@id":"https:\/\/organparts.info\/en\/#website","url":"https:\/\/organparts.info\/en\/","name":"Organparts","description":"P\u00e9csi Orgona\u00e9p\u00edt\u0151 manufakt\u00fara","publisher":{"@id":"https:\/\/organparts.info\/en\/#organization"},"potentialAction":[{"@type":"SearchAction","target":{"@type":"EntryPoint","urlTemplate":"https:\/\/organparts.info\/en\/?s={search_term_string}"},"query-input":{"@type":"PropertyValueSpecification","valueRequired":true,"valueName":"search_term_string"}}],"inLanguage":"de"},{"@type":"Organization","@id":"https:\/\/organparts.info\/en\/#organization","name":"Organparts","url":"https:\/\/organparts.info\/en\/","logo":{"@type":"ImageObject","inLanguage":"de","@id":"https:\/\/organparts.info\/en\/#\/schema\/logo\/image\/","url":"https:\/\/organparts.info\/wp-content\/uploads\/2022\/05\/organparts-logo-1439380658.jpg","contentUrl":"https:\/\/organparts.info\/wp-content\/uploads\/2022\/05\/organparts-logo-1439380658.jpg","width":270,"height":92,"caption":"Organparts"},"image":{"@id":"https:\/\/organparts.info\/en\/#\/schema\/logo\/image\/"}}]}},"_links":{"self":[{"href":"https:\/\/organparts.info\/de\/wp-json\/wp\/v2\/product\/103155","targetHints":{"allow":["GET"]}}],"collection":[{"href":"https:\/\/organparts.info\/de\/wp-json\/wp\/v2\/product"}],"about":[{"href":"https:\/\/organparts.info\/de\/wp-json\/wp\/v2\/types\/product"}],"replies":[{"embeddable":true,"href":"https:\/\/organparts.info\/de\/wp-json\/wp\/v2\/comments?post=103155"}],"wp:featuredmedia":[{"embeddable":true,"href":"https:\/\/organparts.info\/de\/wp-json\/wp\/v2\/media\/103157"}],"wp:attachment":[{"href":"https:\/\/organparts.info\/de\/wp-json\/wp\/v2\/media?parent=103155"}],"wp:term":[{"taxonomy":"product_brand","embeddable":true,"href":"https:\/\/organparts.info\/de\/wp-json\/wp\/v2\/product_brand?post=103155"},{"taxonomy":"product_cat","embeddable":true,"href":"https:\/\/organparts.info\/de\/wp-json\/wp\/v2\/product_cat?post=103155"},{"taxonomy":"product_tag","embeddable":true,"href":"https:\/\/organparts.info\/de\/wp-json\/wp\/v2\/product_tag?post=103155"}],"curies":[{"name":"wp","href":"https:\/\/api.w.org\/{rel}","templated":true}]}}