{"id":102883,"date":"2023-03-31T07:48:31","date_gmt":"2023-03-31T07:48:31","guid":{"rendered":"https:\/\/organparts.info\/?post_type=product&#038;p=102883"},"modified":"2023-05-11T08:53:27","modified_gmt":"2023-05-11T08:53:27","slug":"metal-pipes","status":"publish","type":"product","link":"https:\/\/organparts.info\/de\/produkt\/metal-pipes\/","title":{"rendered":"Metallpfeifen"},"content":{"rendered":"<p>Wir bauen wieder Metallpfeifen! Prospektpfeifen, innere Labial- und Zungenpfeifen, Horizontaltrompeten aufgrund von angegebenen Mensuren. Materialauswahl aus verschiedenen Zinn-Blei-Legierungen, zinnhaltigen Zinkplatten, gewalzten Bleiplatten sind m\u00f6glich. Wir k\u00f6nnen sogar den Pfeifenbestand kompletter Orgeln herstellen.<\/p>\n<p>Bitte schicken Sie Ihre Anfragen in einer E-Mail an die <a href=\"mailto:pom@pomorgona.com\">pom@pomorgona.com<\/a><\/p>\n<p>Auf Ihre Anfragen schicken wir Ihnen eine Tabelle f\u00fcr die Pfeifendaten, mit deren Hilfe die genauen Daten angegeben werden k\u00f6nnen, damit die Pfeifen hergestellt werden, die von Ihnen gew\u00fcnscht sind.<\/p>\n","protected":false},"excerpt":{"rendered":"<p>Wir bauen wieder Metallpfeifen! Prospektpfeifen, innere Labial- und Zungenpfeifen, Horizontaltrompeten aufgrund von angegebenen Mensuren. Materialauswahl aus verschiedenen Zinn-Blei-Legierungen, zinnhaltigen Zinkplatten, gewalzten Bleiplatten sind m\u00f6glich. Wir k\u00f6nnen sogar den Pfeifenbestand kompletter Orgeln herstellen.<\/p>\n<p>Bitte schicken Sie Ihre Anfragen in einer E-Mail an die <a href=\"mailto:pom@pomorgona.com\">pom@pomorgona.com<\/a><\/p>\n<p>Auf Ihre Anfragen schicken wir Ihnen eine Tabelle f\u00fcr die Pfeifendaten, mit deren Hilfe die genauen Daten angegeben werden k\u00f6nnen, damit die Pfeifen hergestellt werden, die von Ihnen gew\u00fcnscht sind.<\/p>\n","protected":false},"featured_media":102879,"comment_status":"open","ping_status":"closed","template":"","meta":{"_et_pb_use_builder":"","_et_pb_old_content":"","_et_gb_content_width":""},"product_brand":[],"product_cat":[209],"product_tag":[],"class_list":{"0":"post-102883","1":"product","2":"type-product","3":"status-publish","4":"has-post-thumbnail","6":"product_cat-metallpfeifen","8":"first","9":"onbackorder","10":"taxable","11":"shipping-taxable","12":"product-type-simple"},"exclude_global_add_ons":[],"addons":[],"yoast_head":"<!-- This site is optimized with the Yoast SEO plugin v27.3 - https:\/\/yoast.com\/product\/yoast-seo-wordpress\/ -->\n<title>Metallpfeifen - Organparts<\/title>\n<meta name=\"robots\" content=\"index, follow, max-snippet:-1, max-image-preview:large, max-video-preview:-1\" \/>\n<link rel=\"canonical\" href=\"https:\/\/organparts.info\/de\/produkt\/metal-pipes\/\" \/>\n<meta property=\"og:locale\" content=\"de_DE\" \/>\n<meta property=\"og:type\" content=\"article\" \/>\n<meta property=\"og:title\" content=\"Metallpfeifen - Organparts\" \/>\n<meta property=\"og:description\" content=\"Wir bauen wieder Metallpfeifen! Prospektpfeifen, innere Labial- und Zungenpfeifen, Horizontaltrompeten aufgrund von angegebenen Mensuren. Materialauswahl aus verschiedenen Zinn-Blei-Legierungen, zinnhaltigen Zinkplatten, gewalzten Bleiplatten sind m\u00f6glich. Wir k\u00f6nnen sogar den Pfeifenbestand kompletter Orgeln herstellen.  Bitte schicken Sie Ihre Anfragen in einer E-Mail an die pom@pomorgona.com  Auf Ihre Anfragen schicken wir Ihnen eine Tabelle f\u00fcr die Pfeifendaten, mit deren Hilfe die genauen Daten angegeben werden k\u00f6nnen, damit die Pfeifen hergestellt werden, die von Ihnen gew\u00fcnscht sind.\" \/>\n<meta property=\"og:url\" content=\"https:\/\/organparts.info\/de\/produkt\/metal-pipes\/\" \/>\n<meta property=\"og:site_name\" content=\"Organparts\" \/>\n<meta property=\"article:modified_time\" content=\"2023-05-11T08:53:27+00:00\" \/>\n<meta property=\"og:image\" content=\"https:\/\/organparts.info\/wp-content\/uploads\/2023\/03\/IMG_20220927_185631.jpg\" \/>\n\t<meta property=\"og:image:width\" content=\"1024\" \/>\n\t<meta property=\"og:image:height\" content=\"496\" \/>\n\t<meta property=\"og:image:type\" content=\"image\/jpeg\" \/>\n<meta name=\"twitter:card\" content=\"summary_large_image\" \/>\n<script type=\"application\/ld+json\" class=\"yoast-schema-graph\">{\"@context\":\"https:\\\/\\\/schema.org\",\"@graph\":[{\"@type\":\"WebPage\",\"@id\":\"https:\\\/\\\/organparts.info\\\/de\\\/produkt\\\/metal-pipes\\\/\",\"url\":\"https:\\\/\\\/organparts.info\\\/de\\\/produkt\\\/metal-pipes\\\/\",\"name\":\"Metallpfeifen - Organparts\",\"isPartOf\":{\"@id\":\"https:\\\/\\\/organparts.info\\\/en\\\/#website\"},\"primaryImageOfPage\":{\"@id\":\"https:\\\/\\\/organparts.info\\\/de\\\/produkt\\\/metal-pipes\\\/#primaryimage\"},\"image\":{\"@id\":\"https:\\\/\\\/organparts.info\\\/de\\\/produkt\\\/metal-pipes\\\/#primaryimage\"},\"thumbnailUrl\":\"https:\\\/\\\/organparts.info\\\/wp-content\\\/uploads\\\/2023\\\/03\\\/IMG_20220927_185631.jpg\",\"datePublished\":\"2023-03-31T07:48:31+00:00\",\"dateModified\":\"2023-05-11T08:53:27+00:00\",\"breadcrumb\":{\"@id\":\"https:\\\/\\\/organparts.info\\\/de\\\/produkt\\\/metal-pipes\\\/#breadcrumb\"},\"inLanguage\":\"de\",\"potentialAction\":[{\"@type\":\"ReadAction\",\"target\":[\"https:\\\/\\\/organparts.info\\\/de\\\/produkt\\\/metal-pipes\\\/\"]}]},{\"@type\":\"ImageObject\",\"inLanguage\":\"de\",\"@id\":\"https:\\\/\\\/organparts.info\\\/de\\\/produkt\\\/metal-pipes\\\/#primaryimage\",\"url\":\"https:\\\/\\\/organparts.info\\\/wp-content\\\/uploads\\\/2023\\\/03\\\/IMG_20220927_185631.jpg\",\"contentUrl\":\"https:\\\/\\\/organparts.info\\\/wp-content\\\/uploads\\\/2023\\\/03\\\/IMG_20220927_185631.jpg\",\"width\":1024,\"height\":496},{\"@type\":\"BreadcrumbList\",\"@id\":\"https:\\\/\\\/organparts.info\\\/de\\\/produkt\\\/metal-pipes\\\/#breadcrumb\",\"itemListElement\":[{\"@type\":\"ListItem\",\"position\":1,\"name\":\"Kezd\u0151lap\",\"item\":\"https:\\\/\\\/organparts.info\\\/de\\\/startseite\\\/\"},{\"@type\":\"ListItem\",\"position\":2,\"name\":\"Shop\",\"item\":\"https:\\\/\\\/organparts.info\\\/de\\\/shop\\\/\"},{\"@type\":\"ListItem\",\"position\":3,\"name\":\"Metallpfeifen\"}]},{\"@type\":\"WebSite\",\"@id\":\"https:\\\/\\\/organparts.info\\\/en\\\/#website\",\"url\":\"https:\\\/\\\/organparts.info\\\/en\\\/\",\"name\":\"Organparts\",\"description\":\"P\u00e9csi Orgona\u00e9p\u00edt\u0151 manufakt\u00fara\",\"publisher\":{\"@id\":\"https:\\\/\\\/organparts.info\\\/en\\\/#organization\"},\"potentialAction\":[{\"@type\":\"SearchAction\",\"target\":{\"@type\":\"EntryPoint\",\"urlTemplate\":\"https:\\\/\\\/organparts.info\\\/en\\\/?s={search_term_string}\"},\"query-input\":{\"@type\":\"PropertyValueSpecification\",\"valueRequired\":true,\"valueName\":\"search_term_string\"}}],\"inLanguage\":\"de\"},{\"@type\":\"Organization\",\"@id\":\"https:\\\/\\\/organparts.info\\\/en\\\/#organization\",\"name\":\"Organparts\",\"url\":\"https:\\\/\\\/organparts.info\\\/en\\\/\",\"logo\":{\"@type\":\"ImageObject\",\"inLanguage\":\"de\",\"@id\":\"https:\\\/\\\/organparts.info\\\/en\\\/#\\\/schema\\\/logo\\\/image\\\/\",\"url\":\"https:\\\/\\\/organparts.info\\\/wp-content\\\/uploads\\\/2022\\\/05\\\/organparts-logo-1439380658.jpg\",\"contentUrl\":\"https:\\\/\\\/organparts.info\\\/wp-content\\\/uploads\\\/2022\\\/05\\\/organparts-logo-1439380658.jpg\",\"width\":270,\"height\":92,\"caption\":\"Organparts\"},\"image\":{\"@id\":\"https:\\\/\\\/organparts.info\\\/en\\\/#\\\/schema\\\/logo\\\/image\\\/\"}}]}<\/script>\n<!-- \/ Yoast SEO plugin. -->","yoast_head_json":{"title":"Metallpfeifen - Organparts","robots":{"index":"index","follow":"follow","max-snippet":"max-snippet:-1","max-image-preview":"max-image-preview:large","max-video-preview":"max-video-preview:-1"},"canonical":"https:\/\/organparts.info\/de\/produkt\/metal-pipes\/","og_locale":"de_DE","og_type":"article","og_title":"Metallpfeifen - Organparts","og_description":"Wir bauen wieder Metallpfeifen! Prospektpfeifen, innere Labial- und Zungenpfeifen, Horizontaltrompeten aufgrund von angegebenen Mensuren. Materialauswahl aus verschiedenen Zinn-Blei-Legierungen, zinnhaltigen Zinkplatten, gewalzten Bleiplatten sind m\u00f6glich. Wir k\u00f6nnen sogar den Pfeifenbestand kompletter Orgeln herstellen.  Bitte schicken Sie Ihre Anfragen in einer E-Mail an die pom@pomorgona.com  Auf Ihre Anfragen schicken wir Ihnen eine Tabelle f\u00fcr die Pfeifendaten, mit deren Hilfe die genauen Daten angegeben werden k\u00f6nnen, damit die Pfeifen hergestellt werden, die von Ihnen gew\u00fcnscht sind.","og_url":"https:\/\/organparts.info\/de\/produkt\/metal-pipes\/","og_site_name":"Organparts","article_modified_time":"2023-05-11T08:53:27+00:00","og_image":[{"width":1024,"height":496,"url":"https:\/\/organparts.info\/wp-content\/uploads\/2023\/03\/IMG_20220927_185631.jpg","type":"image\/jpeg"}],"twitter_card":"summary_large_image","schema":{"@context":"https:\/\/schema.org","@graph":[{"@type":"WebPage","@id":"https:\/\/organparts.info\/de\/produkt\/metal-pipes\/","url":"https:\/\/organparts.info\/de\/produkt\/metal-pipes\/","name":"Metallpfeifen - Organparts","isPartOf":{"@id":"https:\/\/organparts.info\/en\/#website"},"primaryImageOfPage":{"@id":"https:\/\/organparts.info\/de\/produkt\/metal-pipes\/#primaryimage"},"image":{"@id":"https:\/\/organparts.info\/de\/produkt\/metal-pipes\/#primaryimage"},"thumbnailUrl":"https:\/\/organparts.info\/wp-content\/uploads\/2023\/03\/IMG_20220927_185631.jpg","datePublished":"2023-03-31T07:48:31+00:00","dateModified":"2023-05-11T08:53:27+00:00","breadcrumb":{"@id":"https:\/\/organparts.info\/de\/produkt\/metal-pipes\/#breadcrumb"},"inLanguage":"de","potentialAction":[{"@type":"ReadAction","target":["https:\/\/organparts.info\/de\/produkt\/metal-pipes\/"]}]},{"@type":"ImageObject","inLanguage":"de","@id":"https:\/\/organparts.info\/de\/produkt\/metal-pipes\/#primaryimage","url":"https:\/\/organparts.info\/wp-content\/uploads\/2023\/03\/IMG_20220927_185631.jpg","contentUrl":"https:\/\/organparts.info\/wp-content\/uploads\/2023\/03\/IMG_20220927_185631.jpg","width":1024,"height":496},{"@type":"BreadcrumbList","@id":"https:\/\/organparts.info\/de\/produkt\/metal-pipes\/#breadcrumb","itemListElement":[{"@type":"ListItem","position":1,"name":"Kezd\u0151lap","item":"https:\/\/organparts.info\/de\/startseite\/"},{"@type":"ListItem","position":2,"name":"Shop","item":"https:\/\/organparts.info\/de\/shop\/"},{"@type":"ListItem","position":3,"name":"Metallpfeifen"}]},{"@type":"WebSite","@id":"https:\/\/organparts.info\/en\/#website","url":"https:\/\/organparts.info\/en\/","name":"Organparts","description":"P\u00e9csi Orgona\u00e9p\u00edt\u0151 manufakt\u00fara","publisher":{"@id":"https:\/\/organparts.info\/en\/#organization"},"potentialAction":[{"@type":"SearchAction","target":{"@type":"EntryPoint","urlTemplate":"https:\/\/organparts.info\/en\/?s={search_term_string}"},"query-input":{"@type":"PropertyValueSpecification","valueRequired":true,"valueName":"search_term_string"}}],"inLanguage":"de"},{"@type":"Organization","@id":"https:\/\/organparts.info\/en\/#organization","name":"Organparts","url":"https:\/\/organparts.info\/en\/","logo":{"@type":"ImageObject","inLanguage":"de","@id":"https:\/\/organparts.info\/en\/#\/schema\/logo\/image\/","url":"https:\/\/organparts.info\/wp-content\/uploads\/2022\/05\/organparts-logo-1439380658.jpg","contentUrl":"https:\/\/organparts.info\/wp-content\/uploads\/2022\/05\/organparts-logo-1439380658.jpg","width":270,"height":92,"caption":"Organparts"},"image":{"@id":"https:\/\/organparts.info\/en\/#\/schema\/logo\/image\/"}}]}},"_links":{"self":[{"href":"https:\/\/organparts.info\/de\/wp-json\/wp\/v2\/product\/102883","targetHints":{"allow":["GET"]}}],"collection":[{"href":"https:\/\/organparts.info\/de\/wp-json\/wp\/v2\/product"}],"about":[{"href":"https:\/\/organparts.info\/de\/wp-json\/wp\/v2\/types\/product"}],"replies":[{"embeddable":true,"href":"https:\/\/organparts.info\/de\/wp-json\/wp\/v2\/comments?post=102883"}],"wp:featuredmedia":[{"embeddable":true,"href":"https:\/\/organparts.info\/de\/wp-json\/wp\/v2\/media\/102879"}],"wp:attachment":[{"href":"https:\/\/organparts.info\/de\/wp-json\/wp\/v2\/media?parent=102883"}],"wp:term":[{"taxonomy":"product_brand","embeddable":true,"href":"https:\/\/organparts.info\/de\/wp-json\/wp\/v2\/product_brand?post=102883"},{"taxonomy":"product_cat","embeddable":true,"href":"https:\/\/organparts.info\/de\/wp-json\/wp\/v2\/product_cat?post=102883"},{"taxonomy":"product_tag","embeddable":true,"href":"https:\/\/organparts.info\/de\/wp-json\/wp\/v2\/product_tag?post=102883"}],"curies":[{"name":"wp","href":"https:\/\/api.w.org\/{rel}","templated":true}]}}