{"id":102657,"date":"2022-09-29T10:56:14","date_gmt":"2022-09-29T10:56:14","guid":{"rendered":"https:\/\/organparts.info\/?post_type=product&#038;p=102657"},"modified":"2026-03-23T21:36:17","modified_gmt":"2026-03-23T21:36:17","slug":"schwelltritt-in-grundausfuehrung-mit-ebenholzauflage","status":"publish","type":"product","link":"https:\/\/organparts.info\/de\/produkt\/schwelltritt-in-grundausfuehrung-mit-ebenholzauflage\/","title":{"rendered":"Schwelltritt in Grundausf\u00fchrung  &#8211; mit Ebenholzauflage &#8211; Auch mit Gravur erh\u00e4ltlich"},"content":{"rendered":"<p>Holzart: Eiche<br \/>\nTrittbelag: Ebenholz mit Riffeln<br \/>\nMa\u00dfe: 280&#215;120 mm<\/p>\n","protected":false},"excerpt":{"rendered":"<p>Holzart: Eiche Trittbelag: Ebenholz mit Riffeln Ma\u00dfe: 280&#215;120 mm<\/p>\n","protected":false},"featured_media":105448,"comment_status":"open","ping_status":"closed","template":"","meta":{"_et_pb_use_builder":"","_et_pb_old_content":"","_et_gb_content_width":""},"product_brand":[],"product_cat":[71,29],"product_tag":[],"class_list":{"0":"post-102657","1":"product","2":"type-product","3":"status-publish","4":"has-post-thumbnail","6":"product_cat-schwell","7":"product_cat-spieltisch","9":"first","10":"instock","11":"taxable","12":"shipping-taxable","13":"purchasable","14":"product-type-simple"},"exclude_global_add_ons":false,"addons":[{"name":"+Extra","type":"checkbox","position":0,"required":false,"title_format":"hide","default":"","description_enable":false,"description":"","placeholder_enable":false,"placeholder":"","display":"select","restrictions_type":"any_text","adjust_price":false,"price":"","price_type":"flat_fee","restrictions":false,"min":"0","max":"0","options":[{"label":"Mit Gravierung","price":"28.60","price_type":"flat_fee","image":0,"visibility":true}],"id":1774301771},{"name":"Lakkoz\u00e1s","type":"checkbox","position":0,"required":false,"title_format":"hide","default":"","description_enable":false,"description":"","placeholder_enable":false,"placeholder":"","display":"select","restrictions_type":"any_text","adjust_price":false,"price":"","price_type":"flat_fee","restrictions":false,"min":"0","max":"0","options":[{"label":"Lakkoz\u00e1s","price":"147.40","price_type":"flat_fee","image":0,"visibility":true}],"id":1773944818},{"name":"Cinkelt keret","type":"checkbox","position":1,"required":false,"title_format":"hide","default":"","description_enable":false,"description":"","placeholder_enable":false,"placeholder":"","display":"select","restrictions_type":"any_text","adjust_price":false,"price":"","price_type":"flat_fee","restrictions":false,"min":"0","max":"0","options":[{"label":"Cinkelt keret","price":"140.70","price_type":"flat_fee","image":0,"visibility":true}],"id":1773944872},{"name":"F\u00e9lhang felt\u00e9t","type":"multiple_choice","position":2,"required":true,"title_format":"label","default":"","description_enable":false,"description":"","placeholder_enable":false,"placeholder":"","display":"select","restrictions_type":"any_text","adjust_price":false,"price":"","price_type":"flat_fee","restrictions":false,"min":"0","max":"0","options":[{"label":"T\u00f6lgy f\u00e9lhang felt\u00e9t","price":"","price_type":"flat_fee","image":0,"visibility":true},{"label":"\u00c9ben f\u00e9lhang felt\u00e9t","price":"","price_type":"flat_fee","image":0,"visibility":true}],"id":1773944923}],"yoast_head":"<!-- This site is optimized with the Yoast SEO plugin v27.3 - https:\/\/yoast.com\/product\/yoast-seo-wordpress\/ -->\n<title>Schwelltritt in Grundausf\u00fchrung - mit Ebenholzauflage - Auch mit Gravur erh\u00e4ltlich - Organparts<\/title>\n<meta name=\"robots\" content=\"index, follow, max-snippet:-1, max-image-preview:large, max-video-preview:-1\" \/>\n<link rel=\"canonical\" href=\"https:\/\/organparts.info\/de\/produkt\/schwelltritt-in-grundausfuehrung-mit-ebenholzauflage\/\" \/>\n<meta property=\"og:locale\" content=\"de_DE\" \/>\n<meta property=\"og:type\" content=\"article\" \/>\n<meta property=\"og:title\" content=\"Schwelltritt in Grundausf\u00fchrung - mit Ebenholzauflage - Auch mit Gravur erh\u00e4ltlich - Organparts\" \/>\n<meta property=\"og:description\" content=\"Holzart: Eiche Trittbelag: Ebenholz mit Riffeln Ma\u00dfe: 280&#215;120 mm\" \/>\n<meta property=\"og:url\" content=\"https:\/\/organparts.info\/de\/produkt\/schwelltritt-in-grundausfuehrung-mit-ebenholzauflage\/\" \/>\n<meta property=\"og:site_name\" content=\"Organparts\" \/>\n<meta property=\"article:modified_time\" content=\"2026-03-23T21:36:17+00:00\" \/>\n<meta property=\"og:image\" content=\"https:\/\/organparts.info\/wp-content\/uploads\/2022\/09\/Alap-ebengrav.jpg\" \/>\n\t<meta property=\"og:image:width\" content=\"619\" \/>\n\t<meta property=\"og:image:height\" content=\"770\" \/>\n\t<meta property=\"og:image:type\" content=\"image\/jpeg\" \/>\n<meta name=\"twitter:card\" content=\"summary_large_image\" \/>\n<meta name=\"twitter:label1\" content=\"Gesch\u00e4tzte Lesezeit\" \/>\n\t<meta name=\"twitter:data1\" content=\"1\u00a0Minute\" \/>\n<script type=\"application\/ld+json\" class=\"yoast-schema-graph\">{\"@context\":\"https:\\\/\\\/schema.org\",\"@graph\":[{\"@type\":\"WebPage\",\"@id\":\"https:\\\/\\\/organparts.info\\\/de\\\/produkt\\\/schwelltritt-in-grundausfuehrung-mit-ebenholzauflage\\\/\",\"url\":\"https:\\\/\\\/organparts.info\\\/de\\\/produkt\\\/schwelltritt-in-grundausfuehrung-mit-ebenholzauflage\\\/\",\"name\":\"Schwelltritt in Grundausf\u00fchrung - mit Ebenholzauflage - Auch mit Gravur erh\u00e4ltlich - Organparts\",\"isPartOf\":{\"@id\":\"https:\\\/\\\/organparts.info\\\/en\\\/#website\"},\"primaryImageOfPage\":{\"@id\":\"https:\\\/\\\/organparts.info\\\/de\\\/produkt\\\/schwelltritt-in-grundausfuehrung-mit-ebenholzauflage\\\/#primaryimage\"},\"image\":{\"@id\":\"https:\\\/\\\/organparts.info\\\/de\\\/produkt\\\/schwelltritt-in-grundausfuehrung-mit-ebenholzauflage\\\/#primaryimage\"},\"thumbnailUrl\":\"https:\\\/\\\/organparts.info\\\/wp-content\\\/uploads\\\/2022\\\/09\\\/Alap-ebengrav.jpg\",\"datePublished\":\"2022-09-29T10:56:14+00:00\",\"dateModified\":\"2026-03-23T21:36:17+00:00\",\"breadcrumb\":{\"@id\":\"https:\\\/\\\/organparts.info\\\/de\\\/produkt\\\/schwelltritt-in-grundausfuehrung-mit-ebenholzauflage\\\/#breadcrumb\"},\"inLanguage\":\"de\",\"potentialAction\":[{\"@type\":\"ReadAction\",\"target\":[\"https:\\\/\\\/organparts.info\\\/de\\\/produkt\\\/schwelltritt-in-grundausfuehrung-mit-ebenholzauflage\\\/\"]}]},{\"@type\":\"ImageObject\",\"inLanguage\":\"de\",\"@id\":\"https:\\\/\\\/organparts.info\\\/de\\\/produkt\\\/schwelltritt-in-grundausfuehrung-mit-ebenholzauflage\\\/#primaryimage\",\"url\":\"https:\\\/\\\/organparts.info\\\/wp-content\\\/uploads\\\/2022\\\/09\\\/Alap-ebengrav.jpg\",\"contentUrl\":\"https:\\\/\\\/organparts.info\\\/wp-content\\\/uploads\\\/2022\\\/09\\\/Alap-ebengrav.jpg\",\"width\":619,\"height\":770},{\"@type\":\"BreadcrumbList\",\"@id\":\"https:\\\/\\\/organparts.info\\\/de\\\/produkt\\\/schwelltritt-in-grundausfuehrung-mit-ebenholzauflage\\\/#breadcrumb\",\"itemListElement\":[{\"@type\":\"ListItem\",\"position\":1,\"name\":\"Kezd\u0151lap\",\"item\":\"https:\\\/\\\/organparts.info\\\/de\\\/startseite\\\/\"},{\"@type\":\"ListItem\",\"position\":2,\"name\":\"Shop\",\"item\":\"https:\\\/\\\/organparts.info\\\/de\\\/shop\\\/\"},{\"@type\":\"ListItem\",\"position\":3,\"name\":\"Schwelltritt in Grundausf\u00fchrung &#8211; mit Ebenholzauflage &#8211; Auch mit Gravur erh\u00e4ltlich\"}]},{\"@type\":\"WebSite\",\"@id\":\"https:\\\/\\\/organparts.info\\\/en\\\/#website\",\"url\":\"https:\\\/\\\/organparts.info\\\/en\\\/\",\"name\":\"Organparts\",\"description\":\"P\u00e9csi Orgona\u00e9p\u00edt\u0151 manufakt\u00fara\",\"publisher\":{\"@id\":\"https:\\\/\\\/organparts.info\\\/en\\\/#organization\"},\"potentialAction\":[{\"@type\":\"SearchAction\",\"target\":{\"@type\":\"EntryPoint\",\"urlTemplate\":\"https:\\\/\\\/organparts.info\\\/en\\\/?s={search_term_string}\"},\"query-input\":{\"@type\":\"PropertyValueSpecification\",\"valueRequired\":true,\"valueName\":\"search_term_string\"}}],\"inLanguage\":\"de\"},{\"@type\":\"Organization\",\"@id\":\"https:\\\/\\\/organparts.info\\\/en\\\/#organization\",\"name\":\"Organparts\",\"url\":\"https:\\\/\\\/organparts.info\\\/en\\\/\",\"logo\":{\"@type\":\"ImageObject\",\"inLanguage\":\"de\",\"@id\":\"https:\\\/\\\/organparts.info\\\/en\\\/#\\\/schema\\\/logo\\\/image\\\/\",\"url\":\"https:\\\/\\\/organparts.info\\\/wp-content\\\/uploads\\\/2022\\\/05\\\/organparts-logo-1439380658.jpg\",\"contentUrl\":\"https:\\\/\\\/organparts.info\\\/wp-content\\\/uploads\\\/2022\\\/05\\\/organparts-logo-1439380658.jpg\",\"width\":270,\"height\":92,\"caption\":\"Organparts\"},\"image\":{\"@id\":\"https:\\\/\\\/organparts.info\\\/en\\\/#\\\/schema\\\/logo\\\/image\\\/\"}}]}<\/script>\n<!-- \/ Yoast SEO plugin. -->","yoast_head_json":{"title":"Schwelltritt in Grundausf\u00fchrung - mit Ebenholzauflage - Auch mit Gravur erh\u00e4ltlich - Organparts","robots":{"index":"index","follow":"follow","max-snippet":"max-snippet:-1","max-image-preview":"max-image-preview:large","max-video-preview":"max-video-preview:-1"},"canonical":"https:\/\/organparts.info\/de\/produkt\/schwelltritt-in-grundausfuehrung-mit-ebenholzauflage\/","og_locale":"de_DE","og_type":"article","og_title":"Schwelltritt in Grundausf\u00fchrung - mit Ebenholzauflage - Auch mit Gravur erh\u00e4ltlich - Organparts","og_description":"Holzart: Eiche Trittbelag: Ebenholz mit Riffeln Ma\u00dfe: 280&#215;120 mm","og_url":"https:\/\/organparts.info\/de\/produkt\/schwelltritt-in-grundausfuehrung-mit-ebenholzauflage\/","og_site_name":"Organparts","article_modified_time":"2026-03-23T21:36:17+00:00","og_image":[{"width":619,"height":770,"url":"https:\/\/organparts.info\/wp-content\/uploads\/2022\/09\/Alap-ebengrav.jpg","type":"image\/jpeg"}],"twitter_card":"summary_large_image","twitter_misc":{"Gesch\u00e4tzte Lesezeit":"1\u00a0Minute"},"schema":{"@context":"https:\/\/schema.org","@graph":[{"@type":"WebPage","@id":"https:\/\/organparts.info\/de\/produkt\/schwelltritt-in-grundausfuehrung-mit-ebenholzauflage\/","url":"https:\/\/organparts.info\/de\/produkt\/schwelltritt-in-grundausfuehrung-mit-ebenholzauflage\/","name":"Schwelltritt in Grundausf\u00fchrung - mit Ebenholzauflage - Auch mit Gravur erh\u00e4ltlich - Organparts","isPartOf":{"@id":"https:\/\/organparts.info\/en\/#website"},"primaryImageOfPage":{"@id":"https:\/\/organparts.info\/de\/produkt\/schwelltritt-in-grundausfuehrung-mit-ebenholzauflage\/#primaryimage"},"image":{"@id":"https:\/\/organparts.info\/de\/produkt\/schwelltritt-in-grundausfuehrung-mit-ebenholzauflage\/#primaryimage"},"thumbnailUrl":"https:\/\/organparts.info\/wp-content\/uploads\/2022\/09\/Alap-ebengrav.jpg","datePublished":"2022-09-29T10:56:14+00:00","dateModified":"2026-03-23T21:36:17+00:00","breadcrumb":{"@id":"https:\/\/organparts.info\/de\/produkt\/schwelltritt-in-grundausfuehrung-mit-ebenholzauflage\/#breadcrumb"},"inLanguage":"de","potentialAction":[{"@type":"ReadAction","target":["https:\/\/organparts.info\/de\/produkt\/schwelltritt-in-grundausfuehrung-mit-ebenholzauflage\/"]}]},{"@type":"ImageObject","inLanguage":"de","@id":"https:\/\/organparts.info\/de\/produkt\/schwelltritt-in-grundausfuehrung-mit-ebenholzauflage\/#primaryimage","url":"https:\/\/organparts.info\/wp-content\/uploads\/2022\/09\/Alap-ebengrav.jpg","contentUrl":"https:\/\/organparts.info\/wp-content\/uploads\/2022\/09\/Alap-ebengrav.jpg","width":619,"height":770},{"@type":"BreadcrumbList","@id":"https:\/\/organparts.info\/de\/produkt\/schwelltritt-in-grundausfuehrung-mit-ebenholzauflage\/#breadcrumb","itemListElement":[{"@type":"ListItem","position":1,"name":"Kezd\u0151lap","item":"https:\/\/organparts.info\/de\/startseite\/"},{"@type":"ListItem","position":2,"name":"Shop","item":"https:\/\/organparts.info\/de\/shop\/"},{"@type":"ListItem","position":3,"name":"Schwelltritt in Grundausf\u00fchrung &#8211; mit Ebenholzauflage &#8211; Auch mit Gravur erh\u00e4ltlich"}]},{"@type":"WebSite","@id":"https:\/\/organparts.info\/en\/#website","url":"https:\/\/organparts.info\/en\/","name":"Organparts","description":"P\u00e9csi Orgona\u00e9p\u00edt\u0151 manufakt\u00fara","publisher":{"@id":"https:\/\/organparts.info\/en\/#organization"},"potentialAction":[{"@type":"SearchAction","target":{"@type":"EntryPoint","urlTemplate":"https:\/\/organparts.info\/en\/?s={search_term_string}"},"query-input":{"@type":"PropertyValueSpecification","valueRequired":true,"valueName":"search_term_string"}}],"inLanguage":"de"},{"@type":"Organization","@id":"https:\/\/organparts.info\/en\/#organization","name":"Organparts","url":"https:\/\/organparts.info\/en\/","logo":{"@type":"ImageObject","inLanguage":"de","@id":"https:\/\/organparts.info\/en\/#\/schema\/logo\/image\/","url":"https:\/\/organparts.info\/wp-content\/uploads\/2022\/05\/organparts-logo-1439380658.jpg","contentUrl":"https:\/\/organparts.info\/wp-content\/uploads\/2022\/05\/organparts-logo-1439380658.jpg","width":270,"height":92,"caption":"Organparts"},"image":{"@id":"https:\/\/organparts.info\/en\/#\/schema\/logo\/image\/"}}]}},"_links":{"self":[{"href":"https:\/\/organparts.info\/de\/wp-json\/wp\/v2\/product\/102657","targetHints":{"allow":["GET"]}}],"collection":[{"href":"https:\/\/organparts.info\/de\/wp-json\/wp\/v2\/product"}],"about":[{"href":"https:\/\/organparts.info\/de\/wp-json\/wp\/v2\/types\/product"}],"replies":[{"embeddable":true,"href":"https:\/\/organparts.info\/de\/wp-json\/wp\/v2\/comments?post=102657"}],"wp:featuredmedia":[{"embeddable":true,"href":"https:\/\/organparts.info\/de\/wp-json\/wp\/v2\/media\/105448"}],"wp:attachment":[{"href":"https:\/\/organparts.info\/de\/wp-json\/wp\/v2\/media?parent=102657"}],"wp:term":[{"taxonomy":"product_brand","embeddable":true,"href":"https:\/\/organparts.info\/de\/wp-json\/wp\/v2\/product_brand?post=102657"},{"taxonomy":"product_cat","embeddable":true,"href":"https:\/\/organparts.info\/de\/wp-json\/wp\/v2\/product_cat?post=102657"},{"taxonomy":"product_tag","embeddable":true,"href":"https:\/\/organparts.info\/de\/wp-json\/wp\/v2\/product_tag?post=102657"}],"curies":[{"name":"wp","href":"https:\/\/api.w.org\/{rel}","templated":true}]}}