{"id":5922,"date":"2022-05-11T18:32:42","date_gmt":"2022-05-11T18:32:42","guid":{"rendered":"https:\/\/organparts.camelotdesign.hu?p=5922"},"modified":"2026-01-13T11:58:53","modified_gmt":"2026-01-13T11:58:53","slug":"hilfe-de","status":"publish","type":"page","link":"https:\/\/organparts.info\/de\/hilfe-de\/","title":{"rendered":"Hilfe"},"content":{"rendered":"<p class=\"&quot;&quot;&quot;MsoNormal&quot;&quot;&quot;\"><strong>Sehr geehrte Kunden!<\/strong><\/p>\n<p class=\"&quot;&quot;&quot;MsoNormal&quot;&quot;&quot;\"><strong>\u00a0<\/strong><\/p>\n<p class=\"&quot;&quot;&quot;MsoNormal&quot;&quot;&quot;\">In diesem Men\u00fc m\u00f6chten wir Sie dar\u00fcber informieren, wie Sie von uns Orgelbestandteile bestellen k\u00f6nnen. Sie bekommen n\u00e4here Informationen \u00fcber<\/p>\n<p class=\"&quot;&quot;&quot;MsoNormal&quot;&quot;&quot;\">&#8211;\u00a0\u00a0\u00a0\u00a0\u00a0\u00a0\u00a0\u00a0\u00a0die Preise der Produkte<\/p>\n<p class=\"&quot;&quot;&quot;MsoNormal&quot;&quot;&quot;\">&#8211;\u00a0\u00a0\u00a0\u00a0\u00a0\u00a0\u00a0\u00a0\u00a0\u00fcber den Bestellungsvorgang<\/p>\n<p class=\"&quot;&quot;&quot;MsoNormal&quot;&quot;&quot;\">&#8211;\u00a0\u00a0\u00a0\u00a0\u00a0\u00a0\u00a0\u00a0\u00a0die Art und Weise der Bezahlung<\/p>\n<p class=\"&quot;&quot;&quot;MsoNormal&quot;&quot;&quot;\">&#8211;\u00a0\u00a0\u00a0\u00a0\u00a0\u00a0\u00a0\u00a0\u00a0die Lieferbedingungen und Lieferkosten.<\/p>\n<p class=\"&quot;&quot;&quot;MsoNormal&quot;&quot;&quot;\"><strong>1. P\u00e9csi Orgona\u00e9p\u00edt\u0151 Manufakt\u00fara GmbH<br \/>\n<\/strong><\/p>\n<p class=\"&quot;&quot;&quot;MsoNormal&quot;&quot;&quot;\">Die P\u00e9csi Orgona\u00e9p\u00edt\u0151 Manufakt\u00fara GmbH ist ein in Ungarn eingezeichnetes Unternehmen, das sich mit der Herstellung und dem Verkauf von Orgelbestandteilen besch\u00e4ftigt. (im Weiteren als Verk\u00e4ufer, die Kunden als K\u00e4ufer angegeben)<\/p>\n<p class=\"&quot;&quot;&quot;MsoNormal&quot;&quot;&quot;\"><strong>2. Der K\u00e4ufer<\/strong><\/p>\n<p class=\"&quot;&quot;&quot;MsoNormal&quot;&quot;&quot;\">K\u00e4ufer kann jede beliebige Person sein, die die Gesch\u00e4ftsbedingungen akzeptiert.<\/p>\n<p class=\"&quot;&quot;&quot;MsoNormal&quot;&quot;&quot;\"><strong>3. Preise<\/strong><\/p>\n<p class=\"&quot;&quot;&quot;MsoNormal&quot;&quot;&quot;\">Die auf der WEB-Seite auffindbaren Preise sind nicht als Angebot zu verstehen. Die Preise k\u00f6nnen erst dann als endg\u00fcltig betrachtet werden, wenn der Verk\u00e4ufer dem K\u00e4ufer speziell ein Angebot macht.<\/p>\n<p class=\"&quot;&quot;&quot;MsoNormal&quot;&quot;&quot;\">Die Preise sind Nettopreise.<\/p>\n<p class=\"&quot;&quot;&quot;MsoNormal&quot;&quot;&quot;\">Minimaler Bestellwert: 40 \u20ac.<\/p>\n<p class=\"&quot;&quot;&quot;MsoNormal&quot;&quot;&quot;\"><strong>4. Bezahlung<\/strong><\/p>\n<p class=\"&quot;&quot;&quot;MsoNormal&quot;&quot;&quot;\">Bezahlung im Voraus, durch Bank\u00fcberweisung.<\/p>\n<p class=\"&quot;&quot;&quot;MsoNormal&quot;&quot;&quot;\">Unsere Kontonummer:<\/p>\n<p><strong>VAT: HU 11013415<br \/>\n<\/strong><\/p>\n<p><strong>IBAN: HU34 &#8211; 12072507 &#8211; 02099109 &#8211; 00300001<\/strong><\/p>\n<p><strong>Bic\/Swift: UBRTHUHB<\/strong><\/p>\n<p class=\"&quot;&quot;&quot;MsoNormal&quot;&quot;&quot;\"><strong>5. Registration<\/strong><\/p>\n<p class=\"&quot;&quot;&quot;MsoNormal&quot;&quot;&quot;\">Zum Kauf ist eine Registration notwendig.<\/p>\n<p class=\"&quot;&quot;&quot;MsoNormal&quot;&quot;&quot;\"><strong>6. Lieferung, Verpackung<\/strong><\/p>\n<p class=\"&quot;&quot;&quot;MsoNormal&quot;&quot;&quot;\">Bei kleineren Packeten bis 30 kg erfolgt die Lieferung mit DPD. Die Lieferkosten sind aufgrund der DPD-Preisliste festgelegt.<\/p>\n<p class=\"&quot;&quot;&quot;MsoNormal&quot;&quot;&quot;\">Bei Lieferungen mit gro\u00dfem Rauminhalt wird ein spezielles Angebot (Kuehne-Nagel) zusammengestellt.<\/p>\n<p class=\"&quot;&quot;&quot;MsoNormal&quot;&quot;&quot;\"><strong>7. Bestellung<\/strong><\/p>\n<p class=\"&quot;&quot;&quot;MsoNormal&quot;&quot;&quot;\">Ablauf der Bestellung<\/p>\n<p class=\"&quot;&quot;&quot;MsoNormal&quot;&quot;&quot;\">a, der K\u00e4ufer verschickt mit Hilfe des WEB-Shops seine Kaufabsicht.<\/p>\n<p class=\"&quot;&quot;&quot;MsoNormal&quot;&quot;&quot;\">b, Vereinbarung via E-Mail (Verk\u00e4ufer-K\u00e4ufer)<\/p>\n<p class=\"&quot;&quot;&quot;MsoNormal&quot;&quot;&quot;\">c, Verschicken des Angebots und der Rechnungskopie (Verk\u00e4ufer)<\/p>\n<p class=\"&quot;&quot;&quot;MsoNormal&quot;&quot;&quot;\">d, Der K\u00e4ufer bestellt das Produkt via E-Mail, und \u00fcberweist die auf der Rechnung angegebene Summe. Damit akzeptiert der K\u00e4ufer den Preis und die Lieferungs- und Verpackungskosten des Produkts.<\/p>\n<p class=\"&quot;&quot;&quot;MsoNormal&quot;&quot;&quot;\">e, Der Verk\u00e4ufer verschickt das bestellte Produkt an den K\u00e4ufer mit der Originalrechnung und dem Lieferschein zusammen.<\/p>\n<p class=\"&quot;&quot;&quot;MsoNormal&quot;&quot;&quot;\">N\u00e4here Informationen: siehe Gesch\u00e4ftsbedingungen<\/p>\n","protected":false},"excerpt":{"rendered":"<p>Sehr geehrte Kunden! \u00a0 In diesem Men\u00fc m\u00f6chten wir Sie dar\u00fcber informieren, wie Sie von uns Orgelbestandteile bestellen k\u00f6nnen. Sie bekommen n\u00e4here Informationen \u00fcber &#8211;\u00a0\u00a0\u00a0\u00a0\u00a0\u00a0\u00a0\u00a0\u00a0die Preise der Produkte &#8211;\u00a0\u00a0\u00a0\u00a0\u00a0\u00a0\u00a0\u00a0\u00a0\u00fcber den Bestellungsvorgang &#8211;\u00a0\u00a0\u00a0\u00a0\u00a0\u00a0\u00a0\u00a0\u00a0die Art und Weise der Bezahlung &#8211;\u00a0\u00a0\u00a0\u00a0\u00a0\u00a0\u00a0\u00a0\u00a0die Lieferbedingungen und Lieferkosten. 1. P\u00e9csi Orgona\u00e9p\u00edt\u0151 Manufakt\u00fara GmbH Die P\u00e9csi Orgona\u00e9p\u00edt\u0151 Manufakt\u00fara GmbH ist ein in Ungarn [&hellip;]<\/p>\n","protected":false},"author":1,"featured_media":0,"parent":0,"menu_order":0,"comment_status":"open","ping_status":"open","template":"","meta":{"_et_pb_use_builder":"on","_et_pb_old_content":"","_et_gb_content_width":"","footnotes":""},"class_list":["post-5922","page","type-page","status-publish","hentry"],"yoast_head":"<!-- This site is optimized with the Yoast SEO plugin v27.2 - https:\/\/yoast.com\/product\/yoast-seo-wordpress\/ -->\n<title>Hilfe - Organparts<\/title>\n<meta name=\"robots\" content=\"index, follow, max-snippet:-1, max-image-preview:large, max-video-preview:-1\" \/>\n<link rel=\"canonical\" href=\"https:\/\/organparts.info\/de\/hilfe-de\/\" \/>\n<meta property=\"og:locale\" content=\"de_DE\" \/>\n<meta property=\"og:type\" content=\"article\" \/>\n<meta property=\"og:title\" content=\"Hilfe - Organparts\" \/>\n<meta property=\"og:description\" content=\"Sehr geehrte Kunden! \u00a0 In diesem Men\u00fc m\u00f6chten wir Sie dar\u00fcber informieren, wie Sie von uns Orgelbestandteile bestellen k\u00f6nnen. Sie bekommen n\u00e4here Informationen \u00fcber -\u00a0\u00a0\u00a0\u00a0\u00a0\u00a0\u00a0\u00a0\u00a0die Preise der Produkte -\u00a0\u00a0\u00a0\u00a0\u00a0\u00a0\u00a0\u00a0\u00a0\u00fcber den Bestellungsvorgang -\u00a0\u00a0\u00a0\u00a0\u00a0\u00a0\u00a0\u00a0\u00a0die Art und Weise der Bezahlung -\u00a0\u00a0\u00a0\u00a0\u00a0\u00a0\u00a0\u00a0\u00a0die Lieferbedingungen und Lieferkosten. 1. P\u00e9csi Orgona\u00e9p\u00edt\u0151 Manufakt\u00fara GmbH Die P\u00e9csi Orgona\u00e9p\u00edt\u0151 Manufakt\u00fara GmbH ist ein in Ungarn [&hellip;]\" \/>\n<meta property=\"og:url\" content=\"https:\/\/organparts.info\/de\/hilfe-de\/\" \/>\n<meta property=\"og:site_name\" content=\"Organparts\" \/>\n<meta property=\"article:modified_time\" content=\"2026-01-13T11:58:53+00:00\" \/>\n<meta name=\"twitter:card\" content=\"summary_large_image\" \/>\n<meta name=\"twitter:label1\" content=\"Gesch\u00e4tzte Lesezeit\" \/>\n\t<meta name=\"twitter:data1\" content=\"2\u00a0Minuten\" \/>\n<script type=\"application\/ld+json\" class=\"yoast-schema-graph\">{\"@context\":\"https:\/\/schema.org\",\"@graph\":[{\"@type\":\"WebPage\",\"@id\":\"https:\/\/organparts.info\/de\/hilfe-de\/\",\"url\":\"https:\/\/organparts.info\/de\/hilfe-de\/\",\"name\":\"Hilfe - Organparts\",\"isPartOf\":{\"@id\":\"https:\/\/organparts.info\/en\/#website\"},\"datePublished\":\"2022-05-11T18:32:42+00:00\",\"dateModified\":\"2026-01-13T11:58:53+00:00\",\"breadcrumb\":{\"@id\":\"https:\/\/organparts.info\/de\/hilfe-de\/#breadcrumb\"},\"inLanguage\":\"de\",\"potentialAction\":[{\"@type\":\"ReadAction\",\"target\":[\"https:\/\/organparts.info\/de\/hilfe-de\/\"]}]},{\"@type\":\"BreadcrumbList\",\"@id\":\"https:\/\/organparts.info\/de\/hilfe-de\/#breadcrumb\",\"itemListElement\":[{\"@type\":\"ListItem\",\"position\":1,\"name\":\"Kezd\u0151lap\",\"item\":\"https:\/\/organparts.info\/de\/startseite\/\"},{\"@type\":\"ListItem\",\"position\":2,\"name\":\"Hilfe\"}]},{\"@type\":\"WebSite\",\"@id\":\"https:\/\/organparts.info\/en\/#website\",\"url\":\"https:\/\/organparts.info\/en\/\",\"name\":\"Organparts\",\"description\":\"P\u00e9csi Orgona\u00e9p\u00edt\u0151 manufakt\u00fara\",\"publisher\":{\"@id\":\"https:\/\/organparts.info\/en\/#organization\"},\"potentialAction\":[{\"@type\":\"SearchAction\",\"target\":{\"@type\":\"EntryPoint\",\"urlTemplate\":\"https:\/\/organparts.info\/en\/?s={search_term_string}\"},\"query-input\":{\"@type\":\"PropertyValueSpecification\",\"valueRequired\":true,\"valueName\":\"search_term_string\"}}],\"inLanguage\":\"de\"},{\"@type\":\"Organization\",\"@id\":\"https:\/\/organparts.info\/en\/#organization\",\"name\":\"Organparts\",\"url\":\"https:\/\/organparts.info\/en\/\",\"logo\":{\"@type\":\"ImageObject\",\"inLanguage\":\"de\",\"@id\":\"https:\/\/organparts.info\/en\/#\/schema\/logo\/image\/\",\"url\":\"https:\/\/organparts.info\/wp-content\/uploads\/2022\/05\/organparts-logo-1439380658.jpg\",\"contentUrl\":\"https:\/\/organparts.info\/wp-content\/uploads\/2022\/05\/organparts-logo-1439380658.jpg\",\"width\":270,\"height\":92,\"caption\":\"Organparts\"},\"image\":{\"@id\":\"https:\/\/organparts.info\/en\/#\/schema\/logo\/image\/\"}}]}<\/script>\n<!-- \/ Yoast SEO plugin. -->","yoast_head_json":{"title":"Hilfe - Organparts","robots":{"index":"index","follow":"follow","max-snippet":"max-snippet:-1","max-image-preview":"max-image-preview:large","max-video-preview":"max-video-preview:-1"},"canonical":"https:\/\/organparts.info\/de\/hilfe-de\/","og_locale":"de_DE","og_type":"article","og_title":"Hilfe - Organparts","og_description":"Sehr geehrte Kunden! \u00a0 In diesem Men\u00fc m\u00f6chten wir Sie dar\u00fcber informieren, wie Sie von uns Orgelbestandteile bestellen k\u00f6nnen. Sie bekommen n\u00e4here Informationen \u00fcber -\u00a0\u00a0\u00a0\u00a0\u00a0\u00a0\u00a0\u00a0\u00a0die Preise der Produkte -\u00a0\u00a0\u00a0\u00a0\u00a0\u00a0\u00a0\u00a0\u00a0\u00fcber den Bestellungsvorgang -\u00a0\u00a0\u00a0\u00a0\u00a0\u00a0\u00a0\u00a0\u00a0die Art und Weise der Bezahlung -\u00a0\u00a0\u00a0\u00a0\u00a0\u00a0\u00a0\u00a0\u00a0die Lieferbedingungen und Lieferkosten. 1. P\u00e9csi Orgona\u00e9p\u00edt\u0151 Manufakt\u00fara GmbH Die P\u00e9csi Orgona\u00e9p\u00edt\u0151 Manufakt\u00fara GmbH ist ein in Ungarn [&hellip;]","og_url":"https:\/\/organparts.info\/de\/hilfe-de\/","og_site_name":"Organparts","article_modified_time":"2026-01-13T11:58:53+00:00","twitter_card":"summary_large_image","twitter_misc":{"Gesch\u00e4tzte Lesezeit":"2\u00a0Minuten"},"schema":{"@context":"https:\/\/schema.org","@graph":[{"@type":"WebPage","@id":"https:\/\/organparts.info\/de\/hilfe-de\/","url":"https:\/\/organparts.info\/de\/hilfe-de\/","name":"Hilfe - Organparts","isPartOf":{"@id":"https:\/\/organparts.info\/en\/#website"},"datePublished":"2022-05-11T18:32:42+00:00","dateModified":"2026-01-13T11:58:53+00:00","breadcrumb":{"@id":"https:\/\/organparts.info\/de\/hilfe-de\/#breadcrumb"},"inLanguage":"de","potentialAction":[{"@type":"ReadAction","target":["https:\/\/organparts.info\/de\/hilfe-de\/"]}]},{"@type":"BreadcrumbList","@id":"https:\/\/organparts.info\/de\/hilfe-de\/#breadcrumb","itemListElement":[{"@type":"ListItem","position":1,"name":"Kezd\u0151lap","item":"https:\/\/organparts.info\/de\/startseite\/"},{"@type":"ListItem","position":2,"name":"Hilfe"}]},{"@type":"WebSite","@id":"https:\/\/organparts.info\/en\/#website","url":"https:\/\/organparts.info\/en\/","name":"Organparts","description":"P\u00e9csi Orgona\u00e9p\u00edt\u0151 manufakt\u00fara","publisher":{"@id":"https:\/\/organparts.info\/en\/#organization"},"potentialAction":[{"@type":"SearchAction","target":{"@type":"EntryPoint","urlTemplate":"https:\/\/organparts.info\/en\/?s={search_term_string}"},"query-input":{"@type":"PropertyValueSpecification","valueRequired":true,"valueName":"search_term_string"}}],"inLanguage":"de"},{"@type":"Organization","@id":"https:\/\/organparts.info\/en\/#organization","name":"Organparts","url":"https:\/\/organparts.info\/en\/","logo":{"@type":"ImageObject","inLanguage":"de","@id":"https:\/\/organparts.info\/en\/#\/schema\/logo\/image\/","url":"https:\/\/organparts.info\/wp-content\/uploads\/2022\/05\/organparts-logo-1439380658.jpg","contentUrl":"https:\/\/organparts.info\/wp-content\/uploads\/2022\/05\/organparts-logo-1439380658.jpg","width":270,"height":92,"caption":"Organparts"},"image":{"@id":"https:\/\/organparts.info\/en\/#\/schema\/logo\/image\/"}}]}},"_links":{"self":[{"href":"https:\/\/organparts.info\/de\/wp-json\/wp\/v2\/pages\/5922","targetHints":{"allow":["GET"]}}],"collection":[{"href":"https:\/\/organparts.info\/de\/wp-json\/wp\/v2\/pages"}],"about":[{"href":"https:\/\/organparts.info\/de\/wp-json\/wp\/v2\/types\/page"}],"author":[{"embeddable":true,"href":"https:\/\/organparts.info\/de\/wp-json\/wp\/v2\/users\/1"}],"replies":[{"embeddable":true,"href":"https:\/\/organparts.info\/de\/wp-json\/wp\/v2\/comments?post=5922"}],"version-history":[{"count":3,"href":"https:\/\/organparts.info\/de\/wp-json\/wp\/v2\/pages\/5922\/revisions"}],"predecessor-version":[{"id":105978,"href":"https:\/\/organparts.info\/de\/wp-json\/wp\/v2\/pages\/5922\/revisions\/105978"}],"wp:attachment":[{"href":"https:\/\/organparts.info\/de\/wp-json\/wp\/v2\/media?parent=5922"}],"curies":[{"name":"wp","href":"https:\/\/api.w.org\/{rel}","templated":true}]}}